{"id":2700,"date":"2026-03-18T05:59:57","date_gmt":"2026-03-18T05:59:57","guid":{"rendered":"https:\/\/soydeaqui.ddns.net\/pachuca\/index.php\/producto\/bobina-de-100-metros-328-08-pies-de-cable-multifilar-cca-4-x-22-awg-color-blanco-pvc-ccam-uso-en-interior-aplicaciones-en-alarmas-automatizacin\/"},"modified":"2026-03-18T05:59:58","modified_gmt":"2026-03-18T05:59:58","slug":"bobina-de-100-metros-328-08-pies-de-cable-multifilar-cca-4-x-22-awg-color-blanco-pvc-ccam-uso-en-interior-aplicaciones-en-alarmas-automatizacin","status":"publish","type":"product","link":"https:\/\/soydeaqui.ddns.net\/pachuca\/index.php\/producto\/bobina-de-100-metros-328-08-pies-de-cable-multifilar-cca-4-x-22-awg-color-blanco-pvc-ccam-uso-en-interior-aplicaciones-en-alarmas-automatizacin\/","title":{"rendered":"Bobina de 100 Metros (328.08 Pies) de Cable Multifilar \/ CCA \/ 4 x 22 AWG \/ Color Blanco \/ PVC \/ CCAM \/ Uso en Interior \/ Aplicaciones en Alarmas &#8211; Automatizaci?n"},"content":{"rendered":"<div style='width: 100%; max-width: 1200px; margin: 0 auto; font-family: sans-serif; line-height: 1.6; color: inherit; background-color: transparent;'> <!-- Imagen del logo --> <\/p>\n<div style='text-align: center; margin: 20px 0;'> <img style='width: 45%; height: auto; border: 1px solid rgba(150&comma;150&comma;150&comma;0.3); border-radius: 8px;' src='https:\/\/ftp3.syscom.mx\/usuarios\/jsosa\/HIKVISION\/imagenes\/logo\/hikvision%20see%20far.png' alt='Logo Hikvision'> <\/div>\n<p> <!-- Secci\u00f3n de especificaciones --> <\/p>\n<div style='margin: 30px 0;'>\n<h1 style='font-size: 24px; text-align: center; color: #232a6f; border-bottom: 2px solid currentColor; padding-bottom: 5px; margin-top: 0; opacity: 0.8;'>Especif\u00edcaciones<\/h1>\n<\/p><\/div>\n<p> <!-- Cards de caracter\u00edsticas --> <\/p>\n<div style='display: flex; flex-wrap: wrap; gap: 30px; margin-bottom: 30px;'>\n<div style='flex: 1 1 300px; min-width: 280px;'>\n<div style='border: 1px solid rgba(150&comma; 150&comma; 150&comma; 0.4); border-radius: 8px; overflow: hidden; display: flex; flex-direction: column;'>\n<div style='padding: 15px; border-bottom: 1px solid rgba(150&comma; 150&comma; 150&comma; 0.2); font-weight: bold; font-size: 18px; background-color: #df001e; color: #ffffff; opacity: 0.9;'>Caracter\u00edsticas Principales:<\/div>\n<div style='padding: 15px; color: inherit;'>\n<ul style='padding-left: 20px; margin: 0; font-size: 14px; list-style-type: disc;'>\n<li style='margin-bottom: 5px; font-family: verdana&comma; geneva&comma; sans-serif;'>Cable de alarma de 4 n\u00facleos.<\/li>\n<li style='margin-bottom: 5px; font-family: verdana&comma; geneva&comma; sans-serif;'>N\u00facleo 4*0&comma;22 mm\u00b2.<\/li>\n<li style='margin-bottom: 5px; font-family: verdana&comma; geneva&comma; sans-serif;'>Material: CCAM.<\/li>\n<li style='margin-bottom: 5px; font-family: verdana&comma; geneva&comma; sans-serif;'>Diametro: 7*0.18 \u00b1 0.008 mm \uff0825AWG\uff09<\/li>\n<li style='margin-bottom: 5px; font-family: verdana&comma; geneva&comma; sans-serif;'>4 n\u00facleos: rojo\/amarillo\/azul\/negro<\/li>\n<\/ul><\/div>\n<\/p><\/div>\n<\/p><\/div>\n<div style='flex: 1 1 300px; min-width: 280px;'>\n<div style='border: 1px solid rgba(150&comma; 150&comma; 150&comma; 0.4); border-radius: 8px; overflow: hidden; display: flex; flex-direction: column;'>\n<div style='padding: 15px; border-bottom: 1px solid rgba(150&comma; 150&comma; 150&comma; 0.2); font-weight: bold; font-size: 18px; background-color: #df001e; color: #ffffff; opacity: 0.9;'>Caracter\u00edsticas F\u00edsicas y El\u00e9ctricas:<\/div>\n<div style='padding: 15px; color: inherit;'>\n<ul style='padding-left: 20px; margin: 0; font-size: 14px; list-style-type: disc;'>\n<li style='margin-bottom: 5px; font-family: verdana&comma; geneva&comma; sans-serif;'>Material: Poli\u00e9ster.<\/li>\n<li style='margin-bottom: 5px; font-family: verdana&comma; geneva&comma; sans-serif;'>Resistencia: \u2264 27 \u03a9\/100 m<\/li>\n<li style='margin-bottom: 5px; font-family: verdana&comma; geneva&comma; sans-serif;'>Voltaje maximo: 60 V.<\/li>\n<\/ul><\/div>\n<\/p><\/div>\n<\/p><\/div>\n<\/p><\/div>\n<\/p><\/div>\n","protected":false},"excerpt":{"rendered":"<p>Bobina de 100 Metros (328.08 Pies) de Cable Multifilar \/ CCA \/ 4 x 22 AWG \/ Color Blanco \/ PVC \/ CCAM \/ Uso en Interior \/ Aplicaciones en Alarmas &#8211; Automatizaci?n<\/p>\n","protected":false},"featured_media":2699,"comment_status":"open","ping_status":"closed","template":"","meta":[],"product_brand":[],"product_cat":[137],"product_tag":[138,54,62],"class_list":{"0":"post-2700","1":"product","2":"type-product","3":"status-publish","4":"has-post-thumbnail","6":"product_cat-todos-cables","7":"product_tag-cables","8":"product_tag-hikvision","9":"product_tag-todos","11":"first","12":"instock","13":"sale","14":"shipping-taxable","15":"purchasable","16":"product-type-simple"},"_links":{"self":[{"href":"https:\/\/soydeaqui.ddns.net\/pachuca\/index.php\/wp-json\/wp\/v2\/product\/2700","targetHints":{"allow":["GET"]}}],"collection":[{"href":"https:\/\/soydeaqui.ddns.net\/pachuca\/index.php\/wp-json\/wp\/v2\/product"}],"about":[{"href":"https:\/\/soydeaqui.ddns.net\/pachuca\/index.php\/wp-json\/wp\/v2\/types\/product"}],"replies":[{"embeddable":true,"href":"https:\/\/soydeaqui.ddns.net\/pachuca\/index.php\/wp-json\/wp\/v2\/comments?post=2700"}],"wp:featuredmedia":[{"embeddable":true,"href":"https:\/\/soydeaqui.ddns.net\/pachuca\/index.php\/wp-json\/wp\/v2\/media\/2699"}],"wp:attachment":[{"href":"https:\/\/soydeaqui.ddns.net\/pachuca\/index.php\/wp-json\/wp\/v2\/media?parent=2700"}],"wp:term":[{"taxonomy":"product_brand","embeddable":true,"href":"https:\/\/soydeaqui.ddns.net\/pachuca\/index.php\/wp-json\/wp\/v2\/product_brand?post=2700"},{"taxonomy":"product_cat","embeddable":true,"href":"https:\/\/soydeaqui.ddns.net\/pachuca\/index.php\/wp-json\/wp\/v2\/product_cat?post=2700"},{"taxonomy":"product_tag","embeddable":true,"href":"https:\/\/soydeaqui.ddns.net\/pachuca\/index.php\/wp-json\/wp\/v2\/product_tag?post=2700"}],"curies":[{"name":"wp","href":"https:\/\/api.w.org\/{rel}","templated":true}]}}