{"id":26987,"date":"2026-03-18T12:25:45","date_gmt":"2026-03-18T12:25:45","guid":{"rendered":"https:\/\/soydeaqui.ddns.net\/pachuca\/index.php\/producto\/bisagra-para-piso-bts-75r-para-puertas-1-25m-180kgs\/"},"modified":"2026-03-18T12:25:46","modified_gmt":"2026-03-18T12:25:46","slug":"bisagra-para-piso-bts-75r-para-puertas-1-25m-180kgs","status":"publish","type":"product","link":"https:\/\/soydeaqui.ddns.net\/pachuca\/index.php\/producto\/bisagra-para-piso-bts-75r-para-puertas-1-25m-180kgs\/","title":{"rendered":"Bisagra para piso BTS-75R para Puertas 1.25m\/180Kgs"},"content":{"rendered":"<div style='width: 100%; max-width: 1200px; margin: 0 auto; font-family: sans-serif; line-height: 1.6; color: inherit; background-color: transparent;'>\n<div style='display: flex; flex-wrap: wrap; gap: 30px; margin-bottom: 30px;'>\n<div style='flex: 1 1 300px; min-width: 280px;'>\n<h3 style='font-size: 22px; border-bottom: 2px solid currentColor; padding-bottom: 5px; margin-top: 0; color: inherit; opacity: 0.8;'>Descripci\u00f3n<\/h3>\n<p style='font-size: 15px; color: inherit; margin-top: 0;'> La bisagra hidr\u00e1ulica de piso de la Serie BTS75V ofrece adaptabilidad a casi cualquier tipo de instalaci\u00f3n. El cuerpo compacto de la bisagra de piso permite su uso en los lugares en donde ser\u00eda prohibitivo una bisagra m\u00e1s grande. Su versatilidad permite que se instale en construcciones de contrapisos de delgadas losas de concreto. Una amplia selecci\u00f3n de ejes intercambiables hace que la BTS75V sea id\u00f3nea para virtualmente cualquier recubrimiento de piso o aplicaci\u00f3n en el umbral. <\/p>\n<\/p><\/div>\n<\/p><\/div>\n<div style='display: flex; flex-wrap: wrap; gap: 20px; margin-bottom: 30px;'>\n<div style='flex: 1 1 250px; border: 1px solid rgba(150&comma; 150&comma; 150&comma; 0.4); border-radius: 8px; overflow: hidden; display: flex; flex-direction: column;'>\n<div style='padding: 15px; border-bottom: 1px solid rgba(150&comma; 150&comma; 150&comma; 0.2); font-weight: bold; font-size: 18px; color: inherit;'>Caracter\u00edsticas<\/div>\n<div style='padding: 15px; color: inherit;'>\n<ul style='padding-left: 20px; margin: 0; font-size: 14px; list-style-type: disc;'>\n<li style='margin-bottom: 5px;'>Instalaci\u00f3n oculta.<\/li>\n<li style='margin-bottom: 5px;'>Potencia ajustable entre 1 y 4.<\/li>\n<li style='margin-bottom: 5px;'>Para puertas de doble o simple acci\u00f3n&comma; a derecha o a izquierda.<\/li>\n<li style='margin-bottom: 5px;'>Frenado a la apertura de tipo mec\u00e1nico.<\/li>\n<li style='margin-bottom: 5px;'>El kit incluye el mecanismo y los herrajes PT24&comma; PT10&comma; PT20&comma; US10 con cilindro y contra chapa de piso; tapas de Acero inoxidable satinado.<\/li>\n<\/ul><\/div>\n<\/p><\/div>\n<\/p><\/div>\n<div style='display: flex; flex-wrap: wrap; gap: 30px; margin-bottom: 30px;'>\n<div style='flex: 1 1 300px; min-width: 280px;'>\n<div style='padding: 15px; border: 1px solid rgba(150&comma; 150&comma; 150&comma; 0.4); border-radius: 8px; background-color: rgba(200&comma; 200&comma; 200&comma; 0.05);'>\n<p style='margin: 0; font-size: 14px; color: inherit;'> Producto sobre Pedido <\/p>\n<\/p><\/div>\n<\/p><\/div>\n<\/p><\/div>\n<hr style='border: 0; border-top: 1px solid rgba(150&comma; 150&comma; 150&comma; 0.3); margin: 30px 0;'> <\/div>\n","protected":false},"excerpt":{"rendered":"<p>Bisagra para piso BTS-75R para Puertas 1.25m\/180Kgs<\/p>\n","protected":false},"featured_media":26986,"comment_status":"open","ping_status":"closed","template":"","meta":[],"product_brand":[],"product_cat":[892],"product_tag":[93,893,480],"class_list":{"0":"post-26987","1":"product","2":"type-product","3":"status-publish","4":"has-post-thumbnail","6":"product_cat-bisagras","7":"product_tag-accesorios","8":"product_tag-bisagras","9":"product_tag-dormakaba","11":"first","12":"outofstock","13":"sale","14":"shipping-taxable","15":"purchasable","16":"product-type-simple"},"_links":{"self":[{"href":"https:\/\/soydeaqui.ddns.net\/pachuca\/index.php\/wp-json\/wp\/v2\/product\/26987","targetHints":{"allow":["GET"]}}],"collection":[{"href":"https:\/\/soydeaqui.ddns.net\/pachuca\/index.php\/wp-json\/wp\/v2\/product"}],"about":[{"href":"https:\/\/soydeaqui.ddns.net\/pachuca\/index.php\/wp-json\/wp\/v2\/types\/product"}],"replies":[{"embeddable":true,"href":"https:\/\/soydeaqui.ddns.net\/pachuca\/index.php\/wp-json\/wp\/v2\/comments?post=26987"}],"wp:featuredmedia":[{"embeddable":true,"href":"https:\/\/soydeaqui.ddns.net\/pachuca\/index.php\/wp-json\/wp\/v2\/media\/26986"}],"wp:attachment":[{"href":"https:\/\/soydeaqui.ddns.net\/pachuca\/index.php\/wp-json\/wp\/v2\/media?parent=26987"}],"wp:term":[{"taxonomy":"product_brand","embeddable":true,"href":"https:\/\/soydeaqui.ddns.net\/pachuca\/index.php\/wp-json\/wp\/v2\/product_brand?post=26987"},{"taxonomy":"product_cat","embeddable":true,"href":"https:\/\/soydeaqui.ddns.net\/pachuca\/index.php\/wp-json\/wp\/v2\/product_cat?post=26987"},{"taxonomy":"product_tag","embeddable":true,"href":"https:\/\/soydeaqui.ddns.net\/pachuca\/index.php\/wp-json\/wp\/v2\/product_tag?post=26987"}],"curies":[{"name":"wp","href":"https:\/\/api.w.org\/{rel}","templated":true}]}}