{"id":26964,"date":"2026-03-18T12:25:16","date_gmt":"2026-03-18T12:25:16","guid":{"rendered":"https:\/\/soydeaqui.ddns.net\/pachuca\/index.php\/producto\/lector-biometrico-7000-huellas-proximidad-wiegand-ip-listo-para-axtrax\/"},"modified":"2026-03-18T12:25:17","modified_gmt":"2026-03-18T12:25:17","slug":"lector-biometrico-7000-huellas-proximidad-wiegand-ip-listo-para-axtrax","status":"publish","type":"product","link":"https:\/\/soydeaqui.ddns.net\/pachuca\/index.php\/producto\/lector-biometrico-7000-huellas-proximidad-wiegand-ip-listo-para-axtrax\/","title":{"rendered":"Lector Biom\u00e9trico \/ 7,000 HUELLAS \/ PROXIMIDAD \/ WIEGAND \/ IP \/ Listo para AXTRAX"},"content":{"rendered":"<div style='width: 100%; max-width: 1200px; margin: 0 auto; font-family: sans-serif; line-height: 1.6; color: inherit; background-color: transparent;'>\n<div style='position: relative; background: linear-gradient(to bottom&comma; #595959 0%&comma; #a80007 100%); border: 6px solid #a80007; border-top: none; margin: 0 20px;'> <img style='width: 100%; max-width: 450px; height: auto; display: block; margin: -105px auto 0; border: none;' src='https:\/\/ftp3.syscom.mx\/usuarios\/fotos\/ACF44\/10062-rosslare.png' alt=''> <\/p>\n<h2 style='color: black; text-align: center; margin-top: -65px; font-size: 24px;'>AY-B9120BT-U<\/h2>\n<h2 style='color: black; text-align: center; font-size: 24px;'>Lector Biom\u00e9trico \/ 2&comma;000 Huellas \/PROXIMIDAD\/ WIEGAND \/ IP \/Listo para AXTRAX<\/h2>\n<\/p><\/div>\n<div style='width: 100%; max-width: 1000px; margin: 30px auto;'>\n<h1 style='text-align: center; color: #3392ff; font-size: 28px; margin: 0 0 30px 0;'><strong>Lector Biom\u00e9trico Compatible con AXTRAX paneles de control de acceso ROSSLARE<\/strong><\/h1>\n<div style='background-color: ghostwhite; border-left: 6px solid #a80007; box-shadow: 10px 5px 3px rgba(128&comma;128&comma;128&comma;0.3); margin: 0 40px 50px 40px; border-radius: 5px; padding: 20px;'>\n<h3 style='margin-top: 0; font-size: 22px; color: inherit;'>Especificaciones<\/h3>\n<p style='text-align: justify; font-size: 15px; margin: 0 0 10px 0;'>El AY-B9120BT-U cuenta con un gabinete de metal resistente (IK10) y un encapsulado ep\u00f3xico para su protecci\u00f3n.<br \/>Esta lectora de huella dactilar y tarjetas RFID de 125 KHz es adecuada para uso en interiores y exteriores (IP65).<br \/>El AY-B9120BT-U puede registrar 2&comma;000 plantillas dactilares (1:N) y habilitar factores de autenticidad dual (huella dactilar + tarjeta).<br \/>Puede conectarse a trav\u00e9s de su salida Wiegan a cualquier panel de control de acceso de terceros. Tiene conectividad TCP\/IP para la administraci\u00f3n de las terminales.<\/p>\n<p>El lector puede configurarse f\u00e1cilmente utilizando el software de cliente AxTraxNG o alternativamente con el software de administraci\u00f3n RosslareBio 8000 de Rosslare. Perfecto para interactuar con sistemas existentes de terceros.<\/p>\n<\/p><\/div>\n<div style='margin-top: 100px;'>\n<h1 style='margin: 0 0 20px 0;'><a href='https:\/\/www.youtube.com\/watch?v=73d8QQhAIXE' target='_blank' rel='noopener' style='text-decoration: none; color: inherit; transition: color 0.1s cubic-bezier(0&comma; 0&comma; 0.2&comma; 1); outline: none; font-size: 25px; white-space: nowrap; background-color: #ffffff; padding: 5px 10px;'>Lectoras Biom\u00e9tricas con Rosslare + AXTRAX. &#8216; Todo en un Mismo Software &#8216;<\/a><\/h1>\n<div style='position: relative; padding-bottom: 56.25%; height: 0; overflow: hidden; margin-bottom: 30px;'>   <\/div>\n<h2 style='margin: 0 0 20px 0; font-size: 24px;'>F\u00e1cil y R\u00e1pida configuraci\u00f3n del Lector<\/h2>\n<div style='position: relative; padding-bottom: 56.25%; height: 0; overflow: hidden; margin-bottom: 30px;'>   <\/div>\n<\/p><\/div>\n<\/p><\/div>\n<\/p><\/div>\n","protected":false},"excerpt":{"rendered":"<p>Lector Biom\u00e9trico \/ 7,000 HUELLAS \/ PROXIMIDAD \/ WIEGAND \/ IP \/ Listo para AXTRAX<\/p>\n","protected":false},"featured_media":26963,"comment_status":"open","ping_status":"closed","template":"","meta":[],"product_brand":[],"product_cat":[806],"product_tag":[744,807,563],"class_list":{"0":"post-26964","1":"product","2":"type-product","3":"status-publish","4":"has-post-thumbnail","6":"product_cat-para-control-de-acceso","7":"product_tag-biometricos","8":"product_tag-para-control-de-acceso","9":"product_tag-rosslare-security-products","11":"first","12":"outofstock","13":"sale","14":"shipping-taxable","15":"purchasable","16":"product-type-simple"},"_links":{"self":[{"href":"https:\/\/soydeaqui.ddns.net\/pachuca\/index.php\/wp-json\/wp\/v2\/product\/26964","targetHints":{"allow":["GET"]}}],"collection":[{"href":"https:\/\/soydeaqui.ddns.net\/pachuca\/index.php\/wp-json\/wp\/v2\/product"}],"about":[{"href":"https:\/\/soydeaqui.ddns.net\/pachuca\/index.php\/wp-json\/wp\/v2\/types\/product"}],"replies":[{"embeddable":true,"href":"https:\/\/soydeaqui.ddns.net\/pachuca\/index.php\/wp-json\/wp\/v2\/comments?post=26964"}],"wp:featuredmedia":[{"embeddable":true,"href":"https:\/\/soydeaqui.ddns.net\/pachuca\/index.php\/wp-json\/wp\/v2\/media\/26963"}],"wp:attachment":[{"href":"https:\/\/soydeaqui.ddns.net\/pachuca\/index.php\/wp-json\/wp\/v2\/media?parent=26964"}],"wp:term":[{"taxonomy":"product_brand","embeddable":true,"href":"https:\/\/soydeaqui.ddns.net\/pachuca\/index.php\/wp-json\/wp\/v2\/product_brand?post=26964"},{"taxonomy":"product_cat","embeddable":true,"href":"https:\/\/soydeaqui.ddns.net\/pachuca\/index.php\/wp-json\/wp\/v2\/product_cat?post=26964"},{"taxonomy":"product_tag","embeddable":true,"href":"https:\/\/soydeaqui.ddns.net\/pachuca\/index.php\/wp-json\/wp\/v2\/product_tag?post=26964"}],"curies":[{"name":"wp","href":"https:\/\/api.w.org\/{rel}","templated":true}]}}