{"id":26950,"date":"2026-03-18T12:24:59","date_gmt":"2026-03-18T12:24:59","guid":{"rendered":"https:\/\/soydeaqui.ddns.net\/pachuca\/index.php\/producto\/lector-de-huella-con-lcd-4-botones-de-funcion-lector-mifare-13-56-mhz-y-bluetooth\/"},"modified":"2026-03-18T12:25:08","modified_gmt":"2026-03-18T12:25:08","slug":"lector-de-huella-con-lcd-4-botones-de-funcion-lector-mifare-13-56-mhz-y-bluetooth","status":"publish","type":"product","link":"https:\/\/soydeaqui.ddns.net\/pachuca\/index.php\/producto\/lector-de-huella-con-lcd-4-botones-de-funcion-lector-mifare-13-56-mhz-y-bluetooth\/","title":{"rendered":"Lector de huella con LCD\/ 4 Botones de Funci\u00f3n \/ lector  Mifare 13.56 Mhz y Bluetooth"},"content":{"rendered":"<div style='width: 100%; max-width: 1200px; margin: 0 auto; font-family: sans-serif; line-height: 1.6; color: inherit; background-color: transparent;'>\n<div style='display: flex; flex-wrap: wrap; gap: 30px; margin-bottom: 30px;'>\n<div style='flex: 1 1 300px; min-width: 280px;'>\n<h3 style='font-size: 22px; border-bottom: 2px solid currentColor; padding-bottom: 5px; margin-top: 0; color: inherit; opacity: 0.8;'>Descripci\u00f3n general<\/h3>\n<p style='font-size: 15px; color: inherit; margin-bottom: 15px;'>Lector biom\u00e9trico con lector MIFARE de 13.56 Mhz&comma; y Bluetooth<\/p>\n<p style='font-size: 15px; color: inherit; margin-bottom: 15px;'>El nuevo Lector AY-B9250BT-U es la terminal de huella de la m\u00e1s alta calidad con lector de tarjetas para aplicaciones de interiores&comma; y el cual es el ideal para cualquier proyecto que necesita brindar excelente seguridad y mantiene el costo-beneficio. Con una amplia capacidad de 2000 plantillas de huellas o con el lector de credenciales en 13.56 Mhz.<\/p>\n<p style='font-size: 15px; color: inherit; margin-bottom: 15px;'>Habilita alta seguridad por su doble factor de autenticidad (Huellas + tarjeta)&comma; cuando es utilizado en conjunto del software de administraci\u00f3n AxTraxNG\u2122. La enrolamiento de las platillas biom\u00e9tricas y distribuci\u00f3n pueden ser realizadas concurrentemente desde cualquier estaci\u00f3n de trabajo.<\/p>\n<\/p><\/div>\n<\/p><\/div>\n<div style='display: flex; flex-wrap: wrap; gap: 30px; margin-bottom: 30px;'>\n<div style='flex: 1 1 300px; min-width: 280px;'>\n<h3 style='font-size: 22px; border-bottom: 2px solid currentColor; padding-bottom: 5px; margin-top: 0; color: inherit; opacity: 0.8;'>Caracter\u00edsticas principales<\/h3>\n<ul style='padding-left: 20px; font-size: 15px; color: inherit;'>\n<li style='margin-bottom: 5px;'>Lector de huella con pantalla LCD<\/li>\n<li style='margin-bottom: 5px;'>4 Botones de funci\u00f3n<\/li>\n<li style='margin-bottom: 5px;'>Lector Mifare 13.56 Mhz<\/li>\n<li style='margin-bottom: 5px;'>Conectividad Bluetooth<\/li>\n<li style='margin-bottom: 5px;'>Capacidad para 2000 plantillas de huellas<\/li>\n<li style='margin-bottom: 5px;'>Doble factor de autenticidad (Huellas + Tarjeta)<\/li>\n<li style='margin-bottom: 5px;'>Compatible con AXTRAXNG y paneles de control de acceso ROSSLARE<\/li>\n<li style='margin-bottom: 5px;'>F\u00e1cil y r\u00e1pida configuraci\u00f3n<\/li>\n<\/ul><\/div>\n<\/p><\/div>\n<div style='display: flex; flex-wrap: wrap; gap: 30px; margin-bottom: 30px;'>\n<div style='flex: 1 1 300px; min-width: 280px;'>\n<h3 style='font-size: 22px; border-bottom: 2px solid currentColor; padding-bottom: 5px; margin-top: 0; color: inherit; opacity: 0.8;'>V\u00eddeos<\/h3>\n<div style='position: relative; padding-bottom: 56.25%; height: 0; overflow: hidden; margin-bottom: 30px;'>   <\/div>\n<p style='font-size: 14px; color: inherit; margin-bottom: 20px;'> <a href='https:\/\/www.youtube.com\/watch?v=73d8QQhAIXE' target='_blank' rel='noopener' style='color: inherit; text-decoration: none; border-bottom: 1px solid currentColor; padding-bottom: 2px;'> Lectoras Biom\u00e9tricas con Rosslare + AXTRAX. &#8216; Todo en un Mismo Software &#8216; <\/a> <\/p>\n<div style='position: relative; padding-bottom: 56.25%; height: 0; overflow: hidden; margin-bottom: 30px;'>   <\/div>\n<\/p><\/div>\n<\/p><\/div>\n<\/p><\/div>\n","protected":false},"excerpt":{"rendered":"<p>Lector de huella con LCD\/ 4 Botones de Funci\u00f3n \/ lector  Mifare 13.56 Mhz y Bluetooth<\/p>\n","protected":false},"featured_media":26949,"comment_status":"open","ping_status":"closed","template":"","meta":[],"product_brand":[],"product_cat":[806],"product_tag":[744,807,563],"class_list":{"0":"post-26950","1":"product","2":"type-product","3":"status-publish","4":"has-post-thumbnail","6":"product_cat-para-control-de-acceso","7":"product_tag-biometricos","8":"product_tag-para-control-de-acceso","9":"product_tag-rosslare-security-products","11":"first","12":"outofstock","13":"sale","14":"shipping-taxable","15":"purchasable","16":"product-type-simple"},"_links":{"self":[{"href":"https:\/\/soydeaqui.ddns.net\/pachuca\/index.php\/wp-json\/wp\/v2\/product\/26950","targetHints":{"allow":["GET"]}}],"collection":[{"href":"https:\/\/soydeaqui.ddns.net\/pachuca\/index.php\/wp-json\/wp\/v2\/product"}],"about":[{"href":"https:\/\/soydeaqui.ddns.net\/pachuca\/index.php\/wp-json\/wp\/v2\/types\/product"}],"replies":[{"embeddable":true,"href":"https:\/\/soydeaqui.ddns.net\/pachuca\/index.php\/wp-json\/wp\/v2\/comments?post=26950"}],"wp:featuredmedia":[{"embeddable":true,"href":"https:\/\/soydeaqui.ddns.net\/pachuca\/index.php\/wp-json\/wp\/v2\/media\/26949"}],"wp:attachment":[{"href":"https:\/\/soydeaqui.ddns.net\/pachuca\/index.php\/wp-json\/wp\/v2\/media?parent=26950"}],"wp:term":[{"taxonomy":"product_brand","embeddable":true,"href":"https:\/\/soydeaqui.ddns.net\/pachuca\/index.php\/wp-json\/wp\/v2\/product_brand?post=26950"},{"taxonomy":"product_cat","embeddable":true,"href":"https:\/\/soydeaqui.ddns.net\/pachuca\/index.php\/wp-json\/wp\/v2\/product_cat?post=26950"},{"taxonomy":"product_tag","embeddable":true,"href":"https:\/\/soydeaqui.ddns.net\/pachuca\/index.php\/wp-json\/wp\/v2\/product_tag?post=26950"}],"curies":[{"name":"wp","href":"https:\/\/api.w.org\/{rel}","templated":true}]}}