{"id":26934,"date":"2026-03-18T12:24:39","date_gmt":"2026-03-18T12:24:39","guid":{"rendered":"https:\/\/soydeaqui.ddns.net\/pachuca\/index.php\/producto\/licencia-de-visitantes-para-uso-con-software-biostar2\/"},"modified":"2026-03-18T12:24:40","modified_gmt":"2026-03-18T12:24:40","slug":"licencia-de-visitantes-para-uso-con-software-biostar2","status":"publish","type":"product","link":"https:\/\/soydeaqui.ddns.net\/pachuca\/index.php\/producto\/licencia-de-visitantes-para-uso-con-software-biostar2\/","title":{"rendered":"Licencia de Visitantes para uso con software BIOSTAR2"},"content":{"rendered":"<div style='width: 100%; max-width: 1200px; margin: 0 auto; font-family: sans-serif; line-height: 1.6; color: inherit; background-color: transparent;'> <!-- Imagen principal --> <\/p>\n<div style='width: 100%; margin: 20px 0;'> <img style='width: 100%; height: auto; border: 1px solid rgba(150&comma;150&comma;150&comma;0.3); border-radius: 8px;' src='http:\/\/ftp3.syscom.mx\/usuarios\/gjimenez\/SUPREMA\/PRESENTACIONES\/ppal%20biostar%202.jpg' alt='biostar 2'> <\/div>\n<p> <!-- Descripci\u00f3n principal --> <\/p>\n<div style='margin: 30px 0;'>\n<p style='font-size: 15px; color: inherit; margin-bottom: 15px;'> BioStar 2 establece el nuevo est\u00e1ndar en seguridad. La poderosa estructura de control de acceso biom\u00e9trico proporciona a los integradores de sistemas la capacidad para f\u00e1cilmente integrarse con sistemas de terceros&comma; permitiendo a los desarrolladores de software construir nuevas aplicaciones y funciones en base a BioStar 2. <\/p>\n<p style='font-size: 15px; color: inherit;'> La accesibilidad a BioStar 2 y sus APIs se extiende m\u00e1s all\u00e1 a trav\u00e9s de servicios en la nube. Listo para m\u00f3viles &#8211; Servicios BioStar en la Nube. El Servicio BioStar Cloud o BioStar en la Nube proporciona soluciones m\u00f3viles con enfoque de acceso desde cualquier lugar. <\/p>\n<\/p><\/div>\n<p> <!-- T\u00edtulo de caracter\u00edsticas --> <\/p>\n<h3 style='font-size: 28px; border-bottom: 2px solid currentColor; padding-bottom: 8px; margin: 50px 0 20px; color: inherit;'>Caracter\u00edsticas<\/h3>\n<p> <!-- Secci\u00f3n de caracter\u00edsticas con iconos --> <\/p>\n<div style='display: flex; flex-direction: column; gap: 25px; margin-bottom: 30px;'>\n<div style='display: flex; flex-wrap: wrap; align-items: center; gap: 20px;'> <img style='width: 120px; height: auto; border: 1px solid rgba(150&comma;150&comma;150&comma;0.3); border-radius: 8px; flex-shrink: 0;' src='https:\/\/www.supremainc.com\/es\/asset\/images\/01_product\/product_00_01_visual_01_08.png' alt=''> <\/p>\n<div style='flex-grow: 1;'>\n<h4 style='margin: 0 0 10px; font-size: 20px; color: inherit;'>Gesti\u00f3n de Visitantes<\/h4>\n<p style='margin: 0; font-size: 14px; color: inherit;'> Soporta la solicitud y aprobaci\u00f3n de visitas y la configuraci\u00f3n de \u00e1reas permitidas para visitas utilizando el Portal de Gesti\u00f3n de Visitantes <\/p>\n<\/p><\/div>\n<\/p><\/div>\n<div style='display: flex; flex-wrap: wrap; align-items: center; gap: 20px;'> <img style='width: 120px; height: auto; border: 1px solid rgba(150&comma;150&comma;150&comma;0.3); border-radius: 8px; flex-shrink: 0;' src='https:\/\/www.supremainc.com\/es\/asset\/images\/01_product\/product_00_01_visual_01_01.png' alt=''> <\/p>\n<div style='flex-grow: 1;'>\n<h4 style='margin: 0 0 10px; font-size: 20px; color: inherit;'>Arquitectura del sistema flexible<\/h4>\n<p style='margin: 0; font-size: 14px; color: inherit;'> Es compatible con los sistemas centralizados y distribuidos y&comma; por lo tanto&comma; puede proporcionar un excelente sistema. <\/p>\n<\/p><\/div>\n<\/p><\/div>\n<div style='display: flex; flex-wrap: wrap; align-items: center; gap: 20px;'> <img style='width: 120px; height: auto; border: 1px solid rgba(150&comma;150&comma;150&comma;0.3); border-radius: 8px; flex-shrink: 0;' src='https:\/\/www.supremainc.com\/es\/asset\/images\/01_product\/product_00_01_visual_01_02.png' alt=''> <\/p>\n<div style='flex-grow: 1;'>\n<h4 style='margin: 0 0 10px; font-size: 20px; color: inherit;'>Optima Soluci\u00f3n de Control de Acceso<\/h4>\n<p style='margin: 0; font-size: 14px; color: inherit;'> Brinda soporte para todas las funciones de control de acceso como: puertas&comma; ascensores&comma; control de zonas&comma; mapas gr\u00e1ficos&comma; autenticaci\u00f3n en servidor&comma; registros de video&comma; registros de im\u00e1genes y registros de auditor\u00eda <\/p>\n<\/p><\/div>\n<\/p><\/div>\n<div style='display: flex; flex-wrap: wrap; align-items: center; gap: 20px;'> <img style='width: 120px; height: auto; border: 1px solid rgba(150&comma;150&comma;150&comma;0.3); border-radius: 8px; flex-shrink: 0;' src='https:\/\/www.supremainc.com\/es\/asset\/images\/01_product\/product_00_01_visual_01_09.png' alt=''> <\/p>\n<div style='flex-grow: 1;'>\n<h4 style='margin: 0 0 10px; font-size: 20px; color: inherit;'>Acceso m\u00f3vil<\/h4>\n<p style='margin: 0; font-size: 14px; color: inherit;'> Soporta un sistema de administraci\u00f3n de Acceso M\u00f3vil: una tarjeta de acceso m\u00f3vil que permite a los usuarios acceder a puertas o instalaciones usando su tel\u00e9fono inteligente como credencial. <\/p>\n<\/p><\/div>\n<\/p><\/div>\n<div style='display: flex; flex-wrap: wrap; align-items: center; gap: 20px;'> <img style='width: 120px; height: auto; border: 1px solid rgba(150&comma;150&comma;150&comma;0.3); border-radius: 8px; flex-shrink: 0;' src='https:\/\/www.supremainc.com\/es\/asset\/images\/01_product\/product_00_01_visual_01_05.png' alt=''> <\/p>\n<div style='flex-grow: 1;'>\n<h4 style='margin: 0 0 10px; font-size: 20px; color: inherit;'>Control remoto y tarjetas m\u00f3viles<\/h4>\n<p style='margin: 0; font-size: 14px; color: inherit;'> Proporciona el registro del usuario&comma; la alarma en tiempo real y el control de las puertas en la aplicaci\u00f3n m\u00f3vil de BioStar 2 y tambi\u00e9n es compatible con la autenticaci\u00f3n de la tarjeta m\u00f3vil. <\/p>\n<\/p><\/div>\n<\/p><\/div>\n<div style='display: flex; flex-wrap: wrap; align-items: center; gap: 20px;'> <img style='width: 120px; height: auto; border: 1px solid rgba(150&comma;150&comma;150&comma;0.3); border-radius: 8px; flex-shrink: 0;' src='https:\/\/www.supremainc.com\/es\/asset\/images\/01_product\/product_00_01_visual_01_06.png' alt=''> <\/p>\n<div style='flex-grow: 1;'>\n<h4 style='margin: 0 0 10px; font-size: 20px; color: inherit;'>Compatibilidad de la integraci\u00f3n del sistema<\/h4>\n<p style='margin: 0; font-size: 14px; color: inherit;'> Es compatible con las plataformas de integraci\u00f3n basadas en la web de API RESTful y la integraci\u00f3n de hardware basada en SDK (API BioStar 2 y dispositivo SDK BioStar 2). <\/p>\n<\/p><\/div>\n<\/p><\/div>\n<div style='display: flex; flex-wrap: wrap; align-items: center; gap: 20px;'> <img style='width: 120px; height: auto; border: 1px solid rgba(150&comma;150&comma;150&comma;0.3); border-radius: 8px; flex-shrink: 0;' src='https:\/\/www.supremainc.com\/es\/asset\/images\/01_product\/product_00_01_visual_01_10.png' alt=''> <\/p>\n<div style='flex-grow: 1;'>\n<h4 style='margin: 0 0 10px; font-size: 20px; color: inherit;'>Ciberseguridad<\/h4>\n<p style='margin: 0; font-size: 14px; color: inherit;'> Encripta tanto los datos personales utilizados para la autenticaci\u00f3n&comma; como contrase\u00f1as&comma; plantillas de huellas y de rostros&comma; como tambi\u00e9n todos los datos disponibles que pueden estar vinculados a una persona. Para obtener m\u00e1s detalles&comma; consulte <a href='https:\/\/www.supremainc.com\/es\/solutions\/cybersecurity.asp' style='color: inherit; text-decoration: underline; font-weight: bold;'>Ciberseguridad<\/a>. Con <a href='https:\/\/www.supremainc.com\/en\/about\/news-detail.asp?iBOARD_CONT_NO=2927&#038;News_Type=Releases' style='color: inherit; text-decoration: underline; font-weight: bold;'>certificaci\u00f3n ISO 27001 e ISO 27701<\/a>&comma; BioStar 2 est\u00e1 equipado con seguridad de informaci\u00f3n y un sistema de gesti\u00f3n de la informaci\u00f3n de privacidad. <\/p>\n<\/p><\/div>\n<\/p><\/div>\n<div style='display: flex; flex-wrap: wrap; align-items: center; gap: 20px;'> <img style='width: 120px; height: auto; border: 1px solid rgba(150&comma;150&comma;150&comma;0.3); border-radius: 8px; flex-shrink: 0;' src='https:\/\/www.supremainc.com\/es\/asset\/images\/01_product\/product_00_01_visual_01_04.png' alt=''> <\/p>\n<div style='flex-grow: 1;'>\n<h4 style='margin: 0 0 10px; font-size: 20px; color: inherit;'>Soluci\u00f3n flexible para la administraci\u00f3n de los horarios y la asistencia<\/h4>\n<p style='margin: 0; font-size: 14px; color: inherit;'> Puede establecer varias reglas de trabajo y crear informes personalizados de horarios y asistencia&comma; as\u00ed como ver la planilla de tiempos y establecer turnos fijos o flexibles. <\/p>\n<\/p><\/div>\n<\/p><\/div>\n<\/p><\/div>\n<p> <!-- Imagen de licencias --> <\/p>\n<div style='width: 100%; margin: 30px 0;'> <img style='width: 100%; height: auto; border: 1px solid rgba(150&comma;150&comma;150&comma;0.3); border-radius: 8px;' src='http:\/\/ftp3.syscom.mx\/usuarios\/gjimenez\/SUPREMA\/biostar%202.6\/licencias%20suprema%2031%20mayo%202018.jpg' alt='licencias'> <\/div>\n<p> <!-- V\u00eddeo de demostraci\u00f3n --> <\/p>\n<div style='margin: 30px 0;'>\n<p style='font-size: 15px; color: inherit; margin-bottom: 15px;'>Sencilla interface de uso de BIOSTAR<\/p>\n<div style='position: relative; padding-bottom: 56.25%; height: 0; overflow: hidden; margin-bottom: 15px;'>   <\/div>\n<div style='position: relative; padding-bottom: 56.25%; height: 0; overflow: hidden;'>   <\/div>\n<\/p><\/div>\n<\/p><\/div>\n","protected":false},"excerpt":{"rendered":"<p>Licencia de Visitantes para uso con software BIOSTAR2<\/p>\n","protected":false},"featured_media":26933,"comment_status":"open","ping_status":"closed","template":"","meta":[],"product_brand":[],"product_cat":[743],"product_tag":[744,745,798],"class_list":{"0":"post-26934","1":"product","2":"type-product","3":"status-publish","4":"has-post-thumbnail","6":"product_cat-para-tiempo-y-asistencia-checadores","7":"product_tag-biometricos","8":"product_tag-para-tiempo-y-asistencia-checadores","9":"product_tag-suprema","11":"first","12":"outofstock","13":"sale","14":"shipping-taxable","15":"purchasable","16":"product-type-simple"},"_links":{"self":[{"href":"https:\/\/soydeaqui.ddns.net\/pachuca\/index.php\/wp-json\/wp\/v2\/product\/26934","targetHints":{"allow":["GET"]}}],"collection":[{"href":"https:\/\/soydeaqui.ddns.net\/pachuca\/index.php\/wp-json\/wp\/v2\/product"}],"about":[{"href":"https:\/\/soydeaqui.ddns.net\/pachuca\/index.php\/wp-json\/wp\/v2\/types\/product"}],"replies":[{"embeddable":true,"href":"https:\/\/soydeaqui.ddns.net\/pachuca\/index.php\/wp-json\/wp\/v2\/comments?post=26934"}],"wp:featuredmedia":[{"embeddable":true,"href":"https:\/\/soydeaqui.ddns.net\/pachuca\/index.php\/wp-json\/wp\/v2\/media\/26933"}],"wp:attachment":[{"href":"https:\/\/soydeaqui.ddns.net\/pachuca\/index.php\/wp-json\/wp\/v2\/media?parent=26934"}],"wp:term":[{"taxonomy":"product_brand","embeddable":true,"href":"https:\/\/soydeaqui.ddns.net\/pachuca\/index.php\/wp-json\/wp\/v2\/product_brand?post=26934"},{"taxonomy":"product_cat","embeddable":true,"href":"https:\/\/soydeaqui.ddns.net\/pachuca\/index.php\/wp-json\/wp\/v2\/product_cat?post=26934"},{"taxonomy":"product_tag","embeddable":true,"href":"https:\/\/soydeaqui.ddns.net\/pachuca\/index.php\/wp-json\/wp\/v2\/product_tag?post=26934"}],"curies":[{"name":"wp","href":"https:\/\/api.w.org\/{rel}","templated":true}]}}