{"id":26932,"date":"2026-03-18T12:24:37","date_gmt":"2026-03-18T12:24:37","guid":{"rendered":"https:\/\/soydeaqui.ddns.net\/pachuca\/index.php\/producto\/tarjeta-dual-iclass-proximidad-2021-pvc-compuesto-garantia-de-por-vida-perforada-verticalmente\/"},"modified":"2026-03-18T12:24:38","modified_gmt":"2026-03-18T12:24:38","slug":"tarjeta-dual-iclass-proximidad-2021-pvc-compuesto-garantia-de-por-vida-perforada-verticalmente","status":"publish","type":"product","link":"https:\/\/soydeaqui.ddns.net\/pachuca\/index.php\/producto\/tarjeta-dual-iclass-proximidad-2021-pvc-compuesto-garantia-de-por-vida-perforada-verticalmente\/","title":{"rendered":"Tarjeta DUAL iClass + Proximidad 2021\/ PVC Compuesto\/ Garant\u00eda de por Vida\/ Perforada Verticalmente"},"content":{"rendered":"<div style='width: 100%; max-width: 1200px; margin: 0 auto; font-family: sans-serif; line-height: 1.6; color: inherit; background-color: transparent;'> <!-- Secci\u00f3n de caracter\u00edsticas --> <\/p>\n<div style='display: flex; flex-wrap: wrap; gap: 30px; margin-bottom: 30px;'>\n<div style='flex: 1 1 300px; min-width: 280px;'>\n<h3 style='font-size: 22px; border-bottom: 2px solid currentColor; padding-bottom: 5px; margin-top: 0; color: inherit; opacity: 0.8;'>Caracter\u00edsticas<\/h3>\n<ul style='padding-left: 20px; font-size: 15px; color: inherit;'>\n<li style='margin-bottom: 5px;'>Referencia HID: 2120BGGMVN<\/li>\n<li style='margin-bottom: 5px;'>Memoria de 2 k Bits (256 Bytes) con 2 \u00e1reas de aplicaci\u00f3n.<\/li>\n<li style='margin-bottom: 5px;'>La programaci\u00f3n de iClass y PROX es diferente.<\/li>\n<li style='margin-bottom: 5px;'>Acabado Gloss.<\/li>\n<li style='margin-bottom: 5px;'>N\u00fameraci\u00f3n impresa sobre la tarjeta.<\/li>\n<li style='margin-bottom: 5px;'><strong>Perforada Verticalmente. No puede ser impresa<\/strong><\/li>\n<li style='margin-bottom: 5px;'>Frecuencia de operaci\u00f3n: 13.56 MHz para tecnolog\u00eda iClass y 125 KHz para tecnolog\u00eda PROX.<\/li>\n<li style='margin-bottom: 5px;'>Material: Est\u00e1ndar PVC Compuesto (m\u00e1s resistente).<\/li>\n<li style='margin-bottom: 5px;'>Dimensiones: 5.40 x 8.57 x 0.084 cm.<\/li>\n<li style='margin-bottom: 5px;'>Peso: 6.8 g.<\/li>\n<li style='margin-bottom: 5px;'>Retenci\u00f3n de los datos: Hasta por 10 a\u00f1os.<\/li>\n<\/ul>\n<p style='font-size: 15px; margin-top: 15px;'>Producto sobre pedido.<\/p>\n<\/p><\/div>\n<\/p><\/div>\n<p> <!-- Secci\u00f3n de informaci\u00f3n de compra --> <\/p>\n<div style='display: flex; flex-wrap: wrap; gap: 30px; margin-bottom: 30px;'>\n<div style='flex: 1 1 300px; min-width: 280px;'>\n<h3 style='font-size: 22px; border-bottom: 2px solid currentColor; padding-bottom: 5px; margin-top: 0; color: inherit; opacity: 0.8;'>\u00bfC\u00f3mo comprar tarjetas HID?<\/h3>\n<p style='font-size: 15px; margin-bottom: 15px;'>Todas las tarjetas de HID son de programaci\u00f3n personalizadas por lo que es necesario proporcionar informaci\u00f3n adicional. En este modelo es necesario indicar la informaci\u00f3n por duplicado&comma; una para iClass y otra para PROX.<\/p>\n<ul style='padding-left: 20px; font-size: 15px; color: inherit;'>\n<li style='margin-bottom: 5px;'>Requiere un m\u00ednimo de orden de 100 pzs.<\/li>\n<li style='margin-bottom: 5px;'><strong style='color: inherit;'>indispensable<\/strong> para procesar cualquier orden de compra:\n<ul style='padding-left: 20px; margin-top: 10px; margin-bottom: 0;'>\n<li style='margin-bottom: 5px;'><strong style='color: inherit;'>Formato:<\/strong> Confirmar que es H10301&comma; es decir&comma; 26 bits.<\/li>\n<li style='margin-bottom: 5px;'><strong style='color: inherit;'>C\u00f3digo de sitio<\/strong> (Site Code \/ Facility Code): (0 a 255&comma; si es formato 26 bits H10301).<\/li>\n<li style='margin-bottom: 5px;'><strong style='color: inherit;'>Consecutivo<\/strong> (rango): La numeraci\u00f3n que tendr\u00e1n las tarjetas (Entre 0-65535 si es a 26 bits H10301).<\/li>\n<li style='margin-bottom: 5px;'>Finalmente indicar si desea que el n\u00famero de la tarjeta este impreso sobre la misma.<\/li>\n<\/ul>\n<\/li>\n<li style='margin-bottom: 5px;'>Se puede llenar el siguiente <a href='http:\/\/ftp3.syscom.mx\/usuarios\/ftp\/2017\/09\/07\/36288\/FOR%207.4%20025%20CMP%20Formato%20para%20Solicitud%20de%20Tarjetas%20HID%20rev.%20001.docx' style='color: #005cb9; text-decoration: none; background-color: transparent; color: inherit;'>formulario<\/a> y enviarlo a su ejecutivo de ventas para procesar su solicitud.<\/li>\n<li style='margin-bottom: 5px;'>Todas las compras de este modelo a trav\u00e9s de este portal est\u00e1n sujetas al env\u00edo de la informaci\u00f3n indispensable para procesar la compra.<\/li>\n<\/ul>\n<div style='font-size: 15px; margin-top: 15px;'>Producto sobre pedido<\/div>\n<\/p><\/div>\n<\/p><\/div>\n<\/p><\/div>\n","protected":false},"excerpt":{"rendered":"<p>Tarjeta DUAL iClass + Proximidad 2021\/ PVC Compuesto\/ Garant\u00eda de por Vida\/ Perforada Verticalmente<\/p>\n","protected":false},"featured_media":26931,"comment_status":"open","ping_status":"closed","template":"","meta":[],"product_brand":[],"product_cat":[465],"product_tag":[814,466,467],"class_list":{"0":"post-26932","1":"product","2":"type-product","3":"status-publish","4":"has-post-thumbnail","6":"product_cat-proximidad-125-khz","7":"product_tag-hid","8":"product_tag-lectoras-y-tarjetas","9":"product_tag-proximidad-125-khz","11":"first","12":"outofstock","13":"sale","14":"shipping-taxable","15":"purchasable","16":"product-type-simple"},"_links":{"self":[{"href":"https:\/\/soydeaqui.ddns.net\/pachuca\/index.php\/wp-json\/wp\/v2\/product\/26932","targetHints":{"allow":["GET"]}}],"collection":[{"href":"https:\/\/soydeaqui.ddns.net\/pachuca\/index.php\/wp-json\/wp\/v2\/product"}],"about":[{"href":"https:\/\/soydeaqui.ddns.net\/pachuca\/index.php\/wp-json\/wp\/v2\/types\/product"}],"replies":[{"embeddable":true,"href":"https:\/\/soydeaqui.ddns.net\/pachuca\/index.php\/wp-json\/wp\/v2\/comments?post=26932"}],"wp:featuredmedia":[{"embeddable":true,"href":"https:\/\/soydeaqui.ddns.net\/pachuca\/index.php\/wp-json\/wp\/v2\/media\/26931"}],"wp:attachment":[{"href":"https:\/\/soydeaqui.ddns.net\/pachuca\/index.php\/wp-json\/wp\/v2\/media?parent=26932"}],"wp:term":[{"taxonomy":"product_brand","embeddable":true,"href":"https:\/\/soydeaqui.ddns.net\/pachuca\/index.php\/wp-json\/wp\/v2\/product_brand?post=26932"},{"taxonomy":"product_cat","embeddable":true,"href":"https:\/\/soydeaqui.ddns.net\/pachuca\/index.php\/wp-json\/wp\/v2\/product_cat?post=26932"},{"taxonomy":"product_tag","embeddable":true,"href":"https:\/\/soydeaqui.ddns.net\/pachuca\/index.php\/wp-json\/wp\/v2\/product_tag?post=26932"}],"curies":[{"name":"wp","href":"https:\/\/api.w.org\/{rel}","templated":true}]}}