{"id":26924,"date":"2026-03-18T12:24:27","date_gmt":"2026-03-18T12:24:27","guid":{"rendered":"https:\/\/soydeaqui.ddns.net\/pachuca\/index.php\/producto\/lectora-de-largo-alcance-6-metros-controlador-de-acceso-integrado-5000-usuarios\/"},"modified":"2026-03-18T12:24:28","modified_gmt":"2026-03-18T12:24:28","slug":"lectora-de-largo-alcance-6-metros-controlador-de-acceso-integrado-5000-usuarios","status":"publish","type":"product","link":"https:\/\/soydeaqui.ddns.net\/pachuca\/index.php\/producto\/lectora-de-largo-alcance-6-metros-controlador-de-acceso-integrado-5000-usuarios\/","title":{"rendered":"Lectora de largo alcance \/ 6 metros \/ Controlador de acceso integrado \/ 5000 usuarios"},"content":{"rendered":"<div style='width: 100%; max-width: 1200px; margin: 0 auto; font-family: sans-serif; line-height: 1.6; color: inherit; background-color: transparent;'>\n<p style='color: inherit; font-size: 14px; margin: 0 0 20px 0;'> U1000 es la combinaci\u00f3n entre un panel de Control de Acceso y una Lectora RFID de Largo Alcance. A diferencia de una lectora de largo alcance com\u00fan&comma; la lectora U1000 integra: Un controlador de acceso con comunicaci\u00f3n TCP\/IP&comma; Comunicaci\u00f3n Wiegad (Entrada \/ Salida)&comma; Dos salidas de relevador&comma; Sensor de puerta&comma; Bot\u00f3n de salida. Proporcionando una sencilla y r\u00e1pida instalaci\u00f3n <\/p>\n<hr style='border: 0; border-top: 1px solid rgba(150&comma; 150&comma; 150&comma; 0.3); margin: 30px 0;'>\n<div style='display: flex; flex-wrap: wrap; gap: 30px; margin-bottom: 30px;'>\n<div style='flex: 1 1 300px; min-width: 280px;'>\n<h3 style='font-size: 22px; border-bottom: 2px solid currentColor; padding-bottom: 5px; margin-top: 0; color: inherit; opacity: 0.8;'>Caracter\u00edsticas principales<\/h3>\n<ul style='padding-left: 20px; font-size: 15px; color: inherit;'>\n<li style='margin-bottom: 5px;'><strong>Capacidad:<\/strong> 5&comma;000 tarjetas<\/li>\n<li style='margin-bottom: 5px;'><strong>Eventos:<\/strong> 30&comma;000<\/li>\n<li style='margin-bottom: 5px;'><strong>Frecuencia de operaci\u00f3n:<\/strong> 902 &#8211; 926 MHz<\/li>\n<li style='margin-bottom: 5px;'><strong>Distancia de lectura:<\/strong> 6 metros (ajustables)<\/li>\n<li style='margin-bottom: 5px;'><strong>Comunicaci\u00f3n:<\/strong> TCP\/IP<\/li>\n<\/ul><\/div>\n<div style='flex: 1 1 300px; min-width: 280px;'>\n<h3 style='font-size: 22px; border-bottom: 2px solid currentColor; padding-bottom: 5px; margin-top: 0; color: inherit; opacity: 0.8;'>Caracter\u00edsticas F\u00edsicas y El\u00e9ctricas<\/h3>\n<ul style='padding-left: 20px; font-size: 15px; color: inherit;'>\n<li style='margin-bottom: 5px;'><strong>Alimentaci\u00f3n:<\/strong> 12 V CD&comma; 3 A (no incluida&comma; modelo recomendado P12DC3A)<\/li>\n<li style='margin-bottom: 5px;'><strong>Temperatura de operaci\u00f3n:<\/strong> -20 \u00baC hasta +60 \u00baC<\/li>\n<li style='margin-bottom: 5px;'><strong>Humedad de operaci\u00f3n:<\/strong> &lt;95%<\/li>\n<li style='margin-bottom: 5px;'><strong>Dimensiones:<\/strong> 250 * 250 * 70 mm<\/li>\n<\/ul><\/div>\n<div style='flex: 1 1 300px; min-width: 280px;'>\n<h3 style='font-size: 22px; border-bottom: 2px solid currentColor; padding-bottom: 5px; margin-top: 0; color: inherit; opacity: 0.8;'>Caracter\u00edsticas Destacadas<\/h3>\n<p style='margin: 15px 0 5px 0; color: inherit; font-size: 15px;'><strong>Nota:<\/strong><\/p>\n<p style='margin: 0 0 15px 0; color: inherit; font-size: 15px;'> Solamente compatible con ACCESSTAG &comma; ACCESSTAGV2&comma; ACCESSCARDEPC&comma; ACCESSMET. <\/p>\n<\/p><\/div>\n<\/p><\/div>\n<\/p><\/div>\n","protected":false},"excerpt":{"rendered":"<p>Lectora de largo alcance \/ 6 metros \/ Controlador de acceso integrado \/ 5000 usuarios<\/p>\n","protected":false},"featured_media":26923,"comment_status":"open","ping_status":"closed","template":"","meta":[],"product_brand":[],"product_cat":[777],"product_tag":[401,93,844],"class_list":{"0":"post-26924","1":"product","2":"type-product","3":"status-publish","4":"has-post-thumbnail","6":"product_cat-accesorios-acceso-vehicular","7":"product_tag-acceso-vehicular","8":"product_tag-accesorios","9":"product_tag-zkteco","11":"first","12":"instock","13":"sale","14":"shipping-taxable","15":"purchasable","16":"product-type-simple"},"_links":{"self":[{"href":"https:\/\/soydeaqui.ddns.net\/pachuca\/index.php\/wp-json\/wp\/v2\/product\/26924","targetHints":{"allow":["GET"]}}],"collection":[{"href":"https:\/\/soydeaqui.ddns.net\/pachuca\/index.php\/wp-json\/wp\/v2\/product"}],"about":[{"href":"https:\/\/soydeaqui.ddns.net\/pachuca\/index.php\/wp-json\/wp\/v2\/types\/product"}],"replies":[{"embeddable":true,"href":"https:\/\/soydeaqui.ddns.net\/pachuca\/index.php\/wp-json\/wp\/v2\/comments?post=26924"}],"wp:featuredmedia":[{"embeddable":true,"href":"https:\/\/soydeaqui.ddns.net\/pachuca\/index.php\/wp-json\/wp\/v2\/media\/26923"}],"wp:attachment":[{"href":"https:\/\/soydeaqui.ddns.net\/pachuca\/index.php\/wp-json\/wp\/v2\/media?parent=26924"}],"wp:term":[{"taxonomy":"product_brand","embeddable":true,"href":"https:\/\/soydeaqui.ddns.net\/pachuca\/index.php\/wp-json\/wp\/v2\/product_brand?post=26924"},{"taxonomy":"product_cat","embeddable":true,"href":"https:\/\/soydeaqui.ddns.net\/pachuca\/index.php\/wp-json\/wp\/v2\/product_cat?post=26924"},{"taxonomy":"product_tag","embeddable":true,"href":"https:\/\/soydeaqui.ddns.net\/pachuca\/index.php\/wp-json\/wp\/v2\/product_tag?post=26924"}],"curies":[{"name":"wp","href":"https:\/\/api.w.org\/{rel}","templated":true}]}}