{"id":26922,"date":"2026-03-18T12:24:26","date_gmt":"2026-03-18T12:24:26","guid":{"rendered":"https:\/\/soydeaqui.ddns.net\/pachuca\/index.php\/producto\/impresora-retransferencia-hdp5000-con-codificador-laminacion-e-impresion-por-doble-cara-3-anos-garantia\/"},"modified":"2026-03-18T12:24:26","modified_gmt":"2026-03-18T12:24:26","slug":"impresora-retransferencia-hdp5000-con-codificador-laminacion-e-impresion-por-doble-cara-3-anos-garantia","status":"publish","type":"product","link":"https:\/\/soydeaqui.ddns.net\/pachuca\/index.php\/producto\/impresora-retransferencia-hdp5000-con-codificador-laminacion-e-impresion-por-doble-cara-3-anos-garantia\/","title":{"rendered":"Impresora Retransferencia HDP5000 con Codificador\/ Laminaci\u00f3n e Impresi\u00f3n por Doble Cara\/ 3 A\u00f1os Garant\u00eda\/"},"content":{"rendered":"<div style='width: 100%; max-width: 1200px; margin: 0 auto; font-family: sans-serif; line-height: 1.6; color: inherit;'>\n<div style='display: flex; flex-wrap: wrap; gap: 30px; margin-bottom: 30px;'>\n<div style='flex: 1 1 300px; min-width: 280px;'>\n<h3 style='font-size: 22px; border-bottom: 2px solid currentColor; padding-bottom: 5px; margin-top: 0; color: inherit; opacity: 0.8;'>Caracter\u00edsticas Principales<\/h3>\n<ul style='padding-left: 20px; font-size: 15px; color: inherit;'>\n<li style='margin-bottom: 5px;'>Impresora de retransferencia<\/li>\n<li style='margin-bottom: 5px;'>Impresi\u00f3n por uno o dos lados<\/li>\n<li style='margin-bottom: 5px;'>Laminaci\u00f3n por ambos lados<\/li>\n<li style='margin-bottom: 5px;'>Resoluci\u00f3n de 300dpi<\/li>\n<li style='margin-bottom: 5px;'>Garant\u00eda de 3 a\u00f1os en impresora y garant\u00eda de por vida en el cabezal<\/li>\n<li style='margin-bottom: 5px;'>Velocidad de impresi\u00f3n de hasta 24 seg por tarjeta&comma; 150 tarjetas por hora en YMC<\/li>\n<li style='margin-bottom: 5px;'>Tama\u00f1o de tarjeta CR80<\/li>\n<li style='margin-bottom: 5px;'>Alimentador de tarjetas de hasta 200 tarjetas<\/li>\n<li style='margin-bottom: 5px;'>USB interfaz<\/li>\n<\/ul><\/div>\n<div style='flex: 1 1 300px; min-width: 280px;'>\n<h3 style='font-size: 22px; border-bottom: 2px solid currentColor; padding-bottom: 5px; margin-top: 0; color: inherit; opacity: 0.8;'>Informaci\u00f3n Importante<\/h3>\n<ul style='padding-left: 20px; font-size: 15px; color: inherit;'>\n<li style='margin-bottom: 5px;'>Aunque puede imprimir cualquier tarjeta CR80 (Delgada)&comma; la calidad de la impresi\u00f3n puede variar por la calidad del material de la misma&comma; se recomienda usar Tarjetas de PVC o poli\u00e9ster con acabado en PVC pulido Ultracard (Compatible con tarjetas PVC <a style='color: inherit; text-decoration: underline;' href='https:\/\/www.syscom.mx\/producto\/081754-HID-183658.html' target='_blank' rel='noopener'>081754<\/a>). Optimizado para tarjetas HID de Control de Acceso.<\/li>\n<li style='margin-bottom: 5px;'>Para conservar la garant\u00eda debe Registrar la Impresora en el Portal de HID&comma; de lo contrario no ser\u00e1 v\u00e1lido<\/li>\n<li style='margin-bottom: 5px;'>Registro de la impresora:<\/li>\n<\/ul>\n<div style='margin-top: 15px;'> <img style='width: 100px; height: 100px; border: 1px solid rgba(150&comma;150&comma;150&comma;0.3); border-radius: 8px;' src='https:\/\/ftp3.syscom.mx\/usuarios\/ftp\/2022\/09\/26\/e9416\/Register_Fargo_Warranty.png' alt='' \/> <\/div>\n<\/p><\/div>\n<div style='flex: 1 1 300px; min-width: 280px;'>\n<h3 style='font-size: 22px; border-bottom: 2px solid currentColor; padding-bottom: 5px; margin-top: 0; color: inherit; opacity: 0.8;'>Codificador<\/h3>\n<ul style='padding-left: 20px; font-size: 15px; color: inherit;'>\n<li style='margin-bottom: 5px;'>HID Prox&comma; iCLASS&comma; MIFARE\/DESFire&comma; Contact Smart Card<\/li>\n<\/ul><\/div>\n<\/p><\/div>\n<div style='margin: 30px 0;'>\n<p style='margin: 0; font-size: 15px; color: inherit;'>Producto sobre pedido.<\/p>\n<\/p><\/div>\n<\/p><\/div>\n","protected":false},"excerpt":{"rendered":"<p>Impresora Retransferencia HDP5000 con Codificador\/ Laminaci\u00f3n e Impresi\u00f3n por Doble Cara\/ 3 A\u00f1os Garant\u00eda\/<\/p>\n","protected":false},"featured_media":26921,"comment_status":"open","ping_status":"closed","template":"","meta":[],"product_brand":[],"product_cat":[823],"product_tag":[814,812,62],"class_list":{"0":"post-26922","1":"product","2":"type-product","3":"status-publish","4":"has-post-thumbnail","6":"product_cat-todos-identificacion-y-credencializacion","7":"product_tag-hid","8":"product_tag-identificacion-y-credencializacion","9":"product_tag-todos","11":"first","12":"outofstock","13":"sale","14":"shipping-taxable","15":"purchasable","16":"product-type-simple"},"_links":{"self":[{"href":"https:\/\/soydeaqui.ddns.net\/pachuca\/index.php\/wp-json\/wp\/v2\/product\/26922","targetHints":{"allow":["GET"]}}],"collection":[{"href":"https:\/\/soydeaqui.ddns.net\/pachuca\/index.php\/wp-json\/wp\/v2\/product"}],"about":[{"href":"https:\/\/soydeaqui.ddns.net\/pachuca\/index.php\/wp-json\/wp\/v2\/types\/product"}],"replies":[{"embeddable":true,"href":"https:\/\/soydeaqui.ddns.net\/pachuca\/index.php\/wp-json\/wp\/v2\/comments?post=26922"}],"wp:featuredmedia":[{"embeddable":true,"href":"https:\/\/soydeaqui.ddns.net\/pachuca\/index.php\/wp-json\/wp\/v2\/media\/26921"}],"wp:attachment":[{"href":"https:\/\/soydeaqui.ddns.net\/pachuca\/index.php\/wp-json\/wp\/v2\/media?parent=26922"}],"wp:term":[{"taxonomy":"product_brand","embeddable":true,"href":"https:\/\/soydeaqui.ddns.net\/pachuca\/index.php\/wp-json\/wp\/v2\/product_brand?post=26922"},{"taxonomy":"product_cat","embeddable":true,"href":"https:\/\/soydeaqui.ddns.net\/pachuca\/index.php\/wp-json\/wp\/v2\/product_cat?post=26922"},{"taxonomy":"product_tag","embeddable":true,"href":"https:\/\/soydeaqui.ddns.net\/pachuca\/index.php\/wp-json\/wp\/v2\/product_tag?post=26922"}],"curies":[{"name":"wp","href":"https:\/\/api.w.org\/{rel}","templated":true}]}}