{"id":26904,"date":"2026-03-18T12:24:01","date_gmt":"2026-03-18T12:24:01","guid":{"rendered":"https:\/\/soydeaqui.ddns.net\/pachuca\/index.php\/producto\/cerradura-de-perno-de-11240-lbs-de-fuerza-intemperie-soporta-corrosion-climas-extremos-ideal-para-puertas-cortinas\/"},"modified":"2026-03-18T12:24:06","modified_gmt":"2026-03-18T12:24:06","slug":"cerradura-de-perno-de-11240-lbs-de-fuerza-intemperie-soporta-corrosion-climas-extremos-ideal-para-puertas-cortinas","status":"publish","type":"product","link":"https:\/\/soydeaqui.ddns.net\/pachuca\/index.php\/producto\/cerradura-de-perno-de-11240-lbs-de-fuerza-intemperie-soporta-corrosion-climas-extremos-ideal-para-puertas-cortinas\/","title":{"rendered":"Cerradura de Perno de 11,240 Lbs de Fuerza\/ Intemperie\/ Soporta Corrosi\u00f3n\/ Climas Extremos\/ ideal para Puertas, Cortinas"},"content":{"rendered":"<div style='width: 100%; max-width: 1200px; margin: 0 auto; font-family: sans-serif; line-height: 1.6; color: inherit; background-color: transparent;'>\n<div style='display: flex; flex-wrap: wrap; gap: 30px; margin-bottom: 30px;'>\n<div style='flex: 1 1 300px; min-width: 280px;'>\n<h3 style='font-size: 22px; border-bottom: 2px solid currentColor; padding-bottom: 5px; margin-top: 0; color: inherit; opacity: 0.8;'>Caracter\u00edsticas<\/h3>\n<ul style='padding-left: 20px; font-size: 15px; color: inherit;'>\n<li style='margin-bottom: 5px;'>Con un pasador de perno de acero inoxidable de 18 mm (.705 &#8216;) de di\u00e1metro y un dise\u00f1o de golpe reforzado&comma; el YG80 tiene una fuerza de retenci\u00f3n de <strong>11&comma;240 lbs.<\/strong><\/li>\n<li style='margin-bottom: 5px;'>Pernos de montaje ocultos debajo de la cubierta de la cerradura&comma; que no se pueden quitar sin activar el monitor de detecci\u00f3n de manipulaci\u00f3n.<\/li>\n<li style='margin-bottom: 5px;'>Completamente resistente a la <strong>intemperie<\/strong>. Protecci\u00f3n de entrada a IP67.<\/li>\n<li style='margin-bottom: 5px;'>Cuerpo de cerradura de aluminio para una resistencia superior a la <strong>corrosi\u00f3n<\/strong>.<\/li>\n<li style='margin-bottom: 5px;'>El calentador incorporado para una funcionalidad continua en <strong>climas m\u00e1s fr\u00edos&comma;<\/strong> el YG80 puede manejar cualquier entorno en el que se encuentre.<\/li>\n<li style='margin-bottom: 5px;'>Monitoreo completo: YG80 puede convertirse realmente en una parte del sistema de control de acceso&comma; con una gama de se\u00f1ales de salida que incluyen: posici\u00f3n de bloqueo y desbloqueo de pernos&comma; posici\u00f3n de puerta y detecci\u00f3n de manipulaci\u00f3n.<\/li>\n<li style='margin-bottom: 5px;'>Bajo consumo de corriente.<\/li>\n<li style='margin-bottom: 5px;'>Con el calentador desactivado&comma; el YG80 consumir\u00e1 tan solo 50 mA en modo de espera y solo 1&comma;000 mA en funcionamiento a 12VDC. (Calentador @ 24VDC solamente).<\/li>\n<li style='margin-bottom: 5px;'>Capacidades integradas del sistema de control de acceso.<\/li>\n<li style='margin-bottom: 5px;'>Los modos seleccionables abierto o cerrado en caso de falla&comma; tres m\u00e9todos de control seleccionables por el usuario y m\u00faltiples intentos de bloqueo o desbloqueo&comma; aseguran que el YG80 est\u00e9 listo para una amplia gama de requerimientos.<\/li>\n<li style='margin-bottom: 5px;'>Un dise\u00f1o sim\u00e9trico significa que el YG80 se puede instalar tanto <strong>horizontal como verticalmente<\/strong>&comma; en ambientes interiores y exteriores.<\/li>\n<li style='margin-bottom: 5px;'>El cable incluido de 3 metros (9.04 &#8221;) garantiza una conexi\u00f3n f\u00e1cil para todo el monitoreo&comma; control y la fuente de alimentaci\u00f3n de 12-24 V CC.<\/li>\n<\/ul><\/div>\n<\/p><\/div>\n<div style='display: flex; flex-wrap: wrap; gap: 20px; margin-bottom: 30px;'>\n<div style='flex: 1 1 250px; border: 1px solid rgba(150&comma; 150&comma; 150&comma; 0.4); border-radius: 8px; overflow: hidden; display: flex; flex-direction: column;'>\n<div style='padding: 15px; border-bottom: 1px solid rgba(150&comma; 150&comma; 150&comma; 0.2); font-weight: bold; font-size: 18px; color: inherit;'>Especificaciones<\/div>\n<div style='padding: 15px; color: inherit;'>\n<ul style='padding-left: 20px; margin: 0; font-size: 14px; list-style-type: disc;'>\n<li style='margin-bottom: 5px;'><strong>Espacio de la puerta<\/strong> &#8211; 15 mm (.590 &#8216;) M\u00e1x.<\/li>\n<li style='margin-bottom: 5px;'><strong>Fuerza est\u00e1tica<\/strong> &#8211; 11&comma;240 lbs.<\/li>\n<li style='margin-bottom: 5px;'><strong>Fuerza din\u00e1mica<\/strong>: 148 pies-libras.<\/li>\n<li style='margin-bottom: 5px;'><strong>Resistencia<\/strong> &#8211; 300&comma;000 ciclos<\/li>\n<li style='margin-bottom: 5px;'><strong>Voltaje en bloqueo<\/strong> &#8211; 12-24 VDC +\/- 15%<\/li>\n<li style='margin-bottom: 5px;'><strong>Autobloqueo<\/strong>: intentar\u00e1 bloquear o desbloquear 3 veces si se obstruye durante la operaci\u00f3n<\/li>\n<li style='margin-bottom: 5px;'><strong>Uso actual<\/strong> &#8211; Corriente en espera: 50 mA a 12 V; 40mA @ 24V; 1.6A @ 24V con calentador encendido. Corriente m\u00e1xima: 1.0A@12V; 0.5A @ 24V; 2.0A@24V con calentador encendido.<\/li>\n<li style='margin-bottom: 5px;'><strong>Tiempo Estimado de Retracci\u00f3n del Perno<\/strong>: 3 Seg&comma; este tiempo debe considerarse en aplicaciones de integraci\u00f3n a Puertas Autom\u00e1ticas.<\/li>\n<\/ul><\/div>\n<\/p><\/div>\n<div style='flex: 1 1 250px; border: 1px solid rgba(150&comma; 150&comma; 150&comma; 0.4); border-radius: 8px; overflow: hidden; display: flex; flex-direction: column;'>\n<div style='padding: 15px; border-bottom: 1px solid rgba(150&comma; 150&comma; 150&comma; 0.2); font-weight: bold; font-size: 18px; color: inherit;'>Ambiente<\/div>\n<div style='padding: 15px; color: inherit;'>\n<ul style='padding-left: 20px; margin: 0; font-size: 14px; list-style-type: disc;'>\n<li style='margin-bottom: 5px;'><strong>Clasificaci\u00f3n IP67<\/strong>: adecuado para uso en interiores y exteriores<\/li>\n<li style='margin-bottom: 5px;'><strong>Fr\u00edo<\/strong> &#8211; 35 grados C<\/li>\n<li style='margin-bottom: 5px;'><strong>Calor seco<\/strong> &#8211; +70 grados C<\/li>\n<li style='margin-bottom: 5px;'><strong>Corrosi\u00f3n<\/strong>: 240 horas de niebla salina<\/li>\n<li style='margin-bottom: 5px;'><strong>Certificaciones y listados<\/strong>: FCC &#8211; T\u00edtulo 47&comma; parte 15&comma; subparte A y B &#8211; Dispositivo de clase B ISED (IC) &#8211; ICES-003 &#8211; Dispositivo de clase B UL &#8211; UL294&comma; CSA 22.2 No 204&comma; CE &#8211; EMC 2014\/30 \/ EU&comma; RoHS 2011\/65 \/ UE<\/li>\n<\/ul><\/div>\n<\/p><\/div>\n<\/p><\/div>\n<hr style='border: 0; border-top: 1px solid rgba(150&comma; 150&comma; 150&comma; 0.3); margin: 30px 0;'>\n<div style='position: relative; padding-bottom: 56.25%; height: 0; overflow: hidden; margin-bottom: 30px;'>   <\/div>\n<\/p><\/div>\n","protected":false},"excerpt":{"rendered":"<p>Cerradura de Perno de 11,240 Lbs de Fuerza\/ Intemperie\/ Soporta Corrosi\u00f3n\/ Climas Extremos\/ ideal para Puertas, Cortinas<\/p>\n","protected":false},"featured_media":26903,"comment_status":"open","ping_status":"closed","template":"","meta":[],"product_brand":[],"product_cat":[777],"product_tag":[401,93,480],"class_list":{"0":"post-26904","1":"product","2":"type-product","3":"status-publish","4":"has-post-thumbnail","6":"product_cat-accesorios-acceso-vehicular","7":"product_tag-acceso-vehicular","8":"product_tag-accesorios","9":"product_tag-dormakaba","11":"first","12":"instock","13":"sale","14":"shipping-taxable","15":"purchasable","16":"product-type-simple"},"_links":{"self":[{"href":"https:\/\/soydeaqui.ddns.net\/pachuca\/index.php\/wp-json\/wp\/v2\/product\/26904","targetHints":{"allow":["GET"]}}],"collection":[{"href":"https:\/\/soydeaqui.ddns.net\/pachuca\/index.php\/wp-json\/wp\/v2\/product"}],"about":[{"href":"https:\/\/soydeaqui.ddns.net\/pachuca\/index.php\/wp-json\/wp\/v2\/types\/product"}],"replies":[{"embeddable":true,"href":"https:\/\/soydeaqui.ddns.net\/pachuca\/index.php\/wp-json\/wp\/v2\/comments?post=26904"}],"wp:featuredmedia":[{"embeddable":true,"href":"https:\/\/soydeaqui.ddns.net\/pachuca\/index.php\/wp-json\/wp\/v2\/media\/26903"}],"wp:attachment":[{"href":"https:\/\/soydeaqui.ddns.net\/pachuca\/index.php\/wp-json\/wp\/v2\/media?parent=26904"}],"wp:term":[{"taxonomy":"product_brand","embeddable":true,"href":"https:\/\/soydeaqui.ddns.net\/pachuca\/index.php\/wp-json\/wp\/v2\/product_brand?post=26904"},{"taxonomy":"product_cat","embeddable":true,"href":"https:\/\/soydeaqui.ddns.net\/pachuca\/index.php\/wp-json\/wp\/v2\/product_cat?post=26904"},{"taxonomy":"product_tag","embeddable":true,"href":"https:\/\/soydeaqui.ddns.net\/pachuca\/index.php\/wp-json\/wp\/v2\/product_tag?post=26904"}],"curies":[{"name":"wp","href":"https:\/\/api.w.org\/{rel}","templated":true}]}}