{"id":26829,"date":"2026-03-18T12:22:34","date_gmt":"2026-03-18T12:22:34","guid":{"rendered":"https:\/\/soydeaqui.ddns.net\/pachuca\/index.php\/producto\/lector-de-rostros-para-control-de-acceso-de-uso-rudo-a-prueba-de-impactos-exterior-ip68-acepta-selfies-reconocimiento-a-2-5-metros-adms-gratis\/"},"modified":"2026-03-18T12:22:35","modified_gmt":"2026-03-18T12:22:35","slug":"lector-de-rostros-para-control-de-acceso-de-uso-rudo-a-prueba-de-impactos-exterior-ip68-acepta-selfies-reconocimiento-a-2-5-metros-adms-gratis","status":"publish","type":"product","link":"https:\/\/soydeaqui.ddns.net\/pachuca\/index.php\/producto\/lector-de-rostros-para-control-de-acceso-de-uso-rudo-a-prueba-de-impactos-exterior-ip68-acepta-selfies-reconocimiento-a-2-5-metros-adms-gratis\/","title":{"rendered":"Lector de Rostros para Control de Acceso de uso rudo a prueba de Impactos \/ Exterior IP68 \/ Acepta Selfies \/ Reconocimiento a 2.5 metros \/ ADMS GRATIS"},"content":{"rendered":"<div style='width: 100%; max-width: 1200px; margin: 0 auto; font-family: sans-serif; line-height: 1.6; color: inherit; background-color: transparent;'> <!-- Secci\u00f3n de caracter\u00edsticas en grid --> <\/p>\n<div style='display: grid; grid-template-columns: repeat(auto-fit&comma; minmax(280px&comma; 1fr)); gap: 30px; margin-bottom: 30px;'> <!-- Caracter\u00edsticas principales --> <\/p>\n<div style='border-left: 5px solid #2bc418; border-radius: 5px; padding: 5px; box-shadow: 2px 2px 10px rgba(216&comma;216&comma;216&comma;0.3);'> <strong style='font-size: 18px; margin-bottom: 10px; display: block; color: inherit;'>Caracter\u00edsticas principales:<\/strong> <\/p>\n<ul style='padding-left: 20px; font-size: 14px; color: inherit; list-style-type: disc;'>\n<li style='margin-bottom: 5px;'><strong>Capacidad<\/strong>: <\/li>\n<li style='margin-left: 15px; margin-bottom: 5px;'>Usuarios: 50&comma;000<\/li>\n<li style='margin-left: 15px; margin-bottom: 5px;'>Rostros: 30&comma;000<\/li>\n<li style='margin-left: 15px; margin-bottom: 5px;'>Registros: 1&comma;000&comma;000<\/li>\n<li style='margin-bottom: 5px;'><strong>Acceso<\/strong>: Cerradura&comma; Sensor de puerta&comma; Bot\u00f3n de salida<\/li>\n<li style='margin-bottom: 5px;'><strong>Administraci\u00f3n<\/strong>: Software ZKBiosecurity.<\/li>\n<\/ul><\/div>\n<p> <!-- Caracter\u00edsticas F\u00edsicas y El\u00e9ctricas --> <\/p>\n<div style='border-left: 5px solid #2bc418; border-radius: 5px; padding: 5px; box-shadow: 2px 2px 10px rgba(216&comma;216&comma;216&comma;0.3);'> <strong style='font-size: 18px; margin-bottom: 10px; display: block; color: inherit;'>Caracter\u00edsticas F\u00edsicas y El\u00e9ctricas:<\/strong> <\/p>\n<ul style='padding-left: 20px; font-size: 14px; color: inherit; list-style-type: disc;'>\n<li style='margin-bottom: 5px;'>Energ\u00eda 12V 2A (NO INCLUIDA)<\/li>\n<li style='margin-bottom: 5px;'>Humedad: \u2264 93%<\/li>\n<li style='margin-bottom: 5px;'>Temperatura: -30\u00ba C hasta 60\u00ba C<\/li>\n<li style='margin-bottom: 5px;'>C\u00e1mara: 2 MP<\/li>\n<li style='margin-bottom: 5px;'>Comunicaci\u00f3n: WiFi (opcional)&comma; RS232&comma; Entrada y Salida Wiegand<\/li>\n<\/ul><\/div>\n<p> <!-- Caracter\u00edsticas Destacadas --> <\/p>\n<div style='border-left: 5px solid #2bc418; border-radius: 5px; padding: 5px; box-shadow: 2px 2px 10px rgba(216&comma;216&comma;216&comma;0.3);'> <strong style='font-size: 18px; margin-bottom: 10px; display: block; color: inherit;'>Caracter\u00edsticas Destacadas:<\/strong> <\/p>\n<ul style='padding-left: 20px; font-size: 14px; color: inherit; list-style-type: disc;'>\n<li style='margin-bottom: 5px;'>Compatible con <a style='color: #005cb9; text-decoration: none; font-weight: 600;' href='https:\/\/www.syscom.mx\/producto\/ZKBIOSECURITY-ZKTECO---GREEN-LABEL-161132.html'>ZKBIOSECURITY<\/a> 3.1.5.0 en adelante.<\/li>\n<li style='margin-bottom: 5px;'>Soporta <strong>enrolar personas con una selfie<\/strong> (se carga foto a trav\u00e9s de software por interfaz web desde el tel\u00e9fono celular).<\/li>\n<li style='margin-bottom: 5px;'>El algoritmo m\u00e1s nuevo de ZK en reconocimiento facial (diferente a los anteriores).<\/li>\n<\/ul><\/div>\n<\/p><\/div>\n<p> <!-- Secci\u00f3n de distancia de lectura --> <\/p>\n<div style='display: flex; flex-wrap: wrap; gap: 30px; margin-bottom: 30px; align-items: center;'>\n<div style='flex: 1 1 300px; min-width: 280px;'>\n<h3 style='font-size: 20px; margin-top: 0; color: inherit;'>Lectura de hasta 2.5 mts de Distancia en Exterior Protegido<\/h3>\n<p style='color: inherit; margin-bottom: 15px;'>La distancia de reconocimiento se ha aumentado enormemente llegando hasta los 2.5 m de distancia&comma; mejorando notablemente la velocidad de flujo m\u00e1ximo. Mientras que la mayor\u00eda de los algoritmos faciales s\u00f3lo detectan rostros con inclinaciones de 15\u00b0&comma; el algoritmo de ZKTeco es capaz de detectar rostros a \u00e1ngulos de hasta 30\u00b0.<\/p>\n<p> <a style='display: block; text-align: center;' href='https:\/\/www.syscom.mx\/producto\/ZKBIOSECURITY-ZKTECO---GREEN-LABEL-161132.html'> <img style='width: 100%; max-width: 400px; height: auto; border: 1px solid rgba(150&comma;150&comma;150&comma;0.3); border-radius: 8px; margin: 0 auto;' src='https:\/\/ftp3.syscom.mx\/usuarios\/fotos\/FACEDEPOT7A\/167149-compatible.png' alt='Compatibilidad ZKBIOSECURITY'> <\/a> <\/div>\n<\/p><\/div>\n<p> <!-- Secci\u00f3n de especificaciones incomparables --> <\/p>\n<div style='display: flex; flex-wrap: wrap; gap: 30px; margin-bottom: 30px;'>\n<div style='flex: 1 1 300px; min-width: 280px;'>\n<h3 style='font-size: 20px; margin-top: 0; color: inherit; text-align: center;'>Especificaciones Incomparables<\/h3>\n<ul style='padding-left: 20px; font-size: 14px; color: inherit; list-style-type: disc;'>\n<li style='margin-bottom: 10px;'><span style='color: #27ae60; font-size: 24px; vertical-align: middle;'>\u2713 <\/span>Enrolar usuarios con una selfie (a trav\u00e9s del software utilizando un Smartphone).<\/li>\n<li style='margin-bottom: 10px;'><span style='color: #27ae60; font-size: 24px; vertical-align: middle;'>\u2713 <\/span>Dispositivo a prueba de impactos IK04 y listo para instalar en Exterior IP68.<\/li>\n<li style='margin-bottom: 10px;'><span style='color: #27ae60; font-size: 24px; vertical-align: middle;'>\u2713 <\/span>Algoritmo de reconocimiento facial de alta tecnolog\u00eda mas exitoso de ZKTeco.<\/li>\n<li style='margin-bottom: 10px;'><span style='color: #27ae60; font-size: 24px; vertical-align: middle;'>\u2713 <\/span>Funciones completas de Acceso (Relay&comma; Bot\u00f3n de Salida y Sensor de Puerta).<\/li>\n<li style='margin-bottom: 10px;'><span style='color: #27ae60; font-size: 24px; vertical-align: middle;'>\u2713 <\/span><strong>Funci\u00f3n ADMS GRATIS<\/strong> para centralizaci\u00f3n f\u00e1cil a trav\u00e9s de Internet (Software).<\/li>\n<li style='margin-bottom: 10px;'><span style='color: #27ae60; font-size: 24px; vertical-align: middle;'>\u2713 <\/span>Compatible con software de integraci\u00f3n <a style='color: #005cb9; text-decoration: none; font-weight: 600;' href='https:\/\/www.syscom.mx\/producto\/ZKBIOSECURITY-ZKTECO---GREEN-LABEL-161132.html'>ZKBIOSECURITY<\/a> 3.1.5.0 en adelante.<\/li>\n<li style='margin-bottom: 10px;'><span style='color: #27ae60; font-size: 24px; vertical-align: middle;'>\u2713 <\/span><strong>Alta masiva de rostros<\/strong> (Si usted tiene una base de datos de sus empleados con foto&comma; se pueden cargar de manera masiva todas esas fotos evitando enrolar a usuario por usuario).<\/li>\n<\/ul><\/div>\n<\/p><\/div>\n<p> <!-- Video de YouTube --> <\/p>\n<div style='position: relative; padding-bottom: 56.25%; height: 0; overflow: hidden; margin-bottom: 30px;'>   <\/div>\n<p> <!-- Separador final --> <\/p>\n<hr style='border: 0; border-top: 1px solid rgba(150&comma; 150&comma; 150&comma; 0.3); margin: 30px 0;'> <\/div>\n","protected":false},"excerpt":{"rendered":"<p>Lector de Rostros para Control de Acceso de uso rudo a prueba de Impactos \/ Exterior IP68 \/ Acepta Selfies \/ Reconocimiento a 2.5 metros \/ ADMS GRATIS<\/p>\n","protected":false},"featured_media":26828,"comment_status":"open","ping_status":"closed","template":"","meta":[],"product_brand":[],"product_cat":[806],"product_tag":[744,807,844],"class_list":{"0":"post-26829","1":"product","2":"type-product","3":"status-publish","4":"has-post-thumbnail","6":"product_cat-para-control-de-acceso","7":"product_tag-biometricos","8":"product_tag-para-control-de-acceso","9":"product_tag-zkteco","11":"first","12":"instock","13":"sale","14":"shipping-taxable","15":"purchasable","16":"product-type-simple"},"_links":{"self":[{"href":"https:\/\/soydeaqui.ddns.net\/pachuca\/index.php\/wp-json\/wp\/v2\/product\/26829","targetHints":{"allow":["GET"]}}],"collection":[{"href":"https:\/\/soydeaqui.ddns.net\/pachuca\/index.php\/wp-json\/wp\/v2\/product"}],"about":[{"href":"https:\/\/soydeaqui.ddns.net\/pachuca\/index.php\/wp-json\/wp\/v2\/types\/product"}],"replies":[{"embeddable":true,"href":"https:\/\/soydeaqui.ddns.net\/pachuca\/index.php\/wp-json\/wp\/v2\/comments?post=26829"}],"wp:featuredmedia":[{"embeddable":true,"href":"https:\/\/soydeaqui.ddns.net\/pachuca\/index.php\/wp-json\/wp\/v2\/media\/26828"}],"wp:attachment":[{"href":"https:\/\/soydeaqui.ddns.net\/pachuca\/index.php\/wp-json\/wp\/v2\/media?parent=26829"}],"wp:term":[{"taxonomy":"product_brand","embeddable":true,"href":"https:\/\/soydeaqui.ddns.net\/pachuca\/index.php\/wp-json\/wp\/v2\/product_brand?post=26829"},{"taxonomy":"product_cat","embeddable":true,"href":"https:\/\/soydeaqui.ddns.net\/pachuca\/index.php\/wp-json\/wp\/v2\/product_cat?post=26829"},{"taxonomy":"product_tag","embeddable":true,"href":"https:\/\/soydeaqui.ddns.net\/pachuca\/index.php\/wp-json\/wp\/v2\/product_tag?post=26829"}],"curies":[{"name":"wp","href":"https:\/\/api.w.org\/{rel}","templated":true}]}}