{"id":26825,"date":"2026-03-18T12:22:29","date_gmt":"2026-03-18T12:22:29","guid":{"rendered":"https:\/\/soydeaqui.ddns.net\/pachuca\/index.php\/producto\/software-asure-id-version-enterprise-compatible-con-impresoras-hid-para-operar-en-una-red-corporativa-virtual\/"},"modified":"2026-03-18T12:22:30","modified_gmt":"2026-03-18T12:22:30","slug":"software-asure-id-version-enterprise-compatible-con-impresoras-hid-para-operar-en-una-red-corporativa-virtual","status":"publish","type":"product","link":"https:\/\/soydeaqui.ddns.net\/pachuca\/index.php\/producto\/software-asure-id-version-enterprise-compatible-con-impresoras-hid-para-operar-en-una-red-corporativa-virtual\/","title":{"rendered":"Software Asure ID versi\u00f3n ENTERPRISE \/ Compatible con impresoras HID \/ Para operar en una Red Corporativa\/ Virtual"},"content":{"rendered":"<div style='width: 100%; max-width: 1200px; margin: 0 auto; font-family: sans-serif; line-height: 1.6; color: inherit; background-color: transparent;'>\n<div style='display: flex; flex-wrap: wrap; gap: 30px; margin-bottom: 30px;'>\n<div style='flex: 1 1 300px; min-width: 280px;'>\n<h3 style='font-size: 22px; border-bottom: 2px solid currentColor; padding-bottom: 5px; margin-top: 0; color: inherit; opacity: 0.8;'>Descripci\u00f3n<\/h3>\n<p style='font-size: 15px; color: inherit;'>ASURE ID ENTERPRISE es el software de dise\u00f1o pensado para empresas que operan con una red corporativa.<\/p>\n<p style='font-size: 15px; color: inherit;'><strong>Producto sobre pedido<\/strong><\/p>\n<\/p><\/div>\n<\/p><\/div>\n<div style='display: flex; flex-wrap: wrap; gap: 20px; margin-bottom: 30px;'>\n<div style='flex: 1 1 250px; border: 1px solid rgba(150&comma; 150&comma; 150&comma; 0.4); border-radius: 8px; overflow: hidden; display: flex; flex-direction: column;'>\n<div style='padding: 15px; border-bottom: 1px solid rgba(150&comma; 150&comma; 150&comma; 0.2); font-weight: bold; font-size: 18px; color: inherit;'>Caracter\u00edsticas<\/div>\n<div style='padding: 15px; color: inherit;'>\n<ul style='padding-left: 20px; margin: 0; font-size: 14px; list-style-type: disc;'>\n<li style='margin-bottom: 5px;'>Compatible con Windows 8<\/li>\n<li style='margin-bottom: 5px;'>Inicio de sesi\u00f3n con contrase\u00f1a con permisos de usuario personalizables<\/li>\n<li style='margin-bottom: 5px;'>Admite Ingl\u00e9s&comma; alem\u00e1n&comma; espa\u00f1ol y franc\u00e9s&comma; entre otros<\/li>\n<li style='margin-bottom: 5px;'>Compatible con panel fluorescente F<\/li>\n<li style='margin-bottom: 5px;'><strong>Importaci\u00f3n \/ exportaci\u00f3n ODBC<\/strong><\/li>\n<li style='margin-bottom: 5px;'>Base de datos compatibles mediante Live Link ( intercambio de datos en tiempo real): MS Access (2000&comma;2003)&comma; <strong>MS SQL Server<\/strong> (2000&comma;2005&comma;2008)<\/li>\n<li style='margin-bottom: 5px;'><strong>Captura de firma integrada<\/strong><\/li>\n<li style='margin-bottom: 5px;'><strong>Impresi\u00f3n por lote o por hoja<\/strong><\/li>\n<li style='margin-bottom: 5px;'>A\u00f1ade c\u00f3digos lineales y c\u00f3digos de barra 2D (PDF417&comma; c\u00f3digo QR y Datastripe)<\/li>\n<li style='margin-bottom: 5px;'>Posibilidad de a\u00f1adir dise\u00f1os con banda magn\u00e9tica<\/li>\n<li style='margin-bottom: 5px;'>B\u00fasqueda de registros<\/li>\n<li style='margin-bottom: 5px;'>Impresi\u00f3n doble cara<\/li>\n<li style='margin-bottom: 5px;'>Importa im\u00e1genes: logotipos y gr\u00e1ficas<\/li>\n<li style='margin-bottom: 5px;'>A\u00f1ade campos de texto variable<\/li>\n<li style='margin-bottom: 5px;'><strong>La licencia se entrega de forma Virtual<\/strong><\/li>\n<\/ul><\/div>\n<\/p><\/div>\n<\/p><\/div>\n<hr style='border: 0; border-top: 1px solid rgba(150&comma; 150&comma; 150&comma; 0.3); margin: 30px 0;'> <\/div>\n","protected":false},"excerpt":{"rendered":"<p>Software Asure ID versi\u00f3n ENTERPRISE \/ Compatible con impresoras HID \/ Para operar en una Red Corporativa\/ Virtual<\/p>\n","protected":false},"featured_media":26824,"comment_status":"open","ping_status":"closed","template":"","meta":[],"product_brand":[],"product_cat":[823],"product_tag":[814,812,62],"class_list":{"0":"post-26825","1":"product","2":"type-product","3":"status-publish","4":"has-post-thumbnail","6":"product_cat-todos-identificacion-y-credencializacion","7":"product_tag-hid","8":"product_tag-identificacion-y-credencializacion","9":"product_tag-todos","11":"first","12":"outofstock","13":"sale","14":"shipping-taxable","15":"purchasable","16":"product-type-simple"},"_links":{"self":[{"href":"https:\/\/soydeaqui.ddns.net\/pachuca\/index.php\/wp-json\/wp\/v2\/product\/26825","targetHints":{"allow":["GET"]}}],"collection":[{"href":"https:\/\/soydeaqui.ddns.net\/pachuca\/index.php\/wp-json\/wp\/v2\/product"}],"about":[{"href":"https:\/\/soydeaqui.ddns.net\/pachuca\/index.php\/wp-json\/wp\/v2\/types\/product"}],"replies":[{"embeddable":true,"href":"https:\/\/soydeaqui.ddns.net\/pachuca\/index.php\/wp-json\/wp\/v2\/comments?post=26825"}],"wp:featuredmedia":[{"embeddable":true,"href":"https:\/\/soydeaqui.ddns.net\/pachuca\/index.php\/wp-json\/wp\/v2\/media\/26824"}],"wp:attachment":[{"href":"https:\/\/soydeaqui.ddns.net\/pachuca\/index.php\/wp-json\/wp\/v2\/media?parent=26825"}],"wp:term":[{"taxonomy":"product_brand","embeddable":true,"href":"https:\/\/soydeaqui.ddns.net\/pachuca\/index.php\/wp-json\/wp\/v2\/product_brand?post=26825"},{"taxonomy":"product_cat","embeddable":true,"href":"https:\/\/soydeaqui.ddns.net\/pachuca\/index.php\/wp-json\/wp\/v2\/product_cat?post=26825"},{"taxonomy":"product_tag","embeddable":true,"href":"https:\/\/soydeaqui.ddns.net\/pachuca\/index.php\/wp-json\/wp\/v2\/product_tag?post=26825"}],"curies":[{"name":"wp","href":"https:\/\/api.w.org\/{rel}","templated":true}]}}