{"id":26821,"date":"2026-03-18T12:22:23","date_gmt":"2026-03-18T12:22:23","guid":{"rendered":"https:\/\/soydeaqui.ddns.net\/pachuca\/index.php\/producto\/chapa-magnetica-600-lbs-para-uso-en-exterior-ip65-con-cordon-armado-91-cm-ul\/"},"modified":"2026-03-18T12:22:24","modified_gmt":"2026-03-18T12:22:24","slug":"chapa-magnetica-600-lbs-para-uso-en-exterior-ip65-con-cordon-armado-91-cm-ul","status":"publish","type":"product","link":"https:\/\/soydeaqui.ddns.net\/pachuca\/index.php\/producto\/chapa-magnetica-600-lbs-para-uso-en-exterior-ip65-con-cordon-armado-91-cm-ul\/","title":{"rendered":"Chapa Magn\u00e9tica 600 Lbs Para Uso en Exterior \/ IP65 \/ Con Cord\u00f3n Armado 91 CM \/ UL \/"},"content":{"rendered":"<div style='width: 100%; max-width: 1200px; margin: 0 auto; font-family: sans-serif; line-height: 1.6; color: inherit; background-color: transparent;'>\n<hr style='border: 0; border-top: 1px solid rgba(150&comma; 150&comma; 150&comma; 0.3); margin: 30px 0;'>\n<div style='display: flex; flex-wrap: wrap; gap: 30px; margin-bottom: 30px;'>\n<div style='flex: 1 1 300px; min-width: 280px;'>\n<h3 style='font-size: 22px; border-bottom: 2px solid currentColor; padding-bottom: 5px; margin-top: 0; color: inherit; opacity: 0.8;'>Caracter\u00edsticas Principales<\/h3>\n<ul style='padding-left: 20px; font-size: 15px; color: inherit;'>\n<li style='margin-bottom: 5px;'>Fuerza de retenci\u00f3n de 600 lb (272 kg)<\/li>\n<li style='margin-bottom: 5px;'>Resistente al agua y vandalismo<\/li>\n<li style='margin-bottom: 5px;'>Grado de protecci\u00f3n <strong>IP65<\/strong><\/li>\n<li style='margin-bottom: 5px;'>Montaje Z <a href='https:\/\/www.syscom.mx\/producto\/E942F600\/Z-ENFORCER-SECOLARM-212718.html' style='color: #007bff; text-decoration: none;'>E942F600\/Z<\/a><\/li>\n<li style='margin-bottom: 5px;'>Montaje en L <a href='https:\/\/www.syscom.mx\/producto\/E942F600\/L-ENFORCER-SECOLARM-212717.html' style='color: #007bff; text-decoration: none;'>E942F600L<\/a><\/li>\n<\/ul><\/div>\n<div style='flex: 1 1 300px; min-width: 280px;'>\n<h3 style='font-size: 22px; border-bottom: 2px solid currentColor; padding-bottom: 5px; margin-top: 0; color: inherit; opacity: 0.8;'>Caracter\u00edsticas F\u00edsicas y El\u00e9ctricas<\/h3>\n<ul style='padding-left: 20px; font-size: 15px; color: inherit;'>\n<li style='margin-bottom: 5px;'>Voltaje de operaci\u00f3n: 12\/24 VDC seleccionable<\/li>\n<li style='margin-bottom: 5px;'>Consumo de corriente: 12VDC: 500mA&comma; 24VDC: 270mA<\/li>\n<li style='margin-bottom: 5px;'>Cable de conexi\u00f3n de 3 pies (91cm)<\/li>\n<li style='margin-bottom: 5px;'>Carcasa atractivo de acero inoxidable<\/li>\n<\/ul><\/div>\n<div style='flex: 1 1 300px; min-width: 280px;'>\n<h3 style='font-size: 22px; border-bottom: 2px solid currentColor; padding-bottom: 5px; margin-top: 0; color: inherit; opacity: 0.8;'>Caracter\u00edsticas Destacadas<\/h3>\n<ul style='padding-left: 20px; font-size: 15px; color: inherit;'>\n<li style='margin-bottom: 5px;'>Sin magnetismo residual<\/li>\n<li style='margin-bottom: 5px;'>Protecci\u00f3n contra sobretensiones tipo MOV<\/li>\n<li style='margin-bottom: 5px;'>Peso: 2.76 kg<\/li>\n<li style='margin-bottom: 5px;'>Dimensiones: Im\u00e1n &#8211; 8\u2033x1-11\/16\u2033x1-9\/16\u2033 (203x43x40 mm)<\/li>\n<li style='margin-bottom: 5px;'>Placa: 7-1\/4\u2033x1-5\/8\u2033x9\/16\u2033 (185x41x14 mm)<\/li>\n<li style='margin-bottom: 5px;'>Temperatura de operaci\u00f3n: 14\u00b0~131\u00b0F (-10\u00b0~55\u00b0C)<\/li>\n<li style='margin-bottom: 5px;'>Certificaci\u00f3n UL<\/li>\n<\/ul><\/div>\n<\/p><\/div>\n<hr style='border: 0; border-top: 1px solid rgba(150&comma; 150&comma; 150&comma; 0.3); margin: 30px 0;'>\n<div style='margin-bottom: 30px;'>\n<h2 style='font-size: 20px; text-align: center; margin-bottom: 20px; color: inherit;'>Primer paso: Selecci\u00f3n de equipos para alimentaci\u00f3n<\/h2>\n<div style='display: flex; flex-direction: column; gap: 15px;'>\n<div style='text-align: center;'><a href='https:\/\/syscom.pro\/products\/71793\/624' style='color: #007bff; text-decoration: none; font-size: 14px;'><strong>ELKP-624U<\/strong><\/a> \/ <a href='https:\/\/syscom.pro\/products\/15716\/624' style='color: #007bff; text-decoration: none; font-size: 14px;'><strong>ELKP-624<\/strong><\/a> Fuente de alimentaci\u00f3n. <strong>(Voltaje de salida 12 vcd (1A)<\/strong> con <strong>16.5 Vca (40VA) de entrada<\/strong>.<\/div>\n<div style='text-align: center;'><a href='https:\/\/syscom.pro\/products\/185624\/1640' style='color: #007bff; text-decoration: none; font-size: 14px;'><strong>RT1640LS<\/strong><\/a> Transformador para alimentaci\u00f3n de la tarjeta.<\/div>\n<div style='text-align: center;'><a href='https:\/\/syscom.pro\/products\/71794\/624' style='color: #007bff; text-decoration: none; font-size: 14px;'><strong>EL-KP-624KIT<\/strong><\/a> Kit de accesorios para fuente.<\/div>\n<div style='text-align: center;'><a href='https:\/\/syscom.pro\/products\/201195\/012' style='color: #007bff; text-decoration: none; font-size: 14px;'><strong>GOF01XTV2<\/strong><\/a> Gabinete para bater\u00edas compatible con tablillas <strong><a href='https:\/\/syscom.pro\/products\/15716\/624' style='color: #007bff; text-decoration: none;'>ELKP624<\/a> y <a href='https:\/\/syscom.pro\/products\/71793\/624' style='color: #007bff; text-decoration: none;'>ELKP624U<\/a><\/strong>.<\/div>\n<div style='text-align: center;'><a href='https:\/\/syscom.pro\/products\/225961\/712' style='color: #007bff; text-decoration: none; font-size: 14px;'><strong>LK712<\/strong><\/a> Bater\u00eda de respaldo <strong>12 vcd 7A<\/strong>.<\/div>\n<div style='text-align: center;'><a href='https:\/\/syscom.pro\/products\/225967\/5512' style='color: #007bff; text-decoration: none; font-size: 14px;'><strong>LK5.512<\/strong><\/a> Bater\u00eda de respaldo <strong>12 vcd 5.5A<\/strong>.<\/div>\n<\/p><\/div>\n<\/p><\/div>\n<hr style='border: 0; border-top: 1px solid rgba(150&comma; 150&comma; 150&comma; 0.3); margin: 30px 0;'>\n<div style='margin-bottom: 30px;'>\n<h2 style='font-size: 20px; text-align: center; margin-bottom: 20px; color: inherit;'>Segundo paso: Selecci\u00f3n de montajes y accesorios para liberaci\u00f3n<\/h2>\n<div style='display: flex; flex-direction: column; gap: 15px;'>\n<div style='text-align: center;'><a href='https:\/\/www.syscom.mx\/producto\/E942F600\/Z-ENFORCER-SECOLARM-212718.html' style='color: #007bff; text-decoration: none; font-size: 14px;'><strong>E942F600\/Z<\/strong><\/a> Montaje Z para chapa magn\u00e9tica.<\/div>\n<div style='text-align: center;'><a href='https:\/\/www.syscom.mx\/producto\/E942F600\/L-ENFORCER-SECOLARM-212717.html' style='color: #007bff; text-decoration: none; font-size: 14px;'><strong>E942F600\/L<\/strong><\/a> Montaje L para chapa magn\u00e9tica.<\/div>\n<div style='text-align: center;'><a href='https:\/\/syscom.pro\/products\/40009\/927' style='color: #007bff; text-decoration: none; font-size: 14px;'><strong>SD-927-PKCNSQ<\/strong><\/a> Bot\u00f3n de salida sin contacto iluminado.<\/div>\n<div style='text-align: center;'><a href='https:\/\/syscom.pro\/products\/93584\/61761' style='color: #007bff; text-decoration: none; font-size: 14px;'><strong>SD6176SS1Q<\/strong><\/a> Bot\u00f3n de salida de contacto con aro iluminado <strong>Exterior IP65<\/strong>.<\/div>\n<div style='text-align: center;'><a href='https:\/\/syscom.pro\/products\/216045\/72011' style='color: #007bff; text-decoration: none; font-size: 14px;'><strong>SD-7201GCPE1Q<\/strong><\/a> Bot\u00f3n tipo Hongo color verde.<\/div>\n<\/p><\/div>\n<\/p><\/div>\n<hr style='border: 0; border-top: 1px solid rgba(150&comma; 150&comma; 150&comma; 0.3); margin: 30px 0;'> <\/div>\n","protected":false},"excerpt":{"rendered":"<p>Chapa Magn\u00e9tica 600 Lbs Para Uso en Exterior \/ IP65 \/ Con Cord\u00f3n Armado 91 CM \/ UL \/<\/p>\n","protected":false},"featured_media":26820,"comment_status":"open","ping_status":"closed","template":"","meta":[],"product_brand":[],"product_cat":[761],"product_tag":[87,762,116],"class_list":{"0":"post-26821","1":"product","2":"type-product","3":"status-publish","4":"has-post-thumbnail","6":"product_cat-chapas-magneticas","7":"product_tag-cerraduras","8":"product_tag-chapas-magneticas","9":"product_tag-enforcer-secolarm","11":"first","12":"outofstock","13":"sale","14":"shipping-taxable","15":"purchasable","16":"product-type-simple"},"_links":{"self":[{"href":"https:\/\/soydeaqui.ddns.net\/pachuca\/index.php\/wp-json\/wp\/v2\/product\/26821","targetHints":{"allow":["GET"]}}],"collection":[{"href":"https:\/\/soydeaqui.ddns.net\/pachuca\/index.php\/wp-json\/wp\/v2\/product"}],"about":[{"href":"https:\/\/soydeaqui.ddns.net\/pachuca\/index.php\/wp-json\/wp\/v2\/types\/product"}],"replies":[{"embeddable":true,"href":"https:\/\/soydeaqui.ddns.net\/pachuca\/index.php\/wp-json\/wp\/v2\/comments?post=26821"}],"wp:featuredmedia":[{"embeddable":true,"href":"https:\/\/soydeaqui.ddns.net\/pachuca\/index.php\/wp-json\/wp\/v2\/media\/26820"}],"wp:attachment":[{"href":"https:\/\/soydeaqui.ddns.net\/pachuca\/index.php\/wp-json\/wp\/v2\/media?parent=26821"}],"wp:term":[{"taxonomy":"product_brand","embeddable":true,"href":"https:\/\/soydeaqui.ddns.net\/pachuca\/index.php\/wp-json\/wp\/v2\/product_brand?post=26821"},{"taxonomy":"product_cat","embeddable":true,"href":"https:\/\/soydeaqui.ddns.net\/pachuca\/index.php\/wp-json\/wp\/v2\/product_cat?post=26821"},{"taxonomy":"product_tag","embeddable":true,"href":"https:\/\/soydeaqui.ddns.net\/pachuca\/index.php\/wp-json\/wp\/v2\/product_tag?post=26821"}],"curies":[{"name":"wp","href":"https:\/\/api.w.org\/{rel}","templated":true}]}}