{"id":26800,"date":"2026-03-18T12:21:57","date_gmt":"2026-03-18T12:21:57","guid":{"rendered":"https:\/\/soydeaqui.ddns.net\/pachuca\/index.php\/producto\/kit-de-control-de-acceso-todo-incluido-con-lector-de-huellas-y-tarjetas-3000-huellas-compatible-con-app-hik-connect-incluye-electroiman-boton-de-salida-y-montajes-z-y-l-para-iman-ds-k1t804\/"},"modified":"2026-03-18T12:22:01","modified_gmt":"2026-03-18T12:22:01","slug":"kit-de-control-de-acceso-todo-incluido-con-lector-de-huellas-y-tarjetas-3000-huellas-compatible-con-app-hik-connect-incluye-electroiman-boton-de-salida-y-montajes-z-y-l-para-iman-ds-k1t804","status":"publish","type":"product","link":"https:\/\/soydeaqui.ddns.net\/pachuca\/index.php\/producto\/kit-de-control-de-acceso-todo-incluido-con-lector-de-huellas-y-tarjetas-3000-huellas-compatible-con-app-hik-connect-incluye-electroiman-boton-de-salida-y-montajes-z-y-l-para-iman-ds-k1t804\/","title":{"rendered":"Kit de Control de Acceso TODO INCLUIDO con Lector de Huellas y Tarjetas \/ 3,000 Huellas \/ Compatible con App Hik-Connect \/ Incluye Electroim\u00e1n  Bot\u00f3n de Salida y Montajes Z y L para im\u00e1n (DS-K1T804)"},"content":{"rendered":"<div style='width: 100%; max-width: 1200px; margin: 0 auto; font-family: sans-serif; line-height: 1.6; color: inherit; background-color: transparent;'> <!-- Imagen principal --> <\/p>\n<div style='margin-bottom: 30px;'> <img style='width: 100%; height: auto; border: 1px solid rgba(150&comma;150&comma;150&comma;0.3); border-radius: 8px;' src='https:\/\/ftp3.syscom.mx\/usuarios\/fespinoza\/HIKVISION\/Dispositivos\/Banners\/control_acceso_hikvision02.jpg' alt='Banner Control de Acceso Hikvision'> <\/div>\n<p> <!-- Descripci\u00f3n principal --> <\/p>\n<div style='margin-bottom: 30px; text-align: center; font-size: 24px; font-weight: bold; color: inherit; opacity: 0.8;'> Compatible con P2P a trav\u00e9s de APP Hik-Connect solo para apertura y monitoreo de puerta remotamente desde cualquier parte del mundo. Sin IP p\u00fablica fija \/ Sin DDNS (En la NUBE). <\/div>\n<p> <!-- Secci\u00f3n de caracter\u00edsticas con flex --> <\/p>\n<div style='display: flex; flex-wrap: wrap; gap: 30px; margin-bottom: 30px;'>\n<div style='flex: 1 1 300px; min-width: 280px;'>\n<h3 style='font-size: 22px; border-bottom: 2px solid currentColor; padding-bottom: 5px; margin-top: 0; color: inherit; opacity: 0.8;'>Caracter\u00edsticas principales<\/h3>\n<ul style='padding-left: 20px; font-size: 15px; color: inherit;'>\n<li style='margin-bottom: 5px;'>Control de acceso con huella o Tarjeta<\/li>\n<li style='margin-bottom: 5px;'>3&comma;000 tarjetas MIFARE<\/li>\n<li style='margin-bottom: 5px;'>3&comma;000 huellas<\/li>\n<li style='margin-bottom: 5px;'>150&comma;000 registros de eventos<\/li>\n<li style='margin-bottom: 5px;'>TCP\/IP<\/li>\n<li style='margin-bottom: 5px;'>Entrada y salida wiegand 26\/34 bits<\/li>\n<li style='margin-bottom: 5px;'>Comandos de voz<\/li>\n<li style='margin-bottom: 5px;'>Acepta contrase\u00f1a para m\u00faltiple autentificaci\u00f3n<\/li>\n<\/ul><\/div>\n<div style='flex: 1 1 300px; min-width: 280px;'>\n<h3 style='font-size: 22px; border-bottom: 2px solid currentColor; padding-bottom: 5px; margin-top: 0; color: inherit; opacity: 0.8;'>Caracter\u00edsticas F\u00edsicas y El\u00e9ctricas<\/h3>\n<ul style='padding-left: 20px; font-size: 15px; color: inherit;'>\n<li style='margin-bottom: 5px;'>Aplicaci\u00f3n: Interior<\/li>\n<li style='margin-bottom: 5px;'>Alimentaci\u00f3n: 12 Vcc (Fuente incluida)<\/li>\n<li style='margin-bottom: 5px;'>Consumo: 2A<\/li>\n<li style='margin-bottom: 5px;'>Temperatura de operaci\u00f3n: -10 \u00baC hasta 45 \u00baC<\/li>\n<li style='margin-bottom: 5px;'>Dimensiones: 205 mm \u00d7 76.5 mm \u00d7 37 mm (8.07&#8242; \u00d7 3.01&#8242; \u00d7 1.46&#8242;)<\/li>\n<\/ul><\/div>\n<div style='flex: 1 1 300px; min-width: 280px;'>\n<h3 style='font-size: 22px; border-bottom: 2px solid currentColor; padding-bottom: 5px; margin-top: 0; color: inherit; opacity: 0.8;'>Caracter\u00edsticas Destacadas<\/h3>\n<ul style='padding-left: 20px; font-size: 14px; color: inherit;'>\n<li style='margin-bottom: 5px;'>Dise\u00f1o de watchdog para repararse a si mismo en caso de que ocurra una excepci\u00f3n&comma; para garantizar una larga vida \u00fatil del lector<\/li>\n<li style='margin-bottom: 5px;'>Teclado con iluminaci\u00f3n<\/li>\n<li style='margin-bottom: 5px;'>M\u00f3dulo \u00f3ptico de alta eficiencia<\/li>\n<li style='margin-bottom: 5px;'>IP42 (sin condensaci\u00f3n)<\/li>\n<\/ul><\/div>\n<\/p><\/div>\n<p> <!-- Separador --> <\/p>\n<hr style='border: 0; border-top: 1px solid rgba(150&comma;150&comma;150&comma;0.3); margin: 30px 0;'> <!-- Contenido incluido en el kit --> <\/p>\n<div style='margin-bottom: 30px;'>\n<h3 style='font-size: 22px; border-bottom: 2px solid currentColor; padding-bottom: 5px; margin-top: 0; color: inherit; opacity: 0.8;'>El Kit incluye:<\/h3>\n<ul style='padding-left: 20px; font-size: 15px; color: inherit;'>\n<li style='margin-bottom: 5px;'>Biometrico DSK1T804AMF<\/li>\n<li style='margin-bottom: 5px;'>Chapa magn\u00e9tica de 600 lbs DSK4H258S<\/li>\n<li style='margin-bottom: 5px;'>Montajes Z \/ L (para chapa magn\u00e9tica) DSK4H258LZ<\/li>\n<li style='margin-bottom: 5px;'>Bot\u00f3n REX DSK7P01<\/li>\n<li style='margin-bottom: 5px;'>Fuente de poder (12 Vcc @ 3.3 Amp)<\/li>\n<\/ul><\/div>\n<p> <!-- Imagen secundaria --> <\/p>\n<div style='margin-bottom: 30px;'> <img style='width: 100%; height: auto; border: 1px solid rgba(150&comma;150&comma;150&comma;0.3); border-radius: 8px;' src='https:\/\/downloads.intercomcdn.com\/i\/o\/413484020\/240fa77358a0d47efe3ebdaf\/DS-KAS261.png' alt='Diagrama del Kit DS-KAS261'> <\/div>\n<p> <!-- Videos de YouTube --> <\/p>\n<div style='display: flex; flex-wrap: wrap; gap: 30px; margin-bottom: 30px;'>\n<div style='flex: 1 1 560px; min-width: 300px;'>\n<div style='position: relative; padding-bottom: 56.25%; height: 0; overflow: hidden;'>   <\/div>\n<\/p><\/div>\n<div style='flex: 1 1 560px; min-width: 300px;'>\n<div style='position: relative; padding-bottom: 56.25%; height: 0; overflow: hidden;'>   <\/div>\n<\/p><\/div>\n<\/p><\/div>\n<p> <!-- Consideraciones --> <\/p>\n<div style='margin-bottom: 30px;'>\n<h3 style='font-size: 22px; border-bottom: 2px solid currentColor; padding-bottom: 5px; margin-top: 0; color: inherit; opacity: 0.8;'>Consideraciones:<\/h3>\n<ul style='padding-left: 20px; font-size: 15px; color: inherit;'>\n<li>No se especifican consideraciones adicionales en el contenido original<\/li>\n<\/ul><\/div>\n<\/p><\/div>\n","protected":false},"excerpt":{"rendered":"<p>Kit de Control de Acceso TODO INCLUIDO con Lector de Huellas y Tarjetas \/ 3,000 Huellas \/ Compatible con App Hik-Connect \/ Incluye Electroim\u00e1n  Bot\u00f3n de Salida y Montajes Z y L para im\u00e1n (DS-K1T804)<\/p>\n","protected":false},"featured_media":26799,"comment_status":"open","ping_status":"closed","template":"","meta":[],"product_brand":[],"product_cat":[806],"product_tag":[744,54,807],"class_list":{"0":"post-26800","1":"product","2":"type-product","3":"status-publish","4":"has-post-thumbnail","6":"product_cat-para-control-de-acceso","7":"product_tag-biometricos","8":"product_tag-hikvision","9":"product_tag-para-control-de-acceso","11":"first","12":"outofstock","13":"sale","14":"shipping-taxable","15":"purchasable","16":"product-type-simple"},"_links":{"self":[{"href":"https:\/\/soydeaqui.ddns.net\/pachuca\/index.php\/wp-json\/wp\/v2\/product\/26800","targetHints":{"allow":["GET"]}}],"collection":[{"href":"https:\/\/soydeaqui.ddns.net\/pachuca\/index.php\/wp-json\/wp\/v2\/product"}],"about":[{"href":"https:\/\/soydeaqui.ddns.net\/pachuca\/index.php\/wp-json\/wp\/v2\/types\/product"}],"replies":[{"embeddable":true,"href":"https:\/\/soydeaqui.ddns.net\/pachuca\/index.php\/wp-json\/wp\/v2\/comments?post=26800"}],"wp:featuredmedia":[{"embeddable":true,"href":"https:\/\/soydeaqui.ddns.net\/pachuca\/index.php\/wp-json\/wp\/v2\/media\/26799"}],"wp:attachment":[{"href":"https:\/\/soydeaqui.ddns.net\/pachuca\/index.php\/wp-json\/wp\/v2\/media?parent=26800"}],"wp:term":[{"taxonomy":"product_brand","embeddable":true,"href":"https:\/\/soydeaqui.ddns.net\/pachuca\/index.php\/wp-json\/wp\/v2\/product_brand?post=26800"},{"taxonomy":"product_cat","embeddable":true,"href":"https:\/\/soydeaqui.ddns.net\/pachuca\/index.php\/wp-json\/wp\/v2\/product_cat?post=26800"},{"taxonomy":"product_tag","embeddable":true,"href":"https:\/\/soydeaqui.ddns.net\/pachuca\/index.php\/wp-json\/wp\/v2\/product_tag?post=26800"}],"curies":[{"name":"wp","href":"https:\/\/api.w.org\/{rel}","templated":true}]}}