{"id":26771,"date":"2026-03-18T12:21:19","date_gmt":"2026-03-18T12:21:19","guid":{"rendered":"https:\/\/soydeaqui.ddns.net\/pachuca\/index.php\/producto\/unidad-central-de-barrera-abatible-compatible-con-sbtl6000\/"},"modified":"2026-03-18T12:21:19","modified_gmt":"2026-03-18T12:21:19","slug":"unidad-central-de-barrera-abatible-compatible-con-sbtl6000","status":"publish","type":"product","link":"https:\/\/soydeaqui.ddns.net\/pachuca\/index.php\/producto\/unidad-central-de-barrera-abatible-compatible-con-sbtl6000\/","title":{"rendered":"Unidad central de barrera abatible compatible con SBTL6000"},"content":{"rendered":"<div style='width: 100%; max-width: 1200px; margin: 0 auto; font-family: sans-serif; line-height: 1.6; color: inherit; background-color: transparent;'>\n<div style='display: flex; flex-wrap: wrap; gap: 30px; margin-bottom: 30px;'>\n<div style='flex: 1 1 300px; min-width: 280px;'>\n<h3 style='font-size: 22px; border-bottom: 2px solid currentColor; padding-bottom: 5px; margin-top: 0; color: inherit; opacity: 0.8;'>Caracter\u00edsticas principales<\/h3>\n<ul style='padding-left: 20px; font-size: 15px; color: inherit;'>\n<li style='margin-bottom: 5px;'><strong>Material del Gabinete:<\/strong> Acero inoxidable<\/li>\n<li style='margin-bottom: 5px;'><strong>Material de Cubierta:<\/strong> Acero inoxidable y acr\u00edlico<\/li>\n<li style='margin-bottom: 5px;'><strong>Movimiento de la barrera:<\/strong> Abatible<\/li>\n<li style='margin-bottom: 5px;'><strong>Modo de emergia:<\/strong><\/li>\n<li style='margin-bottom: 5px;'><strong>Numero de Ciclos antes de falla:<\/strong> 2 millones<\/li>\n<\/ul><\/div>\n<div style='flex: 1 1 300px; min-width: 280px;'>\n<h3 style='font-size: 22px; border-bottom: 2px solid currentColor; padding-bottom: 5px; margin-top: 0; color: inherit; opacity: 0.8;'>Caracter\u00edsticas F\u00edsicas y El\u00e9ctricas<\/h3>\n<ul style='padding-left: 20px; font-size: 15px; color: inherit;'>\n<li style='margin-bottom: 5px;'><strong>Fuente de alimentacion:<\/strong> AC100 &#8211; 120V\/200-240V&comma;50\/60Hz<\/li>\n<li style='margin-bottom: 5px;'><strong>Temperatura de operacion:<\/strong> -28\u00b0C hasta 60\u00b0C<\/li>\n<li style='margin-bottom: 5px;'><strong>Humedad:<\/strong> 20%-95%<\/li>\n<li style='margin-bottom: 5px;'><strong>Ambiente de Operacion:<\/strong> Interno<\/li>\n<\/ul><\/div>\n<div style='flex: 1 1 300px; min-width: 280px;'>\n<h3 style='font-size: 22px; border-bottom: 2px solid currentColor; padding-bottom: 5px; margin-top: 0; color: inherit; opacity: 0.8;'>Caracter\u00edsticas Destacadas<\/h3>\n<div style='font-size: 14px; color: inherit;'>\n<p style='margin: 5px 0px 15px; padding: 0px; text-align: justify;'>SBTL6200 es una barrera abatible para adicionar un carril de acceso con un atractivo dise\u00f1o el cual cuenta con un sistema de control de ingresos dise\u00f1ado para un alto flujo de personas. La barrera SBTL6000 en conjunto con la SBTL6200 nos ofrece una soluci\u00f3n para varios carriles.<\/p>\n<p style='margin: 5px 0px 15px; padding: 0px; text-align: justify;'>El SBTL6000 es una barrera abatible para un carril dise\u00f1ado para una operaci\u00f3n silenciosa y discreta de bajo consumo el\u00e9ctrico. Est\u00e1 fabricada en acero inoxidable lo que la hace altamente durable.<\/p>\n<\/p><\/div>\n<\/p><\/div>\n<\/p><\/div>\n<hr style='border: 0; border-top: 1px solid rgba(150&comma; 150&comma; 150&comma; 0.3); margin: 30px 0;'> <\/div>\n","protected":false},"excerpt":{"rendered":"<p>Unidad central de barrera abatible compatible con SBTL6000<\/p>\n","protected":false},"featured_media":26770,"comment_status":"open","ping_status":"closed","template":"","meta":[],"product_brand":[],"product_cat":[774],"product_tag":[775,759,844],"class_list":{"0":"post-26771","1":"product","2":"type-product","3":"status-publish","4":"has-post-thumbnail","6":"product_cat-puertas-de-cortesia","7":"product_tag-puertas-de-cortesia","8":"product_tag-torniquetes-y-puertas-de-cortesia","9":"product_tag-zkteco","11":"first","12":"outofstock","13":"sale","14":"shipping-taxable","15":"purchasable","16":"product-type-simple"},"_links":{"self":[{"href":"https:\/\/soydeaqui.ddns.net\/pachuca\/index.php\/wp-json\/wp\/v2\/product\/26771","targetHints":{"allow":["GET"]}}],"collection":[{"href":"https:\/\/soydeaqui.ddns.net\/pachuca\/index.php\/wp-json\/wp\/v2\/product"}],"about":[{"href":"https:\/\/soydeaqui.ddns.net\/pachuca\/index.php\/wp-json\/wp\/v2\/types\/product"}],"replies":[{"embeddable":true,"href":"https:\/\/soydeaqui.ddns.net\/pachuca\/index.php\/wp-json\/wp\/v2\/comments?post=26771"}],"wp:featuredmedia":[{"embeddable":true,"href":"https:\/\/soydeaqui.ddns.net\/pachuca\/index.php\/wp-json\/wp\/v2\/media\/26770"}],"wp:attachment":[{"href":"https:\/\/soydeaqui.ddns.net\/pachuca\/index.php\/wp-json\/wp\/v2\/media?parent=26771"}],"wp:term":[{"taxonomy":"product_brand","embeddable":true,"href":"https:\/\/soydeaqui.ddns.net\/pachuca\/index.php\/wp-json\/wp\/v2\/product_brand?post=26771"},{"taxonomy":"product_cat","embeddable":true,"href":"https:\/\/soydeaqui.ddns.net\/pachuca\/index.php\/wp-json\/wp\/v2\/product_cat?post=26771"},{"taxonomy":"product_tag","embeddable":true,"href":"https:\/\/soydeaqui.ddns.net\/pachuca\/index.php\/wp-json\/wp\/v2\/product_tag?post=26771"}],"curies":[{"name":"wp","href":"https:\/\/api.w.org\/{rel}","templated":true}]}}