{"id":26726,"date":"2026-03-18T12:20:25","date_gmt":"2026-03-18T12:20:25","guid":{"rendered":"https:\/\/soydeaqui.ddns.net\/pachuca\/index.php\/producto\/tablilla-principal-de-4ta-generacion-para-torniquete-sbt1000s\/"},"modified":"2026-03-18T12:20:31","modified_gmt":"2026-03-18T12:20:31","slug":"tablilla-principal-de-4ta-generacion-para-torniquete-sbt1000s","status":"publish","type":"product","link":"https:\/\/soydeaqui.ddns.net\/pachuca\/index.php\/producto\/tablilla-principal-de-4ta-generacion-para-torniquete-sbt1000s\/","title":{"rendered":"Tablilla principal de 4ta generaci\u00f3n para torniquete SBT1000S"},"content":{"rendered":"<div style='width: 100%; max-width: 1200px; margin: 0 auto; font-family: sans-serif; line-height: 1.6; color: inherit; background-color: transparent;'> <!-- Secci\u00f3n de introducci\u00f3n --> <\/p>\n<div style='margin-bottom: 30px;'>\n<p style='font-size: 16px; color: inherit; margin-bottom: 20px;'>Solo compatible con tablillas de 4ta generaci\u00f3n.<\/p>\n<p> <!-- Imagen --> <\/p>\n<div style='margin: 20px 0;'> <img style='width: 100%; height: auto; border: 1px solid rgba(150&comma;150&comma;150&comma;0.3); border-radius: 8px;' src='https:\/\/ftp3.syscom.mx\/usuarios\/fotos\/SBT1000SBOARD4GEN\/171712-sbt1000s4thgen.png' alt='Tablilla principal de 4ta generaci\u00f3n para torniquete SBT1000S'> <\/div>\n<\/p><\/div>\n<p> <!-- Secci\u00f3n de caracter\u00edsticas principales --> <\/p>\n<div style='display: flex; flex-wrap: wrap; gap: 30px; margin-bottom: 30px;'>\n<div style='flex: 1 1 300px; min-width: 280px;'>\n<h3 style='font-size: 22px; border-bottom: 2px solid currentColor; padding-bottom: 5px; margin-top: 0; color: inherit; opacity: 0.8;'>Caracter\u00edsticas principales<\/h3>\n<ul style='padding-left: 20px; font-size: 15px; color: inherit;'>\n<li style='margin-bottom: 5px;'>Compatible con tablets de cuarta generaci\u00f3n<\/li>\n<li style='margin-bottom: 5px;'>Compatible with fourth generation tablets<\/li>\n<\/ul><\/div>\n<\/p><\/div>\n<p> <!-- Secci\u00f3n de especificaciones t\u00e9cnicas --> <\/p>\n<div style='display: flex; flex-wrap: wrap; gap: 20px; margin-bottom: 30px;'>\n<div style='flex: 1 1 250px; border: 1px solid rgba(150&comma; 150&comma; 150&comma; 0.4); border-radius: 8px; overflow: hidden; display: flex; flex-direction: column;'>\n<div style='padding: 15px; border-bottom: 1px solid rgba(150&comma; 150&comma; 150&comma; 0.2); font-weight: bold; font-size: 18px; color: inherit;'>Especificaciones el\u00e9ctricas<\/div>\n<div style='padding: 15px; color: inherit;'>\n<ul style='padding-left: 20px; margin: 0; font-size: 14px; list-style-type: disc;'>\n<li style='margin-bottom: 5px;'><strong>Alimentaci\u00f3n:<\/strong> AC 110V\/220V&comma; 50\/60Hz<\/li>\n<li style='margin-bottom: 5px;'><strong>Potencia de arranque:<\/strong> 82W<\/li>\n<li style='margin-bottom: 5px;'><strong>Potencia en espera:<\/strong> 29W<\/li>\n<li style='margin-bottom: 5px;'><strong>Potencia de desbloqueo:<\/strong> 76W<\/li>\n<\/ul><\/div>\n<\/p><\/div>\n<div style='flex: 1 1 250px; border: 1px solid rgba(150&comma; 150&comma; 150&comma; 0.4); border-radius: 8px; overflow: hidden; display: flex; flex-direction: column;'>\n<div style='padding: 15px; border-bottom: 1px solid rgba(150&comma; 150&comma; 150&comma; 0.2); font-weight: bold; font-size: 18px; color: inherit;'>Condiciones de operaci\u00f3n<\/div>\n<div style='padding: 15px; color: inherit;'>\n<ul style='padding-left: 20px; margin: 0; font-size: 14px; list-style-type: disc;'>\n<li style='margin-bottom: 5px;'><strong>Temperatura:<\/strong> -28\u00b0C a 60\u00b0C<\/li>\n<li style='margin-bottom: 5px;'><strong>Humedad:<\/strong> 5% a 80%<\/li>\n<li style='margin-bottom: 5px;'><strong>Ambiente:<\/strong> Interior\/Exterior (con protecci\u00f3n)<\/li>\n<\/ul><\/div>\n<\/p><\/div>\n<div style='flex: 1 1 250px; border: 1px solid rgba(150&comma; 150&comma; 150&comma; 0.4); border-radius: 8px; overflow: hidden; display: flex; flex-direction: column;'>\n<div style='padding: 15px; border-bottom: 1px solid rgba(150&comma; 150&comma; 150&comma; 0.2); font-weight: bold; font-size: 18px; color: inherit;'>Caracter\u00edsticas f\u00edsicas<\/div>\n<div style='padding: 15px; color: inherit;'>\n<ul style='padding-left: 20px; margin: 0; font-size: 14px; list-style-type: disc;'>\n<li style='margin-bottom: 5px;'><strong>Material carcasa:<\/strong> Acero inoxidable SUS304<\/li>\n<li style='margin-bottom: 5px;'><strong>Material de la tapa:<\/strong> Acero inoxidable SUS304<\/li>\n<li style='margin-bottom: 5px;'><strong>Material de barrera:<\/strong> Vidrio templado (barra de velocidad de acero inoxidable opcional)<\/li>\n<li style='margin-bottom: 5px;'><strong>Movimiento de barrera:<\/strong> Oscilante<\/li>\n<\/ul><\/div>\n<\/p><\/div>\n<div style='flex: 1 1 250px; border: 1px solid rgba(150&comma; 150&comma; 150&comma; 0.4); border-radius: 8px; overflow: hidden; display: flex; flex-direction: column;'>\n<div style='padding: 15px; border-bottom: 1px solid rgba(150&comma; 150&comma; 150&comma; 0.2); font-weight: bold; font-size: 18px; color: inherit;'>Rendimiento<\/div>\n<div style='padding: 15px; color: inherit;'>\n<ul style='padding-left: 20px; margin: 0; font-size: 14px; list-style-type: disc;'>\n<li style='margin-bottom: 5px;'><strong>Velocidad de transacci\u00f3n RFID:<\/strong> M\u00e1ximo 6 personas\/minuto<\/li>\n<li style='margin-bottom: 5px;'><strong>Velocidad de transacci\u00f3n huella:<\/strong> M\u00e1ximo 6 personas\/minuto<\/li>\n<li style='margin-bottom: 5px;'><strong>Velocidad de transacci\u00f3n facial:<\/strong> M\u00e1ximo 6 personas\/minuto<\/li>\n<li style='margin-bottom: 5px;'><strong>Velocidad de transacci\u00f3n vena:<\/strong> M\u00e1ximo 6 personas\/minuto<\/li>\n<\/ul><\/div>\n<\/p><\/div>\n<div style='flex: 1 1 250px; border: 1px solid rgba(150&comma; 150&comma; 150&comma; 0.4); border-radius: 8px; overflow: hidden; display: flex; flex-direction: column;'>\n<div style='padding: 15px; border-bottom: 1px solid rgba(150&comma; 150&comma; 150&comma; 0.2); font-weight: bold; font-size: 18px; color: inherit;'>Caracter\u00edsticas de seguridad<\/div>\n<div style='padding: 15px; color: inherit;'>\n<ul style='padding-left: 20px; margin: 0; font-size: 14px; list-style-type: disc;'>\n<li style='margin-bottom: 5px;'><strong>Modo emergencia:<\/strong> S\u00ed<\/li>\n<li style='margin-bottom: 5px;'><strong>Nivel de seguridad:<\/strong> Medio<\/li>\n<li style='margin-bottom: 5px;'><strong>Prueba de vida:<\/strong> 2 millones de operaciones<\/li>\n<\/ul><\/div>\n<\/p><\/div>\n<div style='flex: 1 1 250px; border: 1px solid rgba(150&comma; 150&comma; 150&comma; 0.4); border-radius: 8px; overflow: hidden; display: flex; flex-direction: column;'>\n<div style='padding: 15px; border-bottom: 1px solid rgba(150&comma; 150&comma; 150&comma; 0.2); font-weight: bold; font-size: 18px; color: inherit;'>Dimensiones y peso<\/div>\n<div style='padding: 15px; color: inherit;'>\n<ul style='padding-left: 20px; margin: 0; font-size: 14px; list-style-type: disc;'>\n<li style='margin-bottom: 5px;'><strong>Ancho de carril:<\/strong> 900 mm<\/li>\n<li style='margin-bottom: 5px;'><strong>Huella:<\/strong> 1030 x 210 mm<\/li>\n<li style='margin-bottom: 5px;'><strong>Dimensiones:<\/strong> L=1030 mm&comma; W=210 mm&comma; H=1100 mm<\/li>\n<li style='margin-bottom: 5px;'><strong>Dimensiones con empaque:<\/strong> L=280 mm&comma; W=280 mm&comma; H=1160 mm<\/li>\n<li style='margin-bottom: 5px;'><strong>Peso neto:<\/strong> 31 kg<\/li>\n<li style='margin-bottom: 5px;'><strong>Peso con empaque:<\/strong> 38 kg<\/li>\n<\/ul><\/div>\n<\/p><\/div>\n<\/p><\/div>\n<p> <!-- Secci\u00f3n de caracter\u00edsticas adicionales --> <\/p>\n<div style='display: flex; flex-wrap: wrap; gap: 30px; margin-bottom: 30px;'>\n<div style='flex: 1 1 300px; min-width: 280px;'>\n<h3 style='font-size: 22px; border-bottom: 2px solid currentColor; padding-bottom: 5px; margin-top: 0; color: inherit; opacity: 0.8;'>Caracter\u00edsticas adicionales<\/h3>\n<ul style='padding-left: 20px; font-size: 15px; color: inherit;'>\n<li style='margin-bottom: 5px;'>Barreras de vidrio templado normalmente en posici\u00f3n bloqueada<\/li>\n<li style='margin-bottom: 5px;'>Barreras oscilan autom\u00e1ticamente en emergencias<\/li>\n<div style='margin-bottom: 10px;'><strong>Funcionamiento:<\/strong><\/div>\n<ul style='padding-left: 30px; margin: 0 0 15px 20px; font-size: 14px;'>\n<li style='margin-bottom: 5px;'>Operaci\u00f3n suave y silenciosa<\/li>\n<li style='margin-bottom: 5px;'>Sin tornillos expuestos<\/li>\n<li style='margin-bottom: 5px;'>Componentes el\u00e9ctricos duraderos<\/li>\n<\/ul>\n<div style='margin-bottom: 10px;'><strong>Dise\u00f1o:<\/strong><\/div>\n<ul style='padding-left: 30px; margin: 0 0 15px 20px; font-size: 14px;'>\n<li style='margin-bottom: 5px;'>Dise\u00f1o ergon\u00f3mico para autenticaci\u00f3n r\u00e1pida<\/li>\n<li style='margin-bottom: 5px;'>Indicador LED<\/li>\n<\/ul>\n<div style='margin-bottom: 10px; <strong>Integraci\u00f3n:<\/strong><\/div>\n<ul style='padding-left: 30px; margin: 0 0 15px 20px; font-size: 14px;'>\n<li style='margin-bottom: 5px;'>Integraci\u00f3n integrada con lectores de tarjeta o huella<\/li>\n<li style='margin-bottom: 5px;'>Pruebas de f\u00e1brica previas al env\u00edo<\/li>\n<li style='margin-bottom: 5px;'>Bajo costo de instalaci\u00f3n<\/li>\n<\/ul>\n<\/ul><\/div>\n<\/p><\/div>\n<p> <!-- Separador final --> <\/p>\n<hr style='border: 0; border-top: 1px solid rgba(150&comma; 150&comma; 150&comma; 0.3); margin: 30px 0;'> <\/div>\n","protected":false},"excerpt":{"rendered":"<p>Tablilla principal de 4ta generaci\u00f3n para torniquete SBT1000S<\/p>\n","protected":false},"featured_media":26725,"comment_status":"open","ping_status":"closed","template":"","meta":[],"product_brand":[],"product_cat":[755],"product_tag":[756,751,844],"class_list":{"0":"post-26726","1":"product","2":"type-product","3":"status-publish","4":"has-post-thumbnail","6":"product_cat-general","7":"product_tag-general","8":"product_tag-refacciones","9":"product_tag-zkteco","11":"first","12":"outofstock","13":"sale","14":"shipping-taxable","15":"purchasable","16":"product-type-simple"},"_links":{"self":[{"href":"https:\/\/soydeaqui.ddns.net\/pachuca\/index.php\/wp-json\/wp\/v2\/product\/26726","targetHints":{"allow":["GET"]}}],"collection":[{"href":"https:\/\/soydeaqui.ddns.net\/pachuca\/index.php\/wp-json\/wp\/v2\/product"}],"about":[{"href":"https:\/\/soydeaqui.ddns.net\/pachuca\/index.php\/wp-json\/wp\/v2\/types\/product"}],"replies":[{"embeddable":true,"href":"https:\/\/soydeaqui.ddns.net\/pachuca\/index.php\/wp-json\/wp\/v2\/comments?post=26726"}],"wp:featuredmedia":[{"embeddable":true,"href":"https:\/\/soydeaqui.ddns.net\/pachuca\/index.php\/wp-json\/wp\/v2\/media\/26725"}],"wp:attachment":[{"href":"https:\/\/soydeaqui.ddns.net\/pachuca\/index.php\/wp-json\/wp\/v2\/media?parent=26726"}],"wp:term":[{"taxonomy":"product_brand","embeddable":true,"href":"https:\/\/soydeaqui.ddns.net\/pachuca\/index.php\/wp-json\/wp\/v2\/product_brand?post=26726"},{"taxonomy":"product_cat","embeddable":true,"href":"https:\/\/soydeaqui.ddns.net\/pachuca\/index.php\/wp-json\/wp\/v2\/product_cat?post=26726"},{"taxonomy":"product_tag","embeddable":true,"href":"https:\/\/soydeaqui.ddns.net\/pachuca\/index.php\/wp-json\/wp\/v2\/product_tag?post=26726"}],"curies":[{"name":"wp","href":"https:\/\/api.w.org\/{rel}","templated":true}]}}