{"id":26707,"date":"2026-03-18T12:20:01","date_gmt":"2026-03-18T12:20:01","guid":{"rendered":"https:\/\/soydeaqui.ddns.net\/pachuca\/index.php\/producto\/chapa-magnetica-de-36-kg-80-lbs-uso-en-lockers-o-gabinetes-1224-vdc-tamano-miniatura-70x31x19-mm-proteccion-mov-sin-magnetismo-residual-montaje-completo\/"},"modified":"2026-03-18T12:20:01","modified_gmt":"2026-03-18T12:20:01","slug":"chapa-magnetica-de-36-kg-80-lbs-uso-en-lockers-o-gabinetes-1224-vdc-tamano-miniatura-70x31x19-mm-proteccion-mov-sin-magnetismo-residual-montaje-completo","status":"publish","type":"product","link":"https:\/\/soydeaqui.ddns.net\/pachuca\/index.php\/producto\/chapa-magnetica-de-36-kg-80-lbs-uso-en-lockers-o-gabinetes-1224-vdc-tamano-miniatura-70x31x19-mm-proteccion-mov-sin-magnetismo-residual-montaje-completo\/","title":{"rendered":"Chapa Magn\u00e9tica  de 36 kg (80 Lbs) \/ Uso en Lockers o Gabinetes \/ 12~24 VDC \/ Tama\u00f1o Miniatura 70x31x19 mm \/ Protecci\u00f3n MOV \/ Sin Magnetismo Residual \/ Montaje Completo"},"content":{"rendered":"<div style='width: 100%; max-width: 1200px; margin: 0 auto; font-family: sans-serif; line-height: 1.6; color: inherit;'> <!-- Secci\u00f3n de overview --> <\/p>\n<div style='margin-bottom: 30px;'>\n<p style='font-size: 17px; line-height: 1.6; margin-bottom: 15px;'>La cerradura electromagn\u00e9tica mini E-941SA-80Q de SECO-LARM es ideal para espacios donde se requiere un tama\u00f1o peque\u00f1o&comma; como gabinetes y cajones. Con un dise\u00f1o compacto y un bajo consumo de corriente&comma; esta cerradura ofrece una fuerza de retenci\u00f3n de 80 libras a 12VDC y 110 libras a 24VDC&comma; asegurando una operaci\u00f3n confiable y segura.<\/p>\n<\/p><\/div>\n<p> <!-- Secci\u00f3n de especificaciones --> <\/p>\n<div style='display: flex; flex-wrap: wrap; gap: 20px; margin-bottom: 30px;'>\n<div style='flex: 1 1 300px; min-width: 280px;'>\n<ul style='padding-left: 20px; font-size: 15px; color: inherit; border: 1px solid rgba(150&comma; 150&comma; 150&comma; 0.4); border-radius: 8px; overflow: hidden;'>\n<li style='background-color: rgba(255&comma; 0&comma; 0&comma; 0.8); color: white; font-weight: bold; padding: 10px; border-bottom: 1px solid rgba(150&comma; 150&comma; 150&comma; 0.4);'>Caracter\u00edsticas Principales:<\/li>\n<li style='padding: 10px; border-bottom: 1px solid rgba(150&comma; 150&comma; 150&comma; 0.2);'>Fuerza de retenci\u00f3n 80 lbs (36 kg)<\/li>\n<li style='padding: 10px; border-bottom: 1px solid rgba(150&comma; 150&comma; 150&comma; 0.2);'>Sin magnetismo residual<\/li>\n<li style='padding: 10px; border-bottom: 1px solid rgba(150&comma; 150&comma; 150&comma; 0.2);'>Protecci\u00f3n contra sobretensiones MOV<\/li>\n<li style='padding: 10px; border-bottom: 1px solid rgba(150&comma; 150&comma; 150&comma; 0.2);'>Uso en Lockers o gabinetes<\/li>\n<li style='padding: 10px;'>Hardware de montaje completo para instalaciones t\u00edpicas<\/li>\n<\/ul><\/div>\n<div style='flex: 1 1 300px; min-width: 280px;'>\n<ul style='padding-left: 20px; font-size: 15px; color: inherit; border: 1px solid rgba(150&comma; 150&comma; 150&comma; 0.4); border-radius: 8px; overflow: hidden;'>\n<li style='background-color: rgba(255&comma; 0&comma; 0&comma; 0.8); color: white; font-weight: bold; padding: 10px; border-bottom: 1px solid rgba(150&comma; 150&comma; 150&comma; 0.4);'>Caracter\u00edsticas F\u00edsicas y El\u00e9ctricas:<\/li>\n<li style='padding: 10px; border-bottom: 1px solid rgba(150&comma; 150&comma; 150&comma; 0.2);'>Voltaje de operaci\u00f3n: 12\/24 Vdc seleccionable<\/li>\n<li style='padding: 10px; border-bottom: 1px solid rgba(150&comma; 150&comma; 150&comma; 0.2);'>Bajo consumo de corriente 12Vcd 60mA \/ 24Vcd 120mA<\/li>\n<li style='padding: 10px; border-bottom: 1px solid rgba(150&comma; 150&comma; 150&comma; 0.2);'>Material de la carcasa: Aluminio anodizado<\/li>\n<li style='padding: 10px;'>Peso 0.9 Lb (410 gramos)<\/li>\n<\/ul><\/div>\n<div style='flex: 1 1 300px; min-width: 280px;'>\n<ul style='padding-left: 20px; font-size: 15px; color: inherit; border: 1px solid rgba(150&comma; 150&comma; 150&comma; 0.4); border-radius: 8px; overflow: hidden;'>\n<li style='background-color: rgba(255&comma; 0&comma; 0&comma; 0.8); color: white; font-weight: bold; padding: 10px; border-bottom: 1px solid rgba(150&comma; 150&comma; 150&comma; 0.4);'>Caracter\u00edsticas Destacadas:<\/li>\n<li style='padding: 10px; border-bottom: 1px solid rgba(150&comma; 150&comma; 150&comma; 0.2);'>Dimensiones: Im\u00e1n &#8211; 23\/4&#8217;x11\/4&#8217;x3\/4&#8242; (70x31x19 mm)<\/li>\n<li style='padding: 10px; border-bottom: 1px solid rgba(150&comma; 150&comma; 150&comma; 0.2);'>Dimension de la armadura: 23\/8&#8217;x11\/4&#8217;x5\/16&#8242; (60x31x8.2 mm)<\/li>\n<li style='padding: 10px; border-bottom: 1px solid rgba(150&comma; 150&comma; 150&comma; 0.2);'>Temperatura de operaci\u00f3n: 14\u00b0~131\u00b0F (-10\u00b0~55\u00b0C)<\/li>\n<li style='padding: 10px;'>Certificaciones: Conformidad UL Std 294<\/li>\n<\/ul><\/div>\n<\/p><\/div>\n<p> <!-- Separador --> <\/p>\n<hr style='border: 0; border-top: 1px solid rgba(150&comma; 150&comma; 150&comma; 0.3); margin: 30px 0;'> <!-- Imagen --> <\/p>\n<div style='margin-bottom: 30px;'> <img style='width: 100%; height: auto; border: 1px solid rgba(150&comma;150&comma;150&comma;0.3); border-radius: 8px;' src='https:\/\/ftp3.syscom.mx\/usuarios\/fotos\/MAG40\/224192-mag40-2.jpg' alt=''> <\/div>\n<p> <!-- Separador --> <\/p>\n<hr style='border: 0; border-top: 1px solid rgba(150&comma; 150&comma; 150&comma; 0.3); margin: 30px 0;'> <!-- Secci\u00f3n de aplicaciones --> <\/p>\n<div style='margin-bottom: 30px;'>\n<h3 style='font-size: 22px; border-bottom: 2px solid currentColor; padding-bottom: 5px; margin-top: 0; color: inherit; opacity: 0.8; text-align: center;'>Aplicaciones y casos de uso<\/h3>\n<div style='display: flex; flex-wrap: wrap; gap: 30px; margin-top: 20px;'>\n<div style='flex: 1 1 300px; min-width: 280px;'>\n<h4 style='font-size: 18px; margin-top: 0; margin-bottom: 10px; text-align: center; color: inherit; opacity: 0.9;'><strong>Gabinete de Seguridad<\/strong><\/h4>\n<p style='text-align: center; margin: 0;'>Ideal para gabinetes que requieren un alto nivel de seguridad y un tama\u00f1o compacto.<\/p>\n<\/p><\/div>\n<div style='flex: 1 1 300px; min-width: 280px;'>\n<h4 style='font-size: 18px; margin-top: 0; margin-bottom: 10px; text-align: center; color: inherit; opacity: 0.9;'><strong>Cajones de Archivo<\/strong><\/h4>\n<p style='text-align: center; margin: 0;'>Perfecto para cajones de archivo que necesitan una soluci\u00f3n de bloqueo segura y eficiente.<\/p>\n<\/p><\/div>\n<div style='flex: 1 1 300px; min-width: 280px;'>\n<h4 style='font-size: 18px; margin-top: 0; margin-bottom: 10px; text-align: center; color: inherit; opacity: 0.9;'><strong>Puertas de Acceso<\/strong><\/h4>\n<p style='text-align: center; margin: 0;'>Adecuado para puertas de acceso en \u00e1reas donde se requiere un tama\u00f1o peque\u00f1o y una operaci\u00f3n confiable.<\/p>\n<\/p><\/div>\n<\/p><\/div>\n<\/p><\/div>\n<\/p><\/div>\n","protected":false},"excerpt":{"rendered":"<p>Chapa Magn\u00e9tica  de 36 kg (80 Lbs) \/ Uso en Lockers o Gabinetes \/ 12~24 VDC \/ Tama\u00f1o Miniatura 70x31x19 mm \/ Protecci\u00f3n MOV \/ Sin Magnetismo Residual \/ Montaje Completo<\/p>\n","protected":false},"featured_media":26706,"comment_status":"open","ping_status":"closed","template":"","meta":[],"product_brand":[],"product_cat":[761],"product_tag":[87,762,116],"class_list":{"0":"post-26707","1":"product","2":"type-product","3":"status-publish","4":"has-post-thumbnail","6":"product_cat-chapas-magneticas","7":"product_tag-cerraduras","8":"product_tag-chapas-magneticas","9":"product_tag-enforcer-secolarm","11":"first","12":"outofstock","13":"sale","14":"shipping-taxable","15":"purchasable","16":"product-type-simple"},"_links":{"self":[{"href":"https:\/\/soydeaqui.ddns.net\/pachuca\/index.php\/wp-json\/wp\/v2\/product\/26707","targetHints":{"allow":["GET"]}}],"collection":[{"href":"https:\/\/soydeaqui.ddns.net\/pachuca\/index.php\/wp-json\/wp\/v2\/product"}],"about":[{"href":"https:\/\/soydeaqui.ddns.net\/pachuca\/index.php\/wp-json\/wp\/v2\/types\/product"}],"replies":[{"embeddable":true,"href":"https:\/\/soydeaqui.ddns.net\/pachuca\/index.php\/wp-json\/wp\/v2\/comments?post=26707"}],"wp:featuredmedia":[{"embeddable":true,"href":"https:\/\/soydeaqui.ddns.net\/pachuca\/index.php\/wp-json\/wp\/v2\/media\/26706"}],"wp:attachment":[{"href":"https:\/\/soydeaqui.ddns.net\/pachuca\/index.php\/wp-json\/wp\/v2\/media?parent=26707"}],"wp:term":[{"taxonomy":"product_brand","embeddable":true,"href":"https:\/\/soydeaqui.ddns.net\/pachuca\/index.php\/wp-json\/wp\/v2\/product_brand?post=26707"},{"taxonomy":"product_cat","embeddable":true,"href":"https:\/\/soydeaqui.ddns.net\/pachuca\/index.php\/wp-json\/wp\/v2\/product_cat?post=26707"},{"taxonomy":"product_tag","embeddable":true,"href":"https:\/\/soydeaqui.ddns.net\/pachuca\/index.php\/wp-json\/wp\/v2\/product_tag?post=26707"}],"curies":[{"name":"wp","href":"https:\/\/api.w.org\/{rel}","templated":true}]}}