{"id":26692,"date":"2026-03-18T12:19:39","date_gmt":"2026-03-18T12:19:39","guid":{"rendered":"https:\/\/soydeaqui.ddns.net\/pachuca\/index.php\/producto\/controlador-de-acceso-2-puertas-biometria-integrada-hasta-3000-huellas-30000-tarjetas-incluye-gabinete-y-fuente-de-alimentacion-12vcc-5a\/"},"modified":"2026-03-18T12:19:45","modified_gmt":"2026-03-18T12:19:45","slug":"controlador-de-acceso-2-puertas-biometria-integrada-hasta-3000-huellas-30000-tarjetas-incluye-gabinete-y-fuente-de-alimentacion-12vcc-5a","status":"publish","type":"product","link":"https:\/\/soydeaqui.ddns.net\/pachuca\/index.php\/producto\/controlador-de-acceso-2-puertas-biometria-integrada-hasta-3000-huellas-30000-tarjetas-incluye-gabinete-y-fuente-de-alimentacion-12vcc-5a\/","title":{"rendered":"Controlador de Acceso \/ 2 PUERTAS \/ Biometr\u00eda Integrada \/ Hasta 3,000 Huellas \/ 30,000 Tarjetas \/ Incluye Gabinete y Fuente de Alimentaci\u00f3n 12Vcc\/5A"},"content":{"rendered":"<div style='width: 100%; max-width: 1200px; margin: 0 auto; font-family: sans-serif; line-height: 1.6; color: inherit; background-color: transparent;'> <!-- Secci\u00f3n de contenido con flex --> <\/p>\n<div style='display: flex; flex-wrap: wrap; gap: 30px; margin-bottom: 30px;'>\n<div style='flex: 1 1 300px; min-width: 280px;'>\n<h3 style='font-size: 22px; border-bottom: 2px solid currentColor; padding-bottom: 5px; margin-top: 0; color: inherit; opacity: 0.8;'>Caracter\u00edsticas principales:<\/h3>\n<ul style='padding-left: 20px; font-size: 15px; color: inherit;'>\n<li style='margin-bottom: 5px;'><strong>Capacidad:<\/strong><\/li>\n<li style='margin-bottom: 5px;'>Huellas: 3&comma;000<\/li>\n<li style='margin-bottom: 5px;'>Tarjetas: 30&comma;000<\/li>\n<li style='margin-bottom: 5px;'>Eventos: 100&comma;000<\/li>\n<li style='margin-bottom: 5px;'>Memoria de Eventos Expandible con Memoria SD&comma; hasta 32GB<\/li>\n<\/ul><\/div>\n<div style='flex: 1 1 300px; min-width: 280px;'>\n<h3 style='font-size: 22px; border-bottom: 2px solid currentColor; padding-bottom: 5px; margin-top: 0; color: inherit; opacity: 0.8;'>Caracter\u00edsticas F\u00edsicas y El\u00e9ctricas:<\/h3>\n<ul style='padding-left: 20px; font-size: 15px; color: inherit;'>\n<li style='margin-bottom: 5px;'><strong>Alimentaci\u00f3n:<\/strong> 12Vcc \/ 220mA<\/li>\n<\/ul><\/div>\n<div style='flex: 1 1 300px; min-width: 280px;'>\n<h3 style='font-size: 22px; border-bottom: 2px solid currentColor; padding-bottom: 5px; margin-top: 0; color: inherit; opacity: 0.8;'>Caracter\u00edsticas Destacadas:<\/h3>\n<ul style='padding-left: 20px; font-size: 15px; color: inherit;'>\n<li style='margin-bottom: 5px;'>Lector de Huella y Proximidad F12 para Interior \/ Exterior<\/li>\n<li style='margin-bottom: 5px;'>Soporta hasta 4 Lectores F12 (Lector de Entrada y Salida)<\/li>\n<li style='margin-bottom: 5px;'>Soporta 2 lectores por wiegand<\/li>\n<li style='margin-bottom: 5px;'>Lector USB ZK9500 para registro de huellas<\/li>\n<li style='margin-bottom: 5px;'>Lector QR<\/li>\n<li style='margin-bottom: 5px;'>Modelos compatibles: <a href='https:\/\/www.syscom.mx\/principal\/searchcont?route=QR-600-HKE-ZKTECO-211277&#038;autodetect=QR6500' style='color: inherit; text-decoration: none; font-weight: 600; font-size: 15px;'>QR-600-HKE<\/a>&comma; <a href='https:\/\/www.syscom.mx\/principal\/searchcont?route=QR600VE-ZKTECO-211276&#038;autodetect=QR6500' style='color: inherit; text-decoration: none; font-weight: 600; font-size: 15px;'>QR600VE<\/a> y <a href='https:\/\/www.syscom.mx\/principal\/searchcont?route=KF-1000-ZKTECO-211278&#038;autodetect=kf1000' style='color: inherit; text-decoration: none; font-weight: 600; font-size: 15px;'>KF-1000<\/a><\/li>\n<li style='margin-bottom: 5px;'>Software compatible: ZKBIOCVACCESS Y ZKBIOCVSECURITY<\/li>\n<\/ul><\/div>\n<\/p><\/div>\n<\/p><\/div>\n","protected":false},"excerpt":{"rendered":"<p>Controlador de Acceso \/ 2 PUERTAS \/ Biometr\u00eda Integrada \/ Hasta 3,000 Huellas \/ 30,000 Tarjetas \/ Incluye Gabinete y Fuente de Alimentaci\u00f3n 12Vcc\/5A<\/p>\n","protected":false},"featured_media":26691,"comment_status":"open","ping_status":"closed","template":"","meta":[],"product_brand":[],"product_cat":[783],"product_tag":[785,784,844],"class_list":{"0":"post-26692","1":"product","2":"type-product","3":"status-publish","4":"has-post-thumbnail","6":"product_cat-controladores-de-acceso","7":"product_tag-controladores-de-acceso","8":"product_tag-paneles-de-control-de-acceso","9":"product_tag-zkteco","11":"first","12":"instock","13":"sale","14":"shipping-taxable","15":"purchasable","16":"product-type-simple"},"_links":{"self":[{"href":"https:\/\/soydeaqui.ddns.net\/pachuca\/index.php\/wp-json\/wp\/v2\/product\/26692","targetHints":{"allow":["GET"]}}],"collection":[{"href":"https:\/\/soydeaqui.ddns.net\/pachuca\/index.php\/wp-json\/wp\/v2\/product"}],"about":[{"href":"https:\/\/soydeaqui.ddns.net\/pachuca\/index.php\/wp-json\/wp\/v2\/types\/product"}],"replies":[{"embeddable":true,"href":"https:\/\/soydeaqui.ddns.net\/pachuca\/index.php\/wp-json\/wp\/v2\/comments?post=26692"}],"wp:featuredmedia":[{"embeddable":true,"href":"https:\/\/soydeaqui.ddns.net\/pachuca\/index.php\/wp-json\/wp\/v2\/media\/26691"}],"wp:attachment":[{"href":"https:\/\/soydeaqui.ddns.net\/pachuca\/index.php\/wp-json\/wp\/v2\/media?parent=26692"}],"wp:term":[{"taxonomy":"product_brand","embeddable":true,"href":"https:\/\/soydeaqui.ddns.net\/pachuca\/index.php\/wp-json\/wp\/v2\/product_brand?post=26692"},{"taxonomy":"product_cat","embeddable":true,"href":"https:\/\/soydeaqui.ddns.net\/pachuca\/index.php\/wp-json\/wp\/v2\/product_cat?post=26692"},{"taxonomy":"product_tag","embeddable":true,"href":"https:\/\/soydeaqui.ddns.net\/pachuca\/index.php\/wp-json\/wp\/v2\/product_tag?post=26692"}],"curies":[{"name":"wp","href":"https:\/\/api.w.org\/{rel}","templated":true}]}}