{"id":26684,"date":"2026-03-18T12:19:29","date_gmt":"2026-03-18T12:19:29","guid":{"rendered":"https:\/\/soydeaqui.ddns.net\/pachuca\/index.php\/producto\/controlador-de-acceso-4-puertas-biometria-integrada-hasta-3000-huellas-30000-tarjetas-incluye-gabinete-y-fuente-de-alimentacion-12vcc-5a-compatible-con-zkaccess-3-5\/"},"modified":"2026-03-18T12:19:34","modified_gmt":"2026-03-18T12:19:34","slug":"controlador-de-acceso-4-puertas-biometria-integrada-hasta-3000-huellas-30000-tarjetas-incluye-gabinete-y-fuente-de-alimentacion-12vcc-5a-compatible-con-zkaccess-3-5","status":"publish","type":"product","link":"https:\/\/soydeaqui.ddns.net\/pachuca\/index.php\/producto\/controlador-de-acceso-4-puertas-biometria-integrada-hasta-3000-huellas-30000-tarjetas-incluye-gabinete-y-fuente-de-alimentacion-12vcc-5a-compatible-con-zkaccess-3-5\/","title":{"rendered":"Controlador de acceso \/ 4 PUERTAS \/ Biometr\u00eda Integrada \/ Hasta 3,000 Huellas \/ 30,000 Tarjetas \/ Incluye Gabinete y Fuente de Alimentaci\u00f3n 12Vcc\/5A compatible con ZKACCESS 3.5"},"content":{"rendered":"<div style='width: 100%; max-width: 1200px; margin: 0 auto; font-family: sans-serif; line-height: 1.6; color: inherit; background-color: transparent;'>\n<div style='display: flex; flex-wrap: wrap; gap: 30px; margin-bottom: 30px;'>\n<div style='flex: 1 1 300px; min-width: 280px;'>\n<h3 style='font-size: 22px; border-bottom: 2px solid currentColor; padding-bottom: 5px; margin-top: 0; color: inherit; opacity: 0.8;'>Funciones<\/h3>\n<ul style='padding-left: 20px; font-size: 15px; color: inherit;'>\n<li style='margin-bottom: 5px;'>Control de Acceso<\/li>\n<\/ul><\/div>\n<div style='flex: 1 1 300px; min-width: 280px;'>\n<h3 style='font-size: 22px; border-bottom: 2px solid currentColor; padding-bottom: 5px; margin-top: 0; color: inherit; opacity: 0.8;'>Capacidad<\/h3>\n<ul style='padding-left: 20px; font-size: 15px; color: inherit;'>\n<li style='margin-bottom: 5px;'><strong>Huellas:<\/strong> 3&comma;000<\/li>\n<li style='margin-bottom: 5px;'><strong>Tarjetas:<\/strong> 30&comma;000<\/li>\n<li style='margin-bottom: 5px;'><strong>Eventos:<\/strong> 100&comma;000 (Memoria de Eventos Expandible con Memoria SD&comma; hasta 32GB)<\/li>\n<\/ul><\/div>\n<div style='flex: 1 1 300px; min-width: 280px;'>\n<h3 style='font-size: 22px; border-bottom: 2px solid currentColor; padding-bottom: 5px; margin-top: 0; color: inherit; opacity: 0.8;'>Comunicaci\u00f3n<\/h3>\n<ul style='padding-left: 20px; font-size: 15px; color: inherit;'>\n<li style='margin-bottom: 5px;'>TCP\/IP<\/li>\n<li style='margin-bottom: 5px;'>Entrada Wiegand Multi-Formato<\/li>\n<\/ul><\/div>\n<div style='flex: 1 1 300px; min-width: 280px;'>\n<h3 style='font-size: 22px; border-bottom: 2px solid currentColor; padding-bottom: 5px; margin-top: 0; color: inherit; opacity: 0.8;'>Hardware<\/h3>\n<ul style='padding-left: 20px; font-size: 15px; color: inherit;'>\n<li style='margin-bottom: 5px;'>Gabinete Met\u00e1lico con Llave<\/li>\n<\/ul><\/div>\n<div style='flex: 1 1 300px; min-width: 280px;'>\n<h3 style='font-size: 22px; border-bottom: 2px solid currentColor; padding-bottom: 5px; margin-top: 0; color: inherit; opacity: 0.8;'>Funciones de Control de Acceso<\/h3>\n<ul style='padding-left: 20px; font-size: 15px; color: inherit;'>\n<li style='margin-bottom: 5px;'>Control de Acceso por Horarios y Puertas<\/li>\n<li style='margin-bottom: 5px;'>M\u00e9todos de Verificaci\u00f3n Combinables: Huella + Tarjeta (Con Lector F12)<\/li>\n<li style='margin-bottom: 5px;'>Verificaci\u00f3n Multi-Usuario<\/li>\n<li style='margin-bottom: 5px;'>Esclusamiento<\/li>\n<li style='margin-bottom: 5px;'>Anti-Passback<\/li>\n<li style='margin-bottom: 5px;'>Permite \u00fanicamente la administraci\u00f3n de 4 Puertas; no permite administraci\u00f3n de 2 puertas con lector de entrada y lector de salida utilizando lectores wiegand<\/li>\n<\/ul><\/div>\n<div style='flex: 1 1 300px; min-width: 280px;'>\n<h3 style='font-size: 22px; border-bottom: 2px solid currentColor; padding-bottom: 5px; margin-top: 0; color: inherit; opacity: 0.8;'>Conexiones<\/h3>\n<ul style='padding-left: 20px; font-size: 15px; color: inherit;'>\n<li style='margin-bottom: 5px;'>4 Salidas de Relevador NC\/NO\/COM Para Chapas<\/li>\n<li style='margin-bottom: 5px;'>4 Salidas de Relevador Auxiliares NC\/NO\/COM<\/li>\n<li style='margin-bottom: 5px;'>4 Entradas Auxiliares<\/li>\n<li style='margin-bottom: 5px;'>Bot\u00f3n de Salida y Sensor Magn\u00e9tico por Puerta<\/li>\n<\/ul><\/div>\n<div style='flex: 1 1 300px; min-width: 280px;'>\n<h3 style='font-size: 22px; border-bottom: 2px solid currentColor; padding-bottom: 5px; margin-top: 0; color: inherit; opacity: 0.8;'>Alimentaci\u00f3n<\/h3>\n<ul style='padding-left: 20px; font-size: 15px; color: inherit;'>\n<li style='margin-bottom: 5px;'>12Vcc \/ 220mA<\/li>\n<\/ul><\/div>\n<div style='flex: 1 1 300px; min-width: 280px;'>\n<h3 style='font-size: 22px; border-bottom: 2px solid currentColor; padding-bottom: 5px; margin-top: 0; color: inherit; opacity: 0.8;'>Lectores Compatibles<\/h3>\n<ul style='padding-left: 20px; font-size: 15px; color: inherit;'>\n<li style='margin-bottom: 5px; font-weight: bold;'>Lectores Biom\u00e9tricos:<\/li>\n<li style='margin-bottom: 5px;'>Lector de Huella y Proximidad F12 para Interior \/ Exterior<\/li>\n<li style='margin-bottom: 5px;'>Soporta hasta 8 Lectores F12 (Lector de Entrada y Salida)<\/li>\n<li style='margin-bottom: 5px;'>Lector USB ZK95000 para registro de huellas<\/li>\n<li style='margin-bottom: 5px; font-weight: bold;'>Proximidad:<\/li>\n<li style='margin-bottom: 5px;'>SYSKR600E y SYSKR601E<\/li>\n<li style='margin-bottom: 5px;'>Soporta 1 Lector por Puerta<\/li>\n<li style='margin-bottom: 5px; font-weight: bold;'>Lectores de Largo Alcance:<\/li>\n<li style='margin-bottom: 5px;'>PRO6RF y PRO12RF<\/li>\n<\/ul><\/div>\n<div style='flex: 1 1 300px; min-width: 280px;'>\n<h3 style='font-size: 22px; border-bottom: 2px solid currentColor; padding-bottom: 5px; margin-top: 0; color: inherit; opacity: 0.8;'>Informaci\u00f3n Adicional<\/h3>\n<ul style='padding-left: 20px; font-size: 15px; color: inherit;'>\n<li style='margin-bottom: 5px;'><strong>Temperatura de Operaci\u00f3n:<\/strong> 0 a 55 \u00b0C<\/li>\n<li style='margin-bottom: 5px;'><strong>Dimensiones:<\/strong> 380 x 290 x 80 mm<\/li>\n<li style='margin-bottom: 5px;'>Incluye Software de Administraci\u00f3n en Espa\u00f1ol<\/li>\n<li style='margin-bottom: 5px;'>1 A\u00f1o de Garant\u00eda<\/li>\n<\/ul><\/div>\n<div style='flex: 1 1 300px; min-width: 280px;'>\n<h3 style='font-size: 22px; border-bottom: 2px solid currentColor; padding-bottom: 5px; margin-top: 0; color: inherit; opacity: 0.8;'>Notas<\/h3>\n<ul style='padding-left: 20px; font-size: 15px; color: inherit;'>\n<li style='margin-bottom: 5px;'>Solo se da soporte al software suministrado con el equipo o proporcionado por SYSCOM y siempre y cuando se utilice el mismo motor de base de datos que se incluye. Cualquier otra implementaci\u00f3n hacia otro software u otra versi\u00f3n de base de datos&comma; es responsabilidad del integrador o desarrollador a cargo<\/li>\n<\/ul><\/div>\n<\/p><\/div>\n<p> <!-- Im\u00e1genes --> <\/p>\n<div style='display: flex; flex-wrap: wrap; gap: 15px; margin-bottom: 30px;'>\n<div style='flex: 1 1 300px; min-width: 280px;'> <img style='width: 100%; height: auto; border: 1px solid rgba(150&comma;150&comma;150&comma;0.3); border-radius: 8px;' src='http:\/\/ftp3.syscom.mx\/usuarios\/fotos\/Inbio460\/Inbio460_1.png' alt=''> <\/div>\n<div style='flex: 1 1 300px; min-width: 280px;'> <img style='width: 100%; height: auto; border: 1px solid rgba(150&comma;150&comma;150&comma;0.3); border-radius: 8px;' src='http:\/\/ftp3.syscom.mx\/usuarios\/fotos\/INBIO460\/INBIO460_1.png' alt=''> <\/div>\n<\/p><\/div>\n<p> <!-- Separador --> <\/p>\n<hr style='border: 0; border-top: 1px solid rgba(150&comma; 150&comma; 150&comma; 0.3); margin: 30px 0;'> <\/div>\n","protected":false},"excerpt":{"rendered":"<p>Controlador de acceso \/ 4 PUERTAS \/ Biometr\u00eda Integrada \/ Hasta 3,000 Huellas \/ 30,000 Tarjetas \/ Incluye Gabinete y Fuente de Alimentaci\u00f3n 12Vcc\/5A compatible con ZKACCESS 3.5<\/p>\n","protected":false},"featured_media":26683,"comment_status":"open","ping_status":"closed","template":"","meta":[],"product_brand":[],"product_cat":[783],"product_tag":[785,784,844],"class_list":{"0":"post-26684","1":"product","2":"type-product","3":"status-publish","4":"has-post-thumbnail","6":"product_cat-controladores-de-acceso","7":"product_tag-controladores-de-acceso","8":"product_tag-paneles-de-control-de-acceso","9":"product_tag-zkteco","11":"first","12":"instock","13":"sale","14":"shipping-taxable","15":"purchasable","16":"product-type-simple"},"_links":{"self":[{"href":"https:\/\/soydeaqui.ddns.net\/pachuca\/index.php\/wp-json\/wp\/v2\/product\/26684","targetHints":{"allow":["GET"]}}],"collection":[{"href":"https:\/\/soydeaqui.ddns.net\/pachuca\/index.php\/wp-json\/wp\/v2\/product"}],"about":[{"href":"https:\/\/soydeaqui.ddns.net\/pachuca\/index.php\/wp-json\/wp\/v2\/types\/product"}],"replies":[{"embeddable":true,"href":"https:\/\/soydeaqui.ddns.net\/pachuca\/index.php\/wp-json\/wp\/v2\/comments?post=26684"}],"wp:featuredmedia":[{"embeddable":true,"href":"https:\/\/soydeaqui.ddns.net\/pachuca\/index.php\/wp-json\/wp\/v2\/media\/26683"}],"wp:attachment":[{"href":"https:\/\/soydeaqui.ddns.net\/pachuca\/index.php\/wp-json\/wp\/v2\/media?parent=26684"}],"wp:term":[{"taxonomy":"product_brand","embeddable":true,"href":"https:\/\/soydeaqui.ddns.net\/pachuca\/index.php\/wp-json\/wp\/v2\/product_brand?post=26684"},{"taxonomy":"product_cat","embeddable":true,"href":"https:\/\/soydeaqui.ddns.net\/pachuca\/index.php\/wp-json\/wp\/v2\/product_cat?post=26684"},{"taxonomy":"product_tag","embeddable":true,"href":"https:\/\/soydeaqui.ddns.net\/pachuca\/index.php\/wp-json\/wp\/v2\/product_tag?post=26684"}],"curies":[{"name":"wp","href":"https:\/\/api.w.org\/{rel}","templated":true}]}}