{"id":26675,"date":"2026-03-18T12:19:17","date_gmt":"2026-03-18T12:19:17","guid":{"rendered":"https:\/\/soydeaqui.ddns.net\/pachuca\/index.php\/producto\/modulo-lector-de-huella-para-biometrico-ds-k1t607e-y-ds-k1t671m-facil-integracion-plug-play\/"},"modified":"2026-03-18T12:19:27","modified_gmt":"2026-03-18T12:19:27","slug":"modulo-lector-de-huella-para-biometrico-ds-k1t607e-y-ds-k1t671m-facil-integracion-plug-play","status":"publish","type":"product","link":"https:\/\/soydeaqui.ddns.net\/pachuca\/index.php\/producto\/modulo-lector-de-huella-para-biometrico-ds-k1t607e-y-ds-k1t671m-facil-integracion-plug-play\/","title":{"rendered":"M\u00f3dulo Lector de Huella para Biometrico DS-K1T607E y DS-K1T671M \/ F\u00e1cil Integraci\u00f3n Plug &#038; Play"},"content":{"rendered":"<div style='width: 100%; max-width: 1200px; margin: 0 auto; font-family: sans-serif; line-height: 1.6; color: inherit; background-color: transparent;'> <img style='width: 100%; height: auto; border: 1px solid rgba(150&comma;150&comma;150&comma;0.3); border-radius: 8px;' src='https:\/\/ftp3.syscom.mx\/usuarios\/fespinoza\/HIKVISION\/Dispositivos\/Banners\/control_acceso_hikvision02.jpg' alt='Banner de control de acceso Hikvision'> <\/p>\n<div style='display: flex; flex-wrap: wrap; gap: 30px; margin-bottom: 30px; margin-top: 30px;'>\n<div style='flex: 1 1 300px; min-width: 280px;'>\n<h3 style='font-size: 22px; border-bottom: 2px solid currentColor; padding-bottom: 5px; margin-top: 0; color: inherit; opacity: 0.8;'>Caracter\u00edsticas principales<\/h3>\n<ul style='padding-left: 20px; font-size: 15px; color: inherit;'>\n<li style='margin-bottom: 5px;'>Lector de huella a prueba de raspaduras<\/li>\n<\/ul><\/div>\n<div style='flex: 1 1 300px; min-width: 280px;'>\n<h3 style='font-size: 22px; border-bottom: 2px solid currentColor; padding-bottom: 5px; margin-top: 0; color: inherit; opacity: 0.8;'>Caracter\u00edsticas F\u00edsicas y El\u00e9ctricas<\/h3>\n<ul style='padding-left: 20px; font-size: 15px; color: inherit;'>\n<li style='margin-bottom: 5px;'><strong>Aplicaci\u00f3n:<\/strong> Interior<\/li>\n<li style='margin-bottom: 5px;'><strong>Alimentaci\u00f3n:<\/strong> 5 volts<\/li>\n<li style='margin-bottom: 5px;'><strong>Consumo:<\/strong> 0.02 mA<\/li>\n<li style='margin-bottom: 5px;'><strong>Temperatura de operaci\u00f3n:<\/strong> -10 \u00baC hasta 45 \u00baC<\/li>\n<li style='margin-bottom: 5px;'><strong>Dimensiones:<\/strong> 116.5 mm \/ 59 mm \/ 78.22 mm<\/li>\n<\/ul><\/div>\n<div style='flex: 1 1 300px; min-width: 280px;'>\n<h3 style='font-size: 22px; border-bottom: 2px solid currentColor; padding-bottom: 5px; margin-top: 0; color: inherit; opacity: 0.8;'>Caracter\u00edsticas Destacadas<\/h3>\n<ul style='padding-left: 20px; font-size: 15px; color: inherit;'>\n<li style='margin-bottom: 5px;'>Dise\u00f1o antiderrapante<\/li>\n<li style='margin-bottom: 5px;'>Lector de cristal para mejor lectura de huella<\/li>\n<li style='margin-bottom: 5px;'>Superficie antirayadura<\/li>\n<li style='margin-bottom: 5px;'>Conexi\u00f3n USB<\/li>\n<li style='margin-bottom: 5px;'>Se inserta en el puerto USB debajo del DS-K1T607E<\/li>\n<\/ul><\/div>\n<\/p><\/div>\n<div style='margin-top: 30px; margin-bottom: 30px;'>\n<h3 style='font-size: 22px; border-bottom: 2px solid currentColor; padding-bottom: 5px; margin-top: 0; color: inherit; opacity: 0.8;'>Consideraciones<\/h3>\n<ul style='padding-left: 20px; font-size: 15px; color: inherit;'>\n<li style='margin-bottom: 5px;'>Este m\u00f3dulo es compatible con los modelos DS-K1T607E y DS-K1T671M<\/li>\n<li style='margin-bottom: 5px;'>Requiere conexi\u00f3n USB disponible en el dispositivo principal<\/li>\n<\/ul><\/div>\n<hr style='border: 0; border-top: 1px solid rgba(150&comma; 150&comma; 150&comma; 0.3); margin: 30px 0;'>\n<div style='text-align: center; margin-top: 30px;'> <a href='http:\/\/soporte.syscom.mx\/es\/articles\/3879039-hikvision-control-de-acceso-lista-de-videos-y-tips-tecnicos' style='text-decoration: none; color: inherit;'> <img style='width: 100%; max-width: 600px; height: auto; border: 1px solid rgba(150&comma;150&comma;150&comma;0.3); border-radius: 8px;' src='https:\/\/ftp3.syscom.mx\/usuarios\/fotos\/DSK1T607E\/171893-hikvision-controlacceso.png' alt='Soporte t\u00e9cnico Hikvision control de acceso'> <\/a> <\/div>\n<\/p><\/div>\n","protected":false},"excerpt":{"rendered":"<p>M\u00f3dulo Lector de Huella para Biometrico DS-K1T607E y DS-K1T671M \/ F\u00e1cil Integraci\u00f3n Plug &#038; Play<\/p>\n","protected":false},"featured_media":26674,"comment_status":"open","ping_status":"closed","template":"","meta":[],"product_brand":[],"product_cat":[755],"product_tag":[756,54,751],"class_list":{"0":"post-26675","1":"product","2":"type-product","3":"status-publish","4":"has-post-thumbnail","6":"product_cat-general","7":"product_tag-general","8":"product_tag-hikvision","9":"product_tag-refacciones","11":"first","12":"instock","13":"sale","14":"shipping-taxable","15":"purchasable","16":"product-type-simple"},"_links":{"self":[{"href":"https:\/\/soydeaqui.ddns.net\/pachuca\/index.php\/wp-json\/wp\/v2\/product\/26675","targetHints":{"allow":["GET"]}}],"collection":[{"href":"https:\/\/soydeaqui.ddns.net\/pachuca\/index.php\/wp-json\/wp\/v2\/product"}],"about":[{"href":"https:\/\/soydeaqui.ddns.net\/pachuca\/index.php\/wp-json\/wp\/v2\/types\/product"}],"replies":[{"embeddable":true,"href":"https:\/\/soydeaqui.ddns.net\/pachuca\/index.php\/wp-json\/wp\/v2\/comments?post=26675"}],"wp:featuredmedia":[{"embeddable":true,"href":"https:\/\/soydeaqui.ddns.net\/pachuca\/index.php\/wp-json\/wp\/v2\/media\/26674"}],"wp:attachment":[{"href":"https:\/\/soydeaqui.ddns.net\/pachuca\/index.php\/wp-json\/wp\/v2\/media?parent=26675"}],"wp:term":[{"taxonomy":"product_brand","embeddable":true,"href":"https:\/\/soydeaqui.ddns.net\/pachuca\/index.php\/wp-json\/wp\/v2\/product_brand?post=26675"},{"taxonomy":"product_cat","embeddable":true,"href":"https:\/\/soydeaqui.ddns.net\/pachuca\/index.php\/wp-json\/wp\/v2\/product_cat?post=26675"},{"taxonomy":"product_tag","embeddable":true,"href":"https:\/\/soydeaqui.ddns.net\/pachuca\/index.php\/wp-json\/wp\/v2\/product_tag?post=26675"}],"curies":[{"name":"wp","href":"https:\/\/api.w.org\/{rel}","templated":true}]}}