{"id":2666,"date":"2026-03-18T05:59:34","date_gmt":"2026-03-18T05:59:34","guid":{"rendered":"https:\/\/soydeaqui.ddns.net\/pachuca\/index.php\/producto\/carrete-de-305-metros-1000-pies-cable-de-cobre-6-x-18-awg-plenum-color-blanco-blindado-para-aplicaciones-de-alarmas-de-intrusin-control-de-acceso-automatizacin-interfonos-y-tv-po\/"},"modified":"2026-03-18T05:59:34","modified_gmt":"2026-03-18T05:59:34","slug":"carrete-de-305-metros-1000-pies-cable-de-cobre-6-x-18-awg-plenum-color-blanco-blindado-para-aplicaciones-de-alarmas-de-intrusin-control-de-acceso-automatizacin-interfonos-y-tv-po","status":"publish","type":"product","link":"https:\/\/soydeaqui.ddns.net\/pachuca\/index.php\/producto\/carrete-de-305-metros-1000-pies-cable-de-cobre-6-x-18-awg-plenum-color-blanco-blindado-para-aplicaciones-de-alarmas-de-intrusin-control-de-acceso-automatizacin-interfonos-y-tv-po\/","title":{"rendered":"Carrete de 305 Metros (1000 Pies) \/ Cable de Cobre \/ 6 x 18 AWG \/ Plenum \/ Color Blanco \/ Blindado \/ Para Aplicaciones de Alarmas de Intrusi?n \/ Control de Acceso \/ Automatizaci?n \/ Interfonos y Tv Porteros"},"content":{"rendered":"<div style='width: 100%; max-width: 1200px; margin: 0 auto; font-family: sans-serif; line-height: 1.6; color: inherit; background-color: transparent;'> <!-- Imagen RoHS --> <\/p>\n<div style='display: flex; justify-content: center; margin: 20px 0;'> <img style='width: auto; height: auto; max-width: 100%; border: 1px solid rgba(150&comma;150&comma;150&comma;0.3); border-radius: 8px;' src='http:\/\/ftp3.syscom.mx\/usuarios\/maguilar\/Icons\/RoHS%20Icon.png' alt=''> <\/div>\n<p> <!-- Descripci\u00f3n principal --> <\/p>\n<div style='margin-bottom: 30px;'>\n<p style='font-weight: bold; font-size: 16px; color: inherit;'> CABLE DE 6 CONDUCTORES CALIBRE 18 CON FORRO BLANCO PARA APLICACIONES EN ALARMAS&comma; CONTROL DE ACCESO&comma; INTERFONOS Y TV PORTEROS&comma; AUDIO Y VOCEO. <\/p>\n<p style='margin-top: 15px; color: inherit;'> Conductores de cobre suave s\u00f3lido aislamiento de PVC&comma; identificado por c\u00f3digo de colores&comma; y forro total de PVC. <\/p>\n<\/p><\/div>\n<p> <!-- Secci\u00f3n de caracter\u00edsticas con grid --> <\/p>\n<div style='display: grid; grid-template-columns: repeat(auto-fit&comma; minmax(280px&comma; 1fr)); gap: 30px; margin-bottom: 30px;'> <!-- Caracter\u00edsticas principales --> <\/p>\n<div style='border-left: 5px solid #F52207; border-radius: 5px; padding: 15px; box-shadow: 2px 2px 10px rgba(216&comma;216&comma;216&comma;0.5);'>\n<h3 style='font-size: 20px; border-bottom: 2px solid currentColor; padding-bottom: 5px; margin-top: 0; margin-bottom: 15px; color: inherit; opacity: 0.8;'>Caracter\u00edsticas<\/h3>\n<ul style='padding-left: 20px; font-size: 14px; color: inherit; list-style-type: disc;'>\n<li style='margin-bottom: 8px;'>Uso Interior<\/li>\n<li style='margin-bottom: 8px;'>Blindado<\/li>\n<li style='margin-bottom: 8px;'>Alarmas&comma; cableado de sensores&comma; cableados Vplex&comma; cableado de sirenas<\/li>\n<li style='margin-bottom: 8px;'>Sistemas de control de acceso&comma; dispositivos de sujecci\u00f3n como contras el\u00e9ctricas&comma; cerraduras de perno&comma; chapas magn\u00e9ticas<\/li>\n<li style='margin-bottom: 8px;'>Cableado de interfonos y tv porteros<\/li>\n<li style='margin-bottom: 8px;'>Sistemas de automatizaci\u00f3n<\/li>\n<li style='margin-bottom: 8px; font-size: 16px;'>Plenum PVC<\/li>\n<\/ul><\/div>\n<p> <!-- Caracter\u00edsticas f\u00edsicas y el\u00e9ctricas --> <\/p>\n<div style='border-left: 5px solid #F52207; border-radius: 5px; padding: 15px; box-shadow: 2px 2px 10px rgba(216&comma;216&comma;216&comma;0.5);'>\n<h3 style='font-size: 20px; border-bottom: 2px solid currentColor; padding-bottom: 5px; margin-top: 0; margin-bottom: 15px; color: inherit; opacity: 0.8;'>Caracter\u00edsticas f\u00edsicas y el\u00e9ctricas<\/h3>\n<ul style='padding-left: 20px; font-size: 14px; color: inherit; list-style-type: disc;'>\n<li style='margin-bottom: 8px;'>Tipo: Cable (3 pares)<\/li>\n<li style='margin-bottom: 8px;'>Impedancia (\u03a9): 58<\/li>\n<li style='margin-bottom: 8px;'>Resistencia en \u03a9 a 305 m: 6.66<\/li>\n<li style='margin-bottom: 8px;'>Calibre: 18<\/li>\n<li style='margin-bottom: 8px;'>Color externo: Blanco<\/li>\n<li style='margin-bottom: 8px;'>Color interno: Negro&comma; Rojo&comma; Verde&comma; Blanco&comma; Caf\u00e9 y Azul<\/li>\n<li style='margin-bottom: 8px;'>Di\u00e1metro exterior (mm): 5.23<\/li>\n<li style='margin-bottom: 8px;'> <strong style='font-size: 14px; color: inherit;'>Tipo:<\/strong>\n<ul style='margin-top: 8px; margin-bottom: 8px; padding-left: 25px; list-style-type: disc;'>\n<li style='margin-bottom: 5px;'>CL3P<\/li>\n<li style='margin-bottom: 5px;'>FPLP<\/li>\n<li style='margin-bottom: 5px;'>CMP<\/li>\n<li style='margin-bottom: 5px;'>FT6<\/li>\n<li style='margin-bottom: 5px;'>ETL Listed<\/li>\n<\/ul>\n<\/li>\n<li style='margin-bottom: 8px;'><strong style='color: inherit;'>Temperatura de operaci\u00f3n:<\/strong> -20\u00b0C a 75\u00b0C<\/li>\n<\/ul><\/div>\n<p> <!-- Est\u00e1ndares --> <\/p>\n<div style='border-left: 5px solid #F52207; border-radius: 5px; padding: 15px; box-shadow: 2px 2px 10px rgba(216&comma;216&comma;216&comma;0.5);'>\n<h3 style='font-size: 20px; border-bottom: 2px solid currentColor; padding-bottom: 5px; margin-top: 0; margin-bottom: 15px; color: inherit; opacity: 0.8;'>Est\u00e1ndares<\/h3>\n<ul style='padding-left: 20px; font-size: 14px; color: inherit; list-style-type: disc;'>\n<li style='margin-bottom: 8px;'>NFPA 262 (Plenum)<\/li>\n<li style='margin-bottom: 8px;'>CSA C22.2 No. 2556 (FT6)<\/li>\n<li style='margin-bottom: 8px;'>RoHS Compliant<\/li>\n<\/ul><\/div>\n<\/p><\/div>\n<p> <!-- Nota final --> <\/p>\n<div style='margin-top: 20px;'>\n<p style='font-weight: bold; font-size: 14px; color: inherit;'> * Precio carrete de 305 metros. <\/p>\n<\/p><\/div>\n<p> <!-- Separador --> <\/p>\n<hr style='border: 0; border-top: 1px solid rgba(150&comma; 150&comma; 150&comma; 0.3); margin: 30px 0;'> <\/div>\n","protected":false},"excerpt":{"rendered":"<p>Carrete de 305 Metros (1000 Pies) \/ Cable de Cobre \/ 6 x 18 AWG \/ Plenum \/ Color Blanco \/ Blindado \/ Para Aplicaciones de Alarmas de Intrusi?n \/ Control de Acceso \/ Automatizaci?n \/ Interfonos y Tv Porteros<\/p>\n","protected":false},"featured_media":2665,"comment_status":"open","ping_status":"closed","template":"","meta":[],"product_brand":[],"product_cat":[137],"product_tag":[138,139,62],"class_list":{"0":"post-2666","1":"product","2":"type-product","3":"status-publish","4":"has-post-thumbnail","6":"product_cat-todos-cables","7":"product_tag-cables","8":"product_tag-genesis","9":"product_tag-todos","11":"first","12":"instock","13":"sale","14":"shipping-taxable","15":"purchasable","16":"product-type-simple"},"_links":{"self":[{"href":"https:\/\/soydeaqui.ddns.net\/pachuca\/index.php\/wp-json\/wp\/v2\/product\/2666","targetHints":{"allow":["GET"]}}],"collection":[{"href":"https:\/\/soydeaqui.ddns.net\/pachuca\/index.php\/wp-json\/wp\/v2\/product"}],"about":[{"href":"https:\/\/soydeaqui.ddns.net\/pachuca\/index.php\/wp-json\/wp\/v2\/types\/product"}],"replies":[{"embeddable":true,"href":"https:\/\/soydeaqui.ddns.net\/pachuca\/index.php\/wp-json\/wp\/v2\/comments?post=2666"}],"wp:featuredmedia":[{"embeddable":true,"href":"https:\/\/soydeaqui.ddns.net\/pachuca\/index.php\/wp-json\/wp\/v2\/media\/2665"}],"wp:attachment":[{"href":"https:\/\/soydeaqui.ddns.net\/pachuca\/index.php\/wp-json\/wp\/v2\/media?parent=2666"}],"wp:term":[{"taxonomy":"product_brand","embeddable":true,"href":"https:\/\/soydeaqui.ddns.net\/pachuca\/index.php\/wp-json\/wp\/v2\/product_brand?post=2666"},{"taxonomy":"product_cat","embeddable":true,"href":"https:\/\/soydeaqui.ddns.net\/pachuca\/index.php\/wp-json\/wp\/v2\/product_cat?post=2666"},{"taxonomy":"product_tag","embeddable":true,"href":"https:\/\/soydeaqui.ddns.net\/pachuca\/index.php\/wp-json\/wp\/v2\/product_tag?post=2666"}],"curies":[{"name":"wp","href":"https:\/\/api.w.org\/{rel}","templated":true}]}}