{"id":26656,"date":"2026-03-18T12:18:51","date_gmt":"2026-03-18T12:18:51","guid":{"rendered":"https:\/\/soydeaqui.ddns.net\/pachuca\/index.php\/producto\/lector-de-huella-ip67-con-teclado-y-lector-de-tarjetas-rfidnfc-y-125khz-em-hid-prox-13-56mhz-mifare-mifare-plus-desfire-ev1-felica-iclass-se-srnfc-y-bluetooth-certificado-fbi-piv\/"},"modified":"2026-03-18T12:18:55","modified_gmt":"2026-03-18T12:18:55","slug":"lector-de-huella-ip67-con-teclado-y-lector-de-tarjetas-rfidnfc-y-125khz-em-hid-prox-13-56mhz-mifare-mifare-plus-desfire-ev1-felica-iclass-se-srnfc-y-bluetooth-certificado-fbi-piv","status":"publish","type":"product","link":"https:\/\/soydeaqui.ddns.net\/pachuca\/index.php\/producto\/lector-de-huella-ip67-con-teclado-y-lector-de-tarjetas-rfidnfc-y-125khz-em-hid-prox-13-56mhz-mifare-mifare-plus-desfire-ev1-felica-iclass-se-srnfc-y-bluetooth-certificado-fbi-piv\/","title":{"rendered":"Lector de Huella IP67 Con Teclado y Lector de Tarjetas RFIDNFC y  (125kHz EM, HID Prox &#038;13.56Mhz MIFARE, MIFARE Plus, DESFire\/EV1, FeliCa, iCLASS SE\/SR),NFC y BLUETOOTH, Certificado FBI PIV"},"content":{"rendered":"<div style='width: 100%; max-width: 1200px; margin: 0 auto; font-family: sans-serif; line-height: 1.6; color: inherit; background-color: transparent;'> <!-- Header con logo --> <\/p>\n<div style='text-align: center; padding: 20px; background: linear-gradient(to bottom&comma; #ffffff 0%&comma; #8f0047 100%); border-radius: 8px; margin-bottom: 30px;'> <img style='width: auto; max-width: 100%; height: auto; margin-bottom: 2px;' src='https:\/\/www.germanprotect.com\/media\/catalog\/brand\/cache\/icon\/475x200\/s\/u\/suprema_logo_basic_1.png' alt='Logo Suprema'> <\/p>\n<h2 style='color: white; margin: 15px 0 5px; font-size: 24px;'><strong>BioLite N2 Bluetooth y NFC<\/strong><\/h2>\n<p style='color: white; margin: 0 0 15px; font-size: 16px;'>Terminal de Huella IP67 Para exterior Control de Accesos y Asistencias<\/p>\n<\/p><\/div>\n<p> <!-- Descripci\u00f3n principal --> <\/p>\n<div style='margin-bottom: 30px;'>\n<div style='border-left: 5px solid #7e0548; border-radius: 5px; padding: 15px; box-shadow: 2px 2px 10px rgba(216&comma;216&comma;216&comma;0.5); margin-bottom: 20px;'>\n<p>Suprema&comma; uno de los principales l\u00edderes biom\u00e9tricos en seguridad tecnol\u00f3gica&comma; presenta uno de los mejores algoritmos biom\u00e9tricos con una ingenier\u00eda superior. Se encuentra constantemente desarrollando y produciendo productos l\u00edderes en la industria&comma; extendiendo su portafolio de productos de control de acceso y tiempo y asistencia en todo el mundo.<\/p>\n<\/p><\/div>\n<\/p><\/div>\n<p> <!-- Grid de especificaciones --> <\/p>\n<div style='display: flex; flex-wrap: wrap; gap: 20px; margin-bottom: 30px;'> <!-- Caracter\u00edsticas f\u00edsicas --> <\/p>\n<div style='flex: 1 1 300px; min-width: 280px; border-left: 5px solid #7e0548; border-radius: 5px; padding: 15px; box-shadow: 2px 2px 10px rgba(216&comma;216&comma;216&comma;0.5);'>\n<h3 style='font-size: 20px; margin-top: 0; margin-bottom: 15px; color: inherit; opacity: 0.8;'>Caracter\u00edsticas F\u00edsicas y El\u00e9ctricas:<\/h3>\n<ul style='padding-left: 20px; margin: 0; font-size: 14px; color: inherit;'>\n<li style='margin-bottom: 5px;'>Pantalla: 1.77\u201d TFT LCD.<\/li>\n<li style='margin-bottom: 5px;'>Comunicaci\u00f3n: TCP\/IP.<\/li>\n<li style='margin-bottom: 5px;'>Interfaz RS-485 para comunicaci\u00f3n o m\u00f3dulo esclavo SIO2.<\/li>\n<li style='margin-bottom: 5px;'>Salida de relevador.<\/li>\n<li style='margin-bottom: 5px;'>Wiegand: entrada y salida. (seleccionable)<\/li>\n<li style='margin-bottom: 5px;'>Certificados: CE&comma; FCC&comma; KC&comma; RoHS&comma; REACH&comma; WEE.<\/li>\n<li style='margin-bottom: 5px;'>Alimentaci\u00f3n: 12 Vcc&comma; 1 A (fuente no incluida)<\/li>\n<li style='margin-bottom: 5px;'>Dimensiones: 155 x 155 x 40 mm.<\/li>\n<\/ul><\/div>\n<p> <!-- Usuarios --> <\/p>\n<div style='flex: 1 1 300px; min-width: 280px; border-left: 5px solid #7e0548; border-radius: 5px; padding: 15px; box-shadow: 2px 2px 10px rgba(216&comma;216&comma;216&comma;0.5);'>\n<h3 style='font-size: 20px; margin-top: 0; margin-bottom: 15px; color: inherit; opacity: 0.8;'>Usuarios:<\/h3>\n<ul style='padding-left: 20px; margin: 0; font-size: 14px; color: inherit;'>\n<li style='margin-bottom: 5px;'>Usuarios (1:1) 10&comma;000.<\/li>\n<li style='margin-bottom: 5px;'>Usuarios (1:N) 10&comma;000.<\/li>\n<li style='margin-bottom: 5px;'>Plantillas (huellas) (1:1) 20&comma;000.<\/li>\n<li style='margin-bottom: 5px;'>Plantillas (huellas) (1:N) 20&comma;000.<\/li>\n<li style='margin-bottom: 5px;'>Eventos: 1 000 000.<\/li>\n<\/ul><\/div>\n<p> <!-- Notas --> <\/p>\n<div style='flex: 1 1 300px; min-width: 280px; border-left: 5px solid #7e0548; border-radius: 5px; padding: 15px; box-shadow: 2px 2px 10px rgba(216&comma;216&comma;216&comma;0.5);'>\n<h3 style='font-size: 20px; margin-top: 0; margin-bottom: 15px; color: inherit; opacity: 0.8;'>Notas:<\/h3>\n<ul style='padding-left: 20px; margin: 0; font-size: 14px; color: inherit;'>\n<li style='margin-bottom: 5px;'>BLN2OAB Con Teclado y Lector de Tarjetas RFIDNFC y (125kHz EM&comma; HID Prox &#038;13.56Mhz MIFARE&comma; MIFARE Plus&comma; DESFire\/EV1&comma; FeliCa&comma; iCLASS SE\/SR)&comma;NFC y BLUETOOTH.<\/li>\n<li style='margin-bottom: 5px;'>Requiere de software BIOSTAR2 2.6 o superior (no incluido)<\/li>\n<\/ul><\/div>\n<\/p><\/div>\n<p> <!-- Galer\u00eda de im\u00e1genes --> <\/p>\n<div style='display: flex; flex-wrap: wrap; gap: 20px; margin-bottom: 30px;'>\n<div style='flex: 1 1 45%; min-width: 300px;'> <img style='width: 100%; height: auto; border: 1px solid rgba(150&comma;150&comma;150&comma;0.3); border-radius: 8px;' src='https:\/\/ftp3.syscom.mx\/usuarios\/fotos\/BLN2ODB\/159169-identificacion1.png' alt='Identificaci\u00f3n'> <\/div>\n<div style='flex: 1 1 45%; min-width: 300px;'> <img style='width: 100%; height: auto; border: 1px solid rgba(150&comma;150&comma;150&comma;0.3); border-radius: 8px;' src='https:\/\/ftp3.syscom.mx\/usuarios\/fotos\/BLN2ODB\/159169-interfaz1.png' alt='Interfaz'> <\/div>\n<div style='flex: 1 1 45%; min-width: 300px;'> <img style='width: 100%; height: auto; border: 1px solid rgba(150&comma;150&comma;150&comma;0.3); border-radius: 8px;' src='https:\/\/ftp3.syscom.mx\/usuarios\/fotos\/BLN2ODB\/159169-ip67.1.png' alt='IP67'> <\/div>\n<div style='flex: 1 1 45%; min-width: 300px;'> <img style='width: 100%; height: auto; border: 1px solid rgba(150&comma;150&comma;150&comma;0.3); border-radius: 8px;' src='https:\/\/ftp3.syscom.mx\/usuarios\/fotos\/BLN2ODB\/159169-tarjetas1.png' alt='Tarjetas'> <\/div>\n<\/p><\/div>\n<p> <!-- Video --> <\/p>\n<div style='margin: 40px 0;'>\n<div style='position: relative; padding-bottom: 56.25%; height: 0; overflow: hidden;'>   <\/div>\n<\/p><\/div>\n<p> <!-- Enlace a base de conocimiento --> <\/p>\n<div style='text-align: center; margin: 40px 0 20px;'>\n<h2 style='margin: 0 0 15px; font-size: 20px;'>Visite nuestra Base de conocimiento de<\/h2>\n<h1 style='margin: 0;'><a href='http:\/\/conocimiento.syscom.mx\/article-category\/suprema\/' style='color: inherit; text-decoration: none;'>SUPREMA<\/a><\/h1>\n<\/p><\/div>\n<p> <!-- Tabla de especificaciones --> <\/p>\n<div style='margin-top: 40px;'>\n<h3 style='font-size: 22px; margin-bottom: 15px; color: inherit; opacity: 0.8; border-bottom: 2px solid currentColor; padding-bottom: 5px;'>Especificaciones<\/h3>\n<p style='text-align: right; margin: 0 0 15px; font-size: 14px; color: #9c2c49;'>Scroll horizontal para ver todas las especificaciones<\/p>\n<div style='overflow-x: auto; -webkit-overflow-scrolling: touch; margin-bottom: 30px;'>\n<table style='width: 100%; min-width: 1200px; border-collapse: collapse;'>\n<thead>\n<tr>\n<th style='background: #f5f5f5; color: #222222; font-weight: 600; border: 1px solid #eeeeee; border-top: 2px solid #cccccc; padding: 12px; text-align: left;'>Modelo<\/th>\n<th style='background: #f5f5f5; color: #222222; font-weight: 600; border: 1px solid #eeeeee; border-top: 2px solid #cccccc; padding: 12px; text-align: left;'>BLN2-ODB<\/th>\n<\/tr>\n<\/thead>\n<tbody>\n<tr>\n<td style='background: #f5f5f5; font-weight: 600; border: 1px solid #eeeeee; padding: 12px; text-align: left;'>Credenciales<\/td>\n<td style='border: 1px solid #eeeeee; padding: 12px; text-align: left;'>125kHz EM &#038; 13.56MHz MIFARE&comma; MIFARE Plus&comma; DESFire&comma; DESFire EV1\/EV2\/EV3&comma; FeliCa&comma; NFC &#038; 2.4GHz BLE<\/td>\n<\/tr>\n<tr>\n<td style='background: #f5f5f5; font-weight: 600; border: 1px solid #eeeeee; padding: 12px; text-align: left;'>Rango de lectura RFID<\/td>\n<td style='border: 1px solid #eeeeee; padding: 12px; text-align: left;'>MIFARE\/DESFire: 50 mm&comma; EM\/FeliCa: 30 mm<\/td>\n<\/tr>\n<tr>\n<td style='background: #f5f5f5; font-weight: 600; border: 1px solid #eeeeee; padding: 12px; text-align: left;'>Tarjeta m\u00f3vil<\/td>\n<td style='border: 1px solid #eeeeee; padding: 12px; text-align: left;'>NFC&comma; BLE<\/td>\n<\/tr>\n<tr>\n<td style='background: #f5f5f5; font-weight: 600; border: 1px solid #eeeeee; padding: 12px; text-align: left;'>Protecci\u00f3n IP<\/td>\n<td style='border: 1px solid #eeeeee; padding: 12px; text-align: left;'>IP67<\/td>\n<\/tr>\n<tr>\n<td style='background: #f5f5f5; font-weight: 600; border: 1px solid #eeeeee; padding: 12px; text-align: left;'>Protecci\u00f3n IK<\/td>\n<td style='border: 1px solid #eeeeee; padding: 12px; text-align: left;'>No soportado<\/td>\n<\/tr>\n<tr>\n<td style='background: #f5f5f5; font-weight: 600; border: 1px solid #eeeeee; padding: 12px; text-align: left;'>Formato de plantilla<\/td>\n<td style='border: 1px solid #eeeeee; padding: 12px; text-align: left;'>SUPREMA \/ ISO 19794-2 \/ ANSI 378<\/td>\n<\/tr>\n<tr>\n<td style='background: #f5f5f5; font-weight: 600; border: 1px solid #eeeeee; padding: 12px; text-align: left;'>Certificaci\u00f3n MINEX<\/td>\n<td style='border: 1px solid #eeeeee; padding: 12px; text-align: left;'>Certificado y compatible<\/td>\n<\/tr>\n<tr>\n<td style='background: #f5f5f5; font-weight: 600; border: 1px solid #eeeeee; padding: 12px; text-align: left;'>Detecci\u00f3n de huella viva<\/td>\n<td style='border: 1px solid #eeeeee; padding: 12px; text-align: left;'>Soportado (basado en SW)<\/td>\n<\/tr>\n<tr>\n<td style='background: #f5f5f5; font-weight: 600; border: 1px solid #eeeeee; padding: 12px; text-align: left;'>Usuarios m\u00e1ximos<\/td>\n<td style='border: 1px solid #eeeeee; padding: 12px; text-align: left;'>10&comma;000<\/td>\n<\/tr>\n<tr>\n<td style='background: #f5f5f5; font-weight: 600; border: 1px solid #eeeeee; padding: 12px; text-align: left;'>Credenciales (1:N)<\/td>\n<td style='border: 1px solid #eeeeee; padding: 12px; text-align: left;'>Huella: 10&comma;000<\/td>\n<\/tr>\n<tr>\n<td style='background: #f5f5f5; font-weight: 600; border: 1px solid #eeeeee; padding: 12px; text-align: left;'>Credenciales (1:1)<\/td>\n<td style='border: 1px solid #eeeeee; padding: 12px; text-align: left;'>Huella: 10&comma;000 \/ Tarjeta: 10&comma;000 \/ PIN: 10&comma;000<\/td>\n<\/tr>\n<tr>\n<td style='background: #f5f5f5; font-weight: 600; border: 1px solid #eeeeee; padding: 12px; text-align: left;'>Registros de texto<\/td>\n<td style='border: 1px solid #eeeeee; padding: 12px; text-align: left;'>1&comma;000&comma;000<\/td>\n<\/tr>\n<tr>\n<td style='background: #f5f5f5; font-weight: 600; border: 1px solid #eeeeee; padding: 12px; text-align: left;'>Registros de imagen<\/td>\n<td style='border: 1px solid #eeeeee; padding: 12px; text-align: left;'>No soportado<\/td>\n<\/tr>\n<tr>\n<td style='background: #f5f5f5; font-weight: 600; border: 1px solid #eeeeee; padding: 12px; text-align: left;'>Procesador<\/td>\n<td style='border: 1px solid #eeeeee; padding: 12px; text-align: left;'>1.2 GHz<\/td>\n<\/tr>\n<tr>\n<td style='background: #f5f5f5; font-weight: 600; border: 1px solid #eeeeee; padding: 12px; text-align: left;'>Memoria<\/td>\n<td style='border: 1px solid #eeeeee; padding: 12px; text-align: left;'>4GB Flash + 64Mb RAM<\/td>\n<\/tr>\n<tr>\n<td style='background: #f5f5f5; font-weight: 600; border: 1px solid #eeeeee; padding: 12px; text-align: left;'>M\u00f3dulo criptogr\u00e1fico<\/td>\n<td style='border: 1px solid #eeeeee; padding: 12px; text-align: left;'>Soportado<\/td>\n<\/tr>\n<tr>\n<td style='background: #f5f5f5; font-weight: 600; border: 1px solid #eeeeee; padding: 12px; text-align: left;'>Tipo de LCD<\/td>\n<td style='border: 1px solid #eeeeee; padding: 12px; text-align: left;'>1.77\u201d color TFT LCD<\/td>\n<\/tr>\n<tr>\n<td style='background: #f5f5f5; font-weight: 600; border: 1px solid #eeeeee; padding: 12px; text-align: left;'>LED<\/td>\n<td style='border: 1px solid #eeeeee; padding: 12px; text-align: left;'>No soportado<\/td>\n<\/tr>\n<tr>\n<td style='background: #f5f5f5; font-weight: 600; border: 1px solid #eeeeee; padding: 12px; text-align: left;'>Sonido<\/td>\n<td style='border: 1px solid #eeeeee; padding: 12px; text-align: left;'>16-bit<\/td>\n<\/tr>\n<tr>\n<td style='background: #f5f5f5; font-weight: 600; border: 1px solid #eeeeee; padding: 12px; text-align: left;'>Temperatura operaci\u00f3n<\/td>\n<td style='border: 1px solid #eeeeee; padding: 12px; text-align: left;'>-20\u00b0C ~ 50\u00b0C (-4\u00b0F ~ 122\u00b0F)<\/td>\n<\/tr>\n<tr>\n<td style='background: #f5f5f5; font-weight: 600; border: 1px solid #eeeeee; padding: 12px; text-align: left;'>Temperatura almacenamiento<\/td>\n<td style='border: 1px solid #eeeeee; padding: 12px; text-align: left;'>-40\u00b0C ~ 70\u00b0C (-40\u00b0F ~ 158\u00b0F)<\/td>\n<\/tr>\n<tr>\n<td style='background: #f5f5f5; font-weight: 600; border: 1px solid #eeeeee; padding: 12px; text-align: left;'>Humedad operaci\u00f3n<\/td>\n<td style='border: 1px solid #eeeeee; padding: 12px; text-align: left;'>0% ~ 80%&comma; sin condensaci\u00f3n<\/td>\n<\/tr>\n<tr>\n<td style='background: #f5f5f5; font-weight: 600; border: 1px solid #eeeeee; padding: 12px; text-align: left;'>Humedad almacenamiento<\/td>\n<td style='border: 1px solid #eeeeee; padding: 12px; text-align: left;'>0% ~ 90%&comma; sin condensaci\u00f3n<\/td>\n<\/tr>\n<tr>\n<td style='background: #f5f5f5; font-weight: 600; border: 1px solid #eeeeee; padding: 12px; text-align: left;'>Peso<\/td>\n<td style='border: 1px solid #eeeeee; padding: 12px; text-align: left;'>Dispositivo: 255g&comma; Soporte: 57g (incluye tornillos y arandelas)<\/td>\n<\/tr>\n<tr>\n<td style='background: #f5f5f5; font-weight: 600; border: 1px solid #eeeeee; padding: 12px; text-align: left;'>Dimensiones<\/td>\n<td style='border: 1px solid #eeeeee; padding: 12px; text-align: left;'>58 x 190 x 44 (Fondo) \/ 34.6 (Parte superior) (mm)<\/td>\n<\/tr>\n<tr>\n<td style='background: #f5f5f5; font-weight: 600; border: 1px solid #eeeeee; padding: 12px; text-align: left;'>Certificaciones<\/td>\n<td style='border: 1px solid #eeeeee; padding: 12px; text-align: left;'>CE&comma; UKCA&comma; KC&comma; FCC&comma; IC&comma; RCM&comma; BIS&comma; SIG&comma; RoHS&comma; REACH&comma; WEEE<\/td>\n<\/tr>\n<tr>\n<td style='background: #f5f5f5; font-weight: 600; border: 1px solid #eeeeee; padding: 12px; text-align: left;'>Wi-Fi<\/td>\n<td style='border: 1px solid #eeeeee; padding: 12px; text-align: left;'>No soportado<\/td>\n<\/tr>\n<tr>\n<td style='background: #f5f5f5; font-weight: 600; border: 1px solid #eeeeee; padding: 12px; text-align: left;'>Ethernet<\/td>\n<td style='border: 1px solid #eeeeee; padding: 12px; text-align: left;'>Soportado (10\/100 Mbps&comma; auto MDI\/MDI-X)<\/td>\n<\/tr>\n<tr>\n<td style='background: #f5f5f5; font-weight: 600; border: 1px solid #eeeeee; padding: 12px; text-align: left;'>RS-485<\/td>\n<td style='border: 1px solid #eeeeee; padding: 12px; text-align: left;'>1 canal Master \/ Slave (seleccionable)<\/td>\n<\/tr>\n<tr>\n<td style='background: #f5f5f5; font-weight: 600; border: 1px solid #eeeeee; padding: 12px; text-align: left;'>Protocolo RS-485<\/td>\n<td style='border: 1px solid #eeeeee; padding: 12px; text-align: left;'>OSDP V2 Compliant<\/td>\n<\/tr>\n<tr>\n<td style='background: #f5f5f5; font-weight: 600; border: 1px solid #eeeeee; padding: 12px; text-align: left;'>Wiegand<\/td>\n<td style='border: 1px solid #eeeeee; padding: 12px; text-align: left;'>1 canal Entrada \/ Salida (seleccionable)<\/td>\n<\/tr>\n<tr>\n<td style='background: #f5f5f5; font-weight: 600; border: 1px solid #eeeeee; padding: 12px; text-align: left;'>Entrada TTL<\/td>\n<td style='border: 1px solid #eeeeee; padding: 12px; text-align: left;'>2 canales de entrada<\/td>\n<\/tr>\n<tr>\n<td style='background: #f5f5f5; font-weight: 600; border: 1px solid #eeeeee; padding: 12px; text-align: left;'>Relay<\/td>\n<td style='border: 1px solid #eeeeee; padding: 12px; text-align: left;'>1 Relay<\/td>\n<\/tr>\n<tr>\n<td style='background: #f5f5f5; font-weight: 600; border: 1px solid #eeeeee; padding: 12px; text-align: left;'>USB<\/td>\n<td style='border: 1px solid #eeeeee; padding: 12px; text-align: left;'>No soportado<\/td>\n<\/tr>\n<tr>\n<td style='background: #f5f5f5; font-weight: 600; border: 1px solid #eeeeee; padding: 12px; text-align: left;'>Tarjeta SD<\/td>\n<td style='border: 1px solid #eeeeee; padding: 12px; text-align: left;'>No soportado<\/td>\n<\/tr>\n<tr>\n<td style='background: #f5f5f5; font-weight: 600; border: 1px solid #eeeeee; padding: 12px; text-align: left;'>PoE<\/td>\n<td style='border: 1px solid #eeeeee; padding: 12px; text-align: left;'>No soportado<\/td>\n<\/tr>\n<tr>\n<td style='background: #f5f5f5; font-weight: 600; border: 1px solid #eeeeee; padding: 12px; text-align: left;'>Intercom<\/td>\n<td style='border: 1px solid #eeeeee; padding: 12px; text-align: left;'>No soportado<\/td>\n<\/tr>\n<tr>\n<td style='background: #f5f5f5; font-weight: 600; border: 1px solid #eeeeee; padding: 12px; text-align: left;'>Tamper<\/td>\n<td style='border: 1px solid #eeeeee; padding: 12px; text-align: left;'>Soportado<\/td>\n<\/tr>\n<tr>\n<td style='background: #f5f5f5; font-weight: 600; border: 1px solid #eeeeee; padding: 12px; text-align: left;'>Alimentaci\u00f3n<\/td>\n<td style='border: 1px solid #eeeeee; padding: 12px; text-align: left;'>Voltaje: 12 Vdc<br \/>Corriente: M\u00e1x. 0.4 A<\/td>\n<\/tr>\n<\/tbody>\n<\/table><\/div>\n<\/p><\/div>\n<p> <!-- Separador final --> <\/p>\n<hr style='border: 0; border-top: 1px solid rgba(150&comma; 150&comma; 150&comma; 0.3); margin: 40px 0;'> <\/div>\n","protected":false},"excerpt":{"rendered":"<p>Lector de Huella IP67 Con Teclado y Lector de Tarjetas RFIDNFC y  (125kHz EM, HID Prox &#038;13.56Mhz MIFARE, MIFARE Plus, DESFire\/EV1, FeliCa, iCLASS SE\/SR),NFC y BLUETOOTH, Certificado FBI PIV<\/p>\n","protected":false},"featured_media":26655,"comment_status":"open","ping_status":"closed","template":"","meta":[],"product_brand":[],"product_cat":[743],"product_tag":[744,745,798],"class_list":{"0":"post-26656","1":"product","2":"type-product","3":"status-publish","4":"has-post-thumbnail","6":"product_cat-para-tiempo-y-asistencia-checadores","7":"product_tag-biometricos","8":"product_tag-para-tiempo-y-asistencia-checadores","9":"product_tag-suprema","11":"first","12":"outofstock","13":"sale","14":"shipping-taxable","15":"purchasable","16":"product-type-simple"},"_links":{"self":[{"href":"https:\/\/soydeaqui.ddns.net\/pachuca\/index.php\/wp-json\/wp\/v2\/product\/26656","targetHints":{"allow":["GET"]}}],"collection":[{"href":"https:\/\/soydeaqui.ddns.net\/pachuca\/index.php\/wp-json\/wp\/v2\/product"}],"about":[{"href":"https:\/\/soydeaqui.ddns.net\/pachuca\/index.php\/wp-json\/wp\/v2\/types\/product"}],"replies":[{"embeddable":true,"href":"https:\/\/soydeaqui.ddns.net\/pachuca\/index.php\/wp-json\/wp\/v2\/comments?post=26656"}],"wp:featuredmedia":[{"embeddable":true,"href":"https:\/\/soydeaqui.ddns.net\/pachuca\/index.php\/wp-json\/wp\/v2\/media\/26655"}],"wp:attachment":[{"href":"https:\/\/soydeaqui.ddns.net\/pachuca\/index.php\/wp-json\/wp\/v2\/media?parent=26656"}],"wp:term":[{"taxonomy":"product_brand","embeddable":true,"href":"https:\/\/soydeaqui.ddns.net\/pachuca\/index.php\/wp-json\/wp\/v2\/product_brand?post=26656"},{"taxonomy":"product_cat","embeddable":true,"href":"https:\/\/soydeaqui.ddns.net\/pachuca\/index.php\/wp-json\/wp\/v2\/product_cat?post=26656"},{"taxonomy":"product_tag","embeddable":true,"href":"https:\/\/soydeaqui.ddns.net\/pachuca\/index.php\/wp-json\/wp\/v2\/product_tag?post=26656"}],"curies":[{"name":"wp","href":"https:\/\/api.w.org\/{rel}","templated":true}]}}