{"id":2664,"date":"2026-03-18T05:59:33","date_gmt":"2026-03-18T05:59:33","guid":{"rendered":"https:\/\/soydeaqui.ddns.net\/pachuca\/index.php\/producto\/modulo-de-comunicacion-celular-lte-prolte-compatible-con-paneles-proa7m-y-proa7plus-antena-dual-penta-band-lte-transmision-maxima-490ma-rango-extendido-con-antena-opcional\/"},"modified":"2026-03-18T05:59:33","modified_gmt":"2026-03-18T05:59:33","slug":"modulo-de-comunicacion-celular-lte-prolte-compatible-con-paneles-proa7m-y-proa7plus-antena-dual-penta-band-lte-transmision-maxima-490ma-rango-extendido-con-antena-opcional","status":"publish","type":"product","link":"https:\/\/soydeaqui.ddns.net\/pachuca\/index.php\/producto\/modulo-de-comunicacion-celular-lte-prolte-compatible-con-paneles-proa7m-y-proa7plus-antena-dual-penta-band-lte-transmision-maxima-490ma-rango-extendido-con-antena-opcional\/","title":{"rendered":"M\u00f3dulo de Comunicaci\u00f3n Celular LTE PROLTE \/ Compatible con Paneles PROA7M y PROA7PLUS \/ Antena Dual Penta-Band LTE \/ Transmisi\u00f3n M\u00e1xima 490mA \/ Rango Extendido con Antena Opcional"},"content":{"rendered":"<div style='width: 100%; max-width: 1200px; margin: 0 auto; font-family: sans-serif; line-height: 1.6; color: inherit; background-color: transparent;'>\n<div style='margin-bottom: 30px;'>\n<p style='font-size: 18px; line-height: 1.6; margin: 0;'>El M\u00f3dulo de Comunicaci\u00f3n Celular LTE de la serie PROLTE proporciona una conexi\u00f3n celular robusta y confiable para los paneles de control compatibles con ProSeries&comma; permitiendo la comunicaci\u00f3n con la estaci\u00f3n central a trav\u00e9s de la red de radio celular. Este m\u00f3dulo se conecta directamente al panel de control&comma; que lo alimenta&comma; y es compatible con las series PROA7PLUS y PROA7M<\/p>\n<\/p><\/div>\n<div style='margin-bottom: 30px;'>\n<h2 style='font-size: 24px; font-weight: 600; margin: 0 0 15px 0; color: inherit; opacity: 0.9;'>Caracter\u00edsticas Principales<\/h2>\n<div style='display: flex; flex-wrap: wrap; gap: 20px;'>\n<div style='flex: 1 1 300px; min-width: 280px;'>\n<ul style='padding-left: 20px; font-size: 15px; color: inherit; margin: 0;'>\n<li style='margin-bottom: 8px;'>Compatibilidad con soluciones h\u00edbridas y todo en uno<\/li>\n<li style='margin-bottom: 8px;'>Facilidad de reemplazo por el usuario&comma; evitando futuras visitas de soporte t\u00e9cnico<\/li>\n<li style='margin-bottom: 8px;'>Rango extendido con la opci\u00f3n de antena extendida<\/li>\n<li style='margin-bottom: 8px;'>Antena dual Penta-Band para LTE&comma; compatible con Bandas LTE 12&comma; 13&comma; 5&comma; 4 y 2<\/li>\n<\/ul><\/div>\n<\/p><\/div>\n<\/p><\/div>\n<div style='margin-bottom: 30px;'>\n<h2 style='font-size: 24px; font-weight: 600; margin: 0 0 15px 0; color: inherit; opacity: 0.9;'>Detalles T\u00e9cnicos<\/h2>\n<div style='display: flex; flex-wrap: wrap; gap: 20px;'>\n<div style='flex: 1 1 300px; min-width: 280px;'>\n<div style='border: 1px solid rgba(150&comma; 150&comma; 150&comma; 0.4); border-radius: 8px; overflow: hidden; display: flex; flex-direction: column;'>\n<div style='padding: 15px; border-bottom: 1px solid rgba(150&comma; 150&comma; 150&comma; 0.2); font-weight: bold; font-size: 18px; color: inherit;'>Especificaciones<\/div>\n<div style='padding: 15px; color: inherit;'>\n<ul style='padding-left: 20px; margin: 0; font-size: 14px; list-style-type: disc;'>\n<li style='margin-bottom: 8px;'>Consumo de corriente: 30mA inactivo&comma; 490mA en transmisi\u00f3n m\u00e1xima<\/li>\n<li style='margin-bottom: 8px;'>Bater\u00eda de reserva: S\u00ed (panel)<\/li>\n<li style='margin-bottom: 8px;'>Temperatura de funcionamiento: 32 a 122 \u00b0F \/ 0\u00b0 a 50 \u00b0C<\/li>\n<li style='margin-bottom: 8px;'>Temperatura de almacenamiento: -40 \u00b0F (-40 \u00b0C) a 158 \u00b0F (70 \u00b0C)<\/li>\n<li style='margin-bottom: 8px;'>Humedad de funcionamiento: 95% m\u00e1xima&comma; sin condensaci\u00f3n<\/li>\n<li style='margin-bottom: 8px;'>Dimensiones: 2&comma;7&#8242; (70 mm) largo x 2&comma;8&#8242; (72 mm) ancho x 0&comma;7&#8242; (18 mm) alto<\/li>\n<\/ul><\/div>\n<\/p><\/div>\n<\/p><\/div>\n<div style='flex: 1 1 300px; min-width: 280px;'>\n<div style='border: 1px solid rgba(150&comma; 150&comma; 150&comma; 0.4); border-radius: 8px; overflow: hidden; display: flex; flex-direction: column;'>\n<div style='padding: 15px; border-bottom: 1px solid rgba(150&comma; 150&comma; 150&comma; 0.2); font-weight: bold; font-size: 18px; color: inherit;'>Interfaces y Conectividad<\/div>\n<div style='padding: 15px; color: inherit;'>\n<ul style='padding-left: 20px; margin: 0; font-size: 14px; list-style-type: disc;'>\n<li style='margin-bottom: 8px;'>Antena dual Penta-Band para LTE<\/li>\n<li style='margin-bottom: 8px;'>Compatibilidad con Bandas LTE 12&comma; 13&comma; 5&comma; 4 y 2<\/li>\n<\/ul><\/div>\n<\/p><\/div>\n<\/p><\/div>\n<\/p><\/div>\n<\/p><\/div>\n<div style='margin-bottom: 30px;'>\n<h2 style='font-size: 24px; font-weight: 600; margin: 0 0 15px 0; color: inherit; opacity: 0.9;'>Aplicaciones y Casos de Uso<\/h2>\n<div style='display: flex; flex-wrap: wrap; gap: 20px;'>\n<div style='flex: 1 1 250px; min-width: 250px;'>\n<div style='border: 1px solid rgba(150&comma; 150&comma; 150&comma; 0.4); border-radius: 8px; overflow: hidden; display: flex; flex-direction: column;'>\n<div style='padding: 15px; border-bottom: 1px solid rgba(150&comma; 150&comma; 150&comma; 0.2); font-weight: bold; font-size: 18px; color: inherit;'>Seguridad Residencial<\/div>\n<div style='padding: 15px; color: inherit;'>\n<p style='margin: 0; font-size: 14px;'>Ideal para sistemas de seguridad residencial que requieren comunicaci\u00f3n celular confiable.<\/p>\n<\/p><\/div>\n<\/p><\/div>\n<\/p><\/div>\n<div style='flex: 1 1 250px; min-width: 250px;'>\n<div style='border: 1px solid rgba(150&comma; 150&comma; 150&comma; 0.4); border-radius: 8px; overflow: hidden; display: flex; flex-direction: column;'>\n<div style='padding: 15px; border-bottom: 1px solid rgba(150&comma; 150&comma; 150&comma; 0.2); font-weight: bold; font-size: 18px; color: inherit;'>Seguridad Comercial<\/div>\n<div style='padding: 15px; color: inherit;'>\n<p style='margin: 0; font-size: 14px;'>Perfecto para aplicaciones comerciales que necesitan una conexi\u00f3n celular robusta y de bajo mantenimiento.<\/p>\n<\/p><\/div>\n<\/p><\/div>\n<\/p><\/div>\n<div style='flex: 1 1 250px; min-width: 250px;'>\n<div style='border: 1px solid rgba(150&comma; 150&comma; 150&comma; 0.4); border-radius: 8px; overflow: hidden; display: flex; flex-direction: column;'>\n<div style='padding: 15px; border-bottom: 1px solid rgba(150&comma; 150&comma; 150&comma; 0.2); font-weight: bold; font-size: 18px; color: inherit;'>Monitoreo Remoto<\/div>\n<div style='padding: 15px; color: inherit;'>\n<p style='margin: 0; font-size: 14px;'>Excelente para sistemas de monitoreo remoto que dependen de la conectividad celular.<\/p>\n<\/p><\/div>\n<\/p><\/div>\n<\/p><\/div>\n<\/p><\/div>\n<\/p><\/div>\n<\/p><\/div>\n","protected":false},"excerpt":{"rendered":"<p>M\u00f3dulo de Comunicaci\u00f3n Celular LTE PROLTE \/ Compatible con Paneles PROA7M y PROA7PLUS \/ Antena Dual Penta-Band LTE \/ Transmisi\u00f3n M\u00e1xima 490mA \/ Rango Extendido con Antena Opcional<\/p>\n","protected":false},"featured_media":2663,"comment_status":"open","ping_status":"closed","template":"","meta":[],"product_brand":[],"product_cat":[206],"product_tag":[207,45,180],"class_list":{"0":"post-2664","1":"product","2":"type-product","3":"status-publish","4":"has-post-thumbnail","6":"product_cat-comunicadores","7":"product_tag-comunicadores","8":"product_tag-honeywell-home-resideo","9":"product_tag-total-connect-honeywell","11":"first","12":"outofstock","13":"sale","14":"shipping-taxable","15":"purchasable","16":"product-type-simple"},"_links":{"self":[{"href":"https:\/\/soydeaqui.ddns.net\/pachuca\/index.php\/wp-json\/wp\/v2\/product\/2664","targetHints":{"allow":["GET"]}}],"collection":[{"href":"https:\/\/soydeaqui.ddns.net\/pachuca\/index.php\/wp-json\/wp\/v2\/product"}],"about":[{"href":"https:\/\/soydeaqui.ddns.net\/pachuca\/index.php\/wp-json\/wp\/v2\/types\/product"}],"replies":[{"embeddable":true,"href":"https:\/\/soydeaqui.ddns.net\/pachuca\/index.php\/wp-json\/wp\/v2\/comments?post=2664"}],"wp:featuredmedia":[{"embeddable":true,"href":"https:\/\/soydeaqui.ddns.net\/pachuca\/index.php\/wp-json\/wp\/v2\/media\/2663"}],"wp:attachment":[{"href":"https:\/\/soydeaqui.ddns.net\/pachuca\/index.php\/wp-json\/wp\/v2\/media?parent=2664"}],"wp:term":[{"taxonomy":"product_brand","embeddable":true,"href":"https:\/\/soydeaqui.ddns.net\/pachuca\/index.php\/wp-json\/wp\/v2\/product_brand?post=2664"},{"taxonomy":"product_cat","embeddable":true,"href":"https:\/\/soydeaqui.ddns.net\/pachuca\/index.php\/wp-json\/wp\/v2\/product_cat?post=2664"},{"taxonomy":"product_tag","embeddable":true,"href":"https:\/\/soydeaqui.ddns.net\/pachuca\/index.php\/wp-json\/wp\/v2\/product_tag?post=2664"}],"curies":[{"name":"wp","href":"https:\/\/api.w.org\/{rel}","templated":true}]}}