{"id":26618,"date":"2026-03-18T12:18:02","date_gmt":"2026-03-18T12:18:02","guid":{"rendered":"https:\/\/soydeaqui.ddns.net\/pachuca\/index.php\/producto\/sensor-infrarrojo-para-deteccion-de-presencia-montaje-empotrable-no-requiere-reflector-para-su-funcionamiento-salida-de-relevador-na-o-nc\/"},"modified":"2026-03-18T12:18:03","modified_gmt":"2026-03-18T12:18:03","slug":"sensor-infrarrojo-para-deteccion-de-presencia-montaje-empotrable-no-requiere-reflector-para-su-funcionamiento-salida-de-relevador-na-o-nc","status":"publish","type":"product","link":"https:\/\/soydeaqui.ddns.net\/pachuca\/index.php\/producto\/sensor-infrarrojo-para-deteccion-de-presencia-montaje-empotrable-no-requiere-reflector-para-su-funcionamiento-salida-de-relevador-na-o-nc\/","title":{"rendered":"Sensor Infrarrojo Para Detecci\u00f3n de Presencia \/ Montaje Empotrable \/ No Requiere Reflector para su funcionamiento \/ Salida de relevador NA o NC"},"content":{"rendered":"<div style='width: 100%; max-width: 1200px; margin: 0 auto; font-family: sans-serif; line-height: 1.6; color: inherit; background-color: transparent;'>\n<div style='display: flex; flex-wrap: wrap; gap: 30px; margin-bottom: 30px;'>\n<div style='flex: 1 1 300px; min-width: 280px;'>\n<h3 style='font-size: 22px; border-bottom: 2px solid currentColor; padding-bottom: 5px; margin-top: 0; color: inherit; opacity: 0.8;'>Caracter\u00edsticas principales<\/h3>\n<ul style='padding-left: 20px; font-size: 15px; color: inherit;'>\n<li style='margin-bottom: 5px;'>Equipo con tecnologia infrarroja<\/li>\n<li style='margin-bottom: 5px;'>Modo de detecci\u00f3n: Presencia<\/li>\n<li style='margin-bottom: 5px;'>Salidas de relevador NC y NO<\/li>\n<\/ul><\/div>\n<div style='flex: 1 1 300px; min-width: 280px;'>\n<h3 style='font-size: 22px; border-bottom: 2px solid currentColor; padding-bottom: 5px; margin-top: 0; color: inherit; opacity: 0.8;'>Caracter\u00edsticas F\u00edsicas y El\u00e9ctricas<\/h3>\n<ul style='padding-left: 20px; font-size: 15px; color: inherit;'>\n<li style='margin-bottom: 5px;'>Alimentaci\u00f3n 24 VAC \/ VDC<\/li>\n<li style='margin-bottom: 5px;'>Consumo de energia 60 mA<\/li>\n<li style='margin-bottom: 5px;'>Temperatura de operaci\u00f3n -30 \u00b0C a 60 \u00b0C<\/li>\n<\/ul><\/div>\n<div style='flex: 1 1 300px; min-width: 280px;'>\n<h3 style='font-size: 22px; border-bottom: 2px solid currentColor; padding-bottom: 5px; margin-top: 0; color: inherit; opacity: 0.8;'>Caracter\u00edsticas Destacadas<\/h3>\n<ul style='padding-left: 20px; font-size: 15px; color: inherit;'>\n<li style='margin-bottom: 5px;'>No requiere reflector<\/li>\n<li style='margin-bottom: 5px;'>Montaje para empotrar<\/li>\n<li style='margin-bottom: 5px;'>Leds indicadores de estatus<\/li>\n<\/ul><\/div>\n<\/p><\/div>\n<hr style='border: 0; border-top: 1px solid rgba(150&comma; 150&comma; 150&comma; 0.3); margin: 30px 0;'>\n<div style='display: grid; grid-template-columns: 1fr; gap: 30px; margin-bottom: 30px;'>\n<div>\n<p style='font-size: 14pt; font-weight: bold; margin: 0 0 15px 0; color: inherit;'>10-FOCUS2<\/p>\n<p style='margin: 0 0 15px 0; color: inherit;'>La familia Focus de BEA est\u00e1 compuesta por sensores infrarrojos de presencia dise\u00f1ados para detectar efectivamente personas y objetos. Estos sensores compactos pueden ser utilizados en una variedad de aplicaciones donde el espacio puede ser limitado o se necesita deteccion adicional para complementar instalaciones ya existentes.<\/p>\n<p style='font-size: 14pt; font-weight: bold; margin: 25px 0 15px 0; color: inherit;'>Principales Aplicaciones<\/p>\n<ul style='padding-left: 20px; font-size: 15px; color: inherit;'>\n<li style='margin-bottom: 5px;'>Puertas giratorias<\/li>\n<li style='margin-bottom: 5px;'>Ventanas de auto-servicio<\/li>\n<li style='margin-bottom: 5px;'>Seguridad en barreras vehiculares<\/li>\n<li style='margin-bottom: 5px;'>Detecci\u00f3n para accesos vehiculares<\/li>\n<\/ul>\n<p style='font-size: 14pt; font-weight: bold; margin: 25px 0 15px 0; color: inherit;'>Especificaciones Tecnicas<\/p>\n<ul style='padding-left: 20px; font-size: 15px; color: inherit;'>\n<li style='margin-bottom: 5px;'>Tecnologia infrarroja de activacion<\/li>\n<li style='margin-bottom: 5px;'>Modo de deteccion: Presencia<\/li>\n<li style='margin-bottom: 5px;'>Voltaje de alimentacion: 24 VAC \/ VDC<\/li>\n<li style='margin-bottom: 5px;'>Interfaz de salida: Relevador<\/li>\n<li style='margin-bottom: 5px;'>Zona de deteccion: 0 a 98 pulgadas<\/li>\n<li style='margin-bottom: 5px;'>Duracion de la se\u00f1al de deteccion permanente<\/li>\n<li style='margin-bottom: 5px;'>Leds indicadores de estado<\/li>\n<li style='margin-bottom: 5px;'>Temperatura de operacion -30 \u00b0C a 60 \u00b0C<\/li>\n<li style='margin-bottom: 5px;'>Coneccion de control por medio de 5 cables<\/li>\n<li style='margin-bottom: 5px;'>Salida de relevador NC o NA<\/li>\n<\/ul><\/div>\n<div style='display: flex; justify-content: center; align-items: center;'> <img style='width: 100%; height: auto; border: 1px solid rgba(150&comma;150&comma;150&comma;0.3); border-radius: 8px;' src='https:\/\/ftp3.syscom.mx\/usuarios\/anavarrete\/Bea\/Imagen%20Focus2.jpg' alt=''> <\/div>\n<\/p><\/div>\n<hr style='border: 0; border-top: 1px solid rgba(150&comma; 150&comma; 150&comma; 0.3); margin: 30px 0;'>\n<div style='display: flex; flex-wrap: wrap; gap: 30px; justify-content: center;'>\n<div style='flex: 1 1 300px; min-width: 280px;'> <img style='width: 100%; height: auto; border: 1px solid rgba(150&comma;150&comma;150&comma;0.3); border-radius: 8px;' src='https:\/\/ftp3.syscom.mx\/usuarios\/anavarrete\/Bea\/FOCUS%202%20-%20Gate.png' alt=''> <\/div>\n<div style='flex: 1 1 300px; min-width: 280px;'> <img style='width: 100%; height: auto; border: 1px solid rgba(150&comma;150&comma;150&comma;0.3); border-radius: 8px;' src='https:\/\/ftp3.syscom.mx\/usuarios\/anavarrete\/Bea\/FOCUS%20Family%20-%20Gate.png' alt=''> <\/div>\n<\/p><\/div>\n<\/p><\/div>\n","protected":false},"excerpt":{"rendered":"<p>Sensor Infrarrojo Para Detecci\u00f3n de Presencia \/ Montaje Empotrable \/ No Requiere Reflector para su funcionamiento \/ Salida de relevador NA o NC<\/p>\n","protected":false},"featured_media":26617,"comment_status":"open","ping_status":"closed","template":"","meta":[],"product_brand":[],"product_cat":[777],"product_tag":[401,93,843],"class_list":{"0":"post-26618","1":"product","2":"type-product","3":"status-publish","4":"has-post-thumbnail","6":"product_cat-accesorios-acceso-vehicular","7":"product_tag-acceso-vehicular","8":"product_tag-accesorios","9":"product_tag-bea","11":"first","12":"instock","13":"sale","14":"shipping-taxable","15":"purchasable","16":"product-type-simple"},"_links":{"self":[{"href":"https:\/\/soydeaqui.ddns.net\/pachuca\/index.php\/wp-json\/wp\/v2\/product\/26618","targetHints":{"allow":["GET"]}}],"collection":[{"href":"https:\/\/soydeaqui.ddns.net\/pachuca\/index.php\/wp-json\/wp\/v2\/product"}],"about":[{"href":"https:\/\/soydeaqui.ddns.net\/pachuca\/index.php\/wp-json\/wp\/v2\/types\/product"}],"replies":[{"embeddable":true,"href":"https:\/\/soydeaqui.ddns.net\/pachuca\/index.php\/wp-json\/wp\/v2\/comments?post=26618"}],"wp:featuredmedia":[{"embeddable":true,"href":"https:\/\/soydeaqui.ddns.net\/pachuca\/index.php\/wp-json\/wp\/v2\/media\/26617"}],"wp:attachment":[{"href":"https:\/\/soydeaqui.ddns.net\/pachuca\/index.php\/wp-json\/wp\/v2\/media?parent=26618"}],"wp:term":[{"taxonomy":"product_brand","embeddable":true,"href":"https:\/\/soydeaqui.ddns.net\/pachuca\/index.php\/wp-json\/wp\/v2\/product_brand?post=26618"},{"taxonomy":"product_cat","embeddable":true,"href":"https:\/\/soydeaqui.ddns.net\/pachuca\/index.php\/wp-json\/wp\/v2\/product_cat?post=26618"},{"taxonomy":"product_tag","embeddable":true,"href":"https:\/\/soydeaqui.ddns.net\/pachuca\/index.php\/wp-json\/wp\/v2\/product_tag?post=26618"}],"curies":[{"name":"wp","href":"https:\/\/api.w.org\/{rel}","templated":true}]}}