{"id":26604,"date":"2026-03-18T12:17:43","date_gmt":"2026-03-18T12:17:43","guid":{"rendered":"https:\/\/soydeaqui.ddns.net\/pachuca\/index.php\/producto\/terminal-de-reconocimiento-facial-con-montaje-en-poste-camara-de-2-mp-gran-angular-hik-ia\/"},"modified":"2026-03-18T12:17:44","modified_gmt":"2026-03-18T12:17:44","slug":"terminal-de-reconocimiento-facial-con-montaje-en-poste-camara-de-2-mp-gran-angular-hik-ia","status":"publish","type":"product","link":"https:\/\/soydeaqui.ddns.net\/pachuca\/index.php\/producto\/terminal-de-reconocimiento-facial-con-montaje-en-poste-camara-de-2-mp-gran-angular-hik-ia\/","title":{"rendered":"Terminal de Reconocimiento Facial Con Montaje en Poste \/ Camara de 2 MP Gran Angular \/ HIK-IA"},"content":{"rendered":"<div style='width: 100%; max-width: 1200px; margin: 0 auto; font-family: sans-serif; line-height: 1.6; color: inherit; background-color: transparent;'> <!-- Imagen principal --> <\/p>\n<div style='width: 100%; margin-bottom: 30px;'> <img style='width: 100%; height: auto; border: 1px solid rgba(150&comma;150&comma;150&comma;0.3); border-radius: 8px;' src='https:\/\/ftp3.syscom.mx\/usuarios\/fespinoza\/HIKVISION\/Dispositivos\/Banners\/Deep-learning-2.jpg' alt=''> <\/div>\n<p> <!-- Videos principales --> <\/p>\n<div style='display: grid; grid-template-columns: repeat(auto-fill&comma; minmax(320px&comma; 1fr)); gap: 30px; margin-bottom: 30px;'>\n<div style='position: relative; padding-bottom: 56.25%; height: 0; overflow: hidden;'>   <\/div>\n<div style='position: relative; padding-bottom: 56.25%; height: 0; overflow: hidden;'>   <\/div>\n<div style='position: relative; padding-bottom: 56.25%; height: 0; overflow: hidden;'>   <\/div>\n<\/p><\/div>\n<p> <!-- Secci\u00f3n de caracter\u00edsticas --> <\/p>\n<div style='display: flex; flex-wrap: wrap; gap: 30px; margin-bottom: 30px;'>\n<div style='flex: 1 1 300px; min-width: 280px;'>\n<h3 style='font-size: 22px; border-bottom: 2px solid currentColor; padding-bottom: 5px; margin-top: 0; color: inherit; opacity: 0.8;'>Caracter\u00edsticas principales<\/h3>\n<ul style='padding-left: 20px; font-size: 15px; color: inherit;'>\n<li style='margin-bottom: 5px;'>Pantalla de 7&#8242;<\/li>\n<li style='margin-bottom: 5px;'>C\u00e1mara de 2MP H.264<\/li>\n<li style='margin-bottom: 5px;'>Soporta hasta 20&comma;000 rostros<\/li>\n<li style='margin-bottom: 5px;'>Soporta hasta 50&comma;000 eventos<\/li>\n<li style='margin-bottom: 5px;'>Precisi\u00f3n de reconocimiento del 99.9%<\/li>\n<li style='margin-bottom: 5px;'>Reconocimiento en 0.2 segundos<\/li>\n<li style='margin-bottom: 5px;'>Red&comma; WiFi&comma; TCP\/IP&comma; 1 puerto LAN&comma; RTSP<\/li>\n<li style='margin-bottom: 5px;'>1 x RS485&comma; 1 x Wiegand&comma; 1 x USB<\/li>\n<li style='margin-bottom: 5px;'>Soporta lector de tarjetas externo por RS485 y\/o Wiegand<\/li>\n<\/ul><\/div>\n<div style='flex: 1 1 300px; min-width: 280px;'>\n<h3 style='font-size: 22px; border-bottom: 2px solid currentColor; padding-bottom: 5px; margin-top: 0; color: inherit; opacity: 0.8;'>Caracter\u00edsticas F\u00edsicas y El\u00e9ctricas<\/h3>\n<ul style='padding-left: 20px; font-size: 15px; color: inherit;'>\n<li style='margin-bottom: 5px;'>Aplicaci\u00f3n: Interior<\/li>\n<li style='margin-bottom: 5px;'>Protecci\u00f3n IP65<\/li>\n<li style='margin-bottom: 5px;'>Alimentaci\u00f3n: 12 Vcc&comma; 3A<\/li>\n<li style='margin-bottom: 5px;'>Temperatura de operaci\u00f3n: -30\u00b0C a 60\u00b0C (-22\u00b0F a 140\u00b0F)<\/li>\n<\/ul><\/div>\n<div style='flex: 1 1 300px; min-width: 280px;'>\n<h3 style='font-size: 22px; border-bottom: 2px solid currentColor; padding-bottom: 5px; margin-top: 0; color: inherit; opacity: 0.8;'>Caracter\u00edsticas Destacadas<\/h3>\n<ul style='padding-left: 20px; font-size: 15px; color: inherit;'>\n<li style='margin-bottom: 5px;'>El terminal frontal de la serie DS-K5671 adopta un algoritmo DEEP LEARNING con HIK-IA que ayuda a reconocer el rostro de las personas m\u00e1s r\u00e1pido y con mayor precisi\u00f3n<\/li>\n<li style='margin-bottom: 5px;'>Aplicable en escenarios como edificios&comma; empresas&comma; industrias y otras \u00e1reas importantes<\/li>\n<li style='margin-bottom: 5px;'>Compatible con Torniquete<\/li>\n<\/ul><\/div>\n<\/p><\/div>\n<p> <!-- Consideraciones --> <\/p>\n<div style='border-left: 5px solid #ff0000; border-radius: 8px; padding: 15px; margin-bottom: 30px; background-color: rgba(255&comma; 0&comma; 0&comma; 0.05);'> <strong style='color: inherit;'>Consideraciones:<\/strong> <\/p>\n<ul style='padding-left: 20px; margin-top: 10px; color: inherit;'>\n<li style='margin-bottom: 5px;'>No se especifican consideraciones adicionales<\/li>\n<\/ul><\/div>\n<p> <!-- Videos demostrativos --> <\/p>\n<h3 style='font-size: 24px; margin-bottom: 20px; color: inherit; opacity: 0.9;'>Videos demostrativos de la soluci\u00f3n<\/h3>\n<div style='display: grid; grid-template-columns: repeat(auto-fill&comma; minmax(320px&comma; 1fr)); gap: 30px; margin-bottom: 30px;'>\n<div style='position: relative; padding-bottom: 56.25%; height: 0; overflow: hidden;'>   <\/div>\n<div style='position: relative; padding-bottom: 56.25%; height: 0; overflow: hidden;'>   <\/div>\n<\/p><\/div>\n<p> <!-- Enlace a recursos adicionales --> <\/p>\n<div style='text-align: center; margin: 30px 0;'> <a href='http:\/\/soporte.syscom.mx\/es\/articles\/3879039-hikvision-control-de-acceso-lista-de-videos-y-tips-tecnicos' style='display: inline-block;'> <img style='width: 100%; max-width: 600px; height: auto; border: 1px solid rgba(150&comma;150&comma;150&comma;0.3); border-radius: 8px;' src='https:\/\/ftp3.syscom.mx\/usuarios\/fotos\/DSK1T607E\/171893-hikvision-controlacceso.png' alt='Recursos adicionales'> <\/a> <\/div>\n<\/p><\/div>\n","protected":false},"excerpt":{"rendered":"<p>Terminal de Reconocimiento Facial Con Montaje en Poste \/ Camara de 2 MP Gran Angular \/ HIK-IA<\/p>\n","protected":false},"featured_media":26603,"comment_status":"open","ping_status":"closed","template":"","meta":[],"product_brand":[],"product_cat":[806],"product_tag":[744,54,807],"class_list":{"0":"post-26604","1":"product","2":"type-product","3":"status-publish","4":"has-post-thumbnail","6":"product_cat-para-control-de-acceso","7":"product_tag-biometricos","8":"product_tag-hikvision","9":"product_tag-para-control-de-acceso","11":"first","12":"instock","13":"sale","14":"shipping-taxable","15":"purchasable","16":"product-type-simple"},"_links":{"self":[{"href":"https:\/\/soydeaqui.ddns.net\/pachuca\/index.php\/wp-json\/wp\/v2\/product\/26604","targetHints":{"allow":["GET"]}}],"collection":[{"href":"https:\/\/soydeaqui.ddns.net\/pachuca\/index.php\/wp-json\/wp\/v2\/product"}],"about":[{"href":"https:\/\/soydeaqui.ddns.net\/pachuca\/index.php\/wp-json\/wp\/v2\/types\/product"}],"replies":[{"embeddable":true,"href":"https:\/\/soydeaqui.ddns.net\/pachuca\/index.php\/wp-json\/wp\/v2\/comments?post=26604"}],"wp:featuredmedia":[{"embeddable":true,"href":"https:\/\/soydeaqui.ddns.net\/pachuca\/index.php\/wp-json\/wp\/v2\/media\/26603"}],"wp:attachment":[{"href":"https:\/\/soydeaqui.ddns.net\/pachuca\/index.php\/wp-json\/wp\/v2\/media?parent=26604"}],"wp:term":[{"taxonomy":"product_brand","embeddable":true,"href":"https:\/\/soydeaqui.ddns.net\/pachuca\/index.php\/wp-json\/wp\/v2\/product_brand?post=26604"},{"taxonomy":"product_cat","embeddable":true,"href":"https:\/\/soydeaqui.ddns.net\/pachuca\/index.php\/wp-json\/wp\/v2\/product_cat?post=26604"},{"taxonomy":"product_tag","embeddable":true,"href":"https:\/\/soydeaqui.ddns.net\/pachuca\/index.php\/wp-json\/wp\/v2\/product_tag?post=26604"}],"curies":[{"name":"wp","href":"https:\/\/api.w.org\/{rel}","templated":true}]}}