{"id":26598,"date":"2026-03-18T12:17:36","date_gmt":"2026-03-18T12:17:36","guid":{"rendered":"https:\/\/soydeaqui.ddns.net\/pachuca\/index.php\/producto\/easy-lobby-modulo-para-pre-registro-web\/"},"modified":"2026-03-18T12:17:37","modified_gmt":"2026-03-18T12:17:37","slug":"easy-lobby-modulo-para-pre-registro-web","status":"publish","type":"product","link":"https:\/\/soydeaqui.ddns.net\/pachuca\/index.php\/producto\/easy-lobby-modulo-para-pre-registro-web\/","title":{"rendered":"Easy Lobby M\u00f3dulo Para Pre Registro Web"},"content":{"rendered":"<div style='width: 100%; max-width: 1200px; margin: 0 auto; font-family: sans-serif; line-height: 1.6; color: inherit; background-color: transparent;'>\n<div style='display: flex; flex-wrap: wrap; gap: 30px; margin-bottom: 30px;'>\n<div style='flex: 1 1 300px; min-width: 280px;'>\n<h3 style='font-size: 22px; border-bottom: 2px solid currentColor; padding-bottom: 5px; margin-top: 0; color: inherit; opacity: 0.8;'>Descripci\u00f3n<\/h3>\n<p style='font-size: 15px; color: inherit;'>El software de Gesti\u00f3n Segura de Visitantes (SVM\u2122) de EasyLobby\u00ae de HID Global es la aplicaci\u00f3n principal para el procesamiento de visitantes&comma; incluyendo an\u00e1lisis de identificaci\u00f3n&comma; creaci\u00f3n de registro&comma; impresi\u00f3n de credenciales&comma; mostrar lista de vigilancia&comma; entrada y salida y notificaci\u00f3n por correo electr\u00f3nico de visitantes&comma; entre otras caracter\u00edsticas. La soluci\u00f3n mejora la seguridad al permitir a las organizaciones identificar exactamente qui\u00e9n est\u00e1 en sus instalaciones&comma; al mismo tiempo que mejora la imagen profesional de una organizaci\u00f3n mediante la racionalizaci\u00f3n del proceso de registro de entrada de visitantes y proporcionar pases de visitantes de alta calidad.<\/p>\n<\/p><\/div>\n<\/p><\/div>\n<div style='display: flex; flex-wrap: wrap; gap: 20px; margin-bottom: 30px;'>\n<div style='flex: 1 1 250px; border: 1px solid rgba(150&comma; 150&comma; 150&comma; 0.4); border-radius: 8px; overflow: hidden; display: flex; flex-direction: column;'>\n<div style='padding: 15px; border-bottom: 1px solid rgba(150&comma; 150&comma; 150&comma; 0.2); font-weight: bold; font-size: 18px; color: inherit;'>Caracter\u00edsticas<\/div>\n<div style='padding: 15px; color: inherit;'>\n<ul style='padding-left: 20px; margin: 0; font-size: 14px; list-style-type: disc; color: inherit;'>\n<li style='margin-bottom: 5px; color: inherit;'><span style='color: inherit;'>eAdvance m\u00f3dulo para integraci\u00f3n a Software Easy Lobby permite el Pre Registro web.<\/span><\/li>\n<li style='margin-bottom: 5px; color: inherit;'><span style='color: inherit;'>Requiere licencia base EL-9600-SVM10<\/span><\/li>\n<\/ul><\/div>\n<\/p><\/div>\n<\/p><\/div>\n<hr style='border: 0; border-top: 1px solid rgba(150&comma; 150&comma; 150&comma; 0.3); margin: 30px 0;'>\n<div style='display: flex; flex-wrap: wrap; gap: 30px;'>\n<div style='flex: 1 1 300px; min-width: 280px;'>\n<h3 style='font-size: 22px; border-bottom: 2px solid currentColor; padding-bottom: 5px; margin-top: 0; color: inherit; opacity: 0.8;'>Requisitos de Certificaci\u00f3n<\/h3>\n<ul style='padding-left: 20px; font-size: 15px; color: inherit;'>\n<li style='margin-bottom: 10px; color: inherit;'> <span style='color: inherit;'>La venta del producto requiere certificaci\u00f3n obligatoria de HID misma que se debe tomar en&nbsp;<\/span> <a href='https:\/\/www.hidglobal.mx\/training' target='_blank' rel='noopener' style='color: inherit; text-decoration: underline;'>https:\/\/www.hidglobal.mx\/training<\/a> <span style='color: inherit;'>&nbsp;para lo cual debe registrarse en&nbsp;<\/span> <a href='https:\/\/hidglobal.csod.com\/selfreg\/register.aspx?p=hidglobal&#038;c=srap' target='_blank' rel='noopener' style='color: inherit; text-decoration: underline;'>https:\/\/hidglobal.csod.com\/selfreg\/register.aspx?p=hidglobal&#038;c=srap<\/a> <span style='color: inherit;'>&nbsp;en un periodo de hasta 48 hrs recibir\u00e1 la confirmaci\u00f3n del registro con un password provisional.<\/span> <\/li>\n<li style='margin-bottom: 10px; color: inherit;'> <span style='color: inherit;'>Al terminar la certificaci\u00f3n podr\u00e1 descargar un certificado digital PDF que deber\u00e1 enviar al momento de la compra.<\/span> <\/li>\n<li style='margin-bottom: 10px; color: inherit;'> <span style='color: inherit;'>La integraci\u00f3n a un sistema de control de acceso (tercero) requiere conocimientos avanzados de SQL para su implementaci\u00f3n.<\/span> <\/li>\n<li style='margin-bottom: 10px; color: inherit;'> <span style='color: inherit;'>La certificaci\u00f3n debe tomarse de forma individual para cada m\u00f3dulo de Easy Lobby existente que se desee implementar.<\/span> <\/li>\n<\/ul><\/div>\n<\/p><\/div>\n<hr style='border: 0; border-top: 1px solid rgba(150&comma; 150&comma; 150&comma; 0.3); margin: 30px 0;'>\n<div style='display: flex; flex-wrap: wrap; gap: 30px;'>\n<div style='flex: 1 1 300px; min-width: 280px;'>\n<h3 style='font-size: 22px; border-bottom: 2px solid currentColor; padding-bottom: 5px; margin-top: 0; color: inherit; opacity: 0.8;'>Informaci\u00f3n Adicional<\/h3>\n<p style='font-size: 15px; color: inherit;'>Producto sobre pedido<\/p>\n<\/p><\/div>\n<\/p><\/div>\n<\/p><\/div>\n","protected":false},"excerpt":{"rendered":"<p>Easy Lobby M\u00f3dulo Para Pre Registro Web<\/p>\n","protected":false},"featured_media":26597,"comment_status":"open","ping_status":"closed","template":"","meta":[],"product_brand":[],"product_cat":[791],"product_tag":[793,814,792],"class_list":{"0":"post-26598","1":"product","2":"type-product","3":"status-publish","4":"has-post-thumbnail","6":"product_cat-control-de-acceso-software-de-asistencia","7":"product_tag-control-de-acceso","8":"product_tag-hid","9":"product_tag-software-de-asistencia","11":"first","12":"outofstock","13":"sale","14":"shipping-taxable","15":"purchasable","16":"product-type-simple"},"_links":{"self":[{"href":"https:\/\/soydeaqui.ddns.net\/pachuca\/index.php\/wp-json\/wp\/v2\/product\/26598","targetHints":{"allow":["GET"]}}],"collection":[{"href":"https:\/\/soydeaqui.ddns.net\/pachuca\/index.php\/wp-json\/wp\/v2\/product"}],"about":[{"href":"https:\/\/soydeaqui.ddns.net\/pachuca\/index.php\/wp-json\/wp\/v2\/types\/product"}],"replies":[{"embeddable":true,"href":"https:\/\/soydeaqui.ddns.net\/pachuca\/index.php\/wp-json\/wp\/v2\/comments?post=26598"}],"wp:featuredmedia":[{"embeddable":true,"href":"https:\/\/soydeaqui.ddns.net\/pachuca\/index.php\/wp-json\/wp\/v2\/media\/26597"}],"wp:attachment":[{"href":"https:\/\/soydeaqui.ddns.net\/pachuca\/index.php\/wp-json\/wp\/v2\/media?parent=26598"}],"wp:term":[{"taxonomy":"product_brand","embeddable":true,"href":"https:\/\/soydeaqui.ddns.net\/pachuca\/index.php\/wp-json\/wp\/v2\/product_brand?post=26598"},{"taxonomy":"product_cat","embeddable":true,"href":"https:\/\/soydeaqui.ddns.net\/pachuca\/index.php\/wp-json\/wp\/v2\/product_cat?post=26598"},{"taxonomy":"product_tag","embeddable":true,"href":"https:\/\/soydeaqui.ddns.net\/pachuca\/index.php\/wp-json\/wp\/v2\/product_tag?post=26598"}],"curies":[{"name":"wp","href":"https:\/\/api.w.org\/{rel}","templated":true}]}}