{"id":2656,"date":"2026-03-18T05:59:28","date_gmt":"2026-03-18T05:59:28","guid":{"rendered":"https:\/\/soydeaqui.ddns.net\/pachuca\/index.php\/producto\/switch-relevador-inteligente-conectividad-inalambrica-wifi-y-ble-salida-contacto-seco-compatible-con-asistentes-de-voz-dimensiones-42x36x16-mm\/"},"modified":"2026-03-18T05:59:31","modified_gmt":"2026-03-18T05:59:31","slug":"switch-relevador-inteligente-conectividad-inalambrica-wifi-y-ble-salida-contacto-seco-compatible-con-asistentes-de-voz-dimensiones-42x36x16-mm","status":"publish","type":"product","link":"https:\/\/soydeaqui.ddns.net\/pachuca\/index.php\/producto\/switch-relevador-inteligente-conectividad-inalambrica-wifi-y-ble-salida-contacto-seco-compatible-con-asistentes-de-voz-dimensiones-42x36x16-mm\/","title":{"rendered":"Switch Relevador Inteligente conectividad inalambrica Wifi y BLE \/ Salida Contacto Seco \/ Compatible con asistentes de voz \/ Dimensiones 42x36x16 mm"},"content":{"rendered":"<div style='width: 100%; max-width: 1200px; margin: 0 auto; font-family: sans-serif; line-height: 1.6; color: inherit; background-color: transparent;'>\n<div style='margin-bottom: 30px;'>\n<p style='font-size: 17px; line-height: 1.6; margin: 0 0 20px; text-align: justify; color: inherit; opacity: 0.95;'>El SwitchBot Relay Switch es un interruptor de rel\u00e9 vers\u00e1til dise\u00f1ado para control de corriente con una amplia gama de aplicaciones. Su dise\u00f1o compacto ofrece una instalaci\u00f3n empotrada y es compatible tanto con alimentaci\u00f3n AC como DC. Est\u00e1 equipado con conectividad Wi-Fi y BLE&comma; lo que permite un control remoto f\u00e1cil. Adem\u00e1s&comma; ofrece una protecci\u00f3n sobretemperatura que desconecta la salida por encima de 100\u00b0C.<\/p>\n<\/p><\/div>\n<h2 style='font-size: 24px; font-weight: 600; margin: 0 0 20px; color: inherit; opacity: 0.85;'>Especificaciones T\u00e9cnicas<\/h2>\n<div style='display: flex; flex-wrap: wrap; gap: 20px; margin-bottom: 30px;'>\n<div style='flex: 1 1 300px; min-width: 280px; border: 1px solid rgba(150&comma; 150&comma; 150&comma; 0.4); border-radius: 8px; overflow: hidden; display: flex; flex-direction: column;'>\n<div style='padding: 15px; border-bottom: 1px solid rgba(150&comma; 150&comma; 150&comma; 0.2); font-weight: bold; font-size: 18px; color: inherit;'>Caracter\u00edsticas Principales<\/div>\n<div style='padding: 15px; color: inherit;'>\n<ul style='padding-left: 20px; margin: 0; font-size: 14px; list-style-type: disc;'>\n<li style='margin-bottom: 5px;'><strong>Dimensiones:<\/strong> 42 x 36 x 16 mm<\/li>\n<li style='margin-bottom: 5px;'><strong>Peso:<\/strong> 27 g<\/li>\n<li style='margin-bottom: 5px;'><strong>Material:<\/strong> PC<\/li>\n<li style='margin-bottom: 5px;'><strong>Alimentaci\u00f3n:<\/strong> 100-240V AC&comma; 24-48V&comma; 12V DC<\/li>\n<li style='margin-bottom: 5px;'><strong>Salida M\u00e1xima:<\/strong> 16A AC&comma; 10A DC<\/li>\n<\/ul><\/div>\n<\/p><\/div>\n<div style='flex: 1 1 300px; min-width: 280px; border: 1px solid rgba(150&comma; 150&comma; 150&comma; 0.4); border-radius: 8px; overflow: hidden; display: flex; flex-direction: column;'>\n<div style='padding: 15px; border-bottom: 1px solid rgba(150&comma; 150&comma; 150&comma; 0.2); font-weight: bold; font-size: 18px; color: inherit;'>Funcionalidades<\/div>\n<div style='padding: 15px; color: inherit;'>\n<ul style='padding-left: 20px; margin: 0; font-size: 14px; list-style-type: disc;'>\n<li style='margin-bottom: 5px;'><strong>Conexi\u00f3n:<\/strong> Wi-Fi+BLE<\/li>\n<li style='margin-bottom: 5px;'><strong>Protecci\u00f3n sobretemperatura:<\/strong> a 100\u00b0C<\/li>\n<li style='margin-bottom: 5px;'><strong>Modo Matter:<\/strong> para configuraci\u00f3n en Home app<\/li>\n<li style='margin-bottom: 5px;'><strong>Compatible:<\/strong> con varios modos de interruptor<\/li>\n<\/ul><\/div>\n<\/p><\/div>\n<\/p><\/div>\n<h2 style='font-size: 24px; font-weight: 600; margin: 0 0 20px; color: inherit; opacity: 0.85;'>Especificaciones Avanzadas<\/h2>\n<div style='display: flex; flex-wrap: wrap; gap: 20px; margin-bottom: 30px;'>\n<div style='flex: 1 1 300px; min-width: 280px; border: 1px solid rgba(150&comma; 150&comma; 150&comma; 0.4); border-radius: 8px; overflow: hidden; display: flex; flex-direction: column;'>\n<div style='padding: 15px; border-bottom: 1px solid rgba(150&comma; 150&comma; 150&comma; 0.2); font-weight: bold; font-size: 18px; color: inherit;'>Interfaces y Conectividad<\/div>\n<div style='padding: 15px; color: inherit;'>\n<ul style='padding-left: 20px; margin: 0; font-size: 14px; list-style-type: disc;'>\n<li style='margin-bottom: 5px;'><strong>Conexi\u00f3n Wi-Fi:<\/strong> Alcance interior hasta 30 m&comma; exterior hasta 50 m<\/li>\n<li style='margin-bottom: 5px;'><strong>Conexi\u00f3n Bluetooth:<\/strong> Alcance interior hasta 10 m&comma; exterior hasta 30 m<\/li>\n<\/ul><\/div>\n<\/p><\/div>\n<div style='flex: 1 1 300px; min-width: 280px; border: 1px solid rgba(150&comma; 150&comma; 150&comma; 0.4); border-radius: 8px; overflow: hidden; display: flex; flex-direction: column;'>\n<div style='padding: 15px; border-bottom: 1px solid rgba(150&comma; 150&comma; 150&comma; 0.2); font-weight: bold; font-size: 18px; color: inherit;'>Requisitos y Compatibilidad<\/div>\n<div style='padding: 15px; color: inherit;'>\n<ul style='padding-left: 20px; margin: 0; font-size: 14px; list-style-type: disc;'>\n<li style='margin-bottom: 5px;'><strong>Certificaciones:<\/strong> FCC (EEUU)&comma; CE&comma; ROHS (EU)<\/li>\n<li style='margin-bottom: 5px;'><strong>Compatible:<\/strong> con distintas configuraciones de interruptores: Toggle&comma; Momentary&comma; Detached&comma; Edge<\/li>\n<\/ul><\/div>\n<\/p><\/div>\n<\/p><\/div>\n<h2 style='font-size: 24px; font-weight: 600; margin: 0 0 20px; color: inherit; opacity: 0.85;'>Aplicaciones y Casos de Uso<\/h2>\n<div style='display: flex; flex-wrap: wrap; gap: 20px; margin-bottom: 30px;'>\n<div style='flex: 1 1 250px; min-width: 220px; border: 1px solid rgba(150&comma; 150&comma; 150&comma; 0.4); border-radius: 8px; overflow: hidden; display: flex; flex-direction: column;'>\n<div style='padding: 15px; border-bottom: 1px solid rgba(150&comma; 150&comma; 150&comma; 0.2); font-weight: bold; font-size: 18px; color: inherit;'>Control de Iluminaci\u00f3n<\/div>\n<div style='padding: 15px; color: inherit;'>\n<p style='margin: 0 0 10px; font-size: 14px; color: inherit;'>Ideal para controlar luces&comma; enchufes y sistemas de control de acceso.<\/p>\n<\/p><\/div>\n<\/p><\/div>\n<div style='flex: 1 1 250px; min-width: 220px; border: 1px solid rgba(150&comma; 150&comma; 150&comma; 0.4); border-radius: 8px; overflow: hidden; display: flex; flex-direction: column;'>\n<div style='padding: 15px; border-bottom: 1px solid rgba(150&comma; 150&comma; 150&comma; 0.2); font-weight: bold; font-size: 18px; color: inherit;'>Automatizaci\u00f3n del Hogar<\/div>\n<div style='padding: 15px; color: inherit;'>\n<p style='margin: 0 0 10px; font-size: 14px; color: inherit;'>Se integra f\u00e1cilmente en sistemas de automatizaci\u00f3n del hogar mediante la aplicaci\u00f3n Home con soporte para Matter.<\/p>\n<p style='margin: 0 0 10px; font-size: 14px; color: inherit;'>Compatibilidad con asistentes de voz&comma; Alexa y GoogleHome.<\/p>\n<\/p><\/div>\n<\/p><\/div>\n<div style='flex: 1 1 250px; min-width: 220px; border: 1px solid rgba(150&comma; 150&comma; 150&comma; 0.4); border-radius: 8px; overflow: hidden; display: flex; flex-direction: column;'>\n<div style='padding: 15px; border-bottom: 1px solid rgba(150&comma; 150&comma; 150&comma; 0.2); font-weight: bold; font-size: 18px; color: inherit;'>Salida de Contacto Seco<\/div>\n<div style='padding: 15px; color: inherit;'>\n<p style='margin: 0 0 10px; font-size: 14px; color: inherit;'>Conecte algun motor de diferentes aplicciones.<\/p>\n<\/p><\/div>\n<\/p><\/div>\n<\/p><\/div>\n<hr style='border: 0; border-top: 1px solid rgba(150&comma; 150&comma; 150&comma; 0.3); margin: 30px 0;'> <\/div>\n","protected":false},"excerpt":{"rendered":"<p>Switch Relevador Inteligente conectividad inalambrica Wifi y BLE \/ Salida Contacto Seco \/ Compatible con asistentes de voz \/ Dimensiones 42x36x16 mm<\/p>\n","protected":false},"featured_media":2655,"comment_status":"open","ping_status":"closed","template":"","meta":[],"product_brand":[],"product_cat":[29],"product_tag":[30,31,37],"class_list":{"0":"post-2656","1":"product","2":"type-product","3":"status-publish","4":"has-post-thumbnail","6":"product_cat-persianas-y-cortineros","7":"product_tag-automatizacion-casa-inteligente","8":"product_tag-persianas-y-cortineros","9":"product_tag-switchbot","11":"first","12":"instock","13":"sale","14":"shipping-taxable","15":"purchasable","16":"product-type-simple"},"_links":{"self":[{"href":"https:\/\/soydeaqui.ddns.net\/pachuca\/index.php\/wp-json\/wp\/v2\/product\/2656","targetHints":{"allow":["GET"]}}],"collection":[{"href":"https:\/\/soydeaqui.ddns.net\/pachuca\/index.php\/wp-json\/wp\/v2\/product"}],"about":[{"href":"https:\/\/soydeaqui.ddns.net\/pachuca\/index.php\/wp-json\/wp\/v2\/types\/product"}],"replies":[{"embeddable":true,"href":"https:\/\/soydeaqui.ddns.net\/pachuca\/index.php\/wp-json\/wp\/v2\/comments?post=2656"}],"wp:featuredmedia":[{"embeddable":true,"href":"https:\/\/soydeaqui.ddns.net\/pachuca\/index.php\/wp-json\/wp\/v2\/media\/2655"}],"wp:attachment":[{"href":"https:\/\/soydeaqui.ddns.net\/pachuca\/index.php\/wp-json\/wp\/v2\/media?parent=2656"}],"wp:term":[{"taxonomy":"product_brand","embeddable":true,"href":"https:\/\/soydeaqui.ddns.net\/pachuca\/index.php\/wp-json\/wp\/v2\/product_brand?post=2656"},{"taxonomy":"product_cat","embeddable":true,"href":"https:\/\/soydeaqui.ddns.net\/pachuca\/index.php\/wp-json\/wp\/v2\/product_cat?post=2656"},{"taxonomy":"product_tag","embeddable":true,"href":"https:\/\/soydeaqui.ddns.net\/pachuca\/index.php\/wp-json\/wp\/v2\/product_tag?post=2656"}],"curies":[{"name":"wp","href":"https:\/\/api.w.org\/{rel}","templated":true}]}}