{"id":26534,"date":"2026-03-18T12:16:11","date_gmt":"2026-03-18T12:16:11","guid":{"rendered":"https:\/\/soydeaqui.ddns.net\/pachuca\/index.php\/producto\/omnikey-3121-lector-de-escritorio-con-conexion-usb-2-anos-garantia\/"},"modified":"2026-03-18T12:16:12","modified_gmt":"2026-03-18T12:16:12","slug":"omnikey-3121-lector-de-escritorio-con-conexion-usb-2-anos-garantia","status":"publish","type":"product","link":"https:\/\/soydeaqui.ddns.net\/pachuca\/index.php\/producto\/omnikey-3121-lector-de-escritorio-con-conexion-usb-2-anos-garantia\/","title":{"rendered":"OMNIKEY\u00ae  3121 Lector de escritorio con conexi\u00f3n USB\/ 2 A\u00f1os Garantia"},"content":{"rendered":"<div style='width: 100%; max-width: 1200px; margin: 0 auto; font-family: sans-serif; line-height: 1.6; color: inherit; background-color: transparent;'> <!-- Descripci\u00f3n principal --> <\/p>\n<div style='margin-bottom: 30px;'>\n<p style='font-size: 16px; margin: 0 0 20px; color: inherit;'> El OMNIKEY\u00ae 3121 es un dispositivo USB de f\u00e1cil instalaci\u00f3n adecuado para todas las operaciones de tarjetas inteligentes de contacto&comma; como aplicaciones de banca en l\u00ednea o de firma digital. <\/p>\n<p style='font-size: 16px; margin: 0 0 20px; color: inherit;'> HID Global&comma; con su marca de producto OMNIKEY&comma; uno de los fabricantes l\u00edderes de lectores de tarjetas inteligentes innovadoras&comma; ofrece con el OMNIKEY\u00ae 3121 un lector de tarjetas inteligentes para usos de escritorio con varias opciones de base de soporte y una cubierta s\u00f3lida. El OMNIKEY\u00ae 3121 es un dispositivo USB f\u00e1cil de instalar para todas las operaciones de tarjetas inteligentes de contacto&comma; como el uso de la banca en l\u00ednea o aplicaciones de firma digital. <\/p>\n<\/p><\/div>\n<p> <!-- Caracter\u00edsticas principales --> <\/p>\n<div style='display: flex; flex-wrap: wrap; gap: 30px; margin-bottom: 30px;'>\n<div style='flex: 1 1 300px; min-width: 280px;'>\n<h3 style='font-size: 22px; border-bottom: 2px solid currentColor; padding-bottom: 5px; margin-top: 0; color: inherit; opacity: 0.8;'>Caracter\u00edsticas principales<\/h3>\n<ul style='padding-left: 20px; font-size: 15px; color: inherit; list-style-type: disc;'>\n<li style='margin-bottom: 5px; color: inherit;'>Distintas opciones de base de soporte para usar c\u00f3modamente en posici\u00f3n vertical y horizontal<\/li>\n<li style='margin-bottom: 5px; color: inherit;'>Cubierta s\u00f3lida y cable USB largo<\/li>\n<li style='margin-bottom: 5px; color: inherit;'>Transmisi\u00f3n de datos de alta velocidad<\/li>\n<li style='margin-bottom: 5px; color: inherit;'>Compatible con todos los principales sistemas operativos<\/li>\n<li style='margin-bottom: 5px; color: inherit;'>Garantia 2 a\u00f1os<\/li>\n<\/ul><\/div>\n<\/p><\/div>\n<p> <!-- Separador --> <\/p>\n<hr style='border: 0; border-top: 1px solid rgba(150&comma; 150&comma; 150&comma; 0.3); margin: 30px 0;'> <\/div>\n","protected":false},"excerpt":{"rendered":"<p>OMNIKEY\u00ae  3121 Lector de escritorio con conexi\u00f3n USB\/ 2 A\u00f1os Garantia<\/p>\n","protected":false},"featured_media":26533,"comment_status":"open","ping_status":"closed","template":"","meta":[],"product_brand":[],"product_cat":[841],"product_tag":[744,842,814],"class_list":{"0":"post-26534","1":"product","2":"type-product","3":"status-publish","4":"has-post-thumbnail","6":"product_cat-enroladores-y-lectores-usb","7":"product_tag-biometricos","8":"product_tag-enroladores-y-lectores-usb","9":"product_tag-hid","11":"first","12":"outofstock","13":"sale","14":"shipping-taxable","15":"purchasable","16":"product-type-simple"},"_links":{"self":[{"href":"https:\/\/soydeaqui.ddns.net\/pachuca\/index.php\/wp-json\/wp\/v2\/product\/26534","targetHints":{"allow":["GET"]}}],"collection":[{"href":"https:\/\/soydeaqui.ddns.net\/pachuca\/index.php\/wp-json\/wp\/v2\/product"}],"about":[{"href":"https:\/\/soydeaqui.ddns.net\/pachuca\/index.php\/wp-json\/wp\/v2\/types\/product"}],"replies":[{"embeddable":true,"href":"https:\/\/soydeaqui.ddns.net\/pachuca\/index.php\/wp-json\/wp\/v2\/comments?post=26534"}],"wp:featuredmedia":[{"embeddable":true,"href":"https:\/\/soydeaqui.ddns.net\/pachuca\/index.php\/wp-json\/wp\/v2\/media\/26533"}],"wp:attachment":[{"href":"https:\/\/soydeaqui.ddns.net\/pachuca\/index.php\/wp-json\/wp\/v2\/media?parent=26534"}],"wp:term":[{"taxonomy":"product_brand","embeddable":true,"href":"https:\/\/soydeaqui.ddns.net\/pachuca\/index.php\/wp-json\/wp\/v2\/product_brand?post=26534"},{"taxonomy":"product_cat","embeddable":true,"href":"https:\/\/soydeaqui.ddns.net\/pachuca\/index.php\/wp-json\/wp\/v2\/product_cat?post=26534"},{"taxonomy":"product_tag","embeddable":true,"href":"https:\/\/soydeaqui.ddns.net\/pachuca\/index.php\/wp-json\/wp\/v2\/product_tag?post=26534"}],"curies":[{"name":"wp","href":"https:\/\/api.w.org\/{rel}","templated":true}]}}