{"id":26530,"date":"2026-03-18T12:16:06","date_gmt":"2026-03-18T12:16:06","guid":{"rendered":"https:\/\/soydeaqui.ddns.net\/pachuca\/index.php\/producto\/software-asure-id-version-exchange-compatible-con-impresoras-hid-para-uso-en-funciones-de-personalizacion-avanzada-virtual\/"},"modified":"2026-03-18T12:16:07","modified_gmt":"2026-03-18T12:16:07","slug":"software-asure-id-version-exchange-compatible-con-impresoras-hid-para-uso-en-funciones-de-personalizacion-avanzada-virtual","status":"publish","type":"product","link":"https:\/\/soydeaqui.ddns.net\/pachuca\/index.php\/producto\/software-asure-id-version-exchange-compatible-con-impresoras-hid-para-uso-en-funciones-de-personalizacion-avanzada-virtual\/","title":{"rendered":"Software Asure ID versi\u00f3n EXCHANGE \/ Compatible con impresoras HID \/ Para uso en funciones de Personalizaci\u00f3n Avanzada\/ Virtual"},"content":{"rendered":"<div style='width: 100%; max-width: 1200px; margin: 0 auto; font-family: sans-serif; line-height: 1.6; color: inherit; background-color: transparent;'> <!-- Secci\u00f3n de descripci\u00f3n --> <\/p>\n<div style='margin-bottom: 30px;'>\n<p style='font-size: 15px; margin-bottom: 15px; color: inherit;'>ASURE ID EXCHANGE es el software para empresas que buscan herramientas intituivas de dise\u00f1o de tarjetas y de administraci\u00f3n de datos&comma; para una personalizaci\u00f3n avanzada de sus tarjetas.<\/p>\n<p style='font-size: 15px; margin-bottom: 15px; color: inherit; font-weight: bold;'>Producto sobre pedido<\/p>\n<\/p><\/div>\n<p> <!-- Secci\u00f3n de caracter\u00edsticas --> <\/p>\n<div style='display: flex; flex-wrap: wrap; gap: 30px; margin-bottom: 30px;'>\n<div style='flex: 1 1 300px; min-width: 280px;'>\n<h3 style='font-size: 22px; border-bottom: 2px solid currentColor; padding-bottom: 5px; margin-top: 0; color: inherit; opacity: 0.8;'>Caracter\u00edsticas principales<\/h3>\n<ul style='padding-left: 20px; font-size: 15px; color: inherit;'>\n<li style='margin-bottom: 5px;'>Licencia Virtual<\/li>\n<li style='margin-bottom: 5px;'>Compatible con Windows 8 Pro<\/li>\n<li style='margin-bottom: 5px;'>Admite Ingl\u00e9s&comma; alem\u00e1n&comma; espa\u00f1ol y franc\u00e9s&comma; entre otros<\/li>\n<li style='margin-bottom: 5px;'>Contrase\u00f1a para entrar con privilegio de usuario definible<\/li>\n<li style='margin-bottom: 5px;'>Importa\/ exporta <strong>ODBC<\/strong><\/li>\n<li style='margin-bottom: 5px;'>Captura de fotograf\u00eda y firma integrada<\/li>\n<li style='margin-bottom: 5px;'>Compatible con panel fluorescente F<\/li>\n<li style='margin-bottom: 5px;'>Posibilidad de a\u00f1adir dise\u00f1os con banda magn\u00e9tica<\/li>\n<li style='margin-bottom: 5px;'>B\u00fasqueda de registros<\/li>\n<li style='margin-bottom: 5px;'>Impresi\u00f3n doble cara<\/li>\n<li style='margin-bottom: 5px;'>Importa im\u00e1genes: logotipos y gr\u00e1ficas<\/li>\n<li style='margin-bottom: 5px;'>A\u00f1ade campos de texto variable<\/li>\n<\/ul><\/div>\n<p> <!-- Secci\u00f3n de integraci\u00f3n de datos --> <\/p>\n<div style='flex: 1 1 300px; min-width: 280px;'>\n<h3 style='font-size: 22px; border-bottom: 2px solid currentColor; padding-bottom: 5px; margin-top: 0; color: inherit; opacity: 0.8;'>Integraci\u00f3n de datos<\/h3>\n<ul style='padding-left: 20px; font-size: 15px; color: inherit;'>\n<li style='margin-bottom: 5px;'>Intercambio de datos en tiempo real (a trav\u00e9s de Live Link) con:<\/li>\n<ul style='padding-left: 25px; margin-top: 5px; margin-bottom: 15px; font-size: 14px; color: inherit;'>\n<li style='margin-bottom: 5px;'>MS Access (2000&comma; 2003)<\/li>\n<li style='margin-bottom: 5px;'>MS SQL Server (2000&comma; 2005&comma; 2008)<\/li>\n<li style='margin-bottom: 5px;'>MySQL (versi\u00f3n 5)<\/li>\n<li style='margin-bottom: 5px;'>Oracle (9i y 11g)<\/li>\n<li style='margin-bottom: 5px;'>Microsoft Active Directory \/ LDAP<\/li>\n<\/ul>\n<\/ul><\/div>\n<p> <!-- Secci\u00f3n de integraci\u00f3n tecnol\u00f3gica --> <\/p>\n<div style='flex: 1 1 300px; min-width: 280px;'>\n<h3 style='font-size: 22px; border-bottom: 2px solid currentColor; padding-bottom: 5px; margin-top: 0; color: inherit; opacity: 0.8;'>Integraci\u00f3n tecnol\u00f3gica<\/h3>\n<ul style='padding-left: 20px; font-size: 15px; color: inherit;'>\n<li style='margin-bottom: 5px;'>Codificaci\u00f3n y gesti\u00f3n de <strong>iDIRECTOR Smart Card<\/strong> permite la integraci\u00f3n sencilla de tarjetas de tecnolog\u00eda<\/li>\n<\/ul><\/div>\n<\/p><\/div>\n<p> <!-- Separador --> <\/p>\n<hr style='border: 0; border-top: 1px solid rgba(150&comma; 150&comma; 150&comma; 0.3); margin: 30px 0;'> <\/div>\n","protected":false},"excerpt":{"rendered":"<p>Software Asure ID versi\u00f3n EXCHANGE \/ Compatible con impresoras HID \/ Para uso en funciones de Personalizaci\u00f3n Avanzada\/ Virtual<\/p>\n","protected":false},"featured_media":26529,"comment_status":"open","ping_status":"closed","template":"","meta":[],"product_brand":[],"product_cat":[823],"product_tag":[814,812,62],"class_list":{"0":"post-26530","1":"product","2":"type-product","3":"status-publish","4":"has-post-thumbnail","6":"product_cat-todos-identificacion-y-credencializacion","7":"product_tag-hid","8":"product_tag-identificacion-y-credencializacion","9":"product_tag-todos","11":"first","12":"outofstock","13":"sale","14":"shipping-taxable","15":"purchasable","16":"product-type-simple"},"_links":{"self":[{"href":"https:\/\/soydeaqui.ddns.net\/pachuca\/index.php\/wp-json\/wp\/v2\/product\/26530","targetHints":{"allow":["GET"]}}],"collection":[{"href":"https:\/\/soydeaqui.ddns.net\/pachuca\/index.php\/wp-json\/wp\/v2\/product"}],"about":[{"href":"https:\/\/soydeaqui.ddns.net\/pachuca\/index.php\/wp-json\/wp\/v2\/types\/product"}],"replies":[{"embeddable":true,"href":"https:\/\/soydeaqui.ddns.net\/pachuca\/index.php\/wp-json\/wp\/v2\/comments?post=26530"}],"wp:featuredmedia":[{"embeddable":true,"href":"https:\/\/soydeaqui.ddns.net\/pachuca\/index.php\/wp-json\/wp\/v2\/media\/26529"}],"wp:attachment":[{"href":"https:\/\/soydeaqui.ddns.net\/pachuca\/index.php\/wp-json\/wp\/v2\/media?parent=26530"}],"wp:term":[{"taxonomy":"product_brand","embeddable":true,"href":"https:\/\/soydeaqui.ddns.net\/pachuca\/index.php\/wp-json\/wp\/v2\/product_brand?post=26530"},{"taxonomy":"product_cat","embeddable":true,"href":"https:\/\/soydeaqui.ddns.net\/pachuca\/index.php\/wp-json\/wp\/v2\/product_cat?post=26530"},{"taxonomy":"product_tag","embeddable":true,"href":"https:\/\/soydeaqui.ddns.net\/pachuca\/index.php\/wp-json\/wp\/v2\/product_tag?post=26530"}],"curies":[{"name":"wp","href":"https:\/\/api.w.org\/{rel}","templated":true}]}}