{"id":26528,"date":"2026-03-18T12:16:04","date_gmt":"2026-03-18T12:16:04","guid":{"rendered":"https:\/\/soydeaqui.ddns.net\/pachuca\/index.php\/producto\/software-asure-id-version-express-compatible-con-impresoras-hid-personalizacion-de-credenciales-virtual\/"},"modified":"2026-03-18T12:16:05","modified_gmt":"2026-03-18T12:16:05","slug":"software-asure-id-version-express-compatible-con-impresoras-hid-personalizacion-de-credenciales-virtual","status":"publish","type":"product","link":"https:\/\/soydeaqui.ddns.net\/pachuca\/index.php\/producto\/software-asure-id-version-express-compatible-con-impresoras-hid-personalizacion-de-credenciales-virtual\/","title":{"rendered":"Software Asure ID versi\u00f3n EXPRESS \/ Compatible con impresoras HID \/ Personalizaci\u00f3n de credenciales\/ Virtual"},"content":{"rendered":"<div style='width: 100%; max-width: 1200px; margin: 0 auto; font-family: sans-serif; line-height: 1.6; color: inherit; background-color: transparent;'> <!-- Secci\u00f3n de descripci\u00f3n --> <\/p>\n<div style='margin-bottom: 30px; font-size: 15px; color: inherit;'>\n<p>ASURE ID EXPRESS es el software ideal para empresas que buscan un software de tarjetas de identidad con foto asequible&comma; independiente y con dise\u00f1o avanzado de tarjetas y capacidad por lote.<\/p>\n<\/p><\/div>\n<p> <!-- Secci\u00f3n de caracter\u00edsticas --> <\/p>\n<div style='display: flex; flex-wrap: wrap; gap: 30px; margin-bottom: 30px;'>\n<div style='flex: 1 1 300px; min-width: 280px;'>\n<h3 style='font-size: 22px; border-bottom: 2px solid currentColor; padding-bottom: 5px; margin-top: 0; color: inherit; opacity: 0.8;'>Caracter\u00edsticas principales<\/h3>\n<ul style='padding-left: 20px; font-size: 15px; color: inherit;'>\n<li style='margin-bottom: 5px;'><strong>Licencia:<\/strong> Virtual<\/li>\n<li style='margin-bottom: 5px;'><strong>Compatibilidad:<\/strong> Windows 8<\/li>\n<li style='margin-bottom: 5px;'><strong>Idiomas soportados:<\/strong> Ingl\u00e9s&comma; alem\u00e1n&comma; espa\u00f1ol y franc\u00e9s entre otros<\/li>\n<li style='margin-bottom: 5px;'><strong>Compatibilidad de hardware:<\/strong> Panel fluorescente F<\/li>\n<li style='margin-bottom: 5px;'><strong>Base de datos:<\/strong> MS Access (2000&comma; 2003)<\/li>\n<\/ul><\/div>\n<div style='flex: 1 1 300px; min-width: 280px;'>\n<h3 style='font-size: 22px; border-bottom: 2px solid currentColor; padding-bottom: 5px; margin-top: 0; color: inherit; opacity: 0.8;'>Funcionalidades<\/h3>\n<ul style='padding-left: 20px; font-size: 15px; color: inherit;'>\n<li style='margin-bottom: 5px;'><strong>Inicio de sesi\u00f3n:<\/strong> Contrase\u00f1a con permisos personalizables<\/li>\n<li style='margin-bottom: 5px;'><strong>Importaci\u00f3n:<\/strong> ODBC<\/li>\n<li style='margin-bottom: 5px;'><strong>Dise\u00f1o:<\/strong> Banda magn\u00e9tica<\/li>\n<li style='margin-bottom: 5px;'><strong>C\u00f3digos:<\/strong> C\u00f3digos lineales y 2D (PDF417&comma; QR y Datastripe)<\/li>\n<li style='margin-bottom: 5px;'><strong>Impresi\u00f3n:<\/strong> Doble cara<\/li>\n<\/ul><\/div>\n<div style='flex: 1 1 300px; min-width: 280px;'>\n<h3 style='font-size: 22px; border-bottom: 2px solid currentColor; padding-bottom: 5px; margin-top: 0; color: inherit; opacity: 0.8;'>Gesti\u00f3n de datos<\/h3>\n<ul style='padding-left: 20px; font-size: 15px; color: inherit;'>\n<li style='margin-bottom: 5px;'><strong>Almacenamiento:<\/strong> Guardado de registros<\/li>\n<li style='margin-bottom: 5px;'><strong>B\u00fasqueda:<\/strong> Registros almacenados<\/li>\n<li style='margin-bottom: 5px;'><strong>Recursos gr\u00e1ficos:<\/strong> Importaci\u00f3n de im\u00e1genes (logotipos y gr\u00e1ficas)<\/li>\n<li style='margin-bottom: 5px;'><strong>Personalizaci\u00f3n:<\/strong> Campos de texto variable<\/li>\n<\/ul><\/div>\n<\/p><\/div>\n<p> <!-- Informaci\u00f3n adicional --> <\/p>\n<div style='margin-bottom: 30px; font-size: 15px; color: inherit;'>\n<p><strong>Producto:<\/strong> Bajo pedido<\/p>\n<\/p><\/div>\n<p> <!-- Separador --> <\/p>\n<hr style='border: 0; border-top: 1px solid rgba(150&comma; 150&comma; 150&comma; 0.3); margin: 30px 0;'> <\/div>\n","protected":false},"excerpt":{"rendered":"<p>Software Asure ID versi\u00f3n EXPRESS \/ Compatible con impresoras HID \/ Personalizaci\u00f3n de credenciales\/ Virtual<\/p>\n","protected":false},"featured_media":26527,"comment_status":"open","ping_status":"closed","template":"","meta":[],"product_brand":[],"product_cat":[823],"product_tag":[814,812,62],"class_list":{"0":"post-26528","1":"product","2":"type-product","3":"status-publish","4":"has-post-thumbnail","6":"product_cat-todos-identificacion-y-credencializacion","7":"product_tag-hid","8":"product_tag-identificacion-y-credencializacion","9":"product_tag-todos","11":"first","12":"instock","13":"sale","14":"shipping-taxable","15":"purchasable","16":"product-type-simple"},"_links":{"self":[{"href":"https:\/\/soydeaqui.ddns.net\/pachuca\/index.php\/wp-json\/wp\/v2\/product\/26528","targetHints":{"allow":["GET"]}}],"collection":[{"href":"https:\/\/soydeaqui.ddns.net\/pachuca\/index.php\/wp-json\/wp\/v2\/product"}],"about":[{"href":"https:\/\/soydeaqui.ddns.net\/pachuca\/index.php\/wp-json\/wp\/v2\/types\/product"}],"replies":[{"embeddable":true,"href":"https:\/\/soydeaqui.ddns.net\/pachuca\/index.php\/wp-json\/wp\/v2\/comments?post=26528"}],"wp:featuredmedia":[{"embeddable":true,"href":"https:\/\/soydeaqui.ddns.net\/pachuca\/index.php\/wp-json\/wp\/v2\/media\/26527"}],"wp:attachment":[{"href":"https:\/\/soydeaqui.ddns.net\/pachuca\/index.php\/wp-json\/wp\/v2\/media?parent=26528"}],"wp:term":[{"taxonomy":"product_brand","embeddable":true,"href":"https:\/\/soydeaqui.ddns.net\/pachuca\/index.php\/wp-json\/wp\/v2\/product_brand?post=26528"},{"taxonomy":"product_cat","embeddable":true,"href":"https:\/\/soydeaqui.ddns.net\/pachuca\/index.php\/wp-json\/wp\/v2\/product_cat?post=26528"},{"taxonomy":"product_tag","embeddable":true,"href":"https:\/\/soydeaqui.ddns.net\/pachuca\/index.php\/wp-json\/wp\/v2\/product_tag?post=26528"}],"curies":[{"name":"wp","href":"https:\/\/api.w.org\/{rel}","templated":true}]}}