{"id":26524,"date":"2026-03-18T12:15:58","date_gmt":"2026-03-18T12:15:58","guid":{"rendered":"https:\/\/soydeaqui.ddns.net\/pachuca\/index.php\/producto\/software-asure-id-version-solo-compatible-con-impresoras-hid-gestion-basica-de-credenciales-virtual-2\/"},"modified":"2026-03-18T12:15:59","modified_gmt":"2026-03-18T12:15:59","slug":"software-asure-id-version-solo-compatible-con-impresoras-hid-gestion-basica-de-credenciales-virtual-2","status":"publish","type":"product","link":"https:\/\/soydeaqui.ddns.net\/pachuca\/index.php\/producto\/software-asure-id-version-solo-compatible-con-impresoras-hid-gestion-basica-de-credenciales-virtual-2\/","title":{"rendered":"Software Asure ID versi\u00f3n SOLO \/ Compatible con impresoras HID \/ Gesti\u00f3n B\u00e1sica de Credenciales\/ Virtual"},"content":{"rendered":"<div style='width: 100%; max-width: 1200px; margin: 0 auto; font-family: sans-serif; line-height: 1.6; color: inherit; background-color: transparent;'>\n<div style='display: flex; flex-wrap: wrap; gap: 30px; margin-bottom: 30px;'>\n<div style='flex: 1 1 300px; min-width: 280px;'>\n<h3 style='font-size: 22px; border-bottom: 2px solid currentColor; padding-bottom: 5px; margin-top: 0; color: inherit; opacity: 0.8;'>Descripci\u00f3n<\/h3>\n<p style='font-size: 15px; color: inherit;'>ASURE ID SOLO es el software b\u00e1sico ideal para la personalizaci\u00f3n de tarjetas.<\/p>\n<ul style='padding-left: 20px; font-size: 15px; color: inherit;'>\n<li><strong>Entrega:<\/strong> Virtual<\/li>\n<li>Compatible con Windows 8<\/li>\n<li>Admite Ingl\u00e9s&comma; alem\u00e1n&comma; espa\u00f1ol y frances&comma; entre otros<\/li>\n<li>Compatible con panel fluorecente F<\/li>\n<li>Posibilidad de a\u00f1adir dise\u00f1os con banda magn\u00e9tica<\/li>\n<li>B\u00fasqueda de registros (l\u00edmite 200)<\/li>\n<li>Impresi\u00f3n doble cara<\/li>\n<li>Importa imagenes: logotipos y gr\u00e1ficas<\/li>\n<li>A\u00f1ade campos de texto variable<\/li>\n<\/ul>\n<p style='font-size: 15px; color: inherit; margin-top: 20px;'><strong>Nota:<\/strong> Producto sobre pedido<\/p>\n<\/div>\n<div style='flex: 1 1 300px; min-width: 280px;'>\n<h3 style='font-size: 22px; border-bottom: 2px solid currentColor; padding-bottom: 5px; margin-top: 0; color: inherit; opacity: 0.8;'>Caracter\u00edsticas Principales<\/h3>\n<ul style='padding-left: 20px; font-size: 15px; color: inherit;'>\n<li>Software b\u00e1sico para personalizaci\u00f3n de tarjetas<\/li>\n<li>Compatible con Windows 8<\/li>\n<li>Soporte para ingl\u00e9s&comma; alem\u00e1n&comma; espa\u00f1ol&comma; franc\u00e9s<\/li>\n<li>Impresi\u00f3n doble cara y banda magn\u00e9tica<\/li>\n<li>B\u00fasqueda de registros hasta 200 entradas<\/li>\n<\/ul>\n<\/div>\n<\/div>\n<hr style='border: 0; border-top: 1px solid rgba(150&comma; 150&comma; 150&comma; 0.3); margin: 30px 0;'><\/div>\n","protected":false},"excerpt":{"rendered":"<p>Software Asure ID versi\u00f3n SOLO \/ Compatible con impresoras HID \/ Gesti\u00f3n B\u00e1sica de Credenciales\/ Virtual<\/p>\n","protected":false},"featured_media":26523,"comment_status":"open","ping_status":"closed","template":"","meta":[],"product_brand":[],"product_cat":[823],"product_tag":[814,812,62],"class_list":{"0":"post-26524","1":"product","2":"type-product","3":"status-publish","4":"has-post-thumbnail","6":"product_cat-todos-identificacion-y-credencializacion","7":"product_tag-hid","8":"product_tag-identificacion-y-credencializacion","9":"product_tag-todos","11":"first","12":"outofstock","13":"sale","14":"shipping-taxable","15":"purchasable","16":"product-type-simple"},"_links":{"self":[{"href":"https:\/\/soydeaqui.ddns.net\/pachuca\/index.php\/wp-json\/wp\/v2\/product\/26524","targetHints":{"allow":["GET"]}}],"collection":[{"href":"https:\/\/soydeaqui.ddns.net\/pachuca\/index.php\/wp-json\/wp\/v2\/product"}],"about":[{"href":"https:\/\/soydeaqui.ddns.net\/pachuca\/index.php\/wp-json\/wp\/v2\/types\/product"}],"replies":[{"embeddable":true,"href":"https:\/\/soydeaqui.ddns.net\/pachuca\/index.php\/wp-json\/wp\/v2\/comments?post=26524"}],"wp:featuredmedia":[{"embeddable":true,"href":"https:\/\/soydeaqui.ddns.net\/pachuca\/index.php\/wp-json\/wp\/v2\/media\/26523"}],"wp:attachment":[{"href":"https:\/\/soydeaqui.ddns.net\/pachuca\/index.php\/wp-json\/wp\/v2\/media?parent=26524"}],"wp:term":[{"taxonomy":"product_brand","embeddable":true,"href":"https:\/\/soydeaqui.ddns.net\/pachuca\/index.php\/wp-json\/wp\/v2\/product_brand?post=26524"},{"taxonomy":"product_cat","embeddable":true,"href":"https:\/\/soydeaqui.ddns.net\/pachuca\/index.php\/wp-json\/wp\/v2\/product_cat?post=26524"},{"taxonomy":"product_tag","embeddable":true,"href":"https:\/\/soydeaqui.ddns.net\/pachuca\/index.php\/wp-json\/wp\/v2\/product_tag?post=26524"}],"curies":[{"name":"wp","href":"https:\/\/api.w.org\/{rel}","templated":true}]}}