{"id":26518,"date":"2026-03-18T12:15:51","date_gmt":"2026-03-18T12:15:51","guid":{"rendered":"https:\/\/soydeaqui.ddns.net\/pachuca\/index.php\/producto\/montaje-para-semaforo-en-barreras-vehiculares\/"},"modified":"2026-03-18T12:15:54","modified_gmt":"2026-03-18T12:15:54","slug":"montaje-para-semaforo-en-barreras-vehiculares","status":"publish","type":"product","link":"https:\/\/soydeaqui.ddns.net\/pachuca\/index.php\/producto\/montaje-para-semaforo-en-barreras-vehiculares\/","title":{"rendered":"Montaje para Semaforo  en Barreras Vehiculares"},"content":{"rendered":"<div style='width: 100%; max-width: 1200px; margin: 0 auto; font-family: sans-serif; line-height: 1.6; color: inherit; background-color: transparent;'>\n<div style='display: flex; flex-wrap: wrap; gap: 30px; margin-bottom: 30px;'>\n<div style='flex: 1 1 300px; min-width: 280px;'>\n<h3 style='font-size: 22px; border-bottom: 2px solid currentColor; padding-bottom: 5px; margin-top: 0; color: inherit; opacity: 0.8;'>Caracter\u00edsticas<\/h3>\n<ul style='padding-left: 20px; font-size: 15px; color: inherit;'>\n<li style='margin-bottom: 5px;'>Fabricado en acero<\/li>\n<li style='margin-bottom: 5px;'>Pintura en color negro semi mate<\/li>\n<li style='margin-bottom: 5px;'>Peso 3.17 KG<\/li>\n<li style='margin-bottom: 5px;'>Medidas 1048 x 182 mm<\/li>\n<\/ul><\/div>\n<div style='flex: 1 1 300px; min-width: 280px;'>\n<h3 style='font-size: 22px; border-bottom: 2px solid currentColor; padding-bottom: 5px; margin-top: 0; color: inherit; opacity: 0.8;'>Contenido del modelo<\/h3>\n<ul style='padding-left: 20px; font-size: 15px; color: inherit;'>\n<li style='margin-bottom: 5px;'>1 x Mastil para montaje.<\/li>\n<li style='margin-bottom: 5px;'>1 x Cubierta para abrazadera.<\/li>\n<li style='margin-bottom: 5px;'>1 x Abrazadera para mastil.<\/li>\n<li style='margin-bottom: 5px;'>Tornilleria para ensamble.<\/li>\n<\/ul><\/div>\n<div style='flex: 1 1 300px; min-width: 280px;'>\n<h3 style='font-size: 22px; border-bottom: 2px solid currentColor; padding-bottom: 5px; margin-top: 0; color: inherit; opacity: 0.8;'>Compatibilidad<\/h3>\n<ul style='padding-left: 20px; font-size: 15px; color: inherit;'>\n<li style='margin-bottom: 5px;'>Series XBF y XBS de AccessPro<\/li>\n<li style='margin-bottom: 5px;'>Barreras CAME GARD 4&comma; G3750 y GARD 8.<\/li>\n<\/ul><\/div>\n<div style='flex: 1 1 300px; min-width: 280px;'>\n<h3 style='font-size: 22px; border-bottom: 2px solid currentColor; padding-bottom: 5px; margin-top: 0; color: inherit; opacity: 0.8;'>Conexi\u00f3n de sem\u00e1foro con barreras<\/h3>\n<ul style='padding-left: 20px; font-size: 15px; color: inherit;'>\n<li style='margin-bottom: 5px;'>Conexi\u00f3n con barreras <a title='Conexi\u00f3n de sem\u00e1foro con barreras AccessPRO' href='http:\/\/soporte.syscom.mx\/es\/articles\/1564996-accesspro-industrial-como-conectar-la-barrera-xbs5000rn-con-semaforo-prolightled' target='_blank' rel='noopener' style='color: inherit; text-decoration: underline; opacity: 0.8; transition: opacity 0.3s;' onmouseover='this.style.opacity='1'' onmouseout='this.style.opacity='0.8''>AccessPRO<\/a><\/li>\n<li style='margin-bottom: 5px;'>Conexi\u00f3n con barreras GARD 4&comma; G3750 y GARD 8 de <a title='Conexi\u00f3n con barreras CAME' href='http:\/\/soporte.syscom.mx\/es\/articles\/3610422-conexion-con-semaforo' target='_blank' rel='noopener' style='color: inherit; text-decoration: underline; opacity: 0.8; transition: opacity 0.3s;' onmouseover='this.style.opacity='1'' onmouseout='this.style.opacity='0.8''>CAME<\/a><\/li>\n<\/ul><\/div>\n<\/p><\/div>\n<div style='display: flex; flex-wrap: wrap; margin-bottom: 30px;'>\n<div style='flex: 1 1 100%;'> <img style='width: 100%; height: auto; border: 1px solid rgba(150&comma;150&comma;150&comma;0.3); border-radius: 8px;' src='https:\/\/ftp3.syscom.mx\/usuarios\/fotos\/XBML\/177271-xmbl-4.png' alt=''> <\/div>\n<\/p><\/div>\n<div style='display: flex; flex-wrap: wrap; margin-bottom: 30px;'>\n<div style='flex: 1 1 100%; text-align: center;'>\n<h3 style='font-size: 22px; border-bottom: 2px solid currentColor; padding-bottom: 5px; margin-top: 0; color: inherit; opacity: 0.8;'>Modelos compatibles<\/h3>\n<p style='font-size: 15px; color: inherit; margin: 0;'>PRO-LIGHT-LED&comma; PRO-LIGHT-DL&comma; PRO-LIGHT-PASS.<\/p>\n<\/p><\/div>\n<\/p><\/div>\n<hr style='border: 0; border-top: 1px solid rgba(150&comma; 150&comma; 150&comma; 0.3); margin: 30px 0;'> <\/div>\n","protected":false},"excerpt":{"rendered":"<p>Montaje para Semaforo  en Barreras Vehiculares<\/p>\n","protected":false},"featured_media":26517,"comment_status":"open","ping_status":"closed","template":"","meta":[],"product_brand":[],"product_cat":[777],"product_tag":[401,93,234],"class_list":{"0":"post-26518","1":"product","2":"type-product","3":"status-publish","4":"has-post-thumbnail","6":"product_cat-accesorios-acceso-vehicular","7":"product_tag-acceso-vehicular","8":"product_tag-accesorios","9":"product_tag-accesspro","11":"first","12":"instock","13":"sale","14":"shipping-taxable","15":"purchasable","16":"product-type-simple"},"_links":{"self":[{"href":"https:\/\/soydeaqui.ddns.net\/pachuca\/index.php\/wp-json\/wp\/v2\/product\/26518","targetHints":{"allow":["GET"]}}],"collection":[{"href":"https:\/\/soydeaqui.ddns.net\/pachuca\/index.php\/wp-json\/wp\/v2\/product"}],"about":[{"href":"https:\/\/soydeaqui.ddns.net\/pachuca\/index.php\/wp-json\/wp\/v2\/types\/product"}],"replies":[{"embeddable":true,"href":"https:\/\/soydeaqui.ddns.net\/pachuca\/index.php\/wp-json\/wp\/v2\/comments?post=26518"}],"wp:featuredmedia":[{"embeddable":true,"href":"https:\/\/soydeaqui.ddns.net\/pachuca\/index.php\/wp-json\/wp\/v2\/media\/26517"}],"wp:attachment":[{"href":"https:\/\/soydeaqui.ddns.net\/pachuca\/index.php\/wp-json\/wp\/v2\/media?parent=26518"}],"wp:term":[{"taxonomy":"product_brand","embeddable":true,"href":"https:\/\/soydeaqui.ddns.net\/pachuca\/index.php\/wp-json\/wp\/v2\/product_brand?post=26518"},{"taxonomy":"product_cat","embeddable":true,"href":"https:\/\/soydeaqui.ddns.net\/pachuca\/index.php\/wp-json\/wp\/v2\/product_cat?post=26518"},{"taxonomy":"product_tag","embeddable":true,"href":"https:\/\/soydeaqui.ddns.net\/pachuca\/index.php\/wp-json\/wp\/v2\/product_tag?post=26518"}],"curies":[{"name":"wp","href":"https:\/\/api.w.org\/{rel}","templated":true}]}}