{"id":26508,"date":"2026-03-18T12:15:41","date_gmt":"2026-03-18T12:15:41","guid":{"rendered":"https:\/\/soydeaqui.ddns.net\/pachuca\/index.php\/producto\/kit-de-control-de-acceso-con-tarjeta-para-1-puerta-con-lector-de-entrada-y-salida-todo-incluido-software-ivms4200-incluido\/"},"modified":"2026-03-18T12:15:41","modified_gmt":"2026-03-18T12:15:41","slug":"kit-de-control-de-acceso-con-tarjeta-para-1-puerta-con-lector-de-entrada-y-salida-todo-incluido-software-ivms4200-incluido","status":"publish","type":"product","link":"https:\/\/soydeaqui.ddns.net\/pachuca\/index.php\/producto\/kit-de-control-de-acceso-con-tarjeta-para-1-puerta-con-lector-de-entrada-y-salida-todo-incluido-software-ivms4200-incluido\/","title":{"rendered":"Kit de Control de Acceso con TARJETA para 1 Puerta con lector de Entrada y Salida  \/ TODO INCLUIDO \/ Software IVMS4200 incluido"},"content":{"rendered":"<div style='width: 100%; max-width: 1200px; margin: 0 auto; font-family: sans-serif; line-height: 1.6; color: inherit; background-color: transparent;'>\n<div style='width: 100%; margin-bottom: 30px;'> <img style='width: 100%; height: auto; border: 1px solid rgba(150&comma;150&comma;150&comma;0.3); border-radius: 8px;' src='https:\/\/ftp3.syscom.mx\/usuarios\/fespinoza\/HIKVISION\/Dispositivos\/Banners\/BannerControladores.jpg' alt='Banner Controladores'> <\/div>\n<div style='display: flex; flex-wrap: wrap; gap: 30px; margin-bottom: 30px;'>\n<div style='flex: 1 1 300px; min-width: 280px;'>\n<h3 style='font-size: 22px; border-bottom: 2px solid currentColor; padding-bottom: 5px; margin-top: 0; color: inherit; opacity: 0.8;'>Caracter\u00edsticas principales DSK2801<\/h3>\n<ul style='padding-left: 20px; font-size: 15px; color: inherit;'>\n<li style='margin-bottom: 5px;'>Tarjetas 10&comma;000<\/li>\n<li style='margin-bottom: 5px;'>Eventos 50&comma;000<\/li>\n<li style='margin-bottom: 5px;'>Gabinete Met\u00e1lico<\/li>\n<li style='margin-bottom: 5px;'>Control de Acceso por Horarios y Puertas<\/li>\n<li style='margin-bottom: 5px;'>Verificaci\u00f3n Multi-Usuario<\/li>\n<li style='margin-bottom: 5px;'>Funci\u00f3n de primer tarjeta<\/li>\n<li style='margin-bottom: 5px;'>Funci\u00f3n de super tarjeta y super contrase\u00f1a<\/li>\n<li style='margin-bottom: 5px;'>1 Entrada de alarma<\/li>\n<li style='margin-bottom: 5px;'>1 Entrada para sensor de estado de puerta<\/li>\n<li style='margin-bottom: 5px;'>1 Entrada para bot\u00f3n de petici\u00f3n de salida (REX)<\/li>\n<\/ul><\/div>\n<div style='flex: 1 1 300px; min-width: 280px;'>\n<h3 style='font-size: 22px; border-bottom: 2px solid currentColor; padding-bottom: 5px; margin-top: 0; color: inherit; opacity: 0.8;'>Caracter\u00edsticas F\u00edsicas y El\u00e9ctricas<\/h3>\n<ul style='padding-left: 20px; font-size: 15px; color: inherit;'>\n<li style='margin-bottom: 5px;'>1 Salida de Relevador NC\/NO\/COM Para Chapa<\/li>\n<li style='margin-bottom: 5px;'>TCP\/IP<\/li>\n<li style='margin-bottom: 5px;'>2 Entrada Wiegand Multi-Formato<\/li>\n<li style='margin-bottom: 5px;'>1 Salida de Relevador Auxiliar NC\/NO\/COM<\/li>\n<li style='margin-bottom: 5px;'>12 Vcc \/ 1 A<\/li>\n<li style='margin-bottom: 5px;'>Incluye Fuente de 12Vcc \/ 8A<\/li>\n<li style='margin-bottom: 5px;'>Temperatura de Operaci\u00f3n: -20 a 65 \u00b0C<\/li>\n<li style='margin-bottom: 5px;'>Dimensiones: 285x 237 x 69 mm<\/li>\n<\/ul><\/div>\n<div style='flex: 1 1 300px; min-width: 280px;'>\n<h3 style='font-size: 22px; border-bottom: 2px solid currentColor; padding-bottom: 5px; margin-top: 0; color: inherit; opacity: 0.8;'>Caracter\u00edsticas Destacadas DSK2801<\/h3>\n<p style='margin-bottom: 15px; font-size: 15px; color: inherit;'>El controlador tambi\u00e9n es operable sin conexi\u00f3n a red ya que es aut\u00f3nomo adem\u00e1s de contar con interruptor a prueba de manipulaciones.<\/p>\n<p style='margin-bottom: 0; font-size: 15px; color: inherit;'>Adem\u00e1s de contar con datos de comunicaci\u00f3n encriptados para mejorar la seguridad.<\/p>\n<\/p><\/div>\n<\/p><\/div>\n<div style='margin-bottom: 30px;'>\n<h3 style='font-size: 22px; border-bottom: 2px solid currentColor; padding-bottom: 5px; margin-top: 0; margin-bottom: 20px; color: inherit; opacity: 0.8;'>Contenido del Kit<\/h3>\n<ul style='padding-left: 20px; font-size: 15px; color: inherit;'>\n<li style='margin-bottom: 5px;'>1 Enrolador de tarjetas DSK1F100D8E<\/li>\n<li style='margin-bottom: 5px;'>1 Panel de Acceso DSK2801<\/li>\n<li style='margin-bottom: 5px;'>2 Lector wiegand de tarjeta DSK1801E<\/li>\n<li style='margin-bottom: 5px;'>1 Bot\u00f3n PRO802B<\/li>\n<li style='margin-bottom: 5px;'>1 PRO802BOX<\/li>\n<li style='margin-bottom: 5px;'>1 Electroim\u00e1n MAG600NLED<\/li>\n<li style='margin-bottom: 5px;'>1 Montaje BZL600N<\/li>\n<li style='margin-bottom: 5px;'>100 Tarjetas de Proximidad ACCESSPROXCARD<\/li>\n<\/ul><\/div>\n<div style='margin-bottom: 30px;'>\n<p style='font-size: 15px; color: inherit; margin-bottom: 15px;'>Los paneles de control de acceso de HIKVISION soportan la integraci\u00f3n con c\u00e1maras&comma; DVR\u00b4s y NVR\u00b4s de la misma marca a trav\u00e9s del software gratuito IVMS4200 para contar con evidencias en video de los eventos sucedidos en el sistema de control de acceso&comma; por ejemplo cuando una puerta es abierta&comma; cuando se lee correctamente una tarjeta&comma; cuando una puerta est\u00e1 siendo forzada o se qued\u00f3 abierta etc.<\/p>\n<\/p><\/div>\n<div style='width: 100%; margin-bottom: 30px;'> <img style='width: 100%; height: auto; border: 1px solid rgba(150&comma;150&comma;150&comma;0.3); border-radius: 8px;' src='https:\/\/ftp3.syscom.mx\/usuarios\/fotos\/DSK2801\/150822-dsk2801-ad-2-l.png' alt='Panel de Acceso DSK2801'> <\/div>\n<div style='width: 100%; margin-bottom: 30px;'> <a href='http:\/\/soporte.syscom.mx\/es\/articles\/3879039-hikvision-control-de-acceso-lista-de-videos-y-tips-tecnicos'> <img style='width: 100%; height: auto; border: 1px solid rgba(150&comma;150&comma;150&comma;0.3); border-radius: 8px;' src='https:\/\/ftp3.syscom.mx\/usuarios\/fotos\/DSK1T607E\/171893-hikvision-controlacceso.png' alt='Control de Acceso HIKVISION'> <\/a> <\/div>\n<\/p><\/div>\n","protected":false},"excerpt":{"rendered":"<p>Kit de Control de Acceso con TARJETA para 1 Puerta con lector de Entrada y Salida  \/ TODO INCLUIDO \/ Software IVMS4200 incluido<\/p>\n","protected":false},"featured_media":26507,"comment_status":"open","ping_status":"closed","template":"","meta":[],"product_brand":[],"product_cat":[783],"product_tag":[785,54,784],"class_list":{"0":"post-26508","1":"product","2":"type-product","3":"status-publish","4":"has-post-thumbnail","6":"product_cat-controladores-de-acceso","7":"product_tag-controladores-de-acceso","8":"product_tag-hikvision","9":"product_tag-paneles-de-control-de-acceso","11":"first","12":"outofstock","13":"sale","14":"shipping-taxable","15":"purchasable","16":"product-type-simple"},"_links":{"self":[{"href":"https:\/\/soydeaqui.ddns.net\/pachuca\/index.php\/wp-json\/wp\/v2\/product\/26508","targetHints":{"allow":["GET"]}}],"collection":[{"href":"https:\/\/soydeaqui.ddns.net\/pachuca\/index.php\/wp-json\/wp\/v2\/product"}],"about":[{"href":"https:\/\/soydeaqui.ddns.net\/pachuca\/index.php\/wp-json\/wp\/v2\/types\/product"}],"replies":[{"embeddable":true,"href":"https:\/\/soydeaqui.ddns.net\/pachuca\/index.php\/wp-json\/wp\/v2\/comments?post=26508"}],"wp:featuredmedia":[{"embeddable":true,"href":"https:\/\/soydeaqui.ddns.net\/pachuca\/index.php\/wp-json\/wp\/v2\/media\/26507"}],"wp:attachment":[{"href":"https:\/\/soydeaqui.ddns.net\/pachuca\/index.php\/wp-json\/wp\/v2\/media?parent=26508"}],"wp:term":[{"taxonomy":"product_brand","embeddable":true,"href":"https:\/\/soydeaqui.ddns.net\/pachuca\/index.php\/wp-json\/wp\/v2\/product_brand?post=26508"},{"taxonomy":"product_cat","embeddable":true,"href":"https:\/\/soydeaqui.ddns.net\/pachuca\/index.php\/wp-json\/wp\/v2\/product_cat?post=26508"},{"taxonomy":"product_tag","embeddable":true,"href":"https:\/\/soydeaqui.ddns.net\/pachuca\/index.php\/wp-json\/wp\/v2\/product_tag?post=26508"}],"curies":[{"name":"wp","href":"https:\/\/api.w.org\/{rel}","templated":true}]}}