{"id":26494,"date":"2026-03-18T12:15:23","date_gmt":"2026-03-18T12:15:23","guid":{"rendered":"https:\/\/soydeaqui.ddns.net\/pachuca\/index.php\/producto\/kit-para-automatizar-1-acceso-vehicular-con-stickers-en-parabrisas-de-vehiculos-incluye-panel-lector-y-100-stickers-software-ivms4200-incluido\/"},"modified":"2026-03-18T12:15:24","modified_gmt":"2026-03-18T12:15:24","slug":"kit-para-automatizar-1-acceso-vehicular-con-stickers-en-parabrisas-de-vehiculos-incluye-panel-lector-y-100-stickers-software-ivms4200-incluido","status":"publish","type":"product","link":"https:\/\/soydeaqui.ddns.net\/pachuca\/index.php\/producto\/kit-para-automatizar-1-acceso-vehicular-con-stickers-en-parabrisas-de-vehiculos-incluye-panel-lector-y-100-stickers-software-ivms4200-incluido\/","title":{"rendered":"Kit para automatizar 1 ACCESO VEHICULAR con STICKERS en Parabrisas de vehiculos \/ Incluye Panel,  lector y 100 stickers \/ Software IVMS4200 incluido"},"content":{"rendered":"<div style='width: 100%; max-width: 1200px; margin: 0 auto; font-family: sans-serif; line-height: 1.6; color: inherit; background-color: transparent;'> <!-- Imagen principal --> <\/p>\n<div style='width: 100%; margin-bottom: 30px;'> <img style='width: 100%; height: auto; border: 1px solid rgba(150&comma;150&comma;150&comma;0.3); border-radius: 8px;' src='https:\/\/ftp3.syscom.mx\/usuarios\/fespinoza\/HIKVISION\/Dispositivos\/Banners\/BannerControladores.jpg' alt='Banner Controladores HIKVISION'> <\/div>\n<p> <!-- Secci\u00f3n de caracter\u00edsticas en 3 columnas --> <\/p>\n<div style='display: flex; flex-wrap: wrap; gap: 30px; margin-bottom: 30px;'> <!-- Caracter\u00edsticas principales --> <\/p>\n<div style='flex: 1 1 300px; min-width: 280px;'>\n<h3 style='font-size: 22px; border-bottom: 2px solid currentColor; padding-bottom: 5px; margin-top: 0; color: inherit; opacity: 0.8;'>Caracter\u00edsticas principales DSK2801<\/h3>\n<ul style='padding-left: 20px; font-size: 15px; color: inherit;'>\n<li style='margin-bottom: 5px;'>Tarjetas <strong>10&comma;000<\/strong><\/li>\n<li style='margin-bottom: 5px;'>Eventos <strong>50&comma;000<\/strong><\/li>\n<li style='margin-bottom: 5px;'>Gabinete <strong>Metalico<\/strong><\/li>\n<li style='margin-bottom: 5px;'><strong>Control de Acceso por Horarios y Puertas<\/strong><\/li>\n<li style='margin-bottom: 5px;'><strong>Verificaci\u00f3n Multi-Usuario<\/strong><\/li>\n<li style='margin-bottom: 5px;'><strong>Funci\u00f3n de primer tarjeta<\/strong><\/li>\n<li style='margin-bottom: 5px;'><strong>Funci\u00f3n de super tarjeta y super contrase\u00f1a<\/strong><\/li>\n<li style='margin-bottom: 5px;'>Entrada de alarma <strong>1<\/strong><\/li>\n<li style='margin-bottom: 5px;'>Entrada para sensor de estado de puerta <strong>1<\/strong><\/li>\n<li style='margin-bottom: 5px;'>Entrada para bot\u00f3n de petici\u00f3n de salida (REX) <strong>1<\/strong><\/li>\n<\/ul><\/div>\n<p> <!-- Caracter\u00edsticas f\u00edsicas y el\u00e9ctricas --> <\/p>\n<div style='flex: 1 1 300px; min-width: 280px;'>\n<h3 style='font-size: 22px; border-bottom: 2px solid currentColor; padding-bottom: 5px; margin-top: 0; color: inherit; opacity: 0.8;'>Caracter\u00edsticas F\u00edsicas y El\u00e9ctricas<\/h3>\n<ul style='padding-left: 20px; font-size: 15px; color: inherit;'>\n<li style='margin-bottom: 5px;'>Salida de Relevador NC\/NO\/COM Para Chapa <strong>1<\/strong><\/li>\n<li style='margin-bottom: 5px;'><strong>TCP\/IP<\/strong><\/li>\n<li style='margin-bottom: 5px;'>Entrada Wiegand Multi-Formato <strong>2<\/strong><\/li>\n<li style='margin-bottom: 5px;'>Salida de Relevador Auxiliar NC\/NO\/COM <strong>1<\/strong><\/li>\n<li style='margin-bottom: 5px;'>Voltaje <strong>12 Vcc \/ 1 A<\/strong><\/li>\n<li style='margin-bottom: 5px;'><strong>Incluye Fuente de 12Vcc \/ 8A<\/strong><\/li>\n<li style='margin-bottom: 5px;'>Temperatura de Operaci\u00f3n <strong>-20 a 65 \u00b0C<\/strong><\/li>\n<li style='margin-bottom: 5px;'>Dimensiones <strong>285x 237 x 69 mm<\/strong><\/li>\n<\/ul><\/div>\n<p> <!-- Caracter\u00edsticas destacadas --> <\/p>\n<div style='flex: 1 1 300px; min-width: 280px;'>\n<h3 style='font-size: 22px; border-bottom: 2px solid currentColor; padding-bottom: 5px; margin-top: 0; color: inherit; opacity: 0.8;'>Caracter\u00edsticas Destacadas DSK2801<\/h3>\n<p style='font-size: 15px; color: inherit; margin-bottom: 15px;'>El controlador tambi\u00e9n es operable sin conexi\u00f3n a red ya que es aut\u00f3nomo adem\u00e1s de contar con interruptor a prueba de manipulaciones.<\/p>\n<p style='font-size: 15px; color: inherit; margin-bottom: 0;'>Adem\u00e1s de contar con datos de comunicaci\u00f3n encriptados para mejorar la seguridad.<\/p>\n<\/p><\/div>\n<\/p><\/div>\n<p> <!-- Secci\u00f3n de contenido adicional --> <\/p>\n<div style='margin-bottom: 30px;'>\n<h3 style='font-size: 22px; border-bottom: 2px solid currentColor; padding-bottom: 5px; margin-top: 0; color: inherit; opacity: 0.8;'>Contenido del kit<\/h3>\n<ul style='padding-left: 20px; font-size: 15px; color: inherit;'>\n<li style='margin-bottom: 5px;'><strong>1 Panel de acceso DSK2801<\/strong><\/li>\n<li style='margin-bottom: 5px;'><strong>1 lector RFID de largo alcance (12 metros regulable) PRO12RF<\/strong><\/li>\n<li style='margin-bottom: 5px;'><strong>100 Tags adheribles a parabrisas ACCESSTAGV2<\/strong><\/li>\n<\/ul><\/div>\n<p> <!-- Informaci\u00f3n de integraci\u00f3n --> <\/p>\n<div style='margin-bottom: 30px;'>\n<p style='font-size: 15px; color: inherit; margin-bottom: 15px;'>El kit automatiza el acceso vehicular&comma; puede integrarse con cualquier marca de barreras y motores comercializados en Syscom.<\/p>\n<p style='font-size: 15px; color: inherit; margin-bottom: 0;'><strong>* Los motores y\/o barreras al igual que sus respectivos accesorios son por separado.<\/strong><\/p>\n<\/p><\/div>\n<p> <!-- Integraci\u00f3n con c\u00e1maras HIKVISION --> <\/p>\n<div style='margin-bottom: 30px;'>\n<p style='font-size: 15px; color: inherit; margin-bottom: 0;'>Los paneles de control de acceso de HIKVISION soportan la integraci\u00f3n con c\u00e1maras&comma; DVR\u00b4s y NVR\u00b4s de la misma marca a trav\u00e9s del software gratuito IVMS4200 para contar con evidencias en video de los eventos sucedidos en el sistema de control de acceso&comma; por ejemplo cuando una puerta es abierta&comma; cuando se lee correctamente una tarjeta&comma; cuando una puerta est\u00e1 siendo forzada o se qued\u00f3 abierta&comma; etc.<\/p>\n<\/p><\/div>\n<p> <!-- Imagenes adicionales --> <\/p>\n<div style='display: flex; flex-wrap: wrap; gap: 20px; margin-bottom: 30px;'>\n<div style='flex: 1 1 300px; min-width: 280px;'> <img style='width: 100%; height: auto; border: 1px solid rgba(150&comma;150&comma;150&comma;0.3); border-radius: 8px;' src='https:\/\/ftp3.syscom.mx\/usuarios\/fotos\/DSK2801\/150822-dsk2801-ad-2-l.png' alt='Panel DSK2801'> <\/div>\n<div style='flex: 1 1 300px; min-width: 280px;'> <a href='http:\/\/soporte.syscom.mx\/es\/articles\/3879039-hikvision-control-de-acceso-lista-de-videos-y-tips-tecnicos'> <img style='width: 100%; height: auto; border: 1px solid rgba(150&comma;150&comma;150&comma;0.3); border-radius: 8px;' src='https:\/\/ftp3.syscom.mx\/usuarios\/fotos\/DSK1T607E\/171893-hikvision-controlacceso.png' alt='Control de Acceso HIKVISION'> <\/a> <\/div>\n<\/p><\/div>\n<\/p><\/div>\n","protected":false},"excerpt":{"rendered":"<p>Kit para automatizar 1 ACCESO VEHICULAR con STICKERS en Parabrisas de vehiculos \/ Incluye Panel,  lector y 100 stickers \/ Software IVMS4200 incluido<\/p>\n","protected":false},"featured_media":26493,"comment_status":"open","ping_status":"closed","template":"","meta":[],"product_brand":[],"product_cat":[783],"product_tag":[785,54,784],"class_list":{"0":"post-26494","1":"product","2":"type-product","3":"status-publish","4":"has-post-thumbnail","6":"product_cat-controladores-de-acceso","7":"product_tag-controladores-de-acceso","8":"product_tag-hikvision","9":"product_tag-paneles-de-control-de-acceso","11":"first","12":"instock","13":"sale","14":"shipping-taxable","15":"purchasable","16":"product-type-simple"},"_links":{"self":[{"href":"https:\/\/soydeaqui.ddns.net\/pachuca\/index.php\/wp-json\/wp\/v2\/product\/26494","targetHints":{"allow":["GET"]}}],"collection":[{"href":"https:\/\/soydeaqui.ddns.net\/pachuca\/index.php\/wp-json\/wp\/v2\/product"}],"about":[{"href":"https:\/\/soydeaqui.ddns.net\/pachuca\/index.php\/wp-json\/wp\/v2\/types\/product"}],"replies":[{"embeddable":true,"href":"https:\/\/soydeaqui.ddns.net\/pachuca\/index.php\/wp-json\/wp\/v2\/comments?post=26494"}],"wp:featuredmedia":[{"embeddable":true,"href":"https:\/\/soydeaqui.ddns.net\/pachuca\/index.php\/wp-json\/wp\/v2\/media\/26493"}],"wp:attachment":[{"href":"https:\/\/soydeaqui.ddns.net\/pachuca\/index.php\/wp-json\/wp\/v2\/media?parent=26494"}],"wp:term":[{"taxonomy":"product_brand","embeddable":true,"href":"https:\/\/soydeaqui.ddns.net\/pachuca\/index.php\/wp-json\/wp\/v2\/product_brand?post=26494"},{"taxonomy":"product_cat","embeddable":true,"href":"https:\/\/soydeaqui.ddns.net\/pachuca\/index.php\/wp-json\/wp\/v2\/product_cat?post=26494"},{"taxonomy":"product_tag","embeddable":true,"href":"https:\/\/soydeaqui.ddns.net\/pachuca\/index.php\/wp-json\/wp\/v2\/product_tag?post=26494"}],"curies":[{"name":"wp","href":"https:\/\/api.w.org\/{rel}","templated":true}]}}