{"id":26478,"date":"2026-03-18T12:15:03","date_gmt":"2026-03-18T12:15:03","guid":{"rendered":"https:\/\/soydeaqui.ddns.net\/pachuca\/index.php\/producto\/lector-con-teclado-controlador-exterior-multitecnolgia-de-tarjetas-nfc-ble\/"},"modified":"2026-03-18T12:15:10","modified_gmt":"2026-03-18T12:15:10","slug":"lector-con-teclado-controlador-exterior-multitecnolgia-de-tarjetas-nfc-ble","status":"publish","type":"product","link":"https:\/\/soydeaqui.ddns.net\/pachuca\/index.php\/producto\/lector-con-teclado-controlador-exterior-multitecnolgia-de-tarjetas-nfc-ble\/","title":{"rendered":"Lector con teclado  \/ controlador \/exterior\/ Multitecnolgia  de tarjetas \/NFC\/ BLE"},"content":{"rendered":"<div style='width: 100%; max-width: 1200px; margin: 0 auto; font-family: sans-serif; line-height: 1.6; color: inherit; background-color: transparent;'>\n<div style='display: flex; flex-wrap: wrap; gap: 30px; margin-bottom: 30px;'>\n<div style='flex: 1 1 300px; min-width: 280px;'>\n<h3 style='font-size: 22px; border-bottom: 2px solid currentColor; padding-bottom: 5px; margin-top: 0; color: inherit; opacity: 0.8;'>Descripci\u00f3n<\/h3>\n<p style='font-size: 15px; color: inherit;'> El nuevo Lector compacto de RFID serie XPass 2&comma; optimiza los procesos del sistema de control de acceso centralizados del core station. Utilizando tecnolog\u00eda de Multiformato&comma; instalaci\u00f3n de sobreponer y con soporte de una amplia lectura de tarjetas de diversas tecnolog\u00edas (125kHz \/ 13.56MHz)&comma; incluyendo NFC y BLE. Fabricado de forma robusta bajo el est\u00e1ndar IP65\/IP67 soportando polvo y humedad y construido con el nivel de protecci\u00f3n contra impactos IK08&comma; agradable y seguro para todos los ambientes de instalaci\u00f3n. <\/p>\n<\/p><\/div>\n<\/p><\/div>\n<div style='display: flex; flex-wrap: wrap; gap: 20px; margin-bottom: 30px;'>\n<div style='flex: 1 1 250px; border: 1px solid rgba(150&comma; 150&comma; 150&comma; 0.4); border-radius: 8px; overflow: hidden; display: flex; flex-direction: column;'>\n<div style='padding: 15px; border-bottom: 1px solid rgba(150&comma; 150&comma; 150&comma; 0.2); font-weight: bold; font-size: 18px; color: inherit;'>RFID<\/div>\n<div style='padding: 15px; color: inherit;'>\n<ul style='padding-left: 20px; margin: 0; font-size: 14px; list-style-type: disc;'>\n<li style='margin-bottom: 5px;'><strong>RF Option:<\/strong> 125kHz EM &#038; 13.56MHz MIFARE&comma; MIFARE Plus&comma; DESFire\/EV1&comma; FeliCa<\/li>\n<li style='margin-bottom: 5px;'><strong>Mobile Card:<\/strong> NFC&comma; BLE<\/li>\n<\/ul><\/div>\n<\/p><\/div>\n<div style='flex: 1 1 250px; border: 1px solid rgba(150&comma; 150&comma; 150&comma; 0.4); border-radius: 8px; overflow: hidden; display: flex; flex-direction: column;'>\n<div style='padding: 15px; border-bottom: 1px solid rgba(150&comma; 150&comma; 150&comma; 0.2); font-weight: bold; font-size: 18px; color: inherit;'>Protecci\u00f3n<\/div>\n<div style='padding: 15px; color: inherit;'>\n<ul style='padding-left: 20px; margin: 0; font-size: 14px; list-style-type: disc;'>\n<li style='margin-bottom: 5px;'><strong>\u00cdndice de protecci\u00f3n:<\/strong> IP65&comma; IP67<\/li>\n<li style='margin-bottom: 5px;'><strong>Vandal Proof:<\/strong> IK08<\/li>\n<\/ul><\/div>\n<\/p><\/div>\n<div style='flex: 1 1 250px; border: 1px solid rgba(150&comma; 150&comma; 150&comma; 0.4); border-radius: 8px; overflow: hidden; display: flex; flex-direction: column;'>\n<div style='padding: 15px; border-bottom: 1px solid rgba(150&comma; 150&comma; 150&comma; 0.2); font-weight: bold; font-size: 18px; color: inherit;'>Capacidad (RFID)<\/div>\n<div style='padding: 15px; color: inherit;'>\n<ul style='padding-left: 20px; margin: 0; font-size: 14px; list-style-type: disc;'>\n<li style='margin-bottom: 5px;'><strong>Usuarios (1:1):<\/strong> 200&comma;000<\/li>\n<li style='margin-bottom: 5px;'><strong>Usuarios (1:N):<\/strong> 200&comma;000<\/li>\n<li style='margin-bottom: 5px;'><strong>Eventos:<\/strong> 1&comma;000&comma;000<\/li>\n<li style='margin-bottom: 5px;'><strong>C\u00f3digo (PIN):<\/strong> No soportado<\/li>\n<\/ul><\/div>\n<\/p><\/div>\n<div style='flex: 1 1 250px; border: 1px solid rgba(150&comma; 150&comma; 150&comma; 0.4); border-radius: 8px; overflow: hidden; display: flex; flex-direction: column;'>\n<div style='padding: 15px; border-bottom: 1px solid rgba(150&comma; 150&comma; 150&comma; 0.2); font-weight: bold; font-size: 18px; color: inherit;'>Caracter\u00edsticas HW<\/div>\n<div style='padding: 15px; color: inherit;'>\n<ul style='padding-left: 20px; margin: 0; font-size: 14px; list-style-type: disc;'>\n<li style='margin-bottom: 5px;'><strong>CPU:<\/strong> 1 GHz<\/li>\n<li style='margin-bottom: 5px;'><strong>Memoria:<\/strong> 4 GB Flash + 64 MB RAM<\/li>\n<li style='margin-bottom: 5px;'><strong>LCD Type:<\/strong> No soportado<\/li>\n<li style='margin-bottom: 5px;'><strong>LED:<\/strong> Multi color<\/li>\n<li style='margin-bottom: 5px;'><strong>Sonido:<\/strong> Buzzer (multi tono)<\/li>\n<\/ul><\/div>\n<\/p><\/div>\n<div style='flex: 1 1 250px; border: 1px solid rgba(150&comma; 150&comma; 150&comma; 0.4); border-radius: 8px; overflow: hidden; display: flex; flex-direction: column;'>\n<div style='padding: 15px; border-bottom: 1px solid rgba(150&comma; 150&comma; 150&comma; 0.2); font-weight: bold; font-size: 18px; color: inherit;'>Condiciones Ambientales<\/div>\n<div style='padding: 15px; color: inherit;'>\n<ul style='padding-left: 20px; margin: 0; font-size: 14px; list-style-type: disc;'>\n<li style='margin-bottom: 5px;'><strong>Temperatura de operaci\u00f3n:<\/strong> -35\u00b0C ~ 65\u00b0C<\/li>\n<li style='margin-bottom: 5px;'><strong>Temperatura almacenamiento:<\/strong> -40\u00b0C ~ 70\u00b0C<\/li>\n<li style='margin-bottom: 5px;'><strong>Operaci\u00f3n de humedad:<\/strong> 0% ~ 95%&comma; no condensada<\/li>\n<li style='margin-bottom: 5px;'><strong>Humedad en almacenamiento:<\/strong> 0% ~ 95%&comma; no condensada<\/li>\n<\/ul><\/div>\n<\/p><\/div>\n<div style='flex: 1 1 250px; border: 1px solid rgba(150&comma; 150&comma; 150&comma; 0.4); border-radius: 8px; overflow: hidden; display: flex; flex-direction: column;'>\n<div style='padding: 15px; border-bottom: 1px solid rgba(150&comma; 150&comma; 150&comma; 0.2); font-weight: bold; font-size: 18px; color: inherit;'>Especificaciones F\u00edsicas<\/div>\n<div style='padding: 15px; color: inherit;'>\n<ul style='padding-left: 20px; margin: 0; font-size: 14px; list-style-type: disc;'>\n<li style='margin-bottom: 5px;'><strong>Peso:<\/strong> Lector: 220g&comma; Bracket: 52g (Including washer and bolt)<\/li>\n<li style='margin-bottom: 5px;'><strong>Dimensiones (WxHxD&comma; mm):<\/strong> 80 x 130 x 25<\/li>\n<li style='margin-bottom: 5px;'><strong>Tamper:<\/strong> Soporta<\/li>\n<\/ul><\/div>\n<\/p><\/div>\n<div style='flex: 1 1 250px; border: 1px solid rgba(150&comma; 150&comma; 150&comma; 0.4); border-radius: 8px; overflow: hidden; display: flex; flex-direction: column;'>\n<div style='padding: 15px; border-bottom: 1px solid rgba(150&comma; 150&comma; 150&comma; 0.2); font-weight: bold; font-size: 18px; color: inherit;'>Certificados<\/div>\n<div style='padding: 15px; color: inherit;'>\n<ul style='padding-left: 20px; margin: 0; font-size: 14px; list-style-type: disc;'>\n<li style='margin-bottom: 5px;'>CE&comma; FCC&comma; KC&comma; RoHS&comma; REACH&comma; WEEE&comma; SIG<\/li>\n<\/ul><\/div>\n<\/p><\/div>\n<div style='flex: 1 1 250px; border: 1px solid rgba(150&comma; 150&comma; 150&comma; 0.4); border-radius: 8px; overflow: hidden; display: flex; flex-direction: column;'>\n<div style='padding: 15px; border-bottom: 1px solid rgba(150&comma; 150&comma; 150&comma; 0.2); font-weight: bold; font-size: 18px; color: inherit;'>Interfaz<\/div>\n<div style='padding: 15px; color: inherit;'>\n<ul style='padding-left: 20px; margin: 0; font-size: 14px; list-style-type: disc;'>\n<li style='margin-bottom: 5px;'><strong>Wi-Fi:<\/strong> No soporta<\/li>\n<li style='margin-bottom: 5px;'><strong>RED (Ethernet):<\/strong> 10\/100 Mbps&comma; auto MDI\/MDI-X<\/li>\n<li style='margin-bottom: 5px;'><strong>RS-485:<\/strong> Maestro o esclavo (Seleccionable)<\/li>\n<li style='margin-bottom: 5px;'><strong>Wiegand:<\/strong> Entrada o Salida (Seleccionable)<\/li>\n<li style='margin-bottom: 5px;'><strong>TTL (entradas):<\/strong> 2 entradas<\/li>\n<li style='margin-bottom: 5px;'><strong>Relay:<\/strong> 1 Relay<\/li>\n<li style='margin-bottom: 5px;'><strong>USB:<\/strong> No soporta<\/li>\n<li style='margin-bottom: 5px;'><strong>SD Card:<\/strong> No soporta<\/li>\n<li style='margin-bottom: 5px;'><strong>PoE:<\/strong> Soporta (IEEE 802.3af compliant)<\/li>\n<li style='margin-bottom: 5px;'><strong>Intercom:<\/strong> No soporta<\/li>\n<\/ul><\/div>\n<\/p><\/div>\n<div style='flex: 1 1 250px; border: 1px solid rgba(150&comma; 150&comma; 150&comma; 0.4); border-radius: 8px; overflow: hidden; display: flex; flex-direction: column;'>\n<div style='padding: 15px; border-bottom: 1px solid rgba(150&comma; 150&comma; 150&comma; 0.2); font-weight: bold; font-size: 18px; color: inherit;'>Especificaciones El\u00e9ctricas<\/div>\n<div style='padding: 15px; color: inherit;'>\n<ul style='padding-left: 20px; margin: 0; font-size: 14px; list-style-type: disc;'>\n<li style='margin-bottom: 5px;'><strong>Alimentaci\u00f3n:<\/strong> DC 12 V \/ DC 24 V<\/li>\n<\/ul><\/div>\n<\/p><\/div>\n<\/p><\/div>\n<hr style='border: 0; border-top: 1px solid rgba(150&comma; 150&comma; 150&comma; 0.3); margin: 30px 0;'> <\/div>\n","protected":false},"excerpt":{"rendered":"<p>Lector con teclado  \/ controlador \/exterior\/ Multitecnolgia  de tarjetas \/NFC\/ BLE<\/p>\n","protected":false},"featured_media":26477,"comment_status":"open","ping_status":"closed","template":"","meta":[],"product_brand":[],"product_cat":[465],"product_tag":[466,467,798],"class_list":{"0":"post-26478","1":"product","2":"type-product","3":"status-publish","4":"has-post-thumbnail","6":"product_cat-proximidad-125-khz","7":"product_tag-lectoras-y-tarjetas","8":"product_tag-proximidad-125-khz","9":"product_tag-suprema","11":"first","12":"instock","13":"sale","14":"shipping-taxable","15":"purchasable","16":"product-type-simple"},"_links":{"self":[{"href":"https:\/\/soydeaqui.ddns.net\/pachuca\/index.php\/wp-json\/wp\/v2\/product\/26478","targetHints":{"allow":["GET"]}}],"collection":[{"href":"https:\/\/soydeaqui.ddns.net\/pachuca\/index.php\/wp-json\/wp\/v2\/product"}],"about":[{"href":"https:\/\/soydeaqui.ddns.net\/pachuca\/index.php\/wp-json\/wp\/v2\/types\/product"}],"replies":[{"embeddable":true,"href":"https:\/\/soydeaqui.ddns.net\/pachuca\/index.php\/wp-json\/wp\/v2\/comments?post=26478"}],"wp:featuredmedia":[{"embeddable":true,"href":"https:\/\/soydeaqui.ddns.net\/pachuca\/index.php\/wp-json\/wp\/v2\/media\/26477"}],"wp:attachment":[{"href":"https:\/\/soydeaqui.ddns.net\/pachuca\/index.php\/wp-json\/wp\/v2\/media?parent=26478"}],"wp:term":[{"taxonomy":"product_brand","embeddable":true,"href":"https:\/\/soydeaqui.ddns.net\/pachuca\/index.php\/wp-json\/wp\/v2\/product_brand?post=26478"},{"taxonomy":"product_cat","embeddable":true,"href":"https:\/\/soydeaqui.ddns.net\/pachuca\/index.php\/wp-json\/wp\/v2\/product_cat?post=26478"},{"taxonomy":"product_tag","embeddable":true,"href":"https:\/\/soydeaqui.ddns.net\/pachuca\/index.php\/wp-json\/wp\/v2\/product_tag?post=26478"}],"curies":[{"name":"wp","href":"https:\/\/api.w.org\/{rel}","templated":true}]}}