{"id":26473,"date":"2026-03-18T12:14:57","date_gmt":"2026-03-18T12:14:57","guid":{"rendered":"https:\/\/soydeaqui.ddns.net\/pachuca\/index.php\/producto\/recep-inalamb-administrable-hasta-1600-usuarios-2\/"},"modified":"2026-03-18T12:15:00","modified_gmt":"2026-03-18T12:15:00","slug":"recep-inalamb-administrable-hasta-1600-usuarios-2","status":"publish","type":"product","link":"https:\/\/soydeaqui.ddns.net\/pachuca\/index.php\/producto\/recep-inalamb-administrable-hasta-1600-usuarios-2\/","title":{"rendered":"RECEP. INALAMB. ADMINISTRABLE  HASTA 1600 USUARIOS"},"content":{"rendered":"<div style='width: 100%; max-width: 1200px; margin: 0 auto; font-family: sans-serif; line-height: 1.6; color: inherit; background-color: transparent;'> <!-- Secci\u00f3n de caracter\u00edsticas principales --> <\/p>\n<div style='display: flex; flex-wrap: wrap; gap: 30px; margin-bottom: 30px;'>\n<div style='flex: 1 1 300px; min-width: 280px;'>\n<h3 style='font-size: 22px; border-bottom: 2px solid currentColor; padding-bottom: 5px; margin-top: 0; color: inherit; opacity: 0.8;'>Caracter\u00edsticas t\u00e9cnicas<\/h3>\n<ul style='padding-left: 20px; font-size: 15px; color: inherit;'>\n<li style='margin-bottom: 5px;'><strong>Voltaje de operaci\u00f3n:<\/strong> 12\/24 Vcc\/Vca<\/li>\n<li style='margin-bottom: 5px;'><strong>Frecuencia:<\/strong> 433 MHz<\/li>\n<li style='margin-bottom: 5px;'><strong>Temperatura de operaci\u00f3n:<\/strong> -10 a 50 \u00b0C<\/li>\n<li style='margin-bottom: 5px;'><strong>Humedad:<\/strong> 85% Rh m\u00e1x<\/li>\n<li style='margin-bottom: 5px;'><strong>Consumo:<\/strong> 10A @ 24VAC-VCD<\/li>\n<li style='margin-bottom: 5px;'><strong>Alimentaci\u00f3n:<\/strong> 110VAC \/ 220VAC \u00b110%<\/li>\n<\/ul><\/div>\n<div style='flex: 1 1 300px; min-width: 280px;'>\n<h3 style='font-size: 22px; border-bottom: 2px solid currentColor; padding-bottom: 5px; margin-top: 0; color: inherit; opacity: 0.8;'>Caracter\u00edsticas operativas<\/h3>\n<ul style='padding-left: 20px; font-size: 15px; color: inherit;'>\n<li style='margin-bottom: 5px;'><strong>Tiempo de respuesta:<\/strong> 1 segundo<\/li>\n<li style='margin-bottom: 5px;'><strong>Alcance:<\/strong> Hasta 60 metros (l\u00ednea de vista)<\/li>\n<li style='margin-bottom: 5px;'><strong>Salidas:<\/strong> 2 salidas de relevador COM\/NO<\/li>\n<li style='margin-bottom: 5px;'><strong>Capacidad:<\/strong> Soporta hasta 1600 controles<\/li>\n<li style='margin-bottom: 5px;'><strong>Modos de operaci\u00f3n:<\/strong> (1) Modo de una sola puerta enrollable (2) Doble modo de puerta enrollable<\/li>\n<li style='margin-bottom: 5px;'><strong>Tiempo de activaci\u00f3n:<\/strong> Configurable de 10 a 99 segundos<\/li>\n<\/ul><\/div>\n<\/p><\/div>\n<p> <!-- Secci\u00f3n de funciones avanzadas --> <\/p>\n<div style='display: flex; flex-wrap: wrap; gap: 20px; margin-bottom: 30px;'>\n<div style='flex: 1 1 250px; border: 1px solid rgba(150&comma; 150&comma; 150&comma; 0.4); border-radius: 8px; overflow: hidden; display: flex; flex-direction: column;'>\n<div style='padding: 15px; border-bottom: 1px solid rgba(150&comma; 150&comma; 150&comma; 0.2); font-weight: bold; font-size: 18px; color: inherit;'>Seguridad<\/div>\n<div style='padding: 15px; color: inherit;'>\n<ul style='padding-left: 20px; margin: 0; font-size: 14px; list-style-type: disc; color: inherit;'>\n<li style='margin-bottom: 5px;'>Copia transmisor remoto IC<\/li>\n<li style='margin-bottom: 5px;'>Copia y anti-exploraci\u00f3n para seguridad del usuario<\/li>\n<li style='margin-bottom: 5px;'>Cada control tiene su propio n\u00famero de serie de 6 d\u00edgitos<\/li>\n<\/ul><\/div>\n<\/p><\/div>\n<div style='flex: 1 1 250px; border: 1px solid rgba(150&comma; 150&comma; 150&comma; 0.4); border-radius: 8px; overflow: hidden; display: flex; flex-direction: column;'>\n<div style='padding: 15px; border-bottom: 1px solid rgba(150&comma; 150&comma; 150&comma; 0.2); font-weight: bold; font-size: 18px; color: inherit;'>Configuraci\u00f3n<\/div>\n<div style='padding: 15px; color: inherit;'>\n<ul style='padding-left: 20px; margin: 0; font-size: 14px; list-style-type: disc; color: inherit;'>\n<li style='margin-bottom: 5px;'>Configuraci\u00f3n de conmutaci\u00f3n autom\u00e1tica de tensi\u00f3n<\/li>\n<li style='margin-bottom: 5px;'>Teclado para agregar y eliminar controles<\/li>\n<li style='margin-bottom: 5px;'>Registro de controles por teclado (6 d\u00edgitos)<\/li>\n<li style='margin-bottom: 5px;'>Registro por lotes (6 d\u00edgitos + 4 d\u00edgitos)<\/li>\n<\/ul><\/div>\n<\/p><\/div>\n<div style='flex: 1 1 250px; border: 1px solid rgba(150&comma; 150&comma; 150&comma; 0.4); border-radius: 8px; overflow: hidden; display: flex; flex-direction: column;'>\n<div style='padding: 15px; border-bottom: 1px solid rgba(150&comma; 150&comma; 150&comma; 0.2); font-weight: bold; font-size: 18px; color: inherit;'>Aplicaciones<\/div>\n<div style='padding: 15px; color: inherit;'>\n<ul style='padding-left: 20px; margin: 0; font-size: 14px; list-style-type: disc; color: inherit;'>\n<li style='margin-bottom: 5px;'>Control de acceso para estacionamientos en apartamentos<\/li>\n<li style='margin-bottom: 5px;'>Control de puertas enrollables<\/li>\n<li style='margin-bottom: 5px;'>Sistema de seguridad residencial<\/li>\n<\/ul><\/div>\n<\/p><\/div>\n<\/p><\/div>\n<p> <!-- Separador --> <\/p>\n<hr style='border: 0; border-top: 1px solid rgba(150&comma; 150&comma; 150&comma; 0.3); margin: 30px 0;'> <\/div>\n","protected":false},"excerpt":{"rendered":"<p>RECEP. INALAMB. ADMINISTRABLE  HASTA 1600 USUARIOS<\/p>\n","protected":false},"featured_media":26472,"comment_status":"open","ping_status":"closed","template":"","meta":[],"product_brand":[],"product_cat":[214],"product_tag":[93,234,215],"class_list":{"0":"post-26473","1":"product","2":"type-product","3":"status-publish","4":"has-post-thumbnail","6":"product_cat-controles-inalambricos","7":"product_tag-accesorios","8":"product_tag-accesspro","9":"product_tag-controles-inalambricos","11":"first","12":"outofstock","13":"sale","14":"shipping-taxable","15":"purchasable","16":"product-type-simple"},"_links":{"self":[{"href":"https:\/\/soydeaqui.ddns.net\/pachuca\/index.php\/wp-json\/wp\/v2\/product\/26473","targetHints":{"allow":["GET"]}}],"collection":[{"href":"https:\/\/soydeaqui.ddns.net\/pachuca\/index.php\/wp-json\/wp\/v2\/product"}],"about":[{"href":"https:\/\/soydeaqui.ddns.net\/pachuca\/index.php\/wp-json\/wp\/v2\/types\/product"}],"replies":[{"embeddable":true,"href":"https:\/\/soydeaqui.ddns.net\/pachuca\/index.php\/wp-json\/wp\/v2\/comments?post=26473"}],"wp:featuredmedia":[{"embeddable":true,"href":"https:\/\/soydeaqui.ddns.net\/pachuca\/index.php\/wp-json\/wp\/v2\/media\/26472"}],"wp:attachment":[{"href":"https:\/\/soydeaqui.ddns.net\/pachuca\/index.php\/wp-json\/wp\/v2\/media?parent=26473"}],"wp:term":[{"taxonomy":"product_brand","embeddable":true,"href":"https:\/\/soydeaqui.ddns.net\/pachuca\/index.php\/wp-json\/wp\/v2\/product_brand?post=26473"},{"taxonomy":"product_cat","embeddable":true,"href":"https:\/\/soydeaqui.ddns.net\/pachuca\/index.php\/wp-json\/wp\/v2\/product_cat?post=26473"},{"taxonomy":"product_tag","embeddable":true,"href":"https:\/\/soydeaqui.ddns.net\/pachuca\/index.php\/wp-json\/wp\/v2\/product_tag?post=26473"}],"curies":[{"name":"wp","href":"https:\/\/api.w.org\/{rel}","templated":true}]}}