{"id":26470,"date":"2026-03-18T12:14:54","date_gmt":"2026-03-18T12:14:54","guid":{"rendered":"https:\/\/soydeaqui.ddns.net\/pachuca\/index.php\/producto\/recep-inalamb-administrable-hasta-1600-usuarios\/"},"modified":"2026-03-18T12:14:56","modified_gmt":"2026-03-18T12:14:56","slug":"recep-inalamb-administrable-hasta-1600-usuarios","status":"publish","type":"product","link":"https:\/\/soydeaqui.ddns.net\/pachuca\/index.php\/producto\/recep-inalamb-administrable-hasta-1600-usuarios\/","title":{"rendered":"RECEP. INALAMB. ADMINISTRABLE  HASTA 1600 USUARIOS"},"content":{"rendered":"<div style='width: 100%; max-width: 1200px; margin: 0 auto; font-family: sans-serif; line-height: 1.6; color: inherit; background-color: transparent;'>\n<div style='display: flex; flex-wrap: wrap; gap: 30px; margin-bottom: 30px;'>\n<div style='flex: 1 1 300px; min-width: 280px;'>\n<h3 style='font-size: 22px; border-bottom: 2px solid currentColor; padding-bottom: 5px; margin-top: 0; color: inherit; opacity: 0.8;'>Caracter\u00edsticas principales<\/h3>\n<ul style='padding-left: 20px; font-size: 15px; color: inherit;'>\n<li style='margin-bottom: 5px;'><strong>Voltaje de operaci\u00f3n:<\/strong> 12\/24 Vcc\/Vca<\/li>\n<li style='margin-bottom: 5px;'><strong>Compatibilidad:<\/strong> Solo compatible con llavero inalambrico ACCESSR20<\/li>\n<li style='margin-bottom: 5px;'><strong>Tiempo de respuesta:<\/strong> 1 seg<\/li>\n<li style='margin-bottom: 5px;'><strong>Alcance:<\/strong> Hasta 60 metros (linea de vista)<\/li>\n<li style='margin-bottom: 5px;'><strong>Temperatura operaci\u00f3n:<\/strong> -10 a 50 \u00b0C<\/li>\n<li style='margin-bottom: 5px;'><strong>Humedad m\u00e1xima:<\/strong> 85% RH<\/li>\n<\/ul><\/div>\n<div style='flex: 1 1 300px; min-width: 280px;'>\n<h3 style='font-size: 22px; border-bottom: 2px solid currentColor; padding-bottom: 5px; margin-top: 0; color: inherit; opacity: 0.8;'>Especificaciones t\u00e9cnicas<\/h3>\n<ul style='padding-left: 20px; font-size: 15px; color: inherit;'>\n<li style='margin-bottom: 5px;'><strong>Frecuencia:<\/strong> 433 MHz<\/li>\n<li style='margin-bottom: 5px;'><strong>Salidas:<\/strong> 2 salidas de relevador COM\/NO<\/li>\n<li style='margin-bottom: 5px;'><strong>Capacidad:<\/strong> Hasta 1600 controles<\/li>\n<li style='margin-bottom: 5px;'><strong>Corriente de salida:<\/strong> 10A @ 24VAC-VCD<\/li>\n<li style='margin-bottom: 5px;'><strong>Tensi\u00f3n:<\/strong> 100-240VAC 60Hz \u00b110%<\/li>\n<li style='margin-bottom: 5px;'><strong>Dimensiones:<\/strong> No especificado<\/li>\n<\/ul><\/div>\n<\/p><\/div>\n<div style='display: flex; flex-wrap: wrap; gap: 20px; margin-bottom: 30px;'>\n<div style='flex: 1 1 250px; border: 1px solid rgba(150&comma; 150&comma; 150&comma; 0.4); border-radius: 8px; overflow: hidden; display: flex; flex-direction: column;'>\n<div style='padding: 15px; border-bottom: 1px solid rgba(150&comma; 150&comma; 150&comma; 0.2); font-weight: bold; font-size: 18px; color: inherit;'>Modos de operaci\u00f3n<\/div>\n<div style='padding: 15px; color: inherit;'>\n<ul style='padding-left: 20px; margin: 0; font-size: 14px; list-style-type: disc;'>\n<li style='margin-bottom: 5px;'>Modo de una sola puerta enrollable<\/li>\n<li style='margin-bottom: 5px;'>Modo doble puerta enrollable<\/li>\n<\/ul><\/div>\n<\/p><\/div>\n<div style='flex: 1 1 250px; border: 1px solid rgba(150&comma; 150&comma; 150&comma; 0.4); border-radius: 8px; overflow: hidden; display: flex; flex-direction: column;'>\n<div style='padding: 15px; border-bottom: 1px solid rgba(150&comma; 150&comma; 150&comma; 0.2); font-weight: bold; font-size: 18px; color: inherit;'>Funciones avanzadas<\/div>\n<div style='padding: 15px; color: inherit;'>\n<ul style='padding-left: 20px; margin: 0; font-size: 14px; list-style-type: disc;'>\n<li style='margin-bottom: 5px;'>Copia de transmisor remoto IC<\/li>\n<li style='margin-bottom: 5px;'>Anti-exploraci\u00f3n para seguridad<\/li>\n<li style='margin-bottom: 5px;'>Funci\u00f3n de conmutaci\u00f3n autom\u00e1tica de tensi\u00f3n<\/li>\n<li style='margin-bottom: 5px;'>Configuraci\u00f3n de tiempo de activaci\u00f3n (10-99 segundos)<\/li>\n<\/ul><\/div>\n<\/p><\/div>\n<div style='flex: 1 1 250px; border: 1px solid rgba(150&comma; 150&comma; 150&comma; 0.4); border-radius: 8px; overflow: hidden; display: flex; flex-direction: column;'>\n<div style='padding: 15px; border-bottom: 1px solid rgba(150&comma; 150&comma; 150&comma; 0.2); font-weight: bold; font-size: 18px; color: inherit;'>M\u00e9todos de registro<\/div>\n<div style='padding: 15px; color: inherit;'>\n<ul style='padding-left: 20px; margin: 0; font-size: 14px; list-style-type: disc;'>\n<li style='margin-bottom: 5px;'>Registro mediante teclado (6 d\u00edgitos)<\/li>\n<li style='margin-bottom: 5px;'>Registro por transmisi\u00f3n de mando a distancia<\/li>\n<li style='margin-bottom: 5px;'>Registro por lotes (6 d\u00edgitos + 4 d\u00edgitos adicionales)<\/li>\n<\/ul><\/div>\n<\/p><\/div>\n<\/p><\/div>\n<hr style='border: 0; border-top: 1px solid rgba(150&comma; 150&comma; 150&comma; 0.3); margin: 30px 0;'>\n<div style='display: flex; flex-wrap: wrap; gap: 30px;'>\n<div style='flex: 1 1 300px; min-width: 280px;'>\n<h3 style='font-size: 22px; border-bottom: 2px solid currentColor; padding-bottom: 5px; margin-top: 0; color: inherit; opacity: 0.8;'>Aplicaciones<\/h3>\n<ul style='padding-left: 20px; font-size: 15px; color: inherit;'>\n<li style='margin-bottom: 5px;'>Control de acceso para estacionamientos en apartamentos<\/li>\n<li style='margin-bottom: 5px;'>Control de puertas enrollables comerciales<\/li>\n<li style='margin-bottom: 5px;'>Sistemas de seguridad residencial<\/li>\n<\/ul><\/div>\n<div style='flex: 1 1 300px; min-width: 280px;'>\n<h3 style='font-size: 22px; border-bottom: 2px solid currentColor; padding-bottom: 5px; margin-top: 0; color: inherit; opacity: 0.8;'>Compatibilidad<\/h3>\n<ul style='padding-left: 20px; font-size: 15px; color: inherit;'>\n<li style='margin-bottom: 5px;'>Funciona con controles ACCESSR20<\/li>\n<li style='margin-bottom: 5px;'>Compatible con reforzador SR-80 para mayor distancia<\/li>\n<li style='margin-bottom: 5px;'>Integraci\u00f3n con teclado ACCESSPRO220K<\/li>\n<\/ul><\/div>\n<\/p><\/div>\n<\/p><\/div>\n","protected":false},"excerpt":{"rendered":"<p>RECEP. INALAMB. ADMINISTRABLE  HASTA 1600 USUARIOS<\/p>\n","protected":false},"featured_media":26469,"comment_status":"open","ping_status":"closed","template":"","meta":[],"product_brand":[],"product_cat":[214],"product_tag":[93,234,215],"class_list":{"0":"post-26470","1":"product","2":"type-product","3":"status-publish","4":"has-post-thumbnail","6":"product_cat-controles-inalambricos","7":"product_tag-accesorios","8":"product_tag-accesspro","9":"product_tag-controles-inalambricos","11":"first","12":"outofstock","13":"sale","14":"shipping-taxable","15":"purchasable","16":"product-type-simple"},"_links":{"self":[{"href":"https:\/\/soydeaqui.ddns.net\/pachuca\/index.php\/wp-json\/wp\/v2\/product\/26470","targetHints":{"allow":["GET"]}}],"collection":[{"href":"https:\/\/soydeaqui.ddns.net\/pachuca\/index.php\/wp-json\/wp\/v2\/product"}],"about":[{"href":"https:\/\/soydeaqui.ddns.net\/pachuca\/index.php\/wp-json\/wp\/v2\/types\/product"}],"replies":[{"embeddable":true,"href":"https:\/\/soydeaqui.ddns.net\/pachuca\/index.php\/wp-json\/wp\/v2\/comments?post=26470"}],"wp:featuredmedia":[{"embeddable":true,"href":"https:\/\/soydeaqui.ddns.net\/pachuca\/index.php\/wp-json\/wp\/v2\/media\/26469"}],"wp:attachment":[{"href":"https:\/\/soydeaqui.ddns.net\/pachuca\/index.php\/wp-json\/wp\/v2\/media?parent=26470"}],"wp:term":[{"taxonomy":"product_brand","embeddable":true,"href":"https:\/\/soydeaqui.ddns.net\/pachuca\/index.php\/wp-json\/wp\/v2\/product_brand?post=26470"},{"taxonomy":"product_cat","embeddable":true,"href":"https:\/\/soydeaqui.ddns.net\/pachuca\/index.php\/wp-json\/wp\/v2\/product_cat?post=26470"},{"taxonomy":"product_tag","embeddable":true,"href":"https:\/\/soydeaqui.ddns.net\/pachuca\/index.php\/wp-json\/wp\/v2\/product_tag?post=26470"}],"curies":[{"name":"wp","href":"https:\/\/api.w.org\/{rel}","templated":true}]}}