{"id":26464,"date":"2026-03-18T12:14:46","date_gmt":"2026-03-18T12:14:46","guid":{"rendered":"https:\/\/soydeaqui.ddns.net\/pachuca\/index.php\/producto\/detector-de-metales-portatil-ligero-y-facil-de-utilizar-alerta-visual-audible-y-de-vibracion-a-prueba-de-caidas-1-metro-incluye-funda-para-cinturon-y-bateria\/"},"modified":"2026-03-18T12:14:51","modified_gmt":"2026-03-18T12:14:51","slug":"detector-de-metales-portatil-ligero-y-facil-de-utilizar-alerta-visual-audible-y-de-vibracion-a-prueba-de-caidas-1-metro-incluye-funda-para-cinturon-y-bateria","status":"publish","type":"product","link":"https:\/\/soydeaqui.ddns.net\/pachuca\/index.php\/producto\/detector-de-metales-portatil-ligero-y-facil-de-utilizar-alerta-visual-audible-y-de-vibracion-a-prueba-de-caidas-1-metro-incluye-funda-para-cinturon-y-bateria\/","title":{"rendered":"Detector de Metales Port\u00e1til \/ Ligero y F\u00e1cil de Utilizar \/ Alerta Visual, Audible y de Vibraci\u00f3n \/ A Prueba de Ca\u00eddas (1 Metro) \/ Incluye Funda para Cintur\u00f3n y Bater\u00eda"},"content":{"rendered":"<div style='width: 100%; max-width: 1200px; margin: 0 auto; font-family: sans-serif; line-height: 1.6; color: inherit;'> <!-- Descripci\u00f3n General --> <\/p>\n<div style='margin-bottom: 30px;'>\n<h2 style='font-size: 24px; border-bottom: 2px solid currentColor; padding-bottom: 5px; margin-top: 0; color: inherit; opacity: 0.8;'>Descripci\u00f3n General<\/h2>\n<p style='font-size: 15px; color: inherit;'>Su detector de metales de la marca HIKVISION es ideal para su uso en aeropuertos&comma; sitios industriales&comma; edificios gubernamentales&comma; escuelas&comma; hospitales&comma; reuniones&comma; eventos atl\u00e9ticos&comma; o en cualquier lugar donde necesite seguridad adicional&comma; as\u00ed mismo nos puede ser \u00fatil donde no es posible el uso de un arco detector o como apoyo adicional al mismo. Su sensibilidad para detectar objetos met\u00e1licos de tama\u00f1o muy peque\u00f1os es de gran ayuda y prevenci\u00f3n de extracci\u00f3n de metales y por lo que puede usarla para aplicaciones especiales&comma; como ubicar un dispositivo de escucha en una habitaci\u00f3n. Nuestro scanner emite un tono agudo o vibraci\u00f3n cada vez que detecta metal.<\/p>\n<\/p><\/div>\n<p> <!-- Secci\u00f3n de caracter\u00edsticas --> <\/p>\n<div style='display: flex; flex-wrap: wrap; gap: 30px; margin-bottom: 30px;'>\n<div style='flex: 1 1 300px; min-width: 280px;'>\n<h3 style='font-size: 20px; border-bottom: 2px solid currentColor; padding-bottom: 5px; margin-top: 0; color: inherit; opacity: 0.8;'>Caracter\u00edsticas principales<\/h3>\n<ul style='padding-left: 20px; font-size: 15px; color: inherit; list-style-type: disc;'>\n<li style='margin-bottom: 5px;'>Ajuste de sensibilidad<\/li>\n<li style='margin-bottom: 5px;'>Alarma audible<\/li>\n<li style='margin-bottom: 5px;'>Bot\u00f3n de encendido y apagado<\/li>\n<li style='margin-bottom: 5px;'>Agarre liviano y c\u00f3modo<\/li>\n<li style='margin-bottom: 5px;'>Gran \u00e1rea de escaneo<\/li>\n<li style='margin-bottom: 5px;'>Alarma de vibraci\u00f3n<\/li>\n<\/ul><\/div>\n<div style='flex: 1 1 300px; min-width: 280px;'>\n<h3 style='font-size: 20px; border-bottom: 2px solid currentColor; padding-bottom: 5px; margin-top: 0; color: inherit; opacity: 0.8;'>Caracter\u00edsticas F\u00edsicas y El\u00e9ctricas<\/h3>\n<ul style='padding-left: 20px; font-size: 15px; color: inherit; list-style-type: disc;'>\n<li style='margin-bottom: 5px;'>Alimentaci\u00f3n: 1 bater\u00eda alcalina 9 V (incluida) (Recargable)<\/li>\n<li style='margin-bottom: 5px;'>Cuenta con funda para cintur\u00f3n<\/li>\n<li style='margin-bottom: 5px;'>Incluye fuente de alimentaci\u00f3n (13.5 V 0.8A)<\/li>\n<li style='margin-bottom: 5px;'>Dimensiones: Altura (78mm) Largo (406mm) Ancho (35mm)<\/li>\n<\/ul><\/div>\n<div style='flex: 1 1 300px; min-width: 280px;'>\n<h3 style='font-size: 20px; border-bottom: 2px solid currentColor; padding-bottom: 5px; margin-top: 0; color: inherit; opacity: 0.8;'>Caracter\u00edsticas Destacadas<\/h3>\n<p style='font-size: 15px; color: inherit;'>Su construcci\u00f3n nos permite evitar da\u00f1os al producto en posibles ca\u00eddas no superiores a 90 cm. Su modalidad de trabajo brinda dos opciones de se\u00f1alizaci\u00f3n: vibraci\u00f3n\/sonora.<\/p>\n<p style='font-size: 15px; color: inherit;'>Cuenta con sistema de protecci\u00f3n contra mala polarizaci\u00f3n lo que evita que la bater\u00eda sea colocada de manera invertida y por ende da\u00f1emos nuestro equipo accidentalmente.<\/p>\n<p style='font-size: 15px; color: inherit;'>Su mango cuenta con goma antideslizante por lo que nos permite un agarre m\u00e1s confiable.<\/p>\n<\/p><\/div>\n<\/p><\/div>\n<p> <!-- Separador --> <\/p>\n<hr style='border: 0; border-top: 1px solid rgba(150&comma; 150&comma; 150&comma; 0.3); margin: 30px 0;'> <\/div>\n","protected":false},"excerpt":{"rendered":"<p>Detector de Metales Port\u00e1til \/ Ligero y F\u00e1cil de Utilizar \/ Alerta Visual, Audible y de Vibraci\u00f3n \/ A Prueba de Ca\u00eddas (1 Metro) \/ Incluye Funda para Cintur\u00f3n y Bater\u00eda<\/p>\n","protected":false},"featured_media":26463,"comment_status":"open","ping_status":"closed","template":"","meta":[],"product_brand":[],"product_cat":[826],"product_tag":[827,54],"class_list":{"0":"post-26464","1":"product","2":"type-product","3":"status-publish","4":"has-post-thumbnail","6":"product_cat-detectores-de-metal-detectores-de-metal","7":"product_tag-detectores-de-metal","8":"product_tag-hikvision","10":"first","11":"instock","12":"sale","13":"shipping-taxable","14":"purchasable","15":"product-type-simple"},"_links":{"self":[{"href":"https:\/\/soydeaqui.ddns.net\/pachuca\/index.php\/wp-json\/wp\/v2\/product\/26464","targetHints":{"allow":["GET"]}}],"collection":[{"href":"https:\/\/soydeaqui.ddns.net\/pachuca\/index.php\/wp-json\/wp\/v2\/product"}],"about":[{"href":"https:\/\/soydeaqui.ddns.net\/pachuca\/index.php\/wp-json\/wp\/v2\/types\/product"}],"replies":[{"embeddable":true,"href":"https:\/\/soydeaqui.ddns.net\/pachuca\/index.php\/wp-json\/wp\/v2\/comments?post=26464"}],"wp:featuredmedia":[{"embeddable":true,"href":"https:\/\/soydeaqui.ddns.net\/pachuca\/index.php\/wp-json\/wp\/v2\/media\/26463"}],"wp:attachment":[{"href":"https:\/\/soydeaqui.ddns.net\/pachuca\/index.php\/wp-json\/wp\/v2\/media?parent=26464"}],"wp:term":[{"taxonomy":"product_brand","embeddable":true,"href":"https:\/\/soydeaqui.ddns.net\/pachuca\/index.php\/wp-json\/wp\/v2\/product_brand?post=26464"},{"taxonomy":"product_cat","embeddable":true,"href":"https:\/\/soydeaqui.ddns.net\/pachuca\/index.php\/wp-json\/wp\/v2\/product_cat?post=26464"},{"taxonomy":"product_tag","embeddable":true,"href":"https:\/\/soydeaqui.ddns.net\/pachuca\/index.php\/wp-json\/wp\/v2\/product_tag?post=26464"}],"curies":[{"name":"wp","href":"https:\/\/api.w.org\/{rel}","templated":true}]}}