{"id":26460,"date":"2026-03-18T12:14:41","date_gmt":"2026-03-18T12:14:41","guid":{"rendered":"https:\/\/soydeaqui.ddns.net\/pachuca\/index.php\/producto\/lector-de-registro-de-diez-dedos-certificado-fbi\/"},"modified":"2026-03-18T12:14:45","modified_gmt":"2026-03-18T12:14:45","slug":"lector-de-registro-de-diez-dedos-certificado-fbi","status":"publish","type":"product","link":"https:\/\/soydeaqui.ddns.net\/pachuca\/index.php\/producto\/lector-de-registro-de-diez-dedos-certificado-fbi\/","title":{"rendered":"Lector de Registro de Diez dedos, Certificado FBI"},"content":{"rendered":"<div style='width: 100%; max-width: 1200px; margin: 0 auto; font-family: sans-serif; line-height: 1.6; color: inherit; background-color: transparent;'> <!-- Secci\u00f3n de certificaci\u00f3n FBI --> <\/p>\n<div style='display: flex; flex-direction: column; gap: 15px; margin-bottom: 30px;'>\n<h2 style='font-size: 28px; color: inherit; margin: 0;'>Certificaci\u00f3n FBI IAFIS Ap\u00e9ndice F<\/h2>\n<p style='font-size: 15px; color: inherit; margin: 0;'>La certificaci\u00f3n brinda seguridad a los usuarios de que RealScan-G10 cumple o excede los est\u00e1ndares de interoperabilidad del FBI y trabajar\u00e1 con el Sistema de Informaci\u00f3n Automatizada de Huellas Dactilares (IAFIS). Asegura que las im\u00e1genes utilizadas sean de alta calidad y admitan todas las fases de identificaci\u00f3n para los expertos en huellas digitales y el IAFIS. El Ap\u00e9ndice F tiene condiciones de calidad de imagen estrictas&comma; se centra en la comparaci\u00f3n de huellas dactilares humanas y facilita la operaci\u00f3n de validaci\u00f3n a gran escala.<\/p>\n<\/p><\/div>\n<p> <!-- Secci\u00f3n de tecnolog\u00eda avanzada --> <\/p>\n<div style='display: flex; flex-wrap: wrap; gap: 30px; margin-bottom: 30px;'>\n<div style='flex: 1 1 300px; min-width: 280px;'>\n<h3 style='font-size: 22px; border-bottom: 2px solid currentColor; padding-bottom: 5px; margin-top: 0; color: inherit; opacity: 0.8;'>Tecnolog\u00eda avanzada de construcci\u00f3n de imagen rodada<\/h3>\n<p style='font-size: 15px; color: inherit; margin: 0;'>RealScan-G10 presenta tecnolog\u00eda avanzada de construcci\u00f3n de im\u00e1genes rodadas utilizando el exclusivo algoritmo de detecci\u00f3n de deslizamiento de Suprema para la construcci\u00f3n de im\u00e1genes de huellas digitales laminadas. Con la tecnolog\u00eda ARIC&comma; RealScan-G10 realiza una tasa de fotogramas de m\u00e1s de 20 fps en la captura de huellas rodadas&comma; lo que garantiza una mayor calidad de imagen y una menor tasa de errores en la captura de secuencias.<\/p>\n<\/p><\/div>\n<div style='flex: 1 1 300px; min-width: 280px;'> <img style='width: 100%; height: auto; border: 1px solid rgba(150&comma;150&comma;150&comma;0.3); border-radius: 8px;' src='https:\/\/www.suprema-id.com\/es\/images\/product\/obj-1.png' alt='Tecnolog\u00eda avanzada de construcci\u00f3n de imagen rodada'> <\/div>\n<\/p><\/div>\n<p> <!-- Secci\u00f3n de protecci\u00f3n IP54 --> <\/p>\n<div style='display: flex; flex-direction: column; gap: 15px; margin-bottom: 30px;'>\n<h2 style='font-size: 28px; color: inherit; margin: 0;'>Factor de protecci\u00f3n IP54 a prueba de polvo y agua<\/h2>\n<p style='font-size: 15px; color: inherit; margin: 0;'>La estructura del cuerpo de RealScan-G10 est\u00e1 completamente sellada contra la humedad&comma; el polvo y el l\u00edquido invasivos. Con una excelente protecci\u00f3n con clasificaci\u00f3n IP54 a trav\u00e9s de un sellado meticuloso&comma; combinado con ingenier\u00eda de protecci\u00f3n adicional&comma; garantiza un funcionamiento impecable incluso en condiciones dif\u00edciles.<\/p>\n<\/p><\/div>\n<p> <!-- Secci\u00f3n de especificaciones --> <\/p>\n<div style='margin-bottom: 30px;'>\n<h2 style='font-size: 28px; color: inherit; margin-bottom: 20px;'>Especificaciones<\/h2>\n<p> <!-- Secci\u00f3n Principal --> <\/p>\n<div style='display: flex; flex-wrap: wrap; gap: 20px; margin-bottom: 20px;'>\n<div style='flex: 1 1 250px; border: 1px solid rgba(150&comma; 150&comma; 150&comma; 0.4); border-radius: 8px; overflow: hidden; display: flex; flex-direction: column;'>\n<div style='padding: 15px; border-bottom: 1px solid rgba(150&comma; 150&comma; 150&comma; 0.2); font-weight: bold; font-size: 18px; color: inherit;'>Principal<\/div>\n<div style='padding: 15px; color: inherit;'>\n<ul style='padding-left: 20px; margin: 0; font-size: 14px; list-style-type: disc;'>\n<li style='margin-bottom: 5px;'><strong>Tipo de huella dactilar:<\/strong> Un dedo rodado&comma; Un dedo plano&comma; Cuatro dedos&comma; Dos pulgares<\/li>\n<li style='margin-bottom: 5px;'><strong>Cuadros por segundo:<\/strong> 20 cuadros por segundo<\/li>\n<li style='margin-bottom: 5px;'><strong>Velocidad de Captura:<\/strong> 4+4+2 in 15 segundos<\/li>\n<li style='margin-bottom: 5px;'><strong>Resoluci\u00f3n:<\/strong> 500 dpi&comma; 256 grises<\/li>\n<li style='margin-bottom: 5px;'><strong>Tama\u00f1o de Placa:<\/strong> 89 x 80 mm (3.5\u201d x 3.15\u201d)<\/li>\n<li style='margin-bottom: 5px;'><strong>\u00c1rea de Detecci\u00f3n:<\/strong> 81.28 x 76.2 mm<\/li>\n<li style='margin-bottom: 5px;'><strong>Tama\u00f1o de Imagen:<\/strong> Cuatro dedos: 1600 x 1500 p\u00edxeles&comma; Dedo Rodado: 800 x 750 p\u00edxeles<\/li>\n<li style='margin-bottom: 5px;'><strong>Est\u00e1ndares de calidad de imagen:<\/strong> FBI IAFIS Ap\u00e9ndice F<\/li>\n<\/ul><\/div>\n<\/p><\/div>\n<\/p><\/div>\n<p> <!-- Secci\u00f3n Interfaz --> <\/p>\n<div style='display: flex; flex-wrap: wrap; gap: 20px; margin-bottom: 20px;'>\n<div style='flex: 1 1 250px; border: 1px solid rgba(150&comma; 150&comma; 150&comma; 0.4); border-radius: 8px; overflow: hidden; display: flex; flex-direction: column;'>\n<div style='padding: 15px; border-bottom: 1px solid rgba(150&comma; 150&comma; 150&comma; 0.2); font-weight: bold; font-size: 18px; color: inherit;'>Interfaz<\/div>\n<div style='padding: 15px; color: inherit;'>\n<ul style='padding-left: 20px; margin: 0; font-size: 14px; list-style-type: disc;'>\n<li style='margin-bottom: 5px;'><strong>USB:<\/strong> 2.0 Alta Velocidad (Datos&#038;Poder)<\/li>\n<\/ul><\/div>\n<\/p><\/div>\n<\/p><\/div>\n<p> <!-- Secci\u00f3n Hardware --> <\/p>\n<div style='display: flex; flex-wrap: wrap; gap: 20px; margin-bottom: 20px;'>\n<div style='flex: 1 1 250px; border: 1px solid rgba(150&comma; 150&comma; 150&comma; 0.4); border-radius: 8px; overflow: hidden; display: flex; flex-direction: column;'>\n<div style='padding: 15px; border-bottom: 1px solid rgba(150&comma; 150&comma; 150&comma; 0.2); font-weight: bold; font-size: 18px; color: inherit;'>Hardware<\/div>\n<div style='padding: 15px; color: inherit;'>\n<ul style='padding-left: 20px; margin: 0; font-size: 14px; list-style-type: disc;'>\n<li style='margin-bottom: 5px;'><strong>Clasificaci\u00f3n IP:<\/strong> IP54<\/li>\n<li style='margin-bottom: 5px;'><strong>Altavoces:<\/strong> Incorporados<\/li>\n<li style='margin-bottom: 5px;'><strong>Indicador LED:<\/strong> S\u00ed<\/li>\n<li style='margin-bottom: 5px;'><strong>Temperatura de Operaci\u00f3n:<\/strong> 0\u00b0C ~ 50\u00b0C<\/li>\n<li style='margin-bottom: 5px;'><strong>Humedad de Operaci\u00f3n:<\/strong> 10 ~ 90%&comma; sin condensaci\u00f3n<\/li>\n<li style='margin-bottom: 5px;'><strong>Dimensi\u00f3n (W x L x H):<\/strong> 152 x 152 x 127 mm (5.9\u201d x 5.9\u201d x 5.0\u201d)<\/li>\n<li style='margin-bottom: 5px;'><strong>Peso:<\/strong> 1.8kgs (3.96lbs)<\/li>\n<li style='margin-bottom: 5px;'><strong>Certificaci\u00f3n:<\/strong> WHQL&comma; CE&comma; FCC&comma; UL&comma; KCC&comma; IP54<\/li>\n<\/ul><\/div>\n<\/p><\/div>\n<\/p><\/div>\n<p> <!-- Secci\u00f3n Compatibilidad --> <\/p>\n<div style='display: flex; flex-wrap: wrap; gap: 20px; margin-bottom: 20px;'>\n<div style='flex: 1 1 250px; border: 1px solid rgba(150&comma; 150&comma; 150&comma; 0.4); border-radius: 8px; overflow: hidden; display: flex; flex-direction: column;'>\n<div style='padding: 15px; border-bottom: 1px solid rgba(150&comma; 150&comma; 150&comma; 0.2); font-weight: bold; font-size: 18px; color: inherit;'>Compatibilidad<\/div>\n<div style='padding: 15px; color: inherit;'>\n<ul style='padding-left: 20px; margin: 0; font-size: 14px; list-style-type: disc;'>\n<li style='margin-bottom: 5px;'><strong>Sistema Operativo:<\/strong> Windows&comma; Linux<\/li>\n<\/ul><\/div>\n<\/p><\/div>\n<\/p><\/div>\n<\/p><\/div>\n<p> <!-- Secci\u00f3n de usos --> <\/p>\n<div style='margin-bottom: 30px;'>\n<h2 style='font-size: 28px; color: inherit; margin-bottom: 15px;'>Usos<\/h2>\n<div style='display: flex; flex-wrap: wrap; gap: 30px;'>\n<div style='flex: 1 1 300px; min-width: 280px;'>\n<h3 style='font-size: 20px; border-bottom: 2px solid currentColor; padding-bottom: 5px; margin-top: 0; color: inherit; opacity: 0.8;'>Identificaci\u00f3n Civil<\/h3>\n<ul style='padding-left: 20px; margin: 0; font-size: 14px; list-style-type: disc; color: inherit;'>\n<li style='margin-bottom: 5px;'>Licencia de conducir&comma; registro de votantes<\/li>\n<li style='margin-bottom: 5px;'>Bienestar social&comma; banca<\/li>\n<li style='margin-bottom: 5px;'>Registro Nacional de Poblaci\u00f3n (NPR)<\/li>\n<\/ul><\/div>\n<div style='flex: 1 1 300px; min-width: 280px;'>\n<h3 style='font-size: 20px; border-bottom: 2px solid currentColor; padding-bottom: 5px; margin-top: 0; color: inherit; opacity: 0.8;'>Identificaci\u00f3n Criminal<\/h3>\n<ul style='padding-left: 20px; margin: 0; font-size: 14px; list-style-type: disc; color: inherit;'>\n<li style='margin-bottom: 5px;'>IAFIS \/ EURODAC<\/li>\n<li style='margin-bottom: 5px;'>Aplicaci\u00f3n de la ley&comma; agencias policiales nacionales<\/li>\n<li style='margin-bottom: 5px;'>Redes y sistemas de seguimiento delictivo y criminal (CCTNS)<\/li>\n<\/ul><\/div>\n<\/p><\/div>\n<\/p><\/div>\n<p> <!-- Notas importantes --> <\/p>\n<div style='margin-bottom: 30px;'>\n<div style='border: 1px solid rgba(150&comma; 150&comma; 150&comma; 0.4); border-radius: 8px; padding: 15px; background-color: rgba(255&comma; 255&comma; 255&comma; 0.05);'>\n<p style='font-size: 16px; font-weight: bold; color: inherit; margin: 0 0 10px 0;'>Nota.- Este producto no es compatible con el software Biostar 2&comma; Solo es para uso de profesionales en desarrollo de software.<\/p>\n<p style='font-size: 16px; font-weight: bold; color: inherit; margin: 0;'>Nota.- EL SDK tiene costo.<\/p>\n<\/p><\/div>\n<\/p><\/div>\n<p> <!-- Separador final --> <\/p>\n<hr style='border: 0; border-top: 1px solid rgba(150&comma; 150&comma; 150&comma; 0.3); margin: 30px 0;'> <\/div>\n","protected":false},"excerpt":{"rendered":"<p>Lector de Registro de Diez dedos, Certificado FBI<\/p>\n","protected":false},"featured_media":26459,"comment_status":"open","ping_status":"closed","template":"","meta":[],"product_brand":[],"product_cat":[841],"product_tag":[744,842,798],"class_list":{"0":"post-26460","1":"product","2":"type-product","3":"status-publish","4":"has-post-thumbnail","6":"product_cat-enroladores-y-lectores-usb","7":"product_tag-biometricos","8":"product_tag-enroladores-y-lectores-usb","9":"product_tag-suprema","11":"first","12":"instock","13":"sale","14":"shipping-taxable","15":"purchasable","16":"product-type-simple"},"_links":{"self":[{"href":"https:\/\/soydeaqui.ddns.net\/pachuca\/index.php\/wp-json\/wp\/v2\/product\/26460","targetHints":{"allow":["GET"]}}],"collection":[{"href":"https:\/\/soydeaqui.ddns.net\/pachuca\/index.php\/wp-json\/wp\/v2\/product"}],"about":[{"href":"https:\/\/soydeaqui.ddns.net\/pachuca\/index.php\/wp-json\/wp\/v2\/types\/product"}],"replies":[{"embeddable":true,"href":"https:\/\/soydeaqui.ddns.net\/pachuca\/index.php\/wp-json\/wp\/v2\/comments?post=26460"}],"wp:featuredmedia":[{"embeddable":true,"href":"https:\/\/soydeaqui.ddns.net\/pachuca\/index.php\/wp-json\/wp\/v2\/media\/26459"}],"wp:attachment":[{"href":"https:\/\/soydeaqui.ddns.net\/pachuca\/index.php\/wp-json\/wp\/v2\/media?parent=26460"}],"wp:term":[{"taxonomy":"product_brand","embeddable":true,"href":"https:\/\/soydeaqui.ddns.net\/pachuca\/index.php\/wp-json\/wp\/v2\/product_brand?post=26460"},{"taxonomy":"product_cat","embeddable":true,"href":"https:\/\/soydeaqui.ddns.net\/pachuca\/index.php\/wp-json\/wp\/v2\/product_cat?post=26460"},{"taxonomy":"product_tag","embeddable":true,"href":"https:\/\/soydeaqui.ddns.net\/pachuca\/index.php\/wp-json\/wp\/v2\/product_tag?post=26460"}],"curies":[{"name":"wp","href":"https:\/\/api.w.org\/{rel}","templated":true}]}}