{"id":26452,"date":"2026-03-18T12:14:33","date_gmt":"2026-03-18T12:14:33","guid":{"rendered":"https:\/\/soydeaqui.ddns.net\/pachuca\/index.php\/producto\/software-de-gestion-centralizada-de-asistencia-biotimepro-licencia-great-project-500-dispositivos-y-50-mil-empleados\/"},"modified":"2026-03-18T12:14:33","modified_gmt":"2026-03-18T12:14:33","slug":"software-de-gestion-centralizada-de-asistencia-biotimepro-licencia-great-project-500-dispositivos-y-50-mil-empleados","status":"publish","type":"product","link":"https:\/\/soydeaqui.ddns.net\/pachuca\/index.php\/producto\/software-de-gestion-centralizada-de-asistencia-biotimepro-licencia-great-project-500-dispositivos-y-50-mil-empleados\/","title":{"rendered":"Software de Gesti\u00f3n Centralizada de Asistencia BIOTIMEPRO Licencia GREAT PROJECT 500 dispositivos y 50 mil empleados"},"content":{"rendered":"<div style='width: 100%; max-width: 1200px; margin: 0 auto; font-family: sans-serif; line-height: 1.6; color: inherit; background-color: transparent;'>\n<div style='display: flex; flex-direction: column; gap: 30px;'>\n<div style='width: 100%;'> <img style='width: 100%; height: auto; border: 1px solid rgba(150&comma;150&comma;150&comma;0.3); border-radius: 8px;' src='http:\/\/ftp3.syscom.mx\/usuarios\/fsanora\/ZKTeco\/BiotimePRO\/BiotimeDiagrama.jpg' alt='Diagrama_Biotime'> <\/div>\n<div style='width: 100%;'>\n<p style='margin: 0 0 15px 0; font-size: 15px; color: inherit;'>BIOTIMEPRO es una poderosa plataforma de gesti\u00f3n de asistencia basada en web que permite centralizar los datos de todo su personal de m\u00faltiples sucursales en un solo lugar.<\/p>\n<p style='margin: 0 0 15px 0; font-size: 15px; color: inherit;'>Sincronice autom\u00e1ticamente sus relojes checadores ZKTeco en un ambiente de nube privada&comma; actualizando los datos en tiempo real.<\/p>\n<p style='margin: 0 0 15px 0; font-size: 15px; color: inherit;'>Permita a sus empleados m\u00f3viles registrar su asistencia con ubicaci\u00f3n GPS mediante la App ZKBioTime.<span style='font-weight: bold;'>*<\/span><\/p>\n<p style='margin: 0 0 15px 0; font-size: 15px; color: inherit;'>M\u00faltiples administradores podr\u00e1n acceder al software desde cualquier navegador web&comma; permitiendo gestionar hasta cientos de dispositivos y miles de usuarios de forma remota y eficiente.<\/p>\n<p style='margin: 0 0 15px 0; font-size: 15px; color: inherit;'>BioTime Pro presenta una interfaz amigable con avanzadas funciones de gesti\u00f3n de horarios&comma; turnos&comma; permisos&comma; vacaciones&comma; incidencias y generaci\u00f3n de una amplia variedad de reportes de asistencia&comma; brindando una soluci\u00f3n profesional a empresas de todos los sectores.<\/p>\n<p style='margin: 0 0 15px 0; font-size: 13px; color: inherit; font-weight: 600;'>*Licencia App ZKBioTime se adquiere por separado.<\/p>\n<\/p><\/div>\n<div style='width: 100%;'>\n<h3 style='font-size: 22px; border-bottom: 2px solid currentColor; padding-bottom: 5px; margin-top: 0; color: inherit; opacity: 0.8;'>Novedades BioTime Pro 1.0.6<\/h3>\n<ul style='padding-left: 20px; margin: 15px 0; font-size: 14px; color: inherit;'>\n<li style='margin-bottom: 5px;'>M\u00f3dulo de detecci\u00f3n de temperatura y cubrebocas<\/li>\n<li style='margin-bottom: 5px;'>Mayor flexibilidad de Horarios y Turnos (24+ horas&comma; 24&#215;24&comma; 24&#215;48&comma; etc)<\/li>\n<li style='margin-bottom: 5px;'>Funci\u00f3n de aprobaci\u00f3n de Tiempo Extra<\/li>\n<li style='margin-bottom: 5px;'>Sistema de Vacaciones anuales por antig\u00fcedad laboral<\/li>\n<li style='margin-bottom: 5px;'>Reportes con firma de conformidad de empleados<\/li>\n<li style='margin-bottom: 5px;'>Funci\u00f3n de Geo-Cerca con App ZKBioTime<\/li>\n<li style='margin-bottom: 5px;'>M\u00f3dulo de control de acceso b\u00e1sico remoto (consulte terminales compatibles)<\/li>\n<li style='margin-bottom: 5px;'>Compatible con nueva generaci\u00f3n de terminales de reconocimiento facial Visible Light<\/li>\n<li style='margin-bottom: 5px;'>Carga de Documentos de empleados<\/li>\n<li style='margin-bottom: 5px;'>Alertas en tiempo real por FB Messenger<\/li>\n<li style='margin-bottom: 5px;'>Sistema Multi-Empresarial para integradores de sistemas<\/li>\n<\/ul><\/div>\n<div style='width: 100%;'>\n<h3 style='font-size: 22px; border-bottom: 2px solid currentColor; padding-bottom: 5px; margin-top: 0; color: inherit; opacity: 0.8;'>Especificaciones de Software<\/h3>\n<div style='display: grid; grid-template-columns: repeat(auto-fit&comma; minmax(250px&comma; 1fr)); gap: 20px; margin-top: 20px;'>\n<div style='border: 1px solid rgba(150&comma; 150&comma; 150&comma; 0.4); border-radius: 8px; overflow: hidden;'>\n<div style='padding: 15px; border-bottom: 1px solid rgba(150&comma; 150&comma; 150&comma; 0.2); font-weight: bold; font-size: 18px; color: inherit;'>Arquitectura del Sistema<\/div>\n<div style='padding: 15px; color: inherit;'>Servidor \/ Navegador Web<\/div>\n<\/p><\/div>\n<div style='border: 1px solid rgba(150&comma; 150&comma; 150&comma; 0.4); border-radius: 8px; overflow: hidden;'>\n<div style='padding: 15px; border-bottom: 1px solid rgba(150&comma; 150&comma; 150&comma; 0.2); font-weight: bold; font-size: 18px; color: inherit;'>Dispositivos Compatibles<\/div>\n<div style='padding: 15px; color: inherit;'>Terminales ZKTeco con funci\u00f3n ADMS*<\/div>\n<\/p><\/div>\n<div style='border: 1px solid rgba(150&comma; 150&comma; 150&comma; 0.4); border-radius: 8px; overflow: hidden;'>\n<div style='padding: 15px; border-bottom: 1px solid rgba(150&comma; 150&comma; 150&comma; 0.2); font-weight: bold; font-size: 18px; color: inherit;'>Capacidad de Dispositivos<\/div>\n<div style='padding: 15px; color: inherit;'>300 en un mismo servidor**<\/div>\n<\/p><\/div>\n<div style='border: 1px solid rgba(150&comma; 150&comma; 150&comma; 0.4); border-radius: 8px; overflow: hidden;'>\n<div style='padding: 15px; border-bottom: 1px solid rgba(150&comma; 150&comma; 150&comma; 0.2); font-weight: bold; font-size: 18px; color: inherit;'>Base de Datos<\/div>\n<div style='padding: 15px; color: inherit;'>PostgreSQL (Default)&comma; MS SQL Server 2005\/2008\/2012\/2014\/2016 (Recomendado)&comma; MySQL5.0.54&comma; Oracle10g\/11g\/12c<\/div>\n<\/p><\/div>\n<div style='border: 1px solid rgba(150&comma; 150&comma; 150&comma; 0.4); border-radius: 8px; overflow: hidden;'>\n<div style='padding: 15px; border-bottom: 1px solid rgba(150&comma; 150&comma; 150&comma; 0.2); font-weight: bold; font-size: 18px; color: inherit;'>Sistema Operativo Compatible<\/div>\n<div style='padding: 15px; color: inherit;'>Windows 7\/8\/8.1\/10 \/ Server 2003\/2008\/2008 R2\/2012\/2012 R2\/2014\/2016 (64-bits)<\/div>\n<\/p><\/div>\n<div style='border: 1px solid rgba(150&comma; 150&comma; 150&comma; 0.4); border-radius: 8px; overflow: hidden;'>\n<div style='padding: 15px; border-bottom: 1px solid rgba(150&comma; 150&comma; 150&comma; 0.2); font-weight: bold; font-size: 18px; color: inherit;'>Navegadores Sugeridos<\/div>\n<div style='padding: 15px; color: inherit;'>Chrome 33+&comma; IE 11+&comma; Firefox 27+<\/div>\n<\/p><\/div>\n<\/p><\/div>\n<p style='margin: 15px 0; font-size: 14px; color: inherit;'>*Consulte compatibilidad de firmware<\/p>\n<p style='margin: 15px 0; font-size: 14px; color: inherit;'>**Para conectar m\u00e1s dispositivos&comma; se requiere configuraci\u00f3n multi-servidor.<\/p>\n<\/p><\/div>\n<div style='width: 100%;'>\n<h3 style='font-size: 22px; border-bottom: 2px solid currentColor; padding-bottom: 5px; margin-top: 0; color: inherit; opacity: 0.8;'>Requisitos de Hardware<\/h3>\n<div style='display: grid; grid-template-columns: repeat(auto-fit&comma; minmax(250px&comma; 1fr)); gap: 20px; margin-top: 20px;'>\n<div style='border: 1px solid rgba(150&comma; 150&comma; 150&comma; 0.4); border-radius: 8px; overflow: hidden;'>\n<div style='padding: 15px; border-bottom: 1px solid rgba(150&comma; 150&comma; 150&comma; 0.2); font-weight: bold; font-size: 18px; color: inherit;'>Dispositivos<\/div>\n<div style='padding: 15px; color: inherit;'>\n<ul style='padding-left: 20px; margin: 0; font-size: 14px; list-style-type: disc;'>\n<li style='margin-bottom: 5px;'>100<\/li>\n<li style='margin-bottom: 5px;'>200<\/li>\n<li style='margin-bottom: 5px;'>300 *<\/li>\n<\/ul><\/div>\n<\/p><\/div>\n<div style='border: 1px solid rgba(150&comma; 150&comma; 150&comma; 0.4); border-radius: 8px; overflow: hidden;'>\n<div style='padding: 15px; border-bottom: 1px solid rgba(150&comma; 150&comma; 150&comma; 0.2); font-weight: bold; font-size: 18px; color: inherit;'>Procesador<\/div>\n<div style='padding: 15px; color: inherit;'>\n<ul style='padding-left: 20px; margin: 0; font-size: 14px; list-style-type: disc;'>\n<li style='margin-bottom: 5px;'>Intel&comma; 4 N\u00facleos @ 3.4 GHz<\/li>\n<li style='margin-bottom: 5px;'>Intel&comma; 6 N\u00facleos @ 3.4 GHz<\/li>\n<li style='margin-bottom: 5px;'>Intel&comma; 8 N\u00facleos @ 3.4 GHz<\/li>\n<\/ul><\/div>\n<\/p><\/div>\n<div style='border: 1px solid rgba(150&comma; 150&comma; 150&comma; 0.4); border-radius: 8px; overflow: hidden;'>\n<div style='padding: 15px; border-bottom: 1px solid rgba(150&comma; 150&comma; 150&comma; 0.2); font-weight: bold; font-size: 18px; color: inherit;'>RAM<\/div>\n<div style='padding: 15px; color: inherit;'>\n<ul style='padding-left: 20px; margin: 0; font-size: 14px; list-style-type: disc;'>\n<li style='margin-bottom: 5px;'>4-8 GB<\/li>\n<li style='margin-bottom: 5px;'>8-16 GB<\/li>\n<li style='margin-bottom: 5px;'>16-32 GB<\/li>\n<\/ul><\/div>\n<\/p><\/div>\n<div style='border: 1px solid rgba(150&comma; 150&comma; 150&comma; 0.4); border-radius: 8px; overflow: hidden;'>\n<div style='padding: 15px; border-bottom: 1px solid rgba(150&comma; 150&comma; 150&comma; 0.2); font-weight: bold; font-size: 18px; color: inherit;'>Almacenamiento<\/div>\n<div style='padding: 15px; color: inherit;'>M\u00ednimo 100GB de espacio libre. Partici\u00f3n NTFS. SSD Recomendado<\/div>\n<\/p><\/div>\n<\/p><\/div>\n<\/p><\/div>\n<div style='width: 100%;'> <img style='width: 100%; height: auto; border: 1px solid rgba(150&comma;150&comma;150&comma;0.3); border-radius: 8px;' src='https:\/\/ftp3.syscom.mx\/usuarios\/fsanora\/ZKTeco\/BiotimePRO\/Tabla_de_licencias_ago_2022.png' alt=''> <\/div>\n<div style='width: 100%;'>\n<h3 style='font-size: 22px; border-bottom: 2px solid currentColor; padding-bottom: 5px; margin-top: 0; color: inherit; opacity: 0.8;'>Notas<\/h3>\n<ul style='padding-left: 20px; margin: 15px 0; font-size: 14px; color: inherit;'>\n<li style='margin-bottom: 5px;'>Las licencias son vitalicias.<\/li>\n<li style='margin-bottom: 5px;'>No son transferibles entre computadoras.<\/li>\n<li style='margin-bottom: 5px;'>S\u00f3lo se cuenta con un reemplazo de licencia dentro del primero a\u00f1o de compra&comma; en caso de requerir un segundo reemplazo&comma; este genera un cargo&comma; y se debe cotizar el modelo <span style='color: #c0392b;'>ZKA3770002<\/span><\/li>\n<\/ul><\/div>\n<\/p><\/div>\n<\/p><\/div>\n","protected":false},"excerpt":{"rendered":"<p>Software de Gesti\u00f3n Centralizada de Asistencia BIOTIMEPRO Licencia GREAT PROJECT 500 dispositivos y 50 mil empleados<\/p>\n","protected":false},"featured_media":26451,"comment_status":"open","ping_status":"closed","template":"","meta":[],"product_brand":[],"product_cat":[846],"product_tag":[792,847,844],"class_list":{"0":"post-26452","1":"product","2":"type-product","3":"status-publish","4":"has-post-thumbnail","6":"product_cat-tiempo-y-asistencia","7":"product_tag-software-de-asistencia","8":"product_tag-tiempo-y-asistencia","9":"product_tag-zkteco","11":"first","12":"outofstock","13":"sale","14":"shipping-taxable","15":"purchasable","16":"product-type-simple"},"_links":{"self":[{"href":"https:\/\/soydeaqui.ddns.net\/pachuca\/index.php\/wp-json\/wp\/v2\/product\/26452","targetHints":{"allow":["GET"]}}],"collection":[{"href":"https:\/\/soydeaqui.ddns.net\/pachuca\/index.php\/wp-json\/wp\/v2\/product"}],"about":[{"href":"https:\/\/soydeaqui.ddns.net\/pachuca\/index.php\/wp-json\/wp\/v2\/types\/product"}],"replies":[{"embeddable":true,"href":"https:\/\/soydeaqui.ddns.net\/pachuca\/index.php\/wp-json\/wp\/v2\/comments?post=26452"}],"wp:featuredmedia":[{"embeddable":true,"href":"https:\/\/soydeaqui.ddns.net\/pachuca\/index.php\/wp-json\/wp\/v2\/media\/26451"}],"wp:attachment":[{"href":"https:\/\/soydeaqui.ddns.net\/pachuca\/index.php\/wp-json\/wp\/v2\/media?parent=26452"}],"wp:term":[{"taxonomy":"product_brand","embeddable":true,"href":"https:\/\/soydeaqui.ddns.net\/pachuca\/index.php\/wp-json\/wp\/v2\/product_brand?post=26452"},{"taxonomy":"product_cat","embeddable":true,"href":"https:\/\/soydeaqui.ddns.net\/pachuca\/index.php\/wp-json\/wp\/v2\/product_cat?post=26452"},{"taxonomy":"product_tag","embeddable":true,"href":"https:\/\/soydeaqui.ddns.net\/pachuca\/index.php\/wp-json\/wp\/v2\/product_tag?post=26452"}],"curies":[{"name":"wp","href":"https:\/\/api.w.org\/{rel}","templated":true}]}}