{"id":26330,"date":"2026-03-18T12:11:44","date_gmt":"2026-03-18T12:11:44","guid":{"rendered":"https:\/\/soydeaqui.ddns.net\/pachuca\/index.php\/producto\/tarjeta-de-proximidad-hid-activa-para-control-de-acceso-vehicular-1351lbsmn\/"},"modified":"2026-03-18T12:11:45","modified_gmt":"2026-03-18T12:11:45","slug":"tarjeta-de-proximidad-hid-activa-para-control-de-acceso-vehicular-1351lbsmn","status":"publish","type":"product","link":"https:\/\/soydeaqui.ddns.net\/pachuca\/index.php\/producto\/tarjeta-de-proximidad-hid-activa-para-control-de-acceso-vehicular-1351lbsmn\/","title":{"rendered":"Tarjeta de Proximidad HID Activa para Control de Acceso Vehicular \/1351LBSMN"},"content":{"rendered":"<div style='width: 100%; max-width: 1200px; margin: 0 auto; font-family: sans-serif; line-height: 1.6; color: inherit; background-color: transparent;'> <!-- Caracter\u00edsticas --> <\/p>\n<div style='display: flex; flex-wrap: wrap; gap: 30px; margin-bottom: 30px;'>\n<div style='flex: 1 1 300px; min-width: 280px;'>\n<h3 style='font-size: 22px; border-bottom: 2px solid currentColor; padding-bottom: 5px; margin-top: 0; color: inherit; opacity: 0.8;'>Caracter\u00edsticas<\/h3>\n<ul style='padding-left: 20px; font-size: 15px; color: inherit;'>\n<li style='margin-bottom: 5px;'>N\u00famero de parte HID: 1351LBSMN.<\/li>\n<li style='margin-bottom: 5px;'>Frecuencia: 125 KHz.<\/li>\n<li style='margin-bottom: 5px;'>Tecnolog\u00eda de Proximidad HID.<\/li>\n<li style='margin-bottom: 5px;'>La tapa permite el reemplazo conveniente de la bater\u00eda.<\/li>\n<li style='margin-bottom: 5px;'>Proporciona un rango de lectura de hasta 6 ft (1.8 m)&comma; requiere validar el alcance del lector*.<\/li>\n<li style='margin-bottom: 5px;'>La etiqueta de velcro se adhiere f\u00e1cilmente al interior del parabrisas del veh\u00edculo.<\/li>\n<li style='margin-bottom: 5px;'>Estuche sellado atractivo y duradero.<\/li>\n<li style='margin-bottom: 5px;'>Compatible con el lector MaxiProx\u00ae (<a href='https:\/\/www.syscom.mx\/producto\/5375AGN00-HID-89078.html' target='_blank' rel='noopener' style='color: inherit; text-decoration: underline;'>5375AGN00<\/a>) y todos los formatos de tarjeta HID.<\/li>\n<li style='margin-bottom: 5px;'>Duraci\u00f3n de la bater\u00eda de dos a cinco a\u00f1os&comma; seg\u00fan el uso.<\/li>\n<li style='margin-bottom: 5px;'>Garantia de Por Vida.<\/li>\n<li style='margin-bottom: 5px;'>Dimensiones: 9.25 x 6.75 x 0.76 cm<\/li>\n<\/ul><\/div>\n<\/p><\/div>\n<p> <!-- Condiciones de compra --> <\/p>\n<div style='display: flex; flex-wrap: wrap; gap: 30px; margin-bottom: 30px;'>\n<div style='flex: 1 1 300px; min-width: 280px;'>\n<h3 style='font-size: 22px; border-bottom: 2px solid currentColor; padding-bottom: 5px; margin-top: 0; color: inherit; opacity: 0.8;'>Condiciones de compra<\/h3>\n<ul style='padding-left: 20px; font-size: 15px; color: inherit;'>\n<li style='margin-bottom: 5px;'>Requiere un m\u00ednimo de orden de 100 pzs.<\/li>\n<li style='margin-bottom: 5px;'>Es <strong style='color: inherit;'>indispensable<\/strong> para procesar cualquier orden de compra:<\/li>\n<ul style='padding-left: 20px; font-size: 15px; color: inherit;'>\n<li style='margin-bottom: 5px;'><strong style='color: inherit;'>Formato:<\/strong> Confirmar que es H10301&comma; es decir&comma; 26 bits.<\/li>\n<li style='margin-bottom: 5px;'><strong style='color: inherit;'>C\u00f3digo de sitio<\/strong> (Site Code \/ Facility Code): (0 a 255&comma; si es formato 26 bits H10301).<\/li>\n<li style='margin-bottom: 5px;'><strong style='color: inherit;'>Consecutivo<\/strong> (rango): La numeraci\u00f3n que tendr\u00e1n las tarjetas (Entre 0-65535 si es a 26 bits H10301).<\/li>\n<li style='margin-bottom: 5px;'>Finalmente indicar si desea que el n\u00famero de la tarjeta este impreso sobre la misma.<\/li>\n<li style='margin-bottom: 5px;'>Se puede llenar el siguiente <a href='http:\/\/ftp3.syscom.mx\/usuarios\/ftp\/2017\/09\/07\/36288\/FOR%207.4%20025%20CMP%20Formato%20para%20Solicitud%20de%20Tarjetas%20HID%20rev.%20001.docx' style='color: inherit; text-decoration: underline;'>formulario<\/a> y enviarlo a su ejecutivo de ventas para procesar su solicitud.<\/li>\n<li style='margin-bottom: 5px;'>En formatos diferentes a H10301 (26 bits) es necesario solicitar validaci\u00f3n y tiempo de entrega al dpto de ingenieria.<\/li>\n<li style='margin-bottom: 5px;'>En formatos corporativos deber\u00e1 cotizar <a href='https:\/\/www.syscom.mx\/principal\/searchcont?route=MC-1000-HID-156476&#038;autodetect=mc1000' style='color: inherit; text-decoration: underline; font-size: 12px; font-weight: 600;'>MC-1000<\/a> y seguir el proceso ah\u00ed descrito.<\/li>\n<li style='margin-bottom: 5px;'>Cualquier variaci\u00f3n en el modelo o formato el tiempo de entrega estimado es de 3 semanas.<\/li>\n<li style='margin-bottom: 5px;'>Todas las compras de este modelo a trav\u00e9s de este portal est\u00e1n sujetas al env\u00edo de la informaci\u00f3n indispensable para procesar la compra.<\/li>\n<li style='margin-bottom: 5px;'><strong style='color: inherit;'>Es recomendable si se tiene una tarjeta existente enviarla a SYSCOM para su identificaci\u00f3n previa a la compra.<\/strong><\/li>\n<\/ul>\n<\/ul><\/div>\n<\/p><\/div>\n<p> <!-- Corporate 1000 --> <\/p>\n<div style='display: flex; flex-wrap: wrap; gap: 30px; margin-bottom: 30px;'>\n<div style='flex: 1 1 300px; min-width: 280px;'>\n<h3 style='font-size: 22px; border-bottom: 2px solid currentColor; padding-bottom: 5px; margin-top: 0; color: inherit; opacity: 0.8;'>Conozca que es Corporate 1000<\/h3>\n<ul style='padding-left: 20px; font-size: 15px; color: inherit;'>\n<li style='margin-bottom: 5px;'><a href='http:\/\/ftp3.syscom.mx\/usuarios\/ftp\/2017\/09\/08\/ae5a5\/corporate1000_ds_es.pdf' target='_blank' rel='noopener' style='color: inherit; text-decoration: underline;'>Corporate 1000<\/a>.<\/li>\n<li style='margin-bottom: 5px;'>Agregue un formato controlado por el usuario.<\/li>\n<li style='margin-bottom: 5px;'>Disponible en SYSCOM a 48 bits.<\/li>\n<li style='margin-bottom: 5px;'>Para formatos Corporate 1000 es necesario llenar una documentaci\u00f3n adicional al momento de la compra:<\/li>\n<ul style='padding-left: 20px; font-size: 15px; color: inherit;'>\n<li style='margin-bottom: 5px;'><a href='http:\/\/ftp3.syscom.mx\/usuarios\/ftp\/2017\/09\/15\/96cc8\/Corporate_1000_nuevo.pdf' target='_blank' rel='noopener' style='color: inherit; text-decoration: underline;'>Solicitud<\/a> <a href='http:\/\/ftp3.syscom.mx\/usuarios\/ftp\/2018\/01\/16\/6a208\/Credential_Program_License_Agreement%20(1).pdf' target='_blank' rel='noopener' style='color: inherit; text-decoration: underline;'>Credential Program<\/a><\/li>\n<li style='margin-bottom: 5px;'><a href='http:\/\/ftp3.syscom.mx\/usuarios\/ftp\/2017\/09\/15\/e939a\/Corporate_1000_existente.pdf' target='_top' style='color: inherit; text-decoration: underline;'>Proyectos existentes<\/a><\/li>\n<\/ul>\n<li style='margin-bottom: 5px;'>Debe considerarse un <strong style='color: inherit;'>costo adicional<\/strong> cuando se solicita este formato Corporativo&comma; al precio de lista de la tarjeta agregar el modelo <a href='https:\/\/www.syscom.mx\/principal\/searchcont?route=MC-1000-HID-156476&#038;autodetect=mc100' style='color: inherit; text-decoration: underline; font-size: 12px; font-weight: 600;'>MC-1000<\/a> correspondiente a un cargo por tarjeta por programar en C1000.<\/li>\n<\/ul><\/div>\n<\/p><\/div>\n<p> <!-- Separador --> <\/p>\n<hr style='border: 0; border-top: 1px solid rgba(150&comma; 150&comma; 150&comma; 0.3); margin: 30px 0;'> <\/div>\n","protected":false},"excerpt":{"rendered":"<p>Tarjeta de Proximidad HID Activa para Control de Acceso Vehicular \/1351LBSMN<\/p>\n","protected":false},"featured_media":26329,"comment_status":"open","ping_status":"closed","template":"","meta":[],"product_brand":[],"product_cat":[465],"product_tag":[814,466,467],"class_list":{"0":"post-26330","1":"product","2":"type-product","3":"status-publish","4":"has-post-thumbnail","6":"product_cat-proximidad-125-khz","7":"product_tag-hid","8":"product_tag-lectoras-y-tarjetas","9":"product_tag-proximidad-125-khz","11":"first","12":"outofstock","13":"sale","14":"shipping-taxable","15":"purchasable","16":"product-type-simple"},"_links":{"self":[{"href":"https:\/\/soydeaqui.ddns.net\/pachuca\/index.php\/wp-json\/wp\/v2\/product\/26330","targetHints":{"allow":["GET"]}}],"collection":[{"href":"https:\/\/soydeaqui.ddns.net\/pachuca\/index.php\/wp-json\/wp\/v2\/product"}],"about":[{"href":"https:\/\/soydeaqui.ddns.net\/pachuca\/index.php\/wp-json\/wp\/v2\/types\/product"}],"replies":[{"embeddable":true,"href":"https:\/\/soydeaqui.ddns.net\/pachuca\/index.php\/wp-json\/wp\/v2\/comments?post=26330"}],"wp:featuredmedia":[{"embeddable":true,"href":"https:\/\/soydeaqui.ddns.net\/pachuca\/index.php\/wp-json\/wp\/v2\/media\/26329"}],"wp:attachment":[{"href":"https:\/\/soydeaqui.ddns.net\/pachuca\/index.php\/wp-json\/wp\/v2\/media?parent=26330"}],"wp:term":[{"taxonomy":"product_brand","embeddable":true,"href":"https:\/\/soydeaqui.ddns.net\/pachuca\/index.php\/wp-json\/wp\/v2\/product_brand?post=26330"},{"taxonomy":"product_cat","embeddable":true,"href":"https:\/\/soydeaqui.ddns.net\/pachuca\/index.php\/wp-json\/wp\/v2\/product_cat?post=26330"},{"taxonomy":"product_tag","embeddable":true,"href":"https:\/\/soydeaqui.ddns.net\/pachuca\/index.php\/wp-json\/wp\/v2\/product_tag?post=26330"}],"curies":[{"name":"wp","href":"https:\/\/api.w.org\/{rel}","templated":true}]}}