{"id":26310,"date":"2026-03-18T12:11:22","date_gmt":"2026-03-18T12:11:22","guid":{"rendered":"https:\/\/soydeaqui.ddns.net\/pachuca\/index.php\/producto\/gabinete-para-administrador-de-llaves-accesorios-soporta-hasta-21-llaveros\/"},"modified":"2026-03-18T12:11:23","modified_gmt":"2026-03-18T12:11:23","slug":"gabinete-para-administrador-de-llaves-accesorios-soporta-hasta-21-llaveros","status":"publish","type":"product","link":"https:\/\/soydeaqui.ddns.net\/pachuca\/index.php\/producto\/gabinete-para-administrador-de-llaves-accesorios-soporta-hasta-21-llaveros\/","title":{"rendered":"Gabinete Para Administrador de Llaves \/ Accesorios \/ Soporta hasta 21 Llaveros"},"content":{"rendered":"<div style='width: 100%; max-width: 1200px; margin: 0 auto; font-family: sans-serif; line-height: 1.6; color: inherit; background-color: transparent;'>\n<div style='display: flex; flex-wrap: wrap; gap: 30px; margin-bottom: 30px;'>\n<div style='flex: 1 1 300px; min-width: 280px;'>\n<h3 style='font-size: 22px; border-bottom: 2px solid currentColor; padding-bottom: 5px; margin-top: 0; color: inherit; opacity: 0.8;'>\u00bfQu\u00e9 es?<\/h3>\n<p style='font-size: 15px; color: inherit; margin-top: 0; margin-bottom: 15px;'>El sencillo Sistema de Gesti\u00f3n de Llaves Inteligente. Permite la gesti\u00f3n avanzada de 21 llaves en una unidad Plug&#038;Play&comma; con tecnolog\u00eda RFID de identificaci\u00f3n&comma; acceso a las llaves asignadas por C\u00f3digo PIN de Seguridad y configuraci\u00f3n sencilla a trav\u00e9s de la pantalla t\u00e1ctil&comma; sin necesidad de red u ordenador.<\/p>\n<\/p><\/div>\n<\/p><\/div>\n<div style='display: flex; flex-wrap: wrap; gap: 30px; margin-bottom: 30px;'>\n<div style='flex: 1 1 300px; min-width: 280px;'>\n<h3 style='font-size: 22px; border-bottom: 2px solid currentColor; padding-bottom: 5px; margin-top: 0; color: inherit; opacity: 0.8;'>Detalles<\/h3>\n<ul style='padding-left: 20px; font-size: 15px; color: inherit;'>\n<li style='margin-bottom: 5px;'>Soluci\u00f3n Plug&#038;Play con tecnolog\u00eda RFID avanzada para identificar cada llave<\/li>\n<li style='margin-bottom: 5px;'>Configuraci\u00f3n sencilla con pantalla t\u00e1ctil: sin necesidad de red o computadora<\/li>\n<li style='margin-bottom: 5px;'>Acceso a las llaves asignadas por C\u00f3digo PIN de Seguridad<\/li>\n<li style='margin-bottom: 5px;'>Anillos de seguridad especiales para la seguridad de las llaves<\/li>\n<li style='margin-bottom: 5px;'>Bloqueo de manilla durante 3 minutos al teclear un c\u00f3digo err\u00f3neo 5 veces<\/li>\n<li style='margin-bottom: 5px;'>Robustos puntos de fijaci\u00f3n ocultos para una fijaci\u00f3n a la pared<\/li>\n<li style='margin-bottom: 5px;'>Funciona con corriente general y tiene bater\u00eda de emergencia opcional<\/li>\n<\/ul><\/div>\n<div style='flex: 1 1 300px; min-width: 280px;'>\n<h3 style='font-size: 22px; border-bottom: 2px solid currentColor; padding-bottom: 5px; margin-top: 0; color: inherit; opacity: 0.8;'>Funcionalidades<\/h3>\n<ul style='padding-left: 20px; font-size: 15px; color: inherit;'>\n<li style='margin-bottom: 5px;'>Gesti\u00f3n de llaves&comma; usuarios y derechos de accesos<\/li>\n<li style='margin-bottom: 5px;'>Multilenguaje<\/li>\n<li style='margin-bottom: 5px;'>Informe de seguimiento en pantalla y\/o exportaci\u00f3n a USB<\/li>\n<li style='margin-bottom: 5px;'>21 iFob robustos y duraderos con sellos de seguridad<\/li>\n<li style='margin-bottom: 5px;'>21 posiciones bloqueadas con LED incorporadas<\/li>\n<li style='margin-bottom: 5px;'>Carcasa de aluminio y ABS robusta y compacta sin bisagras o puntos de acceso expuestos<\/li>\n<li style='margin-bottom: 5px;'>Liberaci\u00f3n manual y apertura de puerta en caso de emergencia<\/li>\n<li style='margin-bottom: 5px;'>Alarmas auditivas<\/li>\n<\/ul><\/div>\n<\/p><\/div>\n<div style='display: flex; flex-wrap: wrap; gap: 30px; margin-bottom: 30px;'>\n<div style='flex: 1 1 300px; min-width: 280px;'>\n<h3 style='font-size: 22px; border-bottom: 2px solid currentColor; padding-bottom: 5px; margin-top: 0; color: inherit; opacity: 0.8;'>iFob T21<\/h3>\n<p style='font-size: 15px; color: inherit; margin-top: 0; margin-bottom: 15px;'>Una vez fijado un iFob a una robusta anillo de seguridad&comma; las llaves individuales o los manojos de llaves se asignan a una posici\u00f3n espec\u00edfica en la cabina de T21 y se bloquean en la misma posici\u00f3n hasta que un usuario autorizado introduzca el c\u00f3digo PIN correctamente.<\/p>\n<\/p><\/div>\n<div style='flex: 1 1 300px; min-width: 280px;'>\n<h3 style='font-size: 22px; border-bottom: 2px solid currentColor; padding-bottom: 5px; margin-top: 0; color: inherit; opacity: 0.8;'>Anillos de Seguridad T21<\/h3>\n<ul style='padding-left: 20px; font-size: 15px; color: inherit;'>\n<li style='margin-bottom: 5px;'>El Anillo de Seguridad es lo que permite unir las llaves al iFob para poder as\u00ed identificarlas y hacer un control total de los accesos<\/li>\n<li style='margin-bottom: 5px;'>Debido a su robusto material&comma; s\u00f3lo es posible separar las llaves del iFob&comma; cortando el Anillo de Seguridad utilizando una herramienta de corte de materiales resistentes<\/li>\n<\/ul><\/div>\n<\/p><\/div>\n<div style='display: flex; flex-wrap: wrap; gap: 30px; margin-bottom: 30px;'>\n<div style='flex: 1 1 300px; min-width: 280px;'> <img style='width: 100%; height: auto; border: 1px solid rgba(150&comma;150&comma;150&comma;0.3); border-radius: 8px;' src='https:\/\/ftp3.syscom.mx\/usuarios\/maguilar\/Abloy\/Traka21\/Ifob-SecuritySeal.png' alt=''> <\/div>\n<\/p><\/div>\n<div style='display: flex; flex-wrap: wrap; gap: 30px; margin-bottom: 30px;'>\n<div style='flex: 1 1 300px; min-width: 280px;'>\n<h3 style='font-size: 22px; border-bottom: 2px solid currentColor; padding-bottom: 5px; margin-top: 0; color: inherit; opacity: 0.8;'>Documentaci\u00f3n<\/h3>\n<ul style='padding-left: 20px; font-size: 15px; color: inherit;'>\n<li style='margin-bottom: 5px;'><a href='https:\/\/ftp3.syscom.mx\/usuarios\/maguilar\/Abloy\/Traka21\/Traka21%20-%20FAQ.pdf' target='_blank' rel='noopener' style='color: inherit; text-decoration: underline;'>\u00bfPreguntas de Funcionamiento? Click Aqu\u00ed<\/a><\/li>\n<li style='margin-bottom: 5px;'><a href='https:\/\/www.medeco.com\/en\/videos\/k12\/t211\/t21userguides\/t21general\/' target='_blank' rel='noopener' style='color: inherit; text-decoration: underline;'>Informaci\u00f3n en general del sistema<\/a><\/li>\n<\/ul><\/div>\n<\/p><\/div>\n<div style='display: flex; flex-wrap: wrap; gap: 30px; margin-bottom: 30px;'>\n<div style='flex: 1 1 300px; min-width: 280px;'>\n<h3 style='font-size: 22px; border-bottom: 2px solid currentColor; padding-bottom: 5px; margin-top: 0; color: inherit; opacity: 0.8;'>Videos de Instalaci\u00f3n<\/h3>\n<ul style='padding-left: 20px; font-size: 15px; color: inherit;'>\n<li style='margin-bottom: 5px;'><a href='https:\/\/www.youtube.com\/watch?v=AYp7Y65ZwQM' target='_blank' rel='noopener' style='color: inherit; text-decoration: underline;'>Instalaci\u00f3n y configuraci\u00f3n<\/a><\/li>\n<\/ul><\/div>\n<\/p><\/div>\n<div style='display: flex; flex-wrap: wrap; gap: 30px; margin-bottom: 30px;'>\n<div style='flex: 1 1 300px; min-width: 280px;'>\n<h3 style='font-size: 22px; border-bottom: 2px solid currentColor; padding-bottom: 5px; margin-top: 0; color: inherit; opacity: 0.8;'>Videos Funciones Generales<\/h3>\n<ul style='padding-left: 20px; font-size: 15px; color: inherit;'>\n<li style='margin-bottom: 5px;'><a href='https:\/\/www.youtube.com\/watch?v=XxGAzoVqrJA' target='_blank' rel='noopener' style='color: inherit; text-decoration: underline;'>Acceder al Sistema<\/a><\/li>\n<li style='margin-bottom: 5px;'><a href='https:\/\/www.youtube.com\/watch?v=2L0jBYHwq6M' target='_blank' rel='noopener' style='color: inherit; text-decoration: underline;'>Agregar y Retirar Llaves<\/a><\/li>\n<li style='margin-bottom: 5px;'><a href='https:\/\/youtu.be\/2L0jBYHwq6M' target='_blank' rel='noopener' style='color: inherit; text-decoration: underline;'>Retirar y Devolver Llaves<\/a><\/li>\n<\/ul><\/div>\n<\/p><\/div>\n<div style='display: flex; flex-wrap: wrap; gap: 30px; margin-bottom: 30px;'>\n<div style='flex: 1 1 300px; min-width: 280px;'>\n<h3 style='font-size: 22px; border-bottom: 2px solid currentColor; padding-bottom: 5px; margin-top: 0; color: inherit; opacity: 0.8;'>Videos Funciones de Usuarios<\/h3>\n<ul style='padding-left: 20px; font-size: 15px; color: inherit;'>\n<li style='margin-bottom: 5px;'><a href='https:\/\/youtu.be\/Fz4TOLWtA48' target='_blank' rel='noopener' style='color: inherit; text-decoration: underline;'>Estado del iFob<\/a><\/li>\n<li style='margin-bottom: 5px;'><a href='https:\/\/youtu.be\/F0LiuCDxGLs' target='_blank' rel='noopener' style='color: inherit; text-decoration: underline;'>Reemplazar posiciones del iFob<\/a><\/li>\n<li style='margin-bottom: 5px;'><a href='https:\/\/youtu.be\/1wmuqtVW8Pw' target='_blank' rel='noopener' style='color: inherit; text-decoration: underline;'>Gesti\u00f3n de Usuarios<\/a><\/li>\n<li style='margin-bottom: 5px;'><a href='https:\/\/youtu.be\/sZ7tIAusRXw' target='_blank' rel='noopener' style='color: inherit; text-decoration: underline;'>Asignar Permisos<\/a><\/li>\n<li style='margin-bottom: 5px;'><a href='https:\/\/youtu.be\/zMtQ5bHhtKE' target='_blank' rel='noopener' style='color: inherit; text-decoration: underline;'>Cambiar el C\u00f3digo de Acceso<\/a><\/li>\n<li style='margin-bottom: 5px;'><a href='https:\/\/youtu.be\/2P8B5qa3OwI' target='_blank' rel='noopener' style='color: inherit; text-decoration: underline;'>Men\u00fa de Ayuda<\/a><\/li>\n<li style='margin-bottom: 5px;'><a href='https:\/\/youtu.be\/iXmTudcPCA8' target='_blank' rel='noopener' style='color: inherit; text-decoration: underline;'>Informes<\/a><\/li>\n<\/ul><\/div>\n<\/p><\/div>\n<div style='display: flex; flex-wrap: wrap; gap: 30px; margin-bottom: 30px;'>\n<div style='flex: 1 1 300px; min-width: 280px;'>\n<h3 style='font-size: 22px; border-bottom: 2px solid currentColor; padding-bottom: 5px; margin-top: 0; color: inherit; opacity: 0.8;'>Videos Funciones del Sistema<\/h3>\n<ul style='padding-left: 20px; font-size: 15px; color: inherit;'>\n<li style='margin-bottom: 5px;'><a href='https:\/\/youtu.be\/OKKEr3eaCCw' target='_blank' rel='noopener' style='color: inherit; text-decoration: underline;'>Exportar\/Importar Informaci\u00f3n<\/a><\/li>\n<li style='margin-bottom: 5px;'><a href='https:\/\/youtu.be\/Npy0_jaIWb0' target='_blank' rel='noopener' style='color: inherit; text-decoration: underline;'>Configuraci\u00f3n del Sistema<\/a><\/li>\n<li style='margin-bottom: 5px;'><a href='https:\/\/youtu.be\/x63nBxaD3RY' target='_blank' rel='noopener' style='color: inherit; text-decoration: underline;'>Reemplazar iFobs<\/a><\/li>\n<li style='margin-bottom: 5px;'><a href='https:\/\/youtu.be\/iHfXFM3QEN4' target='_blank' rel='noopener' style='color: inherit; text-decoration: underline;'>Instalaci\u00f3n de la Bater\u00eda Auxiliar<\/a><\/li>\n<li style='margin-bottom: 5px;'><a href='https:\/\/youtu.be\/1glPLxc8pLo' target='_blank' rel='noopener' style='color: inherit; text-decoration: underline;'>Retirar las llaves en caso de un fallo de alimentaci\u00f3n<\/a><\/li>\n<\/ul><\/div>\n<\/p><\/div>\n<div style='display: flex; flex-wrap: wrap; gap: 30px; margin-bottom: 30px;'>\n<div style='flex: 1 1 300px; min-width: 280px;'>\n<h3 style='font-size: 22px; border-bottom: 2px solid currentColor; padding-bottom: 5px; margin-top: 0; color: inherit; opacity: 0.8;'>Videos Tutoriales<\/h3>\n<div style='display: grid; grid-template-columns: repeat(auto-fit&comma; minmax(280px&comma; 1fr)); gap: 20px;'>\n<div style='position: relative; padding-bottom: 56.25%; height: 0; overflow: hidden; margin-bottom: 30px;'>   <\/div>\n<div style='position: relative; padding-bottom: 56.25%; height: 0; overflow: hidden; margin-bottom: 30px;'>   <\/div>\n<div style='position: relative; padding-bottom: 56.25%; height: 0; overflow: hidden; margin-bottom: 30px;'>   <\/div>\n<div style='position: relative; padding-bottom: 56.25%; height: 0; overflow: hidden; margin-bottom: 30px;'>   <\/div>\n<div style='position: relative; padding-bottom: 56.25%; height: 0; overflow: hidden; margin-bottom: 30px;'>   <\/div>\n<div style='position: relative; padding-bottom: 56.25%; height: 0; overflow: hidden; margin-bottom: 30px;'>   <\/div>\n<div style='position: relative; padding-bottom: 56.25%; height: 0; overflow: hidden; margin-bottom: 30px;'>   <\/div>\n<div style='position: relative; padding-bottom: 56.25%; height: 0; overflow: hidden; margin-bottom: 30px;'>   <\/div>\n<div style='position: relative; padding-bottom: 56.25%; height: 0; overflow: hidden; margin-bottom: 30px;'>   <\/div>\n<div style='position: relative; padding-bottom: 56.25%; height: 0; overflow: hidden; margin-bottom: 30px;'>   <\/div>\n<div style='position: relative; padding-bottom: 56.25%; height: 0; overflow: hidden; margin-bottom: 30px;'>   <\/div>\n<div style='position: relative; padding-bottom: 56.25%; height: 0; overflow: hidden; margin-bottom: 30px;'>   <\/div>\n<div style='position: relative; padding-bottom: 56.25%; height: 0; overflow: hidden; margin-bottom: 30px;'>   <\/div>\n<div style='position: relative; padding-bottom: 56.25%; height: 0; overflow: hidden; margin-bottom: 30px;'>   <\/div>\n<div style='position: relative; padding-bottom: 56.25%; height: 0; overflow: hidden; margin-bottom: 30px;'>   <\/div>\n<\/p><\/div>\n<\/p><\/div>\n<\/p><\/div>\n<\/p><\/div>\n","protected":false},"excerpt":{"rendered":"<p>Gabinete Para Administrador de Llaves \/ Accesorios \/ Soporta hasta 21 Llaveros<\/p>\n","protected":false},"featured_media":26309,"comment_status":"open","ping_status":"closed","template":"","meta":[],"product_brand":[],"product_cat":[911],"product_tag":[912,921,62],"class_list":{"0":"post-26310","1":"product","2":"type-product","3":"status-publish","4":"has-post-thumbnail","6":"product_cat-todos-equipo-blindado","7":"product_tag-equipo-blindado","8":"product_tag-medeco-assa-abloy","9":"product_tag-todos","11":"first","12":"instock","13":"sale","14":"shipping-taxable","15":"purchasable","16":"product-type-simple"},"_links":{"self":[{"href":"https:\/\/soydeaqui.ddns.net\/pachuca\/index.php\/wp-json\/wp\/v2\/product\/26310","targetHints":{"allow":["GET"]}}],"collection":[{"href":"https:\/\/soydeaqui.ddns.net\/pachuca\/index.php\/wp-json\/wp\/v2\/product"}],"about":[{"href":"https:\/\/soydeaqui.ddns.net\/pachuca\/index.php\/wp-json\/wp\/v2\/types\/product"}],"replies":[{"embeddable":true,"href":"https:\/\/soydeaqui.ddns.net\/pachuca\/index.php\/wp-json\/wp\/v2\/comments?post=26310"}],"wp:featuredmedia":[{"embeddable":true,"href":"https:\/\/soydeaqui.ddns.net\/pachuca\/index.php\/wp-json\/wp\/v2\/media\/26309"}],"wp:attachment":[{"href":"https:\/\/soydeaqui.ddns.net\/pachuca\/index.php\/wp-json\/wp\/v2\/media?parent=26310"}],"wp:term":[{"taxonomy":"product_brand","embeddable":true,"href":"https:\/\/soydeaqui.ddns.net\/pachuca\/index.php\/wp-json\/wp\/v2\/product_brand?post=26310"},{"taxonomy":"product_cat","embeddable":true,"href":"https:\/\/soydeaqui.ddns.net\/pachuca\/index.php\/wp-json\/wp\/v2\/product_cat?post=26310"},{"taxonomy":"product_tag","embeddable":true,"href":"https:\/\/soydeaqui.ddns.net\/pachuca\/index.php\/wp-json\/wp\/v2\/product_tag?post=26310"}],"curies":[{"name":"wp","href":"https:\/\/api.w.org\/{rel}","templated":true}]}}