{"id":26305,"date":"2026-03-18T12:11:17","date_gmt":"2026-03-18T12:11:17","guid":{"rendered":"https:\/\/soydeaqui.ddns.net\/pachuca\/index.php\/producto\/checador-de-huella-con-bateria-de-respaldo-reportes-por-usb-1000-usuarios-1000-huellas-100000-registros-lector-de-tarjetas-em-uso-con-ivms-4200\/"},"modified":"2026-03-18T12:11:21","modified_gmt":"2026-03-18T12:11:21","slug":"checador-de-huella-con-bateria-de-respaldo-reportes-por-usb-1000-usuarios-1000-huellas-100000-registros-lector-de-tarjetas-em-uso-con-ivms-4200","status":"publish","type":"product","link":"https:\/\/soydeaqui.ddns.net\/pachuca\/index.php\/producto\/checador-de-huella-con-bateria-de-respaldo-reportes-por-usb-1000-usuarios-1000-huellas-100000-registros-lector-de-tarjetas-em-uso-con-ivms-4200\/","title":{"rendered":"Checador de Huella con Bater\u00eda de Respaldo  \/ Reportes por USB \/ 1,000 Usuarios \/ 1000 Huellas \/ 100,000 Registros \/ Lector de Tarjetas EM \/ Uso con iVMS-4200."},"content":{"rendered":"<div style='width: 100%; max-width: 1200px; margin: 0 auto; font-family: sans-serif; line-height: 1.6; color: inherit; background-color: transparent;'>\n<div style='width: 100%; max-width: 1200px; margin: 0 auto; font-family: sans-serif; line-height: 1.6; color: inherit; background-color: transparent;'> <img style='width: 100%; height: auto; border: 1px solid rgba(150&comma;150&comma;150&comma;0.3); border-radius: 8px;' src='https:\/\/ftp3.syscom.mx\/usuarios\/fespinoza\/HIKVISION\/Dispositivos\/Banners\/control_acceso_hikvision02.jpg' alt='Banner HIKVISION'> <\/p>\n<div style='display: flex; flex-wrap: wrap; gap: 30px; margin-top: 30px;'>\n<div style='flex: 1 1 300px; min-width: 280px;'>\n<h3 style='font-size: 22px; border-bottom: 2px solid currentColor; padding-bottom: 5px; margin-top: 0; color: inherit; opacity: 0.8;'>Caracter\u00edsticas principales<\/h3>\n<ul style='padding-left: 20px; font-size: 15px; color: inherit;'>\n<li style='margin-bottom: 5px;'>Control de asistencia&comma; reportes por USB o por IVMS4200<\/li>\n<li style='margin-bottom: 5px;'>Bater\u00eda de respaldo incluida (2000 mAh&comma; Max. 2h)<\/li>\n<li style='margin-bottom: 5px;'>Operaci\u00f3n aut\u00f3noma&comma; admite agregar usuarios localmente<\/li>\n<li style='margin-bottom: 5px;'>Pantalla LCD de 2.4&#8242; para mostrar informaci\u00f3n; hora&comma; fecha&comma; semana y asistencia<\/li>\n<\/ul><\/div>\n<div style='flex: 1 1 300px; min-width: 280px;'>\n<h3 style='font-size: 22px; border-bottom: 2px solid currentColor; padding-bottom: 5px; margin-top: 0; color: inherit; opacity: 0.8;'>Caracter\u00edsticas F\u00edsicas y El\u00e9ctricas<\/h3>\n<ul style='padding-left: 20px; font-size: 15px; color: inherit;'>\n<li style='margin-bottom: 5px;'>Aplicaci\u00f3n: interior<\/li>\n<li style='margin-bottom: 5px;'>Alimentaci\u00f3n: 5 Vcc (Fuente incluida)<\/li>\n<li style='margin-bottom: 5px;'>Bater\u00eda de Litio 2000 mAh&comma; Max. 2h<\/li>\n<li style='margin-bottom: 5px;'>Temperatura de operaci\u00f3n: -10\u00b0 C a 55\u00b0 C \/ Humedad al 90% m\u00e1ximo<\/li>\n<li style='margin-bottom: 5px;'>Dimensiones: 140 mm x 155 mm x 30 mm<\/li>\n<li style='margin-bottom: 5px;'>Color: Blanco<\/li>\n<li style='margin-bottom: 5px; font-weight: bold;'>Comunicaci\u00f3n TCP\/IP cableado<\/li>\n<\/ul><\/div>\n<div style='flex: 1 1 300px; min-width: 280px;'>\n<h3 style='font-size: 22px; border-bottom: 2px solid currentColor; padding-bottom: 5px; margin-top: 0; color: inherit; opacity: 0.8;'>Caracter\u00edsticas Destacadas<\/h3>\n<ul style='padding-left: 20px; font-size: 15px; color: inherit;'>\n<li style='margin-bottom: 5px;'>Soporta hasta 32 turnos<\/li>\n<li style='margin-bottom: 5px;'>Tarjetas compatibles: ATR11&comma; ATR14 Y ATR261B0 (Proximidad EM 125 Khz)<\/li>\n<li style='margin-bottom: 5px;'>USB 2.0 (permite descargar en una USB la informaci\u00f3n en excel)<\/li>\n<li style='margin-bottom: 5px;'>Protocolo eHome soportado<\/li>\n<\/ul><\/div>\n<\/p><\/div>\n<hr style='border: 0; border-top: 1px solid rgba(150&comma; 150&comma; 150&comma; 0.3); margin: 30px 0;'>\n<div style='margin-top: 30px;'>\n<h3 style='font-size: 22px; border-bottom: 2px solid currentColor; padding-bottom: 5px; margin-top: 0; color: inherit; opacity: 0.8;'>Consideraciones<\/h3>\n<ul style='padding-left: 20px; font-size: 15px; color: inherit;'>\n<li style='margin-bottom: 5px;'> <\/li>\n<\/ul><\/div>\n<div style='display: flex; justify-content: center; margin: 30px 0;'> <a href='http:\/\/soporte.syscom.mx\/es\/articles\/3879039-hikvision-control-de-acceso-lista-de-videos-y-tips-tecnicos'> <img style='width: 100%; max-width: 300px; height: auto; border: 1px solid rgba(150&comma;150&comma;150&comma;0.3); border-radius: 8px;' src='https:\/\/ftp3.syscom.mx\/usuarios\/fotos\/DSK1T607E\/171893-hikvision-controlacceso.png' alt='Logo HIKVISION'> <\/a> <\/div>\n<div style='margin-top: 30px;'>\n<div style='position: relative; padding-bottom: 56.25%; height: 0; overflow: hidden; margin-bottom: 30px;'>   <\/div>\n<\/p><\/div>\n<\/p><\/div>\n<\/p><\/div>\n","protected":false},"excerpt":{"rendered":"<p>Checador de Huella con Bater\u00eda de Respaldo  \/ Reportes por USB \/ 1,000 Usuarios \/ 1000 Huellas \/ 100,000 Registros \/ Lector de Tarjetas EM \/ Uso con iVMS-4200.<\/p>\n","protected":false},"featured_media":26304,"comment_status":"open","ping_status":"closed","template":"","meta":[],"product_brand":[],"product_cat":[743],"product_tag":[744,54,745],"class_list":{"0":"post-26305","1":"product","2":"type-product","3":"status-publish","4":"has-post-thumbnail","6":"product_cat-para-tiempo-y-asistencia-checadores","7":"product_tag-biometricos","8":"product_tag-hikvision","9":"product_tag-para-tiempo-y-asistencia-checadores","11":"first","12":"instock","13":"sale","14":"shipping-taxable","15":"purchasable","16":"product-type-simple"},"_links":{"self":[{"href":"https:\/\/soydeaqui.ddns.net\/pachuca\/index.php\/wp-json\/wp\/v2\/product\/26305","targetHints":{"allow":["GET"]}}],"collection":[{"href":"https:\/\/soydeaqui.ddns.net\/pachuca\/index.php\/wp-json\/wp\/v2\/product"}],"about":[{"href":"https:\/\/soydeaqui.ddns.net\/pachuca\/index.php\/wp-json\/wp\/v2\/types\/product"}],"replies":[{"embeddable":true,"href":"https:\/\/soydeaqui.ddns.net\/pachuca\/index.php\/wp-json\/wp\/v2\/comments?post=26305"}],"wp:featuredmedia":[{"embeddable":true,"href":"https:\/\/soydeaqui.ddns.net\/pachuca\/index.php\/wp-json\/wp\/v2\/media\/26304"}],"wp:attachment":[{"href":"https:\/\/soydeaqui.ddns.net\/pachuca\/index.php\/wp-json\/wp\/v2\/media?parent=26305"}],"wp:term":[{"taxonomy":"product_brand","embeddable":true,"href":"https:\/\/soydeaqui.ddns.net\/pachuca\/index.php\/wp-json\/wp\/v2\/product_brand?post=26305"},{"taxonomy":"product_cat","embeddable":true,"href":"https:\/\/soydeaqui.ddns.net\/pachuca\/index.php\/wp-json\/wp\/v2\/product_cat?post=26305"},{"taxonomy":"product_tag","embeddable":true,"href":"https:\/\/soydeaqui.ddns.net\/pachuca\/index.php\/wp-json\/wp\/v2\/product_tag?post=26305"}],"curies":[{"name":"wp","href":"https:\/\/api.w.org\/{rel}","templated":true}]}}