{"id":26302,"date":"2026-03-18T12:11:13","date_gmt":"2026-03-18T12:11:13","guid":{"rendered":"https:\/\/soydeaqui.ddns.net\/pachuca\/index.php\/producto\/software-medeco-xt-version-avanzada\/"},"modified":"2026-03-18T12:11:14","modified_gmt":"2026-03-18T12:11:14","slug":"software-medeco-xt-version-avanzada","status":"publish","type":"product","link":"https:\/\/soydeaqui.ddns.net\/pachuca\/index.php\/producto\/software-medeco-xt-version-avanzada\/","title":{"rendered":"Software MEDECO  XT Versi\u00f3n Avanzada"},"content":{"rendered":"<div style='width: 100%; max-width: 1200px; margin: 0 auto; font-family: sans-serif; line-height: 1.6; color: inherit; background-color: transparent;'> <!-- Descripci\u00f3n general --> <\/p>\n<div style='margin-bottom: 30px;'>\n<h2 style='font-size: 24px; margin-top: 0; color: inherit; opacity: 0.9;'>Software MEDECO XT Versi\u00f3n Avanzada<\/h2>\n<p style='color: inherit; font-size: 15px; margin-bottom: 15px;'>Medeco\u00ae XT Web Manager 2.0 contiene herramientas que lo ayudar\u00e1n a administrar su sistema de llave inteligente de manera eficiente y efectiva. Programaci\u00f3n flexible que incluye acceso programado&comma; informes completos de auditor\u00eda y auditor\u00eda visual para encontrar r\u00e1pidamente los problemas que necesita ver.<\/p>\n<p style='color: inherit; font-size: 15px; margin-bottom: 15px;'>Versi\u00f3n Avanzada dise\u00f1ada para sistemas de tama\u00f1o medio&comma; agregando programaci\u00f3n remota y m\u00f3vil&comma; horarios extendidos a la versi\u00f3n b\u00e1sica&comma; con un l\u00edmite de 750 llaveros.<\/p>\n<\/p><\/div>\n<p> <!-- Caracter\u00edsticas principales --> <\/p>\n<div style='display: flex; flex-wrap: wrap; gap: 30px; margin-bottom: 30px;'>\n<div style='flex: 1 1 300px; min-width: 280px;'>\n<h3 style='font-size: 20px; border-bottom: 2px solid currentColor; padding-bottom: 5px; margin-top: 0; color: inherit; opacity: 0.8;'>Caracter\u00edsticas principales<\/h3>\n<ul style='padding-left: 20px; font-size: 15px; color: inherit; list-style-type: disc;'>\n<li style='margin-bottom: 5px;'>Programaci\u00f3n remota y m\u00f3vil<\/li>\n<li style='margin-bottom: 5px;'>Horarios extendidos respecto a la versi\u00f3n b\u00e1sica<\/li>\n<li style='margin-bottom: 5px;'>L\u00edmite de 750 llaveros<\/li>\n<li style='margin-bottom: 5px;'>Actualizaciones peri\u00f3dicas de software<\/li>\n<li style='margin-bottom: 5px;'>Servidores redundantes para integridad de datos<\/li>\n<li style='margin-bottom: 5px;'>Copias de seguridad programadas con recuperaci\u00f3n de eventos<\/li>\n<li style='margin-bottom: 5px;'>Expansi\u00f3n ilimitada y almacenamiento de datos<\/li>\n<\/ul><\/div>\n<p> <!-- Requisitos del sistema --> <\/p>\n<div style='flex: 1 1 300px; min-width: 280px;'>\n<h3 style='font-size: 20px; border-bottom: 2px solid currentColor; padding-bottom: 5px; margin-top: 0; color: inherit; opacity: 0.8;'>Requisitos del sistema<\/h3>\n<ul style='padding-left: 20px; font-size: 15px; color: inherit; list-style-type: disc;'>\n<li style='margin-bottom: 5px;'>Computadora con navegador web compatible<\/li>\n<li style='margin-bottom: 5px;'>Navegadores compatibles: Internet Explorer&comma; Firefox&comma; Google Chrome&comma; Safari<\/li>\n<li style='margin-bottom: 5px;'>Conexi\u00f3n a Internet<\/li>\n<li style='margin-bottom: 5px;'>Sin costos de configuraci\u00f3n inicial<\/li>\n<li style='margin-bottom: 5px;'>Acceso 24\/7 durante todo el a\u00f1o<\/li>\n<\/ul><\/div>\n<p> <!-- Ventajas del software --> <\/p>\n<div style='flex: 1 1 300px; min-width: 280px;'>\n<h3 style='font-size: 20px; border-bottom: 2px solid currentColor; padding-bottom: 5px; margin-top: 0; color: inherit; opacity: 0.8;'>Ventajas del software<\/h3>\n<ul style='padding-left: 20px; font-size: 15px; color: inherit; list-style-type: disc;'>\n<li style='margin-bottom: 5px;'>Auditor\u00eda visual con dashboard gr\u00e1fico<\/li>\n<li style='margin-bottom: 5px;'>Gesti\u00f3n de acceso programado<\/li>\n<li style='margin-bottom: 5px;'>Informes completos de auditor\u00eda<\/li>\n<li style='margin-bottom: 5px;'>Gesti\u00f3n de grupos de usuarios<\/li>\n<li style='margin-bottom: 5px;'>Soporte para sistemas de tama\u00f1o medio<\/li>\n<\/ul><\/div>\n<\/p><\/div>\n<p> <!-- Especificaciones t\u00e9cnicas --> <\/p>\n<div style='display: flex; flex-wrap: wrap; gap: 20px; margin-bottom: 30px;'>\n<div style='flex: 1 1 250px; border: 1px solid rgba(150&comma; 150&comma; 150&comma; 0.4); border-radius: 8px; overflow: hidden; display: flex; flex-direction: column;'>\n<div style='padding: 15px; border-bottom: 1px solid rgba(150&comma; 150&comma; 150&comma; 0.2); font-weight: bold; font-size: 18px; color: inherit;'>Licencia<\/div>\n<div style='padding: 15px; color: inherit;'>\n<ul style='padding-left: 20px; margin: 0; font-size: 14px; list-style-type: disc;'>\n<li style='margin-bottom: 5px;'>Tipo: Versi\u00f3n Avanzada<\/li>\n<li style='margin-bottom: 5px;'>L\u00edmite de usuarios: 750 llaveros<\/li>\n<li style='margin-bottom: 5px;'>Modelo: SW5003013<\/li>\n<\/ul><\/div>\n<\/p><\/div>\n<div style='flex: 1 1 250px; border: 1px solid rgba(150&comma; 150&comma; 150&comma; 0.4); border-radius: 8px; overflow: hidden; display: flex; flex-direction: column;'>\n<div style='padding: 15px; border-bottom: 1px solid rgba(150&comma; 150&comma; 150&comma; 0.2); font-weight: bold; font-size: 18px; color: inherit;'>Servicios incluidos<\/div>\n<div style='padding: 15px; color: inherit;'>\n<ul style='padding-left: 20px; margin: 0; font-size: 14px; list-style-type: disc;'>\n<li style='margin-bottom: 5px;'>Actualizaciones peri\u00f3dicas de software<\/li>\n<li style='margin-bottom: 5px;'>Servidores redundantes<\/li>\n<li style='margin-bottom: 5px;'>Copias de seguridad programadas<\/li>\n<li style='margin-bottom: 5px;'>Soporte t\u00e9cnico<\/li>\n<\/ul><\/div>\n<\/p><\/div>\n<div style='flex: 1 1 250px; border: 1px solid rgba(150&comma; 150&comma; 150&comma; 0.4); border-radius: 8px; overflow: hidden; display: flex; flex-direction: column;'>\n<div style='padding: 15px; border-bottom: 1px solid rgba(150&comma; 150&comma; 150&comma; 0.2); font-weight: bold; font-size: 18px; color: inherit;'>Modelos y Precios<\/div>\n<div style='padding: 15px; color: inherit;'>\n<ul style='padding-left: 20px; margin: 0; font-size: 14px; list-style-type: disc;'>\n<li style='margin-bottom: 5px;'>Versi\u00f3n Avanzada: SW-500301-3<\/li>\n<\/ul><\/div>\n<\/p><\/div>\n<\/p><\/div>\n<p> <!-- Comparaci\u00f3n con otras versiones --> <\/p>\n<div style='margin-bottom: 30px;'>\n<h3 style='font-size: 20px; border-bottom: 2px solid currentColor; padding-bottom: 5px; margin-top: 0; color: inherit; opacity: 0.8;'>Comparaci\u00f3n con otras versiones<\/h3>\n<div style='overflow-x: auto;'>\n<table style='width: 100%; border-collapse: collapse; color: inherit; font-size: 14px;'>\n<thead>\n<tr style='background-color: rgba(150&comma; 150&comma; 150&comma; 0.1);'>\n<th style='border: 1px solid rgba(150&comma; 150&comma; 150&comma; 0.3); padding: 10px; text-align: left;'>Versi\u00f3n<\/th>\n<th style='border: 1px solid rgba(150&comma; 150&comma; 150&comma; 0.3); padding: 10px; text-align: left;'>B\u00e1sica<\/th>\n<th style='border: 1px solid rgba(150&comma; 150&comma; 150&comma; 0.3); padding: 10px; text-align: left;'>Avanzada<\/th>\n<th style='border: 1px solid rgba(150&comma; 150&comma; 150&comma; 0.3); padding: 10px; text-align: left;'>Enterprise<\/th>\n<\/tr>\n<\/thead>\n<tbody>\n<tr>\n<td style='border: 1px solid rgba(150&comma; 150&comma; 150&comma; 0.3); padding: 8px;'>Tama\u00f1o de sistema<\/td>\n<td style='border: 1px solid rgba(150&comma; 150&comma; 150&comma; 0.3); padding: 8px;'>Sistemas peque\u00f1os<\/td>\n<td style='border: 1px solid rgba(150&comma; 150&comma; 150&comma; 0.3); padding: 8px;'>Sistemas medianos<\/td>\n<td style='border: 1px solid rgba(150&comma; 150&comma; 150&comma; 0.3); padding: 8px;'>Sistemas grandes<\/td>\n<\/tr>\n<tr>\n<td style='border: 1px solid rgba(150&comma; 150&comma; 150&comma; 0.3); padding: 8px;'>Programaci\u00f3n remota y m\u00f3vil<\/td>\n<td style='border: 1px solid rgba(150&comma; 150&comma; 150&comma; 0.3); padding: 8px;'>No<\/td>\n<td style='border: 1px solid rgba(150&comma; 150&comma; 150&comma; 0.3); padding: 8px;'>S\u00ed<\/td>\n<td style='border: 1px solid rgba(150&comma; 150&comma; 150&comma; 0.3); padding: 8px;'>S\u00ed<\/td>\n<\/tr>\n<tr>\n<td style='border: 1px solid rgba(150&comma; 150&comma; 150&comma; 0.3); padding: 8px;'>L\u00edmite de llaveros<\/td>\n<td style='border: 1px solid rgba(150&comma; 150&comma; 150&comma; 0.3); padding: 8px;'>750<\/td>\n<td style='border: 1px solid rgba(150&comma; 150&comma; 150&comma; 0.3); padding: 8px;'>750<\/td>\n<td style='border: 1px solid rgba(150&comma; 150&comma; 150&comma; 0.3); padding: 8px;'>1500<\/td>\n<\/tr>\n<\/tbody>\n<\/table><\/div>\n<\/p><\/div>\n<p> <!-- Funcionalidades detalladas --> <\/p>\n<div style='display: flex; flex-wrap: wrap; gap: 30px; margin-bottom: 30px;'>\n<div style='flex: 1 1 300px; min-width: 280px;'>\n<h3 style='font-size: 20px; border-bottom: 2px solid currentColor; padding-bottom: 5px; margin-top: 0; color: inherit; opacity: 0.8;'>Funcionalidades detalladas<\/h3>\n<ul style='padding-left: 20px; font-size: 15px; color: inherit; list-style-type: disc;'>\n<li style='margin-bottom: 5px;'>Auditor\u00eda visual con dashboard gr\u00e1fico<\/li>\n<li style='margin-bottom: 5px;'>Gesti\u00f3n de acceso programado<\/li>\n<li style='margin-bottom: 5px;'>Informes completos de auditor\u00eda<\/li>\n<li style='margin-bottom: 5px;'>Gesti\u00f3n de grupos de usuarios<\/li>\n<li style='margin-bottom: 5px;'>Expansi\u00f3n ilimitada de almacenamiento<\/li>\n<li style='margin-bottom: 5px;'>Soporte para dispositivos m\u00f3viles<\/li>\n<li style='margin-bottom: 5px;'>Integraci\u00f3n con sistemas existentes<\/li>\n<\/ul><\/div>\n<p> <!-- Soporte y mantenimiento --> <\/p>\n<div style='flex: 1 1 300px; min-width: 280px;'>\n<h3 style='font-size: 20px; border-bottom: 2px solid currentColor; padding-bottom: 5px; margin-top: 0; color: inherit; opacity: 0.8;'>Soporte y mantenimiento<\/h3>\n<ul style='padding-left: 20px; font-size: 15px; color: inherit; list-style-type: disc;'>\n<li style='margin-bottom: 5px;'>Actualizaciones peri\u00f3dicas de software<\/li>\n<li style='margin-bottom: 5px;'>Servidores redundantes para integridad de datos<\/li>\n<li style='margin-bottom: 5px;'>Copias de seguridad programadas<\/li>\n<li style='margin-bottom: 5px;'>Recuperaci\u00f3n de eventos en caso de fallos<\/li>\n<li style='margin-bottom: 5px;'>Soporte t\u00e9cnico telef\u00f3nico<\/li>\n<\/ul><\/div>\n<\/p><\/div>\n<p> <!-- Aplicaciones t\u00edpicas --> <\/p>\n<div style='margin-bottom: 30px;'>\n<h3 style='font-size: 20px; border-bottom: 2px solid currentColor; padding-bottom: 5px; margin-top: 0; color: inherit; opacity: 0.8;'>Aplicaciones t\u00edpicas<\/h3>\n<ul style='padding-left: 20px; font-size: 15px; color: inherit; list-style-type: disc;'>\n<li style='margin-bottom: 5px;'>Control de acceso a oficinas corporativas<\/li>\n<li style='margin-bottom: 5px;'>Gesti\u00f3n de seguridad en instalaciones industriales<\/li>\n<li style='margin-bottom: 5px;'>Control de acceso a \u00e1reas sensibles<\/li>\n<li style='margin-bottom: 5px;'>Administraci\u00f3n de llaves electr\u00f3nicas<\/li>\n<li style='margin-bottom: 5px;'>Sistemas de seguridad en hospitales y escuelas<\/li>\n<li style='margin-bottom: 5px;'>Control de acceso a salas de servidores y equipos cr\u00edticos<\/li>\n<\/ul><\/div>\n<p> <!-- Garant\u00eda --> <\/p>\n<div style='margin-bottom: 30px;'>\n<h3 style='font-size: 20px; border-bottom: 2px solid currentColor; padding-bottom: 5px; margin-top: 0; color: inherit; opacity: 0.8;'>Garant\u00eda<\/h3>\n<p style='color: inherit; font-size: 15px; margin-bottom: 15px;'>Medeco Security Locks garantiza que los productos Medeco XT estar\u00e1n libres de defectos de material y\/o mano de obra durante un per\u00edodo de dos (2) a\u00f1os desde la fecha de compra original (excepto donde se indique).<\/p>\n<\/p><\/div>\n<p> <!-- Separador --> <\/p>\n<hr style='border: 0; border-top: 1px solid rgba(150&comma; 150&comma; 150&comma; 0.3); margin: 30px 0;'> <\/div>\n","protected":false},"excerpt":{"rendered":"<p>Software MEDECO  XT Versi\u00f3n Avanzada<\/p>\n","protected":false},"featured_media":32,"comment_status":"open","ping_status":"closed","template":"","meta":[],"product_brand":[],"product_cat":[734],"product_tag":[93,87,921],"class_list":{"0":"post-26302","1":"product","2":"type-product","3":"status-publish","4":"has-post-thumbnail","6":"product_cat-accesorios-cerraduras","7":"product_tag-accesorios","8":"product_tag-cerraduras","9":"product_tag-medeco-assa-abloy","11":"first","12":"outofstock","13":"sale","14":"shipping-taxable","15":"purchasable","16":"product-type-simple"},"_links":{"self":[{"href":"https:\/\/soydeaqui.ddns.net\/pachuca\/index.php\/wp-json\/wp\/v2\/product\/26302","targetHints":{"allow":["GET"]}}],"collection":[{"href":"https:\/\/soydeaqui.ddns.net\/pachuca\/index.php\/wp-json\/wp\/v2\/product"}],"about":[{"href":"https:\/\/soydeaqui.ddns.net\/pachuca\/index.php\/wp-json\/wp\/v2\/types\/product"}],"replies":[{"embeddable":true,"href":"https:\/\/soydeaqui.ddns.net\/pachuca\/index.php\/wp-json\/wp\/v2\/comments?post=26302"}],"wp:featuredmedia":[{"embeddable":true,"href":"https:\/\/soydeaqui.ddns.net\/pachuca\/index.php\/wp-json\/wp\/v2\/media\/32"}],"wp:attachment":[{"href":"https:\/\/soydeaqui.ddns.net\/pachuca\/index.php\/wp-json\/wp\/v2\/media?parent=26302"}],"wp:term":[{"taxonomy":"product_brand","embeddable":true,"href":"https:\/\/soydeaqui.ddns.net\/pachuca\/index.php\/wp-json\/wp\/v2\/product_brand?post=26302"},{"taxonomy":"product_cat","embeddable":true,"href":"https:\/\/soydeaqui.ddns.net\/pachuca\/index.php\/wp-json\/wp\/v2\/product_cat?post=26302"},{"taxonomy":"product_tag","embeddable":true,"href":"https:\/\/soydeaqui.ddns.net\/pachuca\/index.php\/wp-json\/wp\/v2\/product_tag?post=26302"}],"curies":[{"name":"wp","href":"https:\/\/api.w.org\/{rel}","templated":true}]}}