{"id":26299,"date":"2026-03-18T12:11:10","date_gmt":"2026-03-18T12:11:10","guid":{"rendered":"https:\/\/soydeaqui.ddns.net\/pachuca\/index.php\/producto\/software-medeco-xt-version-basica\/"},"modified":"2026-03-18T12:11:11","modified_gmt":"2026-03-18T12:11:11","slug":"software-medeco-xt-version-basica","status":"publish","type":"product","link":"https:\/\/soydeaqui.ddns.net\/pachuca\/index.php\/producto\/software-medeco-xt-version-basica\/","title":{"rendered":"Software MEDECO  XT Versi\u00f3n B\u00e1sica"},"content":{"rendered":"<div style='width: 100%; max-width: 1200px; margin: 0 auto; font-family: sans-serif; line-height: 1.6; color: inherit; background-color: transparent;'> <!-- Secci\u00f3n de descripci\u00f3n --> <\/p>\n<div style='margin-bottom: 30px; font-size: 15px;'>\n<p style='margin-bottom: 15px;'>Medeco\u00ae software XT Web Manager 2.0 contiene herramientas que lo ayudar\u00e1n a administrar su sistema de llave inteligente de manera eficiente y efectiva. Programaci\u00f3n flexible que incluye acceso programado&comma; informes completos de auditor\u00eda y auditor\u00eda visual para que encuentre los problemas que necesita ver r\u00e1pidamente.<\/p>\n<p style='margin-bottom: 15px;'>Las ventajas incluyen: actualizaciones peri\u00f3dicas de software para que siempre est\u00e9 utilizando la \u00faltima funcionalidad&comma; servidores redundantes para la integridad de los datos&comma; copias de seguridad programadas para fallas con recuperaci\u00f3n de eventos&comma; expansi\u00f3n ilimitada y almacenamiento de datos para satisfacer sus crecientes necesidades&comma; y mucho m\u00e1s &#8230;<\/p>\n<\/p><\/div>\n<p> <!-- Secci\u00f3n de caracter\u00edsticas --> <\/p>\n<div style='display: flex; flex-wrap: wrap; gap: 20px; margin-bottom: 30px;'>\n<div style='flex: 1 1 250px; border: 1px solid rgba(150&comma; 150&comma; 150&comma; 0.4); border-radius: 8px; overflow: hidden; display: flex; flex-direction: column;'>\n<div style='padding: 15px; border-bottom: 1px solid rgba(150&comma; 150&comma; 150&comma; 0.2); font-weight: bold; font-size: 18px; color: inherit;'>Versi\u00f3n B\u00e1sica<\/div>\n<div style='padding: 15px; color: inherit;'>\n<ul style='padding-left: 20px; margin: 0; font-size: 14px; list-style-type: disc;'>\n<li style='margin-bottom: 5px;'>Dise\u00f1ado para sistemas m\u00e1s peque\u00f1os<\/li>\n<li style='margin-bottom: 5px;'>Administre eficazmente su clave inteligente XT<\/li>\n<li style='margin-bottom: 5px;'>Sistema con toda la funcionalidad b\u00e1sica que incluye Horarios&comma; Auditor\u00eda&comma; Grupos<\/li>\n<li style='margin-bottom: 5px;'>Panel de datos y auditor\u00eda visual<\/li>\n<li style='margin-bottom: 5px;'>L\u00edmite de <strong>750 llaveros<\/strong><\/li>\n<\/ul><\/div>\n<\/p><\/div>\n<\/p><\/div>\n<p> <!-- Separador --> <\/p>\n<hr style='border: 0; border-top: 1px solid rgba(150&comma; 150&comma; 150&comma; 0.3); margin: 30px 0;'> <\/div>\n","protected":false},"excerpt":{"rendered":"<p>Software MEDECO  XT Versi\u00f3n B\u00e1sica<\/p>\n","protected":false},"featured_media":32,"comment_status":"open","ping_status":"closed","template":"","meta":[],"product_brand":[],"product_cat":[734],"product_tag":[93,87,921],"class_list":{"0":"post-26299","1":"product","2":"type-product","3":"status-publish","4":"has-post-thumbnail","6":"product_cat-accesorios-cerraduras","7":"product_tag-accesorios","8":"product_tag-cerraduras","9":"product_tag-medeco-assa-abloy","11":"first","12":"outofstock","13":"sale","14":"shipping-taxable","15":"purchasable","16":"product-type-simple"},"_links":{"self":[{"href":"https:\/\/soydeaqui.ddns.net\/pachuca\/index.php\/wp-json\/wp\/v2\/product\/26299","targetHints":{"allow":["GET"]}}],"collection":[{"href":"https:\/\/soydeaqui.ddns.net\/pachuca\/index.php\/wp-json\/wp\/v2\/product"}],"about":[{"href":"https:\/\/soydeaqui.ddns.net\/pachuca\/index.php\/wp-json\/wp\/v2\/types\/product"}],"replies":[{"embeddable":true,"href":"https:\/\/soydeaqui.ddns.net\/pachuca\/index.php\/wp-json\/wp\/v2\/comments?post=26299"}],"wp:featuredmedia":[{"embeddable":true,"href":"https:\/\/soydeaqui.ddns.net\/pachuca\/index.php\/wp-json\/wp\/v2\/media\/32"}],"wp:attachment":[{"href":"https:\/\/soydeaqui.ddns.net\/pachuca\/index.php\/wp-json\/wp\/v2\/media?parent=26299"}],"wp:term":[{"taxonomy":"product_brand","embeddable":true,"href":"https:\/\/soydeaqui.ddns.net\/pachuca\/index.php\/wp-json\/wp\/v2\/product_brand?post=26299"},{"taxonomy":"product_cat","embeddable":true,"href":"https:\/\/soydeaqui.ddns.net\/pachuca\/index.php\/wp-json\/wp\/v2\/product_cat?post=26299"},{"taxonomy":"product_tag","embeddable":true,"href":"https:\/\/soydeaqui.ddns.net\/pachuca\/index.php\/wp-json\/wp\/v2\/product_tag?post=26299"}],"curies":[{"name":"wp","href":"https:\/\/api.w.org\/{rel}","templated":true}]}}