{"id":26290,"date":"2026-03-18T12:10:57","date_gmt":"2026-03-18T12:10:57","guid":{"rendered":"https:\/\/soydeaqui.ddns.net\/pachuca\/index.php\/producto\/llave-inteligente-medeco-xt\/"},"modified":"2026-03-18T12:10:58","modified_gmt":"2026-03-18T12:10:58","slug":"llave-inteligente-medeco-xt","status":"publish","type":"product","link":"https:\/\/soydeaqui.ddns.net\/pachuca\/index.php\/producto\/llave-inteligente-medeco-xt\/","title":{"rendered":"Llave Inteligente Medeco XT"},"content":{"rendered":"<div style='width: 100%; max-width: 1200px; margin: 0 auto; font-family: sans-serif; line-height: 1.6; color: inherit; background-color: transparent;'>\n<div style='display: flex; flex-wrap: wrap; gap: 30px; margin-bottom: 30px;'>\n<div style='flex: 1 1 300px; min-width: 280px;'>\n<p style='font-size: 15px; color: inherit; margin-bottom: 20px;'>La llave Medeco\u00ae XT es una llave electr\u00f3nica conveniente y robusta con una carcasa de acero inoxidable de alta resistencia que se adapta perfectamente a su llavero. Un cargador de llaves port\u00e1til y una bater\u00eda recargable aseguran que las llaves siempre est\u00e9n completamente cargadas hasta 1&comma;800 aperturas&comma; eliminando la necesidad de mantenimiento de la bater\u00eda. La conveniente programaci\u00f3n de teclas y la administraci\u00f3n flexible del sistema eliminan la necesidad de retirar el cilindro para realizar cambios. Esta tecla contiene el cronograma de operaci\u00f3n y caducidad y la asignaci\u00f3n flexible de memoria permite al usuario decidir c\u00f3mo se usa la memoria; Acceso: hasta 16&comma;000 cilindros. Auditor\u00eda: hasta 14&comma;000 eventos. Con Medeco XT&comma; la autorizaci\u00f3n flexible&comma; la auditor\u00eda de uso y la actualizaci\u00f3n r\u00e1pida del hardware existente est\u00e1n disponibles en un paquete conveniente.<\/p>\n<\/p><\/div>\n<\/p><\/div>\n<div style='display: flex; flex-wrap: wrap; gap: 20px; margin-bottom: 30px;'>\n<div style='flex: 1 1 250px; border: 1px solid rgba(150&comma; 150&comma; 150&comma; 0.4); border-radius: 8px; overflow: hidden; display: flex; flex-direction: column;'>\n<div style='padding: 15px; border-bottom: 1px solid rgba(150&comma; 150&comma; 150&comma; 0.2); font-weight: bold; font-size: 18px; color: inherit;'>Caracter\u00edsticas<\/div>\n<div style='padding: 15px; color: inherit;'>\n<ul style='padding-left: 20px; margin: 0; font-size: 14px; list-style-type: disc;'>\n<li style='margin-bottom: 5px;'>Aberturas por carga: 1500-1800<\/li>\n<li style='margin-bottom: 5px;'>Memoria: 14&comma;000 cilindros<\/li>\n<li style='margin-bottom: 5px;'>Auditor\u00eda: 14&comma;000 eventos.<\/li>\n<li style='margin-bottom: 5px;'>Indicador de nivel de bater\u00eda: porcentaje.<\/li>\n<li style='margin-bottom: 5px;'>Garant\u00eda: 2 a\u00f1os.<\/li>\n<li style='margin-bottom: 5px;'>Tama\u00f1o: 6.731 x 3.175 x 1.397 cm.<\/li>\n<\/ul><\/div>\n<\/p><\/div>\n<\/p><\/div>\n<hr style='border: 0; border-top: 1px solid rgba(150&comma; 150&comma; 150&comma; 0.3); margin: 30px 0;'> <\/div>\n","protected":false},"excerpt":{"rendered":"<p>Llave Inteligente Medeco XT<\/p>\n","protected":false},"featured_media":26289,"comment_status":"open","ping_status":"closed","template":"","meta":[],"product_brand":[],"product_cat":[734],"product_tag":[93,87,921],"class_list":{"0":"post-26290","1":"product","2":"type-product","3":"status-publish","4":"has-post-thumbnail","6":"product_cat-accesorios-cerraduras","7":"product_tag-accesorios","8":"product_tag-cerraduras","9":"product_tag-medeco-assa-abloy","11":"first","12":"outofstock","13":"sale","14":"shipping-taxable","15":"purchasable","16":"product-type-simple"},"_links":{"self":[{"href":"https:\/\/soydeaqui.ddns.net\/pachuca\/index.php\/wp-json\/wp\/v2\/product\/26290","targetHints":{"allow":["GET"]}}],"collection":[{"href":"https:\/\/soydeaqui.ddns.net\/pachuca\/index.php\/wp-json\/wp\/v2\/product"}],"about":[{"href":"https:\/\/soydeaqui.ddns.net\/pachuca\/index.php\/wp-json\/wp\/v2\/types\/product"}],"replies":[{"embeddable":true,"href":"https:\/\/soydeaqui.ddns.net\/pachuca\/index.php\/wp-json\/wp\/v2\/comments?post=26290"}],"wp:featuredmedia":[{"embeddable":true,"href":"https:\/\/soydeaqui.ddns.net\/pachuca\/index.php\/wp-json\/wp\/v2\/media\/26289"}],"wp:attachment":[{"href":"https:\/\/soydeaqui.ddns.net\/pachuca\/index.php\/wp-json\/wp\/v2\/media?parent=26290"}],"wp:term":[{"taxonomy":"product_brand","embeddable":true,"href":"https:\/\/soydeaqui.ddns.net\/pachuca\/index.php\/wp-json\/wp\/v2\/product_brand?post=26290"},{"taxonomy":"product_cat","embeddable":true,"href":"https:\/\/soydeaqui.ddns.net\/pachuca\/index.php\/wp-json\/wp\/v2\/product_cat?post=26290"},{"taxonomy":"product_tag","embeddable":true,"href":"https:\/\/soydeaqui.ddns.net\/pachuca\/index.php\/wp-json\/wp\/v2\/product_tag?post=26290"}],"curies":[{"name":"wp","href":"https:\/\/api.w.org\/{rel}","templated":true}]}}