{"id":2624,"date":"2026-03-18T05:59:06","date_gmt":"2026-03-18T05:59:06","guid":{"rendered":"https:\/\/soydeaqui.ddns.net\/pachuca\/index.php\/producto\/bobina-de-305-metros-1000-pies-cable-2-x-22-awg-color-verde-blindado-plenum-trenzado-para-aplicaciones-de-transmisin-de-datos-a-alta-velocidad-para-automatizacin-eia-485-bacnet-y-otros\/"},"modified":"2026-03-18T05:59:06","modified_gmt":"2026-03-18T05:59:06","slug":"bobina-de-305-metros-1000-pies-cable-2-x-22-awg-color-verde-blindado-plenum-trenzado-para-aplicaciones-de-transmisin-de-datos-a-alta-velocidad-para-automatizacin-eia-485-bacnet-y-otros","status":"publish","type":"product","link":"https:\/\/soydeaqui.ddns.net\/pachuca\/index.php\/producto\/bobina-de-305-metros-1000-pies-cable-2-x-22-awg-color-verde-blindado-plenum-trenzado-para-aplicaciones-de-transmisin-de-datos-a-alta-velocidad-para-automatizacin-eia-485-bacnet-y-otros\/","title":{"rendered":"Bobina de 305 Metros (1000 Pies) \/ Cable 2 x 22 AWG \/ Color Verde \/ Blindado \/ Plenum \/ Trenzado para Aplicaciones de Transmisi?n de Datos a Alta Velocidad para Automatizaci?n, EIA-485, BACnet y Otros Sistemas de Comunicaci?n"},"content":{"rendered":"<div style='width: 100%; max-width: 1200px; margin: 0 auto; font-family: sans-serif; line-height: 1.6; color: inherit; background-color: transparent;'> <!-- Imagen RoHS --> <\/p>\n<div style='display: flex; justify-content: center; margin-bottom: 20px;'> <img style='width: 59px; height: 42px; border: 1px solid rgba(150&comma;150&comma;150&comma;0.3); border-radius: 8px;' src='http:\/\/ftp3.syscom.mx\/usuarios\/maguilar\/Icons\/RoHS%20Icon.png' alt=''> <\/div>\n<p> <!-- T\u00edtulo --> <\/p>\n<div style='text-align: center; margin-bottom: 30px;'>\n<h2 style='font-size: 22px; margin: 0; color: inherit; opacity: 0.9;'>CABLE DE COMUNICACI\u00d3N EIA-485<\/h2>\n<\/p><\/div>\n<p> <!-- Secci\u00f3n de contenido con flex --> <\/p>\n<div style='display: flex; flex-wrap: wrap; gap: 30px; margin-bottom: 30px;'>\n<div style='flex: 1 1 300px; min-width: 280px;'>\n<div style='border-left: 5px solid #F52207; border-radius: 5px; padding: 15px; box-shadow: 2px 2px 10px rgba(216&comma;216&comma;216&comma;0.3);'>\n<h3 style='font-size: 18px; margin-top: 0; margin-bottom: 15px; color: inherit; opacity: 0.85;'>Caracter\u00edsticas<\/h3>\n<ul style='padding-left: 20px; font-size: 15px; color: inherit; margin: 0;'>\n<li style='margin-bottom: 8px;'>Cable para transmisi\u00f3n de datos de alta velocidad&comma; para automatizaci\u00f3n de edificios&comma; EIA-485&comma; BACnet y otros sistemas de comunicaci\u00f3n.<\/li>\n<\/ul><\/div>\n<\/p><\/div>\n<div style='flex: 1 1 300px; min-width: 280px;'>\n<div style='border-left: 5px solid #F52207; border-radius: 5px; padding: 15px; box-shadow: 2px 2px 10px rgba(216&comma;216&comma;216&comma;0.3);'>\n<h3 style='font-size: 18px; margin-top: 0; margin-bottom: 15px; color: inherit; opacity: 0.85;'>Caracter\u00edsticas f\u00edsicas y el\u00e9ctricas<\/h3>\n<ul style='padding-left: 20px; font-size: 14px; color: inherit; margin: 0;'>\n<li style='margin-bottom: 8px;'><strong>Tipo:<\/strong> Cable (1 par)<\/li>\n<li style='margin-bottom: 8px;'><strong>Impedancia (\u03a9):<\/strong> 16.9 en 305 metros<\/li>\n<li style='margin-bottom: 8px;'><strong>Resistencia en \u03a9 a 100 m.:<\/strong> 115<\/li>\n<li style='margin-bottom: 8px;'><strong>Calibre:<\/strong> 22<\/li>\n<li style='margin-bottom: 8px;'><strong>Color externo:<\/strong> Verde<\/li>\n<li style='margin-bottom: 8px;'><strong>Color interno:<\/strong> Negro&comma; Blanco<\/li>\n<li style='margin-bottom: 8px;'><strong>Di\u00e1metro exterior (mm):<\/strong> 4.21<\/li>\n<li style='margin-bottom: 8px;'><strong>Temperatura de operaci\u00f3n:<\/strong> -20\u00b0C a 75\u00b0C<\/li>\n<\/ul><\/div>\n<\/p><\/div>\n<div style='flex: 1 1 300px; min-width: 280px;'>\n<div style='border-left: 5px solid #F52207; border-radius: 5px; padding: 15px; box-shadow: 2px 2px 10px rgba(216&comma;216&comma;216&comma;0.3);'>\n<h3 style='font-size: 18px; margin-top: 0; margin-bottom: 15px; color: inherit; opacity: 0.85;'>Est\u00e1ndares<\/h3>\n<ul style='padding-left: 20px; font-size: 14px; color: inherit; margin: 0;'>\n<li style='margin-bottom: 8px;'>NFPA 262; CSA C22.2 No. 2556 (FT6)<\/li>\n<\/ul><\/div>\n<\/p><\/div>\n<\/p><\/div>\n<p> <!-- Separador --> <\/p>\n<hr style='border: 0; border-top: 1px solid rgba(150&comma; 150&comma; 150&comma; 0.3); margin: 30px 0;'> <\/div>\n","protected":false},"excerpt":{"rendered":"<p>Bobina de 305 Metros (1000 Pies) \/ Cable 2 x 22 AWG \/ Color Verde \/ Blindado \/ Plenum \/ Trenzado para Aplicaciones de Transmisi?n de Datos a Alta Velocidad para Automatizaci?n, EIA-485, BACnet y Otros Sistemas de Comunicaci?n<\/p>\n","protected":false},"featured_media":2623,"comment_status":"open","ping_status":"closed","template":"","meta":[],"product_brand":[],"product_cat":[137],"product_tag":[138,139,62],"class_list":{"0":"post-2624","1":"product","2":"type-product","3":"status-publish","4":"has-post-thumbnail","6":"product_cat-todos-cables","7":"product_tag-cables","8":"product_tag-genesis","9":"product_tag-todos","11":"first","12":"outofstock","13":"sale","14":"shipping-taxable","15":"purchasable","16":"product-type-simple"},"_links":{"self":[{"href":"https:\/\/soydeaqui.ddns.net\/pachuca\/index.php\/wp-json\/wp\/v2\/product\/2624","targetHints":{"allow":["GET"]}}],"collection":[{"href":"https:\/\/soydeaqui.ddns.net\/pachuca\/index.php\/wp-json\/wp\/v2\/product"}],"about":[{"href":"https:\/\/soydeaqui.ddns.net\/pachuca\/index.php\/wp-json\/wp\/v2\/types\/product"}],"replies":[{"embeddable":true,"href":"https:\/\/soydeaqui.ddns.net\/pachuca\/index.php\/wp-json\/wp\/v2\/comments?post=2624"}],"wp:featuredmedia":[{"embeddable":true,"href":"https:\/\/soydeaqui.ddns.net\/pachuca\/index.php\/wp-json\/wp\/v2\/media\/2623"}],"wp:attachment":[{"href":"https:\/\/soydeaqui.ddns.net\/pachuca\/index.php\/wp-json\/wp\/v2\/media?parent=2624"}],"wp:term":[{"taxonomy":"product_brand","embeddable":true,"href":"https:\/\/soydeaqui.ddns.net\/pachuca\/index.php\/wp-json\/wp\/v2\/product_brand?post=2624"},{"taxonomy":"product_cat","embeddable":true,"href":"https:\/\/soydeaqui.ddns.net\/pachuca\/index.php\/wp-json\/wp\/v2\/product_cat?post=2624"},{"taxonomy":"product_tag","embeddable":true,"href":"https:\/\/soydeaqui.ddns.net\/pachuca\/index.php\/wp-json\/wp\/v2\/product_tag?post=2624"}],"curies":[{"name":"wp","href":"https:\/\/api.w.org\/{rel}","templated":true}]}}