{"id":26238,"date":"2026-03-18T12:09:57","date_gmt":"2026-03-18T12:09:57","guid":{"rendered":"https:\/\/soydeaqui.ddns.net\/pachuca\/index.php\/producto\/temporizador-anual-dos-relevadores-programable-pantalla-lcd\/"},"modified":"2026-03-18T12:09:58","modified_gmt":"2026-03-18T12:09:58","slug":"temporizador-anual-dos-relevadores-programable-pantalla-lcd","status":"publish","type":"product","link":"https:\/\/soydeaqui.ddns.net\/pachuca\/index.php\/producto\/temporizador-anual-dos-relevadores-programable-pantalla-lcd\/","title":{"rendered":"Temporizador Anual \/ Dos Relevadores \/ Programable \/ Pantalla LCD"},"content":{"rendered":"<div style='width: 100%; max-width: 1200px; margin: 0 auto; font-family: sans-serif; line-height: 1.6; color: inherit; background-color: transparent;'>\n<div style='display: flex; flex-wrap: wrap; gap: 30px; margin-bottom: 30px;'>\n<div style='flex: 1 1 300px; min-width: 280px;'>\n<h3 style='font-size: 22px; border-bottom: 2px solid currentColor; padding-bottom: 5px; margin-top: 0; color: inherit; opacity: 0.8;'>Caracter\u00edsticas Principales<\/h3>\n<ul style='padding-left: 20px; font-size: 15px; color: inherit;'>\n<li style='margin-bottom: 5px;'>Dos Relevadores NO \/ NC \/ COM<\/li>\n<li style='margin-bottom: 5px;'>Pantalla LCD<\/li>\n<li style='margin-bottom: 5px;'>Temporizador configurable<\/li>\n<\/ul><\/div>\n<div style='flex: 1 1 300px; min-width: 280px;'>\n<h3 style='font-size: 22px; border-bottom: 2px solid currentColor; padding-bottom: 5px; margin-top: 0; color: inherit; opacity: 0.8;'>Caracter\u00edsticas F\u00edsicas y El\u00e9ctricas<\/h3>\n<ul style='padding-left: 20px; font-size: 15px; color: inherit;'>\n<li style='margin-bottom: 5px;'><strong>Voltaje de operaci\u00f3n:<\/strong> 12\/24 Vcd<\/li>\n<li style='margin-bottom: 5px;'><strong>Consumo en uso:<\/strong> 12 Vcd 60mA<\/li>\n<li style='margin-bottom: 5px;'>Opcion Bateria de respaldo (No Incluida)<\/li>\n<\/ul><\/div>\n<div style='flex: 1 1 300px; min-width: 280px;'>\n<h3 style='font-size: 22px; border-bottom: 2px solid currentColor; padding-bottom: 5px; margin-top: 0; color: inherit; opacity: 0.8;'>Caracter\u00edsticas Destacadas<\/h3>\n<ul style='padding-left: 20px; font-size: 15px; color: inherit;'>\n<li style='margin-bottom: 5px;'><strong>Dimensiones:<\/strong> 105 mm x 76 mm x 33 mm<\/li>\n<li style='margin-bottom: 5px;'><strong>Temperatura de operaci\u00f3n:<\/strong> -4\u00b0~167\u00b0F (-20\u00b0~35\u00b0C)<\/li>\n<li style='margin-bottom: 5px;'>99 eventos por relevador<\/li>\n<\/ul><\/div>\n<\/p><\/div>\n<hr style='border: 0; border-top: 1px solid rgba(150&comma; 150&comma; 150&comma; 0.3); margin: 30px 0;'>\n<div style='margin-bottom: 30px;'>\n<h3 style='font-size: 22px; border-bottom: 2px solid currentColor; padding-bottom: 5px; margin-top: 0; color: inherit; opacity: 0.8;'>Caracter\u00edsticas Adicionales<\/h3>\n<ul style='padding-left: 20px; font-size: 15px; color: inherit;'>\n<li style='margin-bottom: 5px;'>Cada evento se puede configurar semanalmente&comma; diariamente o cada hora&comma; en el transcurso de un a\u00f1o.<\/li>\n<li style='margin-bottom: 5px;'>Cada rel\u00e9 es programable para 99 eventos&comma; hasta un total de 198 eventos programables individuales.<\/li>\n<li style='margin-bottom: 5px;'>La protecci\u00f3n con contrase\u00f1a se puede activar o desactivar.<\/li>\n<li style='margin-bottom: 5px;'>Las salidas de eventos se pueden programar&comma; ENCENDER&comma; APAGAR&comma; derivar o moment\u00e1neamente (1 ~ 99 segundos)<\/li>\n<li style='margin-bottom: 5px;'>20 d\u00edas festivos programables.<\/li>\n<li style='margin-bottom: 5px;'>El modo t\u00e1ndem permite que ambos rel\u00e9s funcionen simult\u00e1neamente<\/li>\n<li style='margin-bottom: 5px;'>Cargador de bater\u00eda de respaldo inteligente incorporado para bater\u00eda de respaldo externa (no incluida).<\/li>\n<li style='margin-bottom: 5px;'>Compensa los a\u00f1os bisiestos y se puede configurar en horario est\u00e1ndar o de verano<\/li>\n<\/ul><\/div>\n<\/p><\/div>\n","protected":false},"excerpt":{"rendered":"<p>Temporizador Anual \/ Dos Relevadores \/ Programable \/ Pantalla LCD<\/p>\n","protected":false},"featured_media":26237,"comment_status":"open","ping_status":"closed","template":"","meta":[],"product_brand":[],"product_cat":[493],"product_tag":[93,116,494],"class_list":{"0":"post-26238","1":"product","2":"type-product","3":"status-publish","4":"has-post-thumbnail","6":"product_cat-tarjetas-de-relevador","7":"product_tag-accesorios","8":"product_tag-enforcer-secolarm","9":"product_tag-tarjetas-de-relevador","11":"first","12":"outofstock","13":"sale","14":"shipping-taxable","15":"purchasable","16":"product-type-simple"},"_links":{"self":[{"href":"https:\/\/soydeaqui.ddns.net\/pachuca\/index.php\/wp-json\/wp\/v2\/product\/26238","targetHints":{"allow":["GET"]}}],"collection":[{"href":"https:\/\/soydeaqui.ddns.net\/pachuca\/index.php\/wp-json\/wp\/v2\/product"}],"about":[{"href":"https:\/\/soydeaqui.ddns.net\/pachuca\/index.php\/wp-json\/wp\/v2\/types\/product"}],"replies":[{"embeddable":true,"href":"https:\/\/soydeaqui.ddns.net\/pachuca\/index.php\/wp-json\/wp\/v2\/comments?post=26238"}],"wp:featuredmedia":[{"embeddable":true,"href":"https:\/\/soydeaqui.ddns.net\/pachuca\/index.php\/wp-json\/wp\/v2\/media\/26237"}],"wp:attachment":[{"href":"https:\/\/soydeaqui.ddns.net\/pachuca\/index.php\/wp-json\/wp\/v2\/media?parent=26238"}],"wp:term":[{"taxonomy":"product_brand","embeddable":true,"href":"https:\/\/soydeaqui.ddns.net\/pachuca\/index.php\/wp-json\/wp\/v2\/product_brand?post=26238"},{"taxonomy":"product_cat","embeddable":true,"href":"https:\/\/soydeaqui.ddns.net\/pachuca\/index.php\/wp-json\/wp\/v2\/product_cat?post=26238"},{"taxonomy":"product_tag","embeddable":true,"href":"https:\/\/soydeaqui.ddns.net\/pachuca\/index.php\/wp-json\/wp\/v2\/product_tag?post=26238"}],"curies":[{"name":"wp","href":"https:\/\/api.w.org\/{rel}","templated":true}]}}