{"id":26227,"date":"2026-03-18T12:09:44","date_gmt":"2026-03-18T12:09:44","guid":{"rendered":"https:\/\/soydeaqui.ddns.net\/pachuca\/index.php\/producto\/cable-2-x-18-awg-blindado-305-metros-1000-pies-riser-ul-color-gris-hecho-en-mxico\/"},"modified":"2026-03-18T12:09:50","modified_gmt":"2026-03-18T12:09:50","slug":"cable-2-x-18-awg-blindado-305-metros-1000-pies-riser-ul-color-gris-hecho-en-mxico","status":"publish","type":"product","link":"https:\/\/soydeaqui.ddns.net\/pachuca\/index.php\/producto\/cable-2-x-18-awg-blindado-305-metros-1000-pies-riser-ul-color-gris-hecho-en-mxico\/","title":{"rendered":"Cable 2 x 18 AWG \/ Blindado \/ 305 Metros (1000 Pies) \/ Riser \/ UL \/ Color Gris \/ Hecho en M?xico"},"content":{"rendered":"<div style='width: 100%; max-width: 1200px; margin: 0 auto; font-family: sans-serif; line-height: 1.6; color: inherit;'>\n<div style='display: flex; flex-wrap: wrap; gap: 15px; margin-bottom: 20px;'> <img style='width: auto; max-width: 100px; height: auto; border: 1px solid rgba(150&comma;150&comma;150&comma;0.3); border-radius: 8px;' src='http:\/\/ftp3.syscom.mx\/usuarios\/maguilar\/Icons\/RoHS%20Icon.png' alt='RoHS'> <img style='width: auto; max-width: 100px; height: auto; border: 1px solid rgba(150&comma;150&comma;150&comma;0.3); border-radius: 8px;' src='http:\/\/ftp3.syscom.mx\/usuarios\/maguilar\/Icons\/Riser%20Icon.png' alt='Riser'> <\/div>\n<div style='display: flex; flex-wrap: wrap; gap: 30px;'>\n<div style='flex: 1 1 300px; min-width: 280px;'>\n<h3 style='font-size: 22px; border-bottom: 2px solid currentColor; padding-bottom: 5px; margin-top: 0; color: inherit; opacity: 0.8;'>Informaci\u00f3n del Producto<\/h3>\n<ul style='padding-left: 20px; font-size: 15px; color: inherit;'>\n<li>Cable de 2 conductores calibre 18 con forro Gris para aplicaciones en alarmas de intrusi\u00f3n&comma; control de acceso&comma; interfonos y TV Porteros.<\/li>\n<li>Los cables de alarma contra incendio VIAKON est\u00e1n dise\u00f1ados para utilizarse en la conexi\u00f3n de equipos contra incendio&comma; tales como: Panel de control&comma; estaciones manuales&comma; sirenas&comma; estrobos&comma; sensores y detectores de humo y calor. Cable multiconductor&comma; formado por conductores de cable&comma; aislamiento individual de Policloruro de Vinilo (PVC)&comma; cubierta de Policloruro de Vinilo (PVC) color gris con propiedades antiflama.<\/li>\n<\/ul><\/div>\n<div style='flex: 1 1 300px; min-width: 280px;'>\n<h3 style='font-size: 22px; border-bottom: 2px solid currentColor; padding-bottom: 5px; margin-top: 0; color: inherit; opacity: 0.8;'>Aplicaciones<\/h3>\n<ul style='padding-left: 20px; font-size: 15px; color: inherit;'>\n<li><strong>Industria:<\/strong> Aplicaciones de control e instrumentaci\u00f3n&comma; v\u00eda se\u00f1ales an\u00e1logas o digitales.<\/li>\n<li><strong>Seguridad en control de acceso:<\/strong> conexi\u00f3n del panel de control con accesorios tales como&comma; lectores de proximidad&comma; lectores de huella&comma; chapas y contrachapas magn\u00e9ticas.<\/li>\n<li><strong>Seguridad en alarmas:<\/strong> cableados de circuitos perif\u00e9ricos&comma; sensores y sirenas.<\/li>\n<li><strong>Seguridad en interfonos y TV porteros:<\/strong> cableados de frente de calle&comma; monitores&comma; interfonos.<\/li>\n<li><strong>Audio:<\/strong> Conexi\u00f3n de bocinas&comma; y sistemas de audio.<\/li>\n<\/ul><\/div>\n<div style='flex: 1 1 300px; min-width: 280px;'>\n<h3 style='font-size: 22px; border-bottom: 2px solid currentColor; padding-bottom: 5px; margin-top: 0; color: inherit; opacity: 0.8;'>Caracter\u00edsticas<\/h3>\n<ul style='padding-left: 20px; font-size: 15px; color: inherit;'>\n<li><strong>Cable tipo:<\/strong> CMR (RISER)<\/li>\n<li><strong>N\u00famero de conductores:<\/strong> 2<\/li>\n<li><strong>AWG:<\/strong> 18<\/li>\n<li><strong>Blindaje:<\/strong> Cinta Aluminizada + Dren (20Awg)<\/li>\n<li><strong>Color externo:<\/strong> Gris<\/li>\n<li><strong>Prueba de flama Riser:<\/strong> UL 1666 &#8216;Flama Vertical&#8217;<\/li>\n<li><strong>UL 444:<\/strong> Cables para Comunicaciones<\/li>\n<li><strong>NEC Article 800:<\/strong> Circuitos de Comunicaciones<\/li>\n<\/ul><\/div>\n<\/p><\/div>\n<div style='position: relative; padding-bottom: 56.25%; height: 0; overflow: hidden; margin-top: 30px;'>   <\/div>\n<\/p><\/div>\n","protected":false},"excerpt":{"rendered":"<p>Cable 2 x 18 AWG \/ Blindado \/ 305 Metros (1000 Pies) \/ Riser \/ UL \/ Color Gris \/ Hecho en M?xico<\/p>\n","protected":false},"featured_media":26226,"comment_status":"open","ping_status":"closed","template":"","meta":[],"product_brand":[],"product_cat":[137],"product_tag":[138,62,242],"class_list":{"0":"post-26227","1":"product","2":"type-product","3":"status-publish","4":"has-post-thumbnail","6":"product_cat-todos-cables","7":"product_tag-cables","8":"product_tag-todos","9":"product_tag-viakon","11":"first","12":"instock","13":"sale","14":"shipping-taxable","15":"purchasable","16":"product-type-simple"},"_links":{"self":[{"href":"https:\/\/soydeaqui.ddns.net\/pachuca\/index.php\/wp-json\/wp\/v2\/product\/26227","targetHints":{"allow":["GET"]}}],"collection":[{"href":"https:\/\/soydeaqui.ddns.net\/pachuca\/index.php\/wp-json\/wp\/v2\/product"}],"about":[{"href":"https:\/\/soydeaqui.ddns.net\/pachuca\/index.php\/wp-json\/wp\/v2\/types\/product"}],"replies":[{"embeddable":true,"href":"https:\/\/soydeaqui.ddns.net\/pachuca\/index.php\/wp-json\/wp\/v2\/comments?post=26227"}],"wp:featuredmedia":[{"embeddable":true,"href":"https:\/\/soydeaqui.ddns.net\/pachuca\/index.php\/wp-json\/wp\/v2\/media\/26226"}],"wp:attachment":[{"href":"https:\/\/soydeaqui.ddns.net\/pachuca\/index.php\/wp-json\/wp\/v2\/media?parent=26227"}],"wp:term":[{"taxonomy":"product_brand","embeddable":true,"href":"https:\/\/soydeaqui.ddns.net\/pachuca\/index.php\/wp-json\/wp\/v2\/product_brand?post=26227"},{"taxonomy":"product_cat","embeddable":true,"href":"https:\/\/soydeaqui.ddns.net\/pachuca\/index.php\/wp-json\/wp\/v2\/product_cat?post=26227"},{"taxonomy":"product_tag","embeddable":true,"href":"https:\/\/soydeaqui.ddns.net\/pachuca\/index.php\/wp-json\/wp\/v2\/product_tag?post=26227"}],"curies":[{"name":"wp","href":"https:\/\/api.w.org\/{rel}","templated":true}]}}