{"id":26224,"date":"2026-03-18T12:09:42","date_gmt":"2026-03-18T12:09:42","guid":{"rendered":"https:\/\/soydeaqui.ddns.net\/pachuca\/index.php\/producto\/modulo-de-reemplazo-de-semaforo-de-30-cm-color-amarillo\/"},"modified":"2026-03-18T12:09:42","modified_gmt":"2026-03-18T12:09:42","slug":"modulo-de-reemplazo-de-semaforo-de-30-cm-color-amarillo","status":"publish","type":"product","link":"https:\/\/soydeaqui.ddns.net\/pachuca\/index.php\/producto\/modulo-de-reemplazo-de-semaforo-de-30-cm-color-amarillo\/","title":{"rendered":"Modulo de reemplazo de sem\u00e1foro de 30 cm color amarillo"},"content":{"rendered":"<div style='width: 100%; max-width: 1200px; margin: 0 auto; font-family: sans-serif; line-height: 1.6; color: inherit; background-color: transparent;'>\n<div style='display: flex; flex-wrap: wrap; gap: 30px; margin-bottom: 30px;'>\n<div style='flex: 1 1 300px; min-width: 280px;'>\n<h3 style='font-size: 22px; border-bottom: 2px solid currentColor; padding-bottom: 5px; margin-top: 0; color: inherit; opacity: 0.8;'>Caracter\u00edsticas principales<\/h3>\n<ul style='padding-left: 20px; font-size: 15px; color: inherit;'>\n<li style='margin-bottom: 5px;'>M\u00f3dulo de 30 cm de di\u00e1metro<\/li>\n<li style='margin-bottom: 5px;'>Color amarillo para se\u00f1alizaci\u00f3n<\/li>\n<li style='margin-bottom: 5px;'>Compatible con PROLIGHTLEDT30<\/li>\n<li style='margin-bottom: 5px;'>Voltaje de operaci\u00f3n: 110VCA<\/li>\n<li style='margin-bottom: 5px;'>Dise\u00f1o con lente transparente<\/li>\n<li style='margin-bottom: 5px;'>Bajo consumo de energ\u00eda<\/li>\n<li style='margin-bottom: 5px;'>Alto brillo y gran \u00e1ngulo de visi\u00f3n<\/li>\n<li style='margin-bottom: 5px;'>Vida \u00fatil: m\u00e1s de 100&comma;000 horas<\/li>\n<li style='margin-bottom: 5px;'>Grado de protecci\u00f3n IP55<\/li>\n<li style='margin-bottom: 5px;'>Cumple con CE&comma; GB14887-2007&comma; EN12368 y est\u00e1ndares internacionales<\/li>\n<\/ul>\n<\/div>\n<div style='flex: 1 1 300px; min-width: 280px;'>\n<h3 style='font-size: 22px; border-bottom: 2px solid currentColor; padding-bottom: 5px; margin-top: 0; color: inherit; opacity: 0.8;'>Especificaciones t\u00e9cnicas<\/h3>\n<ul style='padding-left: 20px; font-size: 15px; color: inherit;'>\n<li style='margin-bottom: 5px;'><strong>Temperatura de trabajo:<\/strong> -40\u2103 a +80\u2103<\/li>\n<li style='margin-bottom: 5px;'><strong>Tipo de lente:<\/strong> \u00d3ptica con buena uniformidad de color<\/li>\n<li style='margin-bottom: 5px;'><strong>\u00c1ngulo de visi\u00f3n:<\/strong> 30\u00b0 horizontal y vertical<\/li>\n<li style='margin-bottom: 5px;'><strong>Distancia de visualizaci\u00f3n:<\/strong> Larga distancia<\/li>\n<li style='margin-bottom: 5px;'><strong>Consumo m\u00e1ximo:<\/strong> \u226410W (seg\u00fan modelo)<\/li>\n<\/ul>\n<h3 style='font-size: 22px; border-bottom: 2px solid currentColor; padding-bottom: 5px; margin-top: 25px; margin-bottom: 15px; color: inherit; opacity: 0.8;'>Especificaciones de empaque<\/h3>\n<ul style='padding-left: 20px; font-size: 15px; color: inherit;'>\n<li style='margin-bottom: 5px;'><strong>Tama\u00f1o del cart\u00f3n:<\/strong> 0.64 \u00d7 0.35 \u00d7 0.35m<\/li>\n<li style='margin-bottom: 5px;'><strong>Cantidad por caja:<\/strong> 5 unidades<\/li>\n<li style='margin-bottom: 5px;'><strong>Peso bruto:<\/strong> 8kg<\/li>\n<li style='margin-bottom: 5px;'><strong>Peso neto:<\/strong> 7kg<\/li>\n<li style='margin-bottom: 5px;'><strong>Volumen:<\/strong> 0.07m\u00b3<\/li>\n<\/ul>\n<\/div>\n<\/div>\n<div style='display: flex; flex-wrap: wrap; gap: 20px; margin-bottom: 30px;'>\n<div style='flex: 1 1 250px; border: 1px solid rgba(150&comma; 150&comma; 150&comma; 0.4); border-radius: 8px; overflow: hidden; display: flex; flex-direction: column;'>\n<div style='padding: 15px; border-bottom: 1px solid rgba(150&comma; 150&comma; 150&comma; 0.2); font-weight: bold; font-size: 18px; color: inherit;'>Contenido del paquete<\/div>\n<div style='padding: 15px; color: inherit;'>\n<ul style='padding-left: 20px; margin: 0; font-size: 14px; list-style-type: disc;'>\n<li style='margin-bottom: 5px;'>1 \u00d7 M\u00f3dulo de sem\u00e1foro<\/li>\n<li style='margin-bottom: 5px;'>1 \u00d7 Instrucciones de instalaci\u00f3n<\/li>\n<li style='margin-bottom: 5px;'>1 \u00d7 Certificado de garant\u00eda<\/li>\n<\/ul>\n<\/div>\n<\/div>\n<div style='flex: 1 1 250px; border: 1px solid rgba(150&comma; 150&comma; 150&comma; 0.4); border-radius: 8px; overflow: hidden; display: flex; flex-direction: column;'>\n<div style='padding: 15px; border-bottom: 1px solid rgba(150&comma; 150&comma; 150&comma; 0.2); font-weight: bold; font-size: 18px; color: inherit;'>Aplicaciones<\/div>\n<div style='padding: 15px; color: inherit;'>\n<ul style='padding-left: 20px; margin: 0; font-size: 14px; list-style-type: disc;'>\n<li style='margin-bottom: 5px;'>Sistemas de sem\u00e1foros<\/li>\n<li style='margin-bottom: 5px;'>Control de tr\u00e1fico urbano<\/li>\n<li style='margin-bottom: 5px;'>Sistemas de se\u00f1alizaci\u00f3n vial<\/li>\n<\/ul>\n<\/div>\n<\/div>\n<\/div>\n<hr style='border: 0; border-top: 1px solid rgba(150&comma; 150&comma; 150&comma; 0.3); margin: 30px 0;'><\/div>\n","protected":false},"excerpt":{"rendered":"<p>Modulo de reemplazo de sem\u00e1foro de 30 cm color amarillo<\/p>\n","protected":false},"featured_media":26223,"comment_status":"open","ping_status":"closed","template":"","meta":[],"product_brand":[],"product_cat":[828],"product_tag":[401,234,829],"class_list":{"0":"post-26224","1":"product","2":"type-product","3":"status-publish","4":"has-post-thumbnail","6":"product_cat-semaforos-y-senalizacion","7":"product_tag-acceso-vehicular","8":"product_tag-accesspro","9":"product_tag-semaforos-y-senalizacion","11":"first","12":"instock","13":"sale","14":"shipping-taxable","15":"purchasable","16":"product-type-simple"},"_links":{"self":[{"href":"https:\/\/soydeaqui.ddns.net\/pachuca\/index.php\/wp-json\/wp\/v2\/product\/26224","targetHints":{"allow":["GET"]}}],"collection":[{"href":"https:\/\/soydeaqui.ddns.net\/pachuca\/index.php\/wp-json\/wp\/v2\/product"}],"about":[{"href":"https:\/\/soydeaqui.ddns.net\/pachuca\/index.php\/wp-json\/wp\/v2\/types\/product"}],"replies":[{"embeddable":true,"href":"https:\/\/soydeaqui.ddns.net\/pachuca\/index.php\/wp-json\/wp\/v2\/comments?post=26224"}],"wp:featuredmedia":[{"embeddable":true,"href":"https:\/\/soydeaqui.ddns.net\/pachuca\/index.php\/wp-json\/wp\/v2\/media\/26223"}],"wp:attachment":[{"href":"https:\/\/soydeaqui.ddns.net\/pachuca\/index.php\/wp-json\/wp\/v2\/media?parent=26224"}],"wp:term":[{"taxonomy":"product_brand","embeddable":true,"href":"https:\/\/soydeaqui.ddns.net\/pachuca\/index.php\/wp-json\/wp\/v2\/product_brand?post=26224"},{"taxonomy":"product_cat","embeddable":true,"href":"https:\/\/soydeaqui.ddns.net\/pachuca\/index.php\/wp-json\/wp\/v2\/product_cat?post=26224"},{"taxonomy":"product_tag","embeddable":true,"href":"https:\/\/soydeaqui.ddns.net\/pachuca\/index.php\/wp-json\/wp\/v2\/product_tag?post=26224"}],"curies":[{"name":"wp","href":"https:\/\/api.w.org\/{rel}","templated":true}]}}