{"id":2622,"date":"2026-03-18T05:59:05","date_gmt":"2026-03-18T05:59:05","guid":{"rendered":"https:\/\/soydeaqui.ddns.net\/pachuca\/index.php\/producto\/kit-cerradura-con-manija-ymf40a-y-hub-apertura-por-codigo-biometria-y-apertura-por-smartphone-para-puertas-de-35-a-90-mm-de-espesor-2\/"},"modified":"2026-03-18T05:59:05","modified_gmt":"2026-03-18T05:59:05","slug":"kit-cerradura-con-manija-ymf40a-y-hub-apertura-por-codigo-biometria-y-apertura-por-smartphone-para-puertas-de-35-a-90-mm-de-espesor-2","status":"publish","type":"product","link":"https:\/\/soydeaqui.ddns.net\/pachuca\/index.php\/producto\/kit-cerradura-con-manija-ymf40a-y-hub-apertura-por-codigo-biometria-y-apertura-por-smartphone-para-puertas-de-35-a-90-mm-de-espesor-2\/","title":{"rendered":"Kit Cerradura con manija YMF40A y HUB, Apertura por,  C\u00f3digo, Biometr\u00eda y apertura por SMARTPHONE, Para puertas de 35 a 90 mm de espesor"},"content":{"rendered":"<div style='width: 100%; max-width: 1200px; margin: 0 auto; font-family: sans-serif; line-height: 1.6; color: inherit; background-color: transparent;'>\n<div style='margin-bottom: 30px;'>\n<p style='font-size: 15px; color: inherit; margin: 0 0 15px;'>Yale Connect es un ecosistema para la apertura de la puerta a trav\u00e9s de su SMARTPHONE con las cerraduras aut\u00f3nomas de Assabloy. Ahora puede abrir la puerta desde cualquier parte del mundo!<\/p>\n<\/p><\/div>\n<div style='margin-bottom: 30px;'>\n<h3 style='font-size: 20px; border-bottom: 2px solid currentColor; padding-bottom: 5px; margin-top: 0; color: inherit; opacity: 0.8;'>El kit incluye:<\/h3>\n<ul style='padding-left: 20px; font-size: 15px; color: inherit; margin: 15px 0 0 0;'>\n<li style='margin-bottom: 5px;'>Cerradura <strong style='color: inherit;'>YMF40ABLACK<\/strong><\/li>\n<li style='margin-bottom: 5px;'>HUB <strong style='color: inherit;'>51020<\/strong><\/li>\n<li style='margin-bottom: 5px;'>M\u00f3dulo Smart Connect <strong style='color: inherit;'>MX89325<\/strong><\/li>\n<\/ul><\/div>\n<div style='margin-bottom: 30px;'>\n<h3 style='font-size: 20px; border-bottom: 2px solid currentColor; padding-bottom: 5px; margin-top: 0; color: inherit; opacity: 0.8;'>Caracter\u00edsticas principales del ecosistema de Yale Connect:<\/h3>\n<ul style='padding-left: 20px; font-size: 15px; color: inherit; margin: 15px 0 0 0;'>\n<li style='margin-bottom: 5px;'>Asigne c\u00f3digos de acceso y manejo de cerraduras a visitantes desde cualquier lugar del mundo.<\/li>\n<li style='margin-bottom: 5px;'>Controla el uso de los dispositivos por fecha y horario.<\/li>\n<li style='margin-bottom: 5px;'>Controle y comparte de forma remota y segura.<\/li>\n<li style='margin-bottom: 5px;'><strong style='color: inherit;'>Utilice la se\u00f1al Wifi de su casa u oficina para administrar las cerraduras.<\/strong><\/li>\n<li style='margin-bottom: 5px;'>El uso del sistema es gratuito&comma; no hay cargos mensuales por el uso o para usuarios adicionales.<\/li>\n<li style='margin-bottom: 5px;'>Agregue usuarios para controlar los dispositivos seleccionados&comma; pudiendo restringir el uso por horario (fecha \/ hora).<\/li>\n<li style='margin-bottom: 5px;'>Cree c\u00f3digos de usuario (para cerraduras digitales de puertas) para usuarios sin la aplicaci\u00f3n Yale Connect.<\/li>\n<li style='margin-bottom: 5px;'>Sepa qui\u00e9n ha accedido a los dispositivos a trav\u00e9s de un reporte de auditor\u00eda.<\/li>\n<\/ul><\/div>\n<div style='margin-bottom: 30px;'>\n<h3 style='font-size: 20px; border-bottom: 2px solid currentColor; padding-bottom: 5px; margin-top: 0; color: inherit; opacity: 0.8;'>Caracter\u00edsticas Hub:<\/h3>\n<ul style='padding-left: 20px; font-size: 15px; color: inherit; margin: 15px 0 0 0;'>\n<li style='margin-bottom: 5px;'>El Hub permite conectar hasta un m\u00e1ximo de 16 componentes.<\/li>\n<li style='margin-bottom: 5px;'>Requiere una red wifi para controlarse.<\/li>\n<li style='margin-bottom: 5px;'>Compatible con cerraduras YMF30\/40.<\/li>\n<li style='margin-bottom: 5px;'>Requiere un Smartphone con al menos sistema operativo iOS7 + o Android 4.0.3 +<\/li>\n<li style='margin-bottom: 5px;'>Alimentaci\u00f3n: 5 V&comma; 1 A.&comma; consume 1 W.<\/li>\n<li style='margin-bottom: 5px;'>Entrada micro USB.<\/li>\n<li style='margin-bottom: 5px;'>Compatible Wifi 2.4 GHz.<\/li>\n<\/ul><\/div>\n<div style='margin-bottom: 30px;'>\n<h3 style='font-size: 20px; border-bottom: 2px solid currentColor; padding-bottom: 5px; margin-top: 0; color: inherit; opacity: 0.8;'>Caracter\u00edsticas de la cerradura:<\/h3>\n<ul style='padding-left: 20px; font-size: 15px; color: inherit; margin: 15px 0 0 0;'>\n<li style='margin-bottom: 5px;'>Cerradura de embutir.<\/li>\n<li style='margin-bottom: 5px;'>Registra hasta <strong style='color: inherit;'>100 usuarios<\/strong> con huella digital.<\/li>\n<li style='margin-bottom: 5px;'>Registra hasta 100 usuarios con c\u00f3digo PIN.<\/li>\n<li style='margin-bottom: 5px;'>Cierre autom\u00e1tico por sensor.<\/li>\n<li style='margin-bottom: 5px;'>Para puertas de 35 a 90 mm de espesor.<\/li>\n<li style='margin-bottom: 5px;'>Men\u00fa asistido por voz.<\/li>\n<li style='margin-bottom: 5px;'>Salida antip\u00e1nico<\/li>\n<li style='margin-bottom: 5px;'>Alarma de intrusi\u00f3n o da\u00f1o.<\/li>\n<li style='margin-bottom: 5px;'>Funciona con 4 pilas alcalinas AA.<\/li>\n<li style='margin-bottom: 5px;'>Puerto auxiliar para pila de 9 V.<\/li>\n<li style='margin-bottom: 5px;'>2 llaves de alta seguridad.<\/li>\n<\/ul><\/div>\n<div style='margin-bottom: 30px;'>\n<div style='position: relative; padding-bottom: 56.25%; height: 0; overflow: hidden; margin-bottom: 30px;'>   <\/div>\n<\/p><\/div>\n<div style='margin-bottom: 30px;'>\n<h3 style='font-size: 20px; border-bottom: 2px solid currentColor; padding-bottom: 5px; margin-top: 0; color: inherit; opacity: 0.8;'>Preguntas Frecuentes:<\/h3>\n<ul style='padding-left: 20px; font-size: 15px; color: inherit; margin: 15px 0 0 0;'>\n<li style='margin-bottom: 15px;'> <strong style='color: inherit;'>\u00bfHasta cuantos Hub puedo asociar a la aplicaci\u00f3n?<\/strong>\n<ul style='padding-left: 20px; margin-top: 8px;'>\n<li style='margin-bottom: 5px;'>Se puede asociar 16 Hub a la aplicaci\u00f3n&comma; considerando 16 cerraduras por Hub se puede tener hasta 256 cerraduras en la aplicaci\u00f3n.<\/li>\n<\/ul>\n<\/li>\n<li style='margin-bottom: 15px;'> <strong style='color: inherit;'>\u00bfCu\u00e1ntos administradores admite la aplicaci\u00f3n y cuantos usuarios simult\u00e1neos pueden asociarse por HUB?<\/strong>\n<ul style='padding-left: 20px; margin-top: 8px;'>\n<li style='margin-bottom: 5px;'>Solo se puede tener 1 cuenta administrador&comma; la cual puede estar en sesi\u00f3n iniciada en varios dispositivos al mismo tiempo.<\/li>\n<\/ul>\n<\/li>\n<li style='margin-bottom: 15px;'> <strong style='color: inherit;'>\u00bfQu\u00e9 tiempo tarda la operaci\u00f3n de cambiar una contrase\u00f1a a un determinado Hub?<\/strong>\n<ul style='padding-left: 20px; margin-top: 8px;'>\n<li style='margin-bottom: 5px;'>Hay un retardo de menos de un minuto al dar de alta un nuevo invitado.<\/li>\n<\/ul>\n<\/li>\n<li style='margin-bottom: 15px;'> <strong style='color: inherit;'>\u00bfCu\u00e1nto dura la bater\u00eda en cada equipo?<\/strong>\n<ul style='padding-left: 20px; margin-top: 8px;'>\n<li style='margin-bottom: 5px;'>En uso promedio&comma; la bater\u00eda dura 1 a\u00f1o aproximadamente&comma; con mayor uso de lo normal puede llegar a durar 6 meses&comma; la cerradura da una alarma cuando se va a quedar sin bater\u00eda tanto local como en la aplicaci\u00f3n del celular.<\/li>\n<\/ul>\n<\/li>\n<li style='margin-bottom: 15px;'> <strong style='color: inherit;'>\u00bfTienes un demo que pueda accesar de la aplicaci\u00f3n ya instalada asociada a Hub y cerraduras inteligentes?<\/strong>\n<ul style='padding-left: 20px; margin-top: 8px;'>\n<li style='margin-bottom: 5px;'>En este momento no se cuenta con un sistema demo&comma; si ser\u00eda necesario contar con un sistema b\u00e1sico de 1 cerradura y 1 Hub para poder hacer pruebas.<\/li>\n<\/ul>\n<\/li>\n<li style='margin-bottom: 15px;'> <strong style='color: inherit;'>\u00bfToda la administraci\u00f3n de los equipos se hace a trav\u00e9s del aplicativo&comma; o tambi\u00e9n se puede hacer a trav\u00e9s de un software de computadora o acceso web?<\/strong>\n<ul style='padding-left: 20px; margin-top: 8px;'>\n<li style='margin-bottom: 5px;'>Toda la administraci\u00f3n se hace desde la aplicaci\u00f3n de celular&comma; no es posible por software en computadora o acceso web.<\/li>\n<\/ul>\n<\/li>\n<li style='margin-bottom: 15px;'> <strong style='color: inherit;'>\u00bfEl sistema puede generar reportes&comma; de apertura y cierre&comma; pre-alarmas o fallas&comma; ejemplo falla de bater\u00eda del dispositivo y que se reporten al aplicativo&comma; y\/o plataforma?<\/strong>\n<ul style='padding-left: 20px; margin-top: 8px;'>\n<li style='margin-bottom: 5px;'>El sistema muestra los registros de uso de apertura y cierre&comma; por teclado&comma; manuales o por APP&comma; tambi\u00e9n tiene notificaci\u00f3n PUSH que indican el estado de la cerradura&comma; si est\u00e1 abierta o cerrada. OJO solo indica el estado de la cerradura&comma; no de la puerta en s\u00ed&comma; si la puerta fue forzada de alguna forma sin modificar o forzar la cerradura&comma; la aplicaci\u00f3n no lo mostrar\u00e1.<\/li>\n<\/ul>\n<\/li>\n<li style='margin-bottom: 15px;'> <strong style='color: inherit;'>\u00bfHay forma de saber si la puerta se encuentra abierta o cerrada&comma; tendr\u00e1 el equipo alg\u00fan sensor de posici\u00f3n o contacto magn\u00e9tico de estado para diferenciar entre abierta y cerrada&comma; as\u00ed mismo se refleja en la aplicaci\u00f3n?<\/strong>\n<ul style='padding-left: 20px; margin-top: 8px;'>\n<li style='margin-bottom: 5px;'>Como se menciona en la pregunta anterior&comma; la aplicaci\u00f3n si tiene estado de la cerradura&comma; pero no de la puerta aun cuando se tenga un contacto magn\u00e9tico.<\/li>\n<\/ul>\n<\/li>\n<li style='margin-bottom: 15px;'> <strong style='color: inherit;'>\u00bfCuentan con alguna presentaci\u00f3n o video para poderla presentar a mi cliente<\/strong>\n<ul style='padding-left: 20px; margin-top: 8px;'>\n<li style='margin-bottom: 5px;'>Puede ver el siguiente v\u00eddeo: <a style='color: #1155cc; text-decoration: none;' href='https:\/\/www.youtube.com\/watch?v=_gLu33hS47o&#038;feature=emb_logo' target='_blank' rel='noopener'>https:\/\/www.youtube.com\/watch?v=_gLu33hS47o&#038;feature=emb_logo<\/a><\/li>\n<\/ul>\n<\/li>\n<\/ul><\/div>\n<div style='margin-bottom: 30px;'>\n<p style='font-size: 15px; color: inherit; margin: 0 0 15px;'><strong style='color: inherit;'>NOTA<\/strong>.- EL uso del aplicaci\u00f3n de YALE solo esta disponible para uso en MEXICO&comma; no aplica el uso desde otros paises.<\/p>\n<\/p><\/div>\n<\/p><\/div>\n","protected":false},"excerpt":{"rendered":"<p>Kit Cerradura con manija YMF40A y HUB, Apertura por,  C\u00f3digo, Biometr\u00eda y apertura por SMARTPHONE, Para puertas de 35 a 90 mm de espesor<\/p>\n","protected":false},"featured_media":2621,"comment_status":"open","ping_status":"closed","template":"","meta":[],"product_brand":[],"product_cat":[397],"product_tag":[398,62,395],"class_list":{"0":"post-2622","1":"product","2":"type-product","3":"status-publish","4":"has-post-thumbnail","6":"product_cat-todos-administracion-de-hoteles","7":"product_tag-administracion-de-hoteles","8":"product_tag-todos","9":"product_tag-yale-assa-abloy","11":"first","12":"instock","13":"sale","14":"shipping-taxable","15":"purchasable","16":"product-type-simple"},"_links":{"self":[{"href":"https:\/\/soydeaqui.ddns.net\/pachuca\/index.php\/wp-json\/wp\/v2\/product\/2622","targetHints":{"allow":["GET"]}}],"collection":[{"href":"https:\/\/soydeaqui.ddns.net\/pachuca\/index.php\/wp-json\/wp\/v2\/product"}],"about":[{"href":"https:\/\/soydeaqui.ddns.net\/pachuca\/index.php\/wp-json\/wp\/v2\/types\/product"}],"replies":[{"embeddable":true,"href":"https:\/\/soydeaqui.ddns.net\/pachuca\/index.php\/wp-json\/wp\/v2\/comments?post=2622"}],"wp:featuredmedia":[{"embeddable":true,"href":"https:\/\/soydeaqui.ddns.net\/pachuca\/index.php\/wp-json\/wp\/v2\/media\/2621"}],"wp:attachment":[{"href":"https:\/\/soydeaqui.ddns.net\/pachuca\/index.php\/wp-json\/wp\/v2\/media?parent=2622"}],"wp:term":[{"taxonomy":"product_brand","embeddable":true,"href":"https:\/\/soydeaqui.ddns.net\/pachuca\/index.php\/wp-json\/wp\/v2\/product_brand?post=2622"},{"taxonomy":"product_cat","embeddable":true,"href":"https:\/\/soydeaqui.ddns.net\/pachuca\/index.php\/wp-json\/wp\/v2\/product_cat?post=2622"},{"taxonomy":"product_tag","embeddable":true,"href":"https:\/\/soydeaqui.ddns.net\/pachuca\/index.php\/wp-json\/wp\/v2\/product_tag?post=2622"}],"curies":[{"name":"wp","href":"https:\/\/api.w.org\/{rel}","templated":true}]}}